{"id":8088,"date":"2025-11-11T15:28:11","date_gmt":"2025-11-11T18:28:11","guid":{"rendered":"https:\/\/uit.br\/site\/?page_id=8088"},"modified":"2025-11-11T15:50:23","modified_gmt":"2025-11-11T18:50:23","slug":"psicologia","status":"publish","type":"page","link":"https:\/\/uit.br\/site\/psicologia\/","title":{"rendered":"Psicologia"},"content":{"rendered":"\t\t<div data-elementor-type=\"wp-page\" data-elementor-id=\"8088\" class=\"elementor elementor-8088\" data-elementor-post-type=\"page\">\n\t\t\t\t\t\t<section class=\"elementor-section elementor-top-section elementor-element elementor-element-56ef764 elementor-section-boxed elementor-section-height-default elementor-section-height-default\" data-id=\"56ef764\" data-element_type=\"section\" data-e-type=\"section\">\n\t\t\t\t\t\t<div class=\"elementor-container elementor-column-gap-default\">\n\t\t\t\t\t<div class=\"elementor-column elementor-col-100 elementor-top-column elementor-element elementor-element-eaeb155\" data-id=\"eaeb155\" data-element_type=\"column\" data-e-type=\"column\">\n\t\t\t<div class=\"elementor-widget-wrap elementor-element-populated\">\n\t\t\t\t\t\t<section class=\"elementor-section elementor-inner-section elementor-element elementor-element-f49045f elementor-section-boxed elementor-section-height-default elementor-section-height-default\" data-id=\"f49045f\" data-element_type=\"section\" data-e-type=\"section\">\n\t\t\t\t\t\t<div class=\"elementor-container elementor-column-gap-default\">\n\t\t\t\t\t<div class=\"elementor-column elementor-col-50 elementor-inner-column elementor-element elementor-element-614035c\" data-id=\"614035c\" data-element_type=\"column\" data-e-type=\"column\">\n\t\t\t<div class=\"elementor-widget-wrap\">\n\t\t\t\t\t\t\t<\/div>\n\t\t<\/div>\n\t\t\t\t<div class=\"elementor-column elementor-col-50 elementor-inner-column elementor-element elementor-element-6801798\" data-id=\"6801798\" data-element_type=\"column\" data-e-type=\"column\">\n\t\t\t<div class=\"elementor-widget-wrap\">\n\t\t\t\t\t\t\t<\/div>\n\t\t<\/div>\n\t\t\t\t\t<\/div>\n\t\t<\/section>\n\t\t\t\t\t<\/div>\n\t\t<\/div>\n\t\t\t\t\t<\/div>\n\t\t<\/section>\n\t\t\t\t<section class=\"elementor-section elementor-top-section elementor-element elementor-element-2b50c65 elementor-section-boxed elementor-section-height-default elementor-section-height-default\" data-id=\"2b50c65\" data-element_type=\"section\" data-e-type=\"section\">\n\t\t\t\t\t\t<div class=\"elementor-container elementor-column-gap-default\">\n\t\t\t\t\t<div class=\"elementor-column elementor-col-100 elementor-top-column elementor-element elementor-element-e0d90db\" data-id=\"e0d90db\" data-element_type=\"column\" data-e-type=\"column\">\n\t\t\t<div class=\"elementor-widget-wrap\">\n\t\t\t\t\t\t\t<\/div>\n\t\t<\/div>\n\t\t\t\t\t<\/div>\n\t\t<\/section>\n\t\t\t\t<section class=\"elementor-section elementor-top-section elementor-element elementor-element-5e4699a elementor-section-boxed elementor-section-height-default elementor-section-height-default\" data-id=\"5e4699a\" data-element_type=\"section\" data-e-type=\"section\">\n\t\t\t\t\t\t<div class=\"elementor-container elementor-column-gap-default\">\n\t\t\t\t\t<div class=\"elementor-column elementor-col-33 elementor-top-column elementor-element elementor-element-4cc7b07\" data-id=\"4cc7b07\" data-element_type=\"column\" data-e-type=\"column\">\n\t\t\t<div class=\"elementor-widget-wrap elementor-element-populated\">\n\t\t\t\t\t\t<div class=\"elementor-element elementor-element-7ce2053 elementor-widget elementor-widget-image\" data-id=\"7ce2053\" data-element_type=\"widget\" data-e-type=\"widget\" data-widget_type=\"image.default\">\n\t\t\t\t<div class=\"elementor-widget-container\">\n\t\t\t\t\t\t\t\t\t\t\t\t\t\t\t<img fetchpriority=\"high\" decoding=\"async\" width=\"432\" height=\"1024\" src=\"https:\/\/uit.br\/site\/wp-content\/uploads\/2025\/11\/Curriculos-2-432x1024.png\" class=\"attachment-large size-large wp-image-8090\" alt=\"\" srcset=\"https:\/\/uit.br\/site\/wp-content\/uploads\/2025\/11\/Curriculos-2-432x1024.png 432w, https:\/\/uit.br\/site\/wp-content\/uploads\/2025\/11\/Curriculos-2-127x300.png 127w, https:\/\/uit.br\/site\/wp-content\/uploads\/2025\/11\/Curriculos-2-768x1821.png 768w, https:\/\/uit.br\/site\/wp-content\/uploads\/2025\/11\/Curriculos-2-648x1536.png 648w, https:\/\/uit.br\/site\/wp-content\/uploads\/2025\/11\/Curriculos-2-864x2048.png 864w, https:\/\/uit.br\/site\/wp-content\/uploads\/2025\/11\/Curriculos-2-scaled.png 1080w\" sizes=\"(max-width: 432px) 100vw, 432px\" \/>\t\t\t\t\t\t\t\t\t\t\t\t\t\t\t<\/div>\n\t\t\t\t<\/div>\n\t\t\t\t\t<\/div>\n\t\t<\/div>\n\t\t\t\t<div class=\"elementor-column elementor-col-66 elementor-top-column elementor-element elementor-element-08ceb86\" data-id=\"08ceb86\" data-element_type=\"column\" data-e-type=\"column\">\n\t\t\t<div class=\"elementor-widget-wrap elementor-element-populated\">\n\t\t\t\t\t\t<div class=\"elementor-element elementor-element-94734b1 elementor-widget elementor-widget-heading\" data-id=\"94734b1\" data-element_type=\"widget\" data-e-type=\"widget\" data-widget_type=\"heading.default\">\n\t\t\t\t<div class=\"elementor-widget-container\">\n\t\t\t\t\t<h2 class=\"elementor-heading-title elementor-size-default\">Psicologia<\/h2>\t\t\t\t<\/div>\n\t\t\t\t<\/div>\n\t\t\t\t<div class=\"elementor-element elementor-element-ae4f3b8 elementor-widget elementor-widget-text-editor\" data-id=\"ae4f3b8\" data-element_type=\"widget\" data-e-type=\"widget\" data-widget_type=\"text-editor.default\">\n\t\t\t\t<div class=\"elementor-widget-container\">\n\t\t\t\t\t\t\t\t\t<p><br \/><strong>O Curso<\/strong> \u2013 Tem como foco a compreens\u00e3o do comportamento humano em seus aspectos emocionais, cognitivos e sociais. O psic\u00f3logo formado pela Universidade de Ita\u00fana \u00e9 preparado para atuar na promo\u00e7\u00e3o da sa\u00fade mental, na preven\u00e7\u00e3o de transtornos e na melhoria da qualidade de vida dos indiv\u00edduos e grupos.<\/p><p>Ciclo profissionalizante: Disciplinas que integram teoria e pr\u00e1tica, preparando o aluno para compreender e intervir em diferentes contextos de atua\u00e7\u00e3o da Psicologia. A forma\u00e7\u00e3o contempla conte\u00fados voltados ao desenvolvimento humano, \u00e0 avalia\u00e7\u00e3o psicol\u00f3gica, \u00e0 escuta cl\u00ednica, \u00e0s din\u00e2micas sociais e \u00e0 pesquisa cient\u00edfica.<\/p><p>Dura\u00e7\u00e3o: 5 anos Vagas: 60 (sessenta) Turno:\u00a0Noite<\/p>\t\t\t\t\t\t\t\t<\/div>\n\t\t\t\t<\/div>\n\t\t\t\t\t<\/div>\n\t\t<\/div>\n\t\t\t\t\t<\/div>\n\t\t<\/section>\n\t\t\t\t<\/div>\n\t\t","protected":false},"excerpt":{"rendered":"<p>Psicologia O Curso \u2013 Tem como foco a compreens\u00e3o do comportamento humano em seus aspectos emocionais, cognitivos e sociais. O psic\u00f3logo formado pela Universidade de Ita\u00fana \u00e9 preparado para atuar na promo\u00e7\u00e3o da sa\u00fade mental, na preven\u00e7\u00e3o de transtornos e na melhoria da qualidade de vida dos indiv\u00edduos e grupos. Ciclo profissionalizante: Disciplinas que integram [&hellip;]<\/p>\n","protected":false},"author":2,"featured_media":0,"parent":0,"menu_order":0,"comment_status":"closed","ping_status":"closed","template":"","meta":{"site-sidebar-layout":"no-sidebar","site-content-layout":"page-builder","ast-site-content-layout":"full-width-container","site-content-style":"default","site-sidebar-style":"default","ast-global-header-display":"","ast-banner-title-visibility":"","ast-main-header-display":"","ast-hfb-above-header-display":"","ast-hfb-below-header-display":"","ast-hfb-mobile-header-display":"","site-post-title":"","ast-breadcrumbs-content":"","ast-featured-img":"disabled","footer-sml-layout":"","ast-disable-related-posts":"","theme-transparent-header-meta":"","adv-header-id-meta":"","stick-header-meta":"","header-above-stick-meta":"","header-main-stick-meta":"","header-below-stick-meta":"","astra-migrate-meta-layouts":"set","ast-page-background-enabled":"default","ast-page-background-meta":{"desktop":{"background-color":"","background-image":"","background-repeat":"repeat","background-position":"center center","background-size":"auto","background-attachment":"scroll","background-type":"","background-media":"","overlay-type":"","overlay-color":"","overlay-opacity":"","overlay-gradient":""},"tablet":{"background-color":"","background-image":"","background-repeat":"repeat","background-position":"center center","background-size":"auto","background-attachment":"scroll","background-type":"","background-media":"","overlay-type":"","overlay-color":"","overlay-opacity":"","overlay-gradient":""},"mobile":{"background-color":"","background-image":"","background-repeat":"repeat","background-position":"center center","background-size":"auto","background-attachment":"scroll","background-type":"","background-media":"","overlay-type":"","overlay-color":"","overlay-opacity":"","overlay-gradient":""}},"ast-content-background-meta":{"desktop":{"background-color":"var(--ast-global-color-5)","background-image":"","background-repeat":"repeat","background-position":"center center","background-size":"auto","background-attachment":"scroll","background-type":"","background-media":"","overlay-type":"","overlay-color":"","overlay-opacity":"","overlay-gradient":""},"tablet":{"background-color":"var(--ast-global-color-5)","background-image":"","background-repeat":"repeat","background-position":"center center","background-size":"auto","background-attachment":"scroll","background-type":"","background-media":"","overlay-type":"","overlay-color":"","overlay-opacity":"","overlay-gradient":""},"mobile":{"background-color":"var(--ast-global-color-5)","background-image":"","background-repeat":"repeat","background-position":"center center","background-size":"auto","background-attachment":"scroll","background-type":"","background-media":"","overlay-type":"","overlay-color":"","overlay-opacity":"","overlay-gradient":""}},"footnotes":""},"class_list":["post-8088","page","type-page","status-publish","hentry"],"_links":{"self":[{"href":"https:\/\/uit.br\/site\/wp-json\/wp\/v2\/pages\/8088","targetHints":{"allow":["GET"]}}],"collection":[{"href":"https:\/\/uit.br\/site\/wp-json\/wp\/v2\/pages"}],"about":[{"href":"https:\/\/uit.br\/site\/wp-json\/wp\/v2\/types\/page"}],"author":[{"embeddable":true,"href":"https:\/\/uit.br\/site\/wp-json\/wp\/v2\/users\/2"}],"replies":[{"embeddable":true,"href":"https:\/\/uit.br\/site\/wp-json\/wp\/v2\/comments?post=8088"}],"version-history":[{"count":10,"href":"https:\/\/uit.br\/site\/wp-json\/wp\/v2\/pages\/8088\/revisions"}],"predecessor-version":[{"id":8131,"href":"https:\/\/uit.br\/site\/wp-json\/wp\/v2\/pages\/8088\/revisions\/8131"}],"wp:attachment":[{"href":"https:\/\/uit.br\/site\/wp-json\/wp\/v2\/media?parent=8088"}],"curies":[{"name":"wp","href":"https:\/\/api.w.org\/{rel}","templated":true}]}}