{"id":7493,"date":"2025-05-12T07:50:33","date_gmt":"2025-05-12T10:50:33","guid":{"rendered":"https:\/\/site.uit.br\/?page_id=7493"},"modified":"2025-07-01T14:51:51","modified_gmt":"2025-07-01T17:51:51","slug":"curriculos-de-professores","status":"publish","type":"page","link":"https:\/\/uit.br\/site\/curriculos-de-professores\/","title":{"rendered":"Curr\u00edculos de Professores"},"content":{"rendered":"\t\t<div data-elementor-type=\"wp-page\" data-elementor-id=\"7493\" class=\"elementor elementor-7493\" data-elementor-post-type=\"page\">\n\t\t\t\t\t\t<section class=\"elementor-section elementor-top-section elementor-element elementor-element-d87f454 elementor-section-full_width elementor-section-stretched elementor-section-height-default elementor-section-height-default\" data-id=\"d87f454\" data-element_type=\"section\" data-e-type=\"section\" data-settings=\"{&quot;stretch_section&quot;:&quot;section-stretched&quot;}\">\n\t\t\t\t\t\t<div class=\"elementor-container elementor-column-gap-default\">\n\t\t\t\t\t<div class=\"elementor-column elementor-col-33 elementor-top-column elementor-element elementor-element-d908a06 elementor-invisible\" data-id=\"d908a06\" data-element_type=\"column\" data-e-type=\"column\" data-settings=\"{&quot;animation&quot;:&quot;slideInLeft&quot;}\">\n\t\t\t<div class=\"elementor-widget-wrap elementor-element-populated\">\n\t\t\t\t\t\t<div class=\"elementor-element elementor-element-39008e7 elementor-widget elementor-widget-image\" data-id=\"39008e7\" data-element_type=\"widget\" data-e-type=\"widget\" data-widget_type=\"image.default\">\n\t\t\t\t<div class=\"elementor-widget-container\">\n\t\t\t\t\t\t\t\t\t\t\t\t\t\t\t<img fetchpriority=\"high\" decoding=\"async\" width=\"432\" height=\"1024\" src=\"https:\/\/uit.br\/site\/wp-content\/uploads\/2025\/05\/curriculos-432x1024.png\" class=\"attachment-large size-large wp-image-7495\" alt=\"\" srcset=\"https:\/\/uit.br\/site\/wp-content\/uploads\/2025\/05\/curriculos-432x1024.png 432w, https:\/\/uit.br\/site\/wp-content\/uploads\/2025\/05\/curriculos-127x300.png 127w, https:\/\/uit.br\/site\/wp-content\/uploads\/2025\/05\/curriculos.png 601w\" sizes=\"(max-width: 432px) 100vw, 432px\" \/>\t\t\t\t\t\t\t\t\t\t\t\t\t\t\t<\/div>\n\t\t\t\t<\/div>\n\t\t\t\t\t<\/div>\n\t\t<\/div>\n\t\t\t\t<div class=\"elementor-column elementor-col-66 elementor-top-column elementor-element elementor-element-7dc9413 elementor-invisible\" data-id=\"7dc9413\" data-element_type=\"column\" data-e-type=\"column\" data-settings=\"{&quot;animation&quot;:&quot;slideInRight&quot;}\">\n\t\t\t<div class=\"elementor-widget-wrap elementor-element-populated\">\n\t\t\t\t\t\t<div class=\"elementor-element elementor-element-aff5fdd elementor-widget elementor-widget-heading\" data-id=\"aff5fdd\" data-element_type=\"widget\" data-e-type=\"widget\" data-widget_type=\"heading.default\">\n\t\t\t\t<div class=\"elementor-widget-container\">\n\t\t\t\t\t<h2 class=\"elementor-heading-title elementor-size-default\">A Universidade de Ita\u00fana est\u00e1 recebendo curr\u00edculos de Professores das \u00e1reas de:<\/h2>\t\t\t\t<\/div>\n\t\t\t\t<\/div>\n\t\t\t\t<div class=\"elementor-element elementor-element-0e7093b elementor-widget elementor-widget-text-editor\" data-id=\"0e7093b\" data-element_type=\"widget\" data-e-type=\"widget\" data-widget_type=\"text-editor.default\">\n\t\t\t\t<div class=\"elementor-widget-container\">\n\t\t\t\t\t\t\t\t\t<h5>\u00a0<\/h5><ul><li><h5>ADMINISTRA\u00c7\u00c3O;<\/h5><\/li><li><h5>ARQUITETURA E URBANISMO;<\/h5><\/li><li><h5>BIOMEDICINA;<\/h5><\/li><li><h5>CI\u00caNCIAS CONT\u00c1BEIS;<\/h5><\/li><li><h5>DIREITO;<\/h5><\/li><li><h5>EDUCA\u00c7\u00c3O F\u00cdSICA;<\/h5><\/li><li><h5>ENFERMAGEM;<\/h5><\/li><li><h5>ENGENHARIA MEC\u00c2NICA;<\/h5><\/li><li><h5>FISIOTERAPIA;<\/h5><\/li><li><h5>GEST\u00c3O COMERCIAL;<\/h5><\/li><li><h5>NUTRI\u00c7\u00c3O;<\/h5><\/li><li><h5>MEDICINA;<\/h5><\/li><li><h5>ODONTOLOGIA.<\/h5><\/li><\/ul><h4><strong>REQUISITO M\u00cdNIMO: <span style=\"text-decoration: underline;\"><em>titula\u00e7\u00e3o de Doutor<\/em><\/span><\/strong><\/h4><h1><strong>Orienta\u00e7\u00f5es:<\/strong><\/h1><ul><li><h2>Remeter o curr\u00edculo exclusivamente para o e-mail: <em><strong style=\"font-size: 30px;\">reitoriauit@hotmail.com<\/strong><\/em><\/h2><\/li><\/ul><ul><li><h2>Constar no e-mail as disciplinas j\u00e1 lecionadas e\/ou de interesse\/aptid\u00e3o do professor, bem como os telefones para contato.<\/h2><\/li><\/ul>\t\t\t\t\t\t\t\t<\/div>\n\t\t\t\t<\/div>\n\t\t\t\t\t<\/div>\n\t\t<\/div>\n\t\t\t\t\t<\/div>\n\t\t<\/section>\n\t\t\t\t<\/div>\n\t\t","protected":false},"excerpt":{"rendered":"<p>A Universidade de Ita\u00fana est\u00e1 recebendo curr\u00edculos de Professores das \u00e1reas de: \u00a0 ADMINISTRA\u00c7\u00c3O; ARQUITETURA E URBANISMO; BIOMEDICINA; CI\u00caNCIAS CONT\u00c1BEIS; DIREITO; EDUCA\u00c7\u00c3O F\u00cdSICA; ENFERMAGEM; ENGENHARIA MEC\u00c2NICA; FISIOTERAPIA; GEST\u00c3O COMERCIAL; NUTRI\u00c7\u00c3O; MEDICINA; ODONTOLOGIA. REQUISITO M\u00cdNIMO: titula\u00e7\u00e3o de Doutor Orienta\u00e7\u00f5es: Remeter o curr\u00edculo exclusivamente para o e-mail: reitoriauit@hotmail.com Constar no e-mail as disciplinas j\u00e1 lecionadas e\/ou de [&hellip;]<\/p>\n","protected":false},"author":2,"featured_media":0,"parent":0,"menu_order":0,"comment_status":"closed","ping_status":"closed","template":"","meta":{"site-sidebar-layout":"no-sidebar","site-content-layout":"page-builder","ast-site-content-layout":"full-width-container","site-content-style":"default","site-sidebar-style":"default","ast-global-header-display":"","ast-banner-title-visibility":"","ast-main-header-display":"","ast-hfb-above-header-display":"","ast-hfb-below-header-display":"","ast-hfb-mobile-header-display":"","site-post-title":"disabled","ast-breadcrumbs-content":"","ast-featured-img":"disabled","footer-sml-layout":"","ast-disable-related-posts":"","theme-transparent-header-meta":"","adv-header-id-meta":"","stick-header-meta":"","header-above-stick-meta":"","header-main-stick-meta":"","header-below-stick-meta":"","astra-migrate-meta-layouts":"set","ast-page-background-enabled":"default","ast-page-background-meta":{"desktop":{"background-color":"","background-image":"","background-repeat":"repeat","background-position":"center center","background-size":"auto","background-attachment":"scroll","background-type":"","background-media":"","overlay-type":"","overlay-color":"","overlay-opacity":"","overlay-gradient":""},"tablet":{"background-color":"","background-image":"","background-repeat":"repeat","background-position":"center center","background-size":"auto","background-attachment":"scroll","background-type":"","background-media":"","overlay-type":"","overlay-color":"","overlay-opacity":"","overlay-gradient":""},"mobile":{"background-color":"","background-image":"","background-repeat":"repeat","background-position":"center center","background-size":"auto","background-attachment":"scroll","background-type":"","background-media":"","overlay-type":"","overlay-color":"","overlay-opacity":"","overlay-gradient":""}},"ast-content-background-meta":{"desktop":{"background-color":"var(--ast-global-color-5)","background-image":"","background-repeat":"repeat","background-position":"center center","background-size":"auto","background-attachment":"scroll","background-type":"","background-media":"","overlay-type":"","overlay-color":"","overlay-opacity":"","overlay-gradient":""},"tablet":{"background-color":"var(--ast-global-color-5)","background-image":"","background-repeat":"repeat","background-position":"center center","background-size":"auto","background-attachment":"scroll","background-type":"","background-media":"","overlay-type":"","overlay-color":"","overlay-opacity":"","overlay-gradient":""},"mobile":{"background-color":"var(--ast-global-color-5)","background-image":"","background-repeat":"repeat","background-position":"center center","background-size":"auto","background-attachment":"scroll","background-type":"","background-media":"","overlay-type":"","overlay-color":"","overlay-opacity":"","overlay-gradient":""}},"footnotes":""},"class_list":["post-7493","page","type-page","status-publish","hentry"],"_links":{"self":[{"href":"https:\/\/uit.br\/site\/wp-json\/wp\/v2\/pages\/7493","targetHints":{"allow":["GET"]}}],"collection":[{"href":"https:\/\/uit.br\/site\/wp-json\/wp\/v2\/pages"}],"about":[{"href":"https:\/\/uit.br\/site\/wp-json\/wp\/v2\/types\/page"}],"author":[{"embeddable":true,"href":"https:\/\/uit.br\/site\/wp-json\/wp\/v2\/users\/2"}],"replies":[{"embeddable":true,"href":"https:\/\/uit.br\/site\/wp-json\/wp\/v2\/comments?post=7493"}],"version-history":[{"count":3,"href":"https:\/\/uit.br\/site\/wp-json\/wp\/v2\/pages\/7493\/revisions"}],"predecessor-version":[{"id":7639,"href":"https:\/\/uit.br\/site\/wp-json\/wp\/v2\/pages\/7493\/revisions\/7639"}],"wp:attachment":[{"href":"https:\/\/uit.br\/site\/wp-json\/wp\/v2\/media?parent=7493"}],"curies":[{"name":"wp","href":"https:\/\/api.w.org\/{rel}","templated":true}]}}