{"id":6790,"date":"2024-08-22T10:56:24","date_gmt":"2024-08-22T13:56:24","guid":{"rendered":"https:\/\/site.uit.br\/?page_id=6790"},"modified":"2026-02-02T08:47:36","modified_gmt":"2026-02-02T11:47:36","slug":"bases-dados","status":"publish","type":"page","link":"https:\/\/uit.br\/site\/bases-dados\/","title":{"rendered":"Bases de Dados"},"content":{"rendered":"\t\t<div data-elementor-type=\"wp-page\" data-elementor-id=\"6790\" class=\"elementor elementor-6790\" data-elementor-post-type=\"page\">\n\t\t\t\t\t\t<section class=\"elementor-section elementor-top-section elementor-element elementor-element-ab217b0 elementor-section-boxed elementor-section-height-default elementor-section-height-default\" data-id=\"ab217b0\" data-element_type=\"section\" data-e-type=\"section\">\n\t\t\t\t\t\t<div class=\"elementor-container elementor-column-gap-default\">\n\t\t\t\t\t<div class=\"elementor-column elementor-col-33 elementor-top-column elementor-element elementor-element-bff68dd elementor-invisible\" data-id=\"bff68dd\" data-element_type=\"column\" data-e-type=\"column\" data-settings=\"{&quot;animation&quot;:&quot;slideInLeft&quot;}\">\n\t\t\t<div class=\"elementor-widget-wrap elementor-element-populated\">\n\t\t\t\t\t\t<div class=\"elementor-element elementor-element-8fe55f6 elementor-widget elementor-widget-image\" data-id=\"8fe55f6\" data-element_type=\"widget\" data-e-type=\"widget\" data-widget_type=\"image.default\">\n\t\t\t\t<div class=\"elementor-widget-container\">\n\t\t\t\t\t\t\t\t\t\t\t\t\t\t\t<img fetchpriority=\"high\" decoding=\"async\" width=\"432\" height=\"1024\" src=\"https:\/\/uit.br\/site\/wp-content\/uploads\/2021\/01\/biblioteca-central-432x1024.png\" class=\"attachment-large size-large wp-image-2133\" alt=\"\" srcset=\"https:\/\/uit.br\/site\/wp-content\/uploads\/2021\/01\/biblioteca-central-432x1024.png 432w, https:\/\/uit.br\/site\/wp-content\/uploads\/2021\/01\/biblioteca-central-127x300.png 127w, https:\/\/uit.br\/site\/wp-content\/uploads\/2021\/01\/biblioteca-central.png 601w\" sizes=\"(max-width: 432px) 100vw, 432px\" \/>\t\t\t\t\t\t\t\t\t\t\t\t\t\t\t<\/div>\n\t\t\t\t<\/div>\n\t\t\t\t\t<\/div>\n\t\t<\/div>\n\t\t\t\t<div class=\"elementor-column elementor-col-66 elementor-top-column elementor-element elementor-element-a2d0eb8 elementor-invisible\" data-id=\"a2d0eb8\" data-element_type=\"column\" data-e-type=\"column\" data-settings=\"{&quot;animation&quot;:&quot;slideInRight&quot;}\">\n\t\t\t<div class=\"elementor-widget-wrap elementor-element-populated\">\n\t\t\t\t\t\t<div class=\"elementor-element elementor-element-c7d4882 elementor-widget elementor-widget-heading\" data-id=\"c7d4882\" data-element_type=\"widget\" data-e-type=\"widget\" data-widget_type=\"heading.default\">\n\t\t\t\t<div class=\"elementor-widget-container\">\n\t\t\t\t\t<h2 class=\"elementor-heading-title elementor-size-default\">Bases de Dados<\/h2>\t\t\t\t<\/div>\n\t\t\t\t<\/div>\n\t\t\t\t<div class=\"elementor-element elementor-element-ab65e15 elementor-widget elementor-widget-text-editor\" data-id=\"ab65e15\" data-element_type=\"widget\" data-e-type=\"widget\" data-widget_type=\"text-editor.default\">\n\t\t\t\t<div class=\"elementor-widget-container\">\n\t\t\t\t\t\t\t\t\t<p><strong>COMUT \u2013<\/strong> O servi\u00e7o de Comuta\u00e7\u00e3o Bibliogr\u00e1fica permite ao usu\u00e1rio a obten\u00e7\u00e3o de c\u00f3pias de documentos t\u00e9cnico-cient\u00edficos, dispon\u00edveis nos acervos das principais bibliotecas brasileiras e em servi\u00e7os de informa\u00e7\u00e3o internacionais. Entre os documentos acess\u00edveis encontram-se: peri\u00f3dicos, disserta\u00e7\u00f5es, teses, anais de congressos, parte de livro, entre outros. O seu objetivo \u00e9 facilitar o acesso \u00e0 informa\u00e7\u00e3o necess\u00e1ria ao desenvolvimento educacional, cient\u00edfico e tecnol\u00f3gico do pa\u00eds. Para solicitar o servi\u00e7o, o usu\u00e1rio dever\u00e1 enviar um e-mail com a refer\u00eancia da obra desejada para o seguinte contato: comut@uit.br.<\/p><p><strong>Portal CAPES \u2013<\/strong> O Portal de Peri\u00f3dicos da Coordena\u00e7\u00e3o de Aperfei\u00e7oamento de Pessoal de N\u00edvel Superior (CAPES) possui um dos maiores acervos cient\u00edficos virtuais do pa\u00eds, que re\u00fane e disponibiliza conte\u00fados produzidos nacionalmente e outros assinados com editoras internacionais. S\u00e3o\u00a0milhares de peri\u00f3dicos cient\u00edficos de texto completo e centenas de bases de dados de conte\u00fados diversos, como: artigos, refer\u00eancias, patentes, estat\u00edsticas, material audiovisual, normas t\u00e9cnicas, teses, disserta\u00e7\u00f5es, livros e obras de refer\u00eancia.<\/p><p><strong>Acesso ao Portal de Peri\u00f3dicos da CAPES:<\/strong> <a href=\"https:\/\/www.periodicos.capes.gov.br\/\">https:\/\/www.periodicos.capes.gov.br\/<\/a><\/p><p><strong>D\u00favidas:<\/strong> (37)32493071<\/p>\t\t\t\t\t\t\t\t<\/div>\n\t\t\t\t<\/div>\n\t\t\t\t<section class=\"elementor-section elementor-inner-section elementor-element elementor-element-b072f7f elementor-section-boxed elementor-section-height-default elementor-section-height-default\" data-id=\"b072f7f\" data-element_type=\"section\" data-e-type=\"section\">\n\t\t\t\t\t\t<div class=\"elementor-container elementor-column-gap-default\">\n\t\t\t\t\t<div class=\"elementor-column elementor-col-20 elementor-inner-column elementor-element elementor-element-7e4c50b\" data-id=\"7e4c50b\" data-element_type=\"column\" data-e-type=\"column\">\n\t\t\t<div class=\"elementor-widget-wrap\">\n\t\t\t\t\t\t\t<\/div>\n\t\t<\/div>\n\t\t\t\t<div class=\"elementor-column elementor-col-20 elementor-inner-column elementor-element elementor-element-d36e254\" data-id=\"d36e254\" data-element_type=\"column\" data-e-type=\"column\">\n\t\t\t<div class=\"elementor-widget-wrap\">\n\t\t\t\t\t\t\t<\/div>\n\t\t<\/div>\n\t\t\t\t<div class=\"elementor-column elementor-col-20 elementor-inner-column elementor-element elementor-element-7ca2d36\" data-id=\"7ca2d36\" data-element_type=\"column\" data-e-type=\"column\">\n\t\t\t<div class=\"elementor-widget-wrap elementor-element-populated\">\n\t\t\t\t\t\t<div class=\"elementor-element elementor-element-48b4376 elementor-widget elementor-widget-image\" data-id=\"48b4376\" data-element_type=\"widget\" data-e-type=\"widget\" data-widget_type=\"image.default\">\n\t\t\t\t<div class=\"elementor-widget-container\">\n\t\t\t\t\t\t\t\t\t\t\t\t\t\t\t\t<a href=\"https:\/\/bvsalud.org\/\" target=\"_blank\">\n\t\t\t\t\t\t\t<img decoding=\"async\" width=\"220\" height=\"230\" src=\"https:\/\/uit.br\/site\/wp-content\/uploads\/2023\/11\/bvs.png\" class=\"attachment-large size-large wp-image-5809\" alt=\"\" \/>\t\t\t\t\t\t\t\t<\/a>\n\t\t\t\t\t\t\t\t\t\t\t\t\t\t\t<\/div>\n\t\t\t\t<\/div>\n\t\t\t\t\t<\/div>\n\t\t<\/div>\n\t\t\t\t<div class=\"elementor-column elementor-col-20 elementor-inner-column elementor-element elementor-element-a54e10f\" data-id=\"a54e10f\" data-element_type=\"column\" data-e-type=\"column\">\n\t\t\t<div class=\"elementor-widget-wrap\">\n\t\t\t\t\t\t\t<\/div>\n\t\t<\/div>\n\t\t\t\t<div class=\"elementor-column elementor-col-20 elementor-inner-column elementor-element elementor-element-b093d04\" data-id=\"b093d04\" data-element_type=\"column\" data-e-type=\"column\">\n\t\t\t<div class=\"elementor-widget-wrap\">\n\t\t\t\t\t\t\t<\/div>\n\t\t<\/div>\n\t\t\t\t\t<\/div>\n\t\t<\/section>\n\t\t\t\t<section class=\"elementor-section elementor-inner-section elementor-element elementor-element-8e6416f elementor-section-boxed elementor-section-height-default elementor-section-height-default\" data-id=\"8e6416f\" data-element_type=\"section\" data-e-type=\"section\">\n\t\t\t\t\t\t<div class=\"elementor-container elementor-column-gap-default\">\n\t\t\t\t\t<div class=\"elementor-column elementor-col-25 elementor-inner-column elementor-element elementor-element-ba68e26\" data-id=\"ba68e26\" data-element_type=\"column\" data-e-type=\"column\">\n\t\t\t<div class=\"elementor-widget-wrap elementor-element-populated\">\n\t\t\t\t\t\t<div class=\"elementor-element elementor-element-aa8ea77 elementor-widget elementor-widget-image\" data-id=\"aa8ea77\" data-element_type=\"widget\" data-e-type=\"widget\" data-widget_type=\"image.default\">\n\t\t\t\t<div class=\"elementor-widget-container\">\n\t\t\t\t\t\t\t\t\t\t\t\t\t\t\t\t<a href=\"https:\/\/www.gov.br\/capes\/pt-br\" target=\"_blank\">\n\t\t\t\t\t\t\t<img decoding=\"async\" width=\"1024\" height=\"186\" src=\"https:\/\/uit.br\/site\/wp-content\/uploads\/2023\/11\/capes-1024x186.png\" class=\"attachment-large size-large wp-image-5807\" alt=\"\" srcset=\"https:\/\/uit.br\/site\/wp-content\/uploads\/2023\/11\/capes-1024x186.png 1024w, https:\/\/uit.br\/site\/wp-content\/uploads\/2023\/11\/capes-300x54.png 300w, https:\/\/uit.br\/site\/wp-content\/uploads\/2023\/11\/capes-768x139.png 768w, https:\/\/uit.br\/site\/wp-content\/uploads\/2023\/11\/capes-1536x279.png 1536w, https:\/\/uit.br\/site\/wp-content\/uploads\/2023\/11\/capes-2048x372.png 2048w\" sizes=\"(max-width: 1024px) 100vw, 1024px\" \/>\t\t\t\t\t\t\t\t<\/a>\n\t\t\t\t\t\t\t\t\t\t\t\t\t\t\t<\/div>\n\t\t\t\t<\/div>\n\t\t\t\t\t<\/div>\n\t\t<\/div>\n\t\t\t\t<div class=\"elementor-column elementor-col-25 elementor-inner-column elementor-element elementor-element-31e4c26\" data-id=\"31e4c26\" data-element_type=\"column\" data-e-type=\"column\">\n\t\t\t<div class=\"elementor-widget-wrap elementor-element-populated\">\n\t\t\t\t\t\t<div class=\"elementor-element elementor-element-3f72767 elementor-widget elementor-widget-image\" data-id=\"3f72767\" data-element_type=\"widget\" data-e-type=\"widget\" data-widget_type=\"image.default\">\n\t\t\t\t<div class=\"elementor-widget-container\">\n\t\t\t\t\t\t\t\t\t\t\t\t\t\t\t\t<a href=\"https:\/\/www.periodicos.capes.gov.br\/\" target=\"_blank\">\n\t\t\t\t\t\t\t<img loading=\"lazy\" decoding=\"async\" width=\"984\" height=\"250\" src=\"https:\/\/uit.br\/site\/wp-content\/uploads\/2023\/11\/periodicos.png\" class=\"attachment-large size-large wp-image-5808\" alt=\"\" srcset=\"https:\/\/uit.br\/site\/wp-content\/uploads\/2023\/11\/periodicos.png 984w, https:\/\/uit.br\/site\/wp-content\/uploads\/2023\/11\/periodicos-300x76.png 300w, https:\/\/uit.br\/site\/wp-content\/uploads\/2023\/11\/periodicos-768x195.png 768w\" sizes=\"(max-width: 984px) 100vw, 984px\" \/>\t\t\t\t\t\t\t\t<\/a>\n\t\t\t\t\t\t\t\t\t\t\t\t\t\t\t<\/div>\n\t\t\t\t<\/div>\n\t\t\t\t\t<\/div>\n\t\t<\/div>\n\t\t\t\t<div class=\"elementor-column elementor-col-25 elementor-inner-column elementor-element elementor-element-dea06f0\" data-id=\"dea06f0\" data-element_type=\"column\" data-e-type=\"column\">\n\t\t\t<div class=\"elementor-widget-wrap elementor-element-populated\">\n\t\t\t\t\t\t<div class=\"elementor-element elementor-element-b492637 elementor-widget elementor-widget-image\" data-id=\"b492637\" data-element_type=\"widget\" data-e-type=\"widget\" data-widget_type=\"image.default\">\n\t\t\t\t<div class=\"elementor-widget-container\">\n\t\t\t\t\t\t\t\t\t\t\t\t\t\t\t\t<a href=\"https:\/\/pubmed.ncbi.nlm.nih.gov\/\" target=\"_blank\">\n\t\t\t\t\t\t\t<img loading=\"lazy\" decoding=\"async\" width=\"720\" height=\"256\" src=\"https:\/\/uit.br\/site\/wp-content\/uploads\/2023\/11\/pub-med.png\" class=\"attachment-large size-large wp-image-5810\" alt=\"\" srcset=\"https:\/\/uit.br\/site\/wp-content\/uploads\/2023\/11\/pub-med.png 720w, https:\/\/uit.br\/site\/wp-content\/uploads\/2023\/11\/pub-med-300x107.png 300w\" sizes=\"(max-width: 720px) 100vw, 720px\" \/>\t\t\t\t\t\t\t\t<\/a>\n\t\t\t\t\t\t\t\t\t\t\t\t\t\t\t<\/div>\n\t\t\t\t<\/div>\n\t\t\t\t\t<\/div>\n\t\t<\/div>\n\t\t\t\t<div class=\"elementor-column elementor-col-25 elementor-inner-column elementor-element elementor-element-55c6490\" data-id=\"55c6490\" data-element_type=\"column\" data-e-type=\"column\">\n\t\t\t<div class=\"elementor-widget-wrap elementor-element-populated\">\n\t\t\t\t\t\t<div class=\"elementor-element elementor-element-5c7317d elementor-widget elementor-widget-image\" data-id=\"5c7317d\" data-element_type=\"widget\" data-e-type=\"widget\" data-widget_type=\"image.default\">\n\t\t\t\t<div class=\"elementor-widget-container\">\n\t\t\t\t\t\t\t\t\t\t\t\t\t\t\t\t<a href=\"https:\/\/access.clarivate.com\/login?app=wos&#038;alternative=true&#038;shibShireURL=https:%2F%2Fwww.webofknowledge.com%2F%3Fauth%3DShibboleth&#038;shibReturnURL=https:%2F%2Fwww.webofknowledge.com%2F&#038;roaming=true\" target=\"_blank\">\n\t\t\t\t\t\t\t<img loading=\"lazy\" decoding=\"async\" width=\"1024\" height=\"535\" src=\"https:\/\/uit.br\/site\/wp-content\/uploads\/2023\/11\/clarivate-web-of-science.gif\" class=\"attachment-large size-large wp-image-5811\" alt=\"\" \/>\t\t\t\t\t\t\t\t<\/a>\n\t\t\t\t\t\t\t\t\t\t\t\t\t\t\t<\/div>\n\t\t\t\t<\/div>\n\t\t\t\t\t<\/div>\n\t\t<\/div>\n\t\t\t\t\t<\/div>\n\t\t<\/section>\n\t\t\t\t\t<\/div>\n\t\t<\/div>\n\t\t\t\t\t<\/div>\n\t\t<\/section>\n\t\t\t\t<\/div>\n\t\t","protected":false},"excerpt":{"rendered":"<p>Bases de Dados COMUT \u2013 O servi\u00e7o de Comuta\u00e7\u00e3o Bibliogr\u00e1fica permite ao usu\u00e1rio a obten\u00e7\u00e3o de c\u00f3pias de documentos t\u00e9cnico-cient\u00edficos, dispon\u00edveis nos acervos das principais bibliotecas brasileiras e em servi\u00e7os de informa\u00e7\u00e3o internacionais. Entre os documentos acess\u00edveis encontram-se: peri\u00f3dicos, disserta\u00e7\u00f5es, teses, anais de congressos, parte de livro, entre outros. O seu objetivo \u00e9 facilitar o [&hellip;]<\/p>\n","protected":false},"author":1,"featured_media":0,"parent":0,"menu_order":0,"comment_status":"closed","ping_status":"closed","template":"","meta":{"site-sidebar-layout":"no-sidebar","site-content-layout":"page-builder","ast-site-content-layout":"full-width-container","site-content-style":"default","site-sidebar-style":"default","ast-global-header-display":"","ast-banner-title-visibility":"","ast-main-header-display":"","ast-hfb-above-header-display":"","ast-hfb-below-header-display":"","ast-hfb-mobile-header-display":"","site-post-title":"disabled","ast-breadcrumbs-content":"","ast-featured-img":"disabled","footer-sml-layout":"","ast-disable-related-posts":"","theme-transparent-header-meta":"","adv-header-id-meta":"","stick-header-meta":"","header-above-stick-meta":"","header-main-stick-meta":"","header-below-stick-meta":"","astra-migrate-meta-layouts":"set","ast-page-background-enabled":"default","ast-page-background-meta":{"desktop":{"background-color":"","background-image":"","background-repeat":"repeat","background-position":"center center","background-size":"auto","background-attachment":"scroll","background-type":"","background-media":"","overlay-type":"","overlay-color":"","overlay-opacity":"","overlay-gradient":""},"tablet":{"background-color":"","background-image":"","background-repeat":"repeat","background-position":"center center","background-size":"auto","background-attachment":"scroll","background-type":"","background-media":"","overlay-type":"","overlay-color":"","overlay-opacity":"","overlay-gradient":""},"mobile":{"background-color":"","background-image":"","background-repeat":"repeat","background-position":"center center","background-size":"auto","background-attachment":"scroll","background-type":"","background-media":"","overlay-type":"","overlay-color":"","overlay-opacity":"","overlay-gradient":""}},"ast-content-background-meta":{"desktop":{"background-color":"var(--ast-global-color-5)","background-image":"","background-repeat":"repeat","background-position":"center center","background-size":"auto","background-attachment":"scroll","background-type":"","background-media":"","overlay-type":"","overlay-color":"","overlay-opacity":"","overlay-gradient":""},"tablet":{"background-color":"var(--ast-global-color-5)","background-image":"","background-repeat":"repeat","background-position":"center center","background-size":"auto","background-attachment":"scroll","background-type":"","background-media":"","overlay-type":"","overlay-color":"","overlay-opacity":"","overlay-gradient":""},"mobile":{"background-color":"var(--ast-global-color-5)","background-image":"","background-repeat":"repeat","background-position":"center center","background-size":"auto","background-attachment":"scroll","background-type":"","background-media":"","overlay-type":"","overlay-color":"","overlay-opacity":"","overlay-gradient":""}},"footnotes":""},"class_list":["post-6790","page","type-page","status-publish","hentry"],"_links":{"self":[{"href":"https:\/\/uit.br\/site\/wp-json\/wp\/v2\/pages\/6790","targetHints":{"allow":["GET"]}}],"collection":[{"href":"https:\/\/uit.br\/site\/wp-json\/wp\/v2\/pages"}],"about":[{"href":"https:\/\/uit.br\/site\/wp-json\/wp\/v2\/types\/page"}],"author":[{"embeddable":true,"href":"https:\/\/uit.br\/site\/wp-json\/wp\/v2\/users\/1"}],"replies":[{"embeddable":true,"href":"https:\/\/uit.br\/site\/wp-json\/wp\/v2\/comments?post=6790"}],"version-history":[{"count":7,"href":"https:\/\/uit.br\/site\/wp-json\/wp\/v2\/pages\/6790\/revisions"}],"predecessor-version":[{"id":8566,"href":"https:\/\/uit.br\/site\/wp-json\/wp\/v2\/pages\/6790\/revisions\/8566"}],"wp:attachment":[{"href":"https:\/\/uit.br\/site\/wp-json\/wp\/v2\/media?parent=6790"}],"curies":[{"name":"wp","href":"https:\/\/api.w.org\/{rel}","templated":true}]}}