{"id":6168,"date":"2024-02-21T10:17:38","date_gmt":"2024-02-21T13:17:38","guid":{"rendered":"https:\/\/site.uit.br\/?page_id=6168"},"modified":"2024-05-20T08:18:18","modified_gmt":"2024-05-20T11:18:18","slug":"direito-processual-aplicado","status":"publish","type":"page","link":"https:\/\/uit.br\/site\/direito-processual-aplicado\/","title":{"rendered":"Direito Processual Aplicado"},"content":{"rendered":"\t\t<div data-elementor-type=\"wp-page\" data-elementor-id=\"6168\" class=\"elementor elementor-6168\" data-elementor-post-type=\"page\">\n\t\t\t\t\t\t<section class=\"elementor-section elementor-top-section elementor-element elementor-element-18c6b38 elementor-section-boxed elementor-section-height-default elementor-section-height-default\" data-id=\"18c6b38\" data-element_type=\"section\" data-e-type=\"section\">\n\t\t\t\t\t\t<div class=\"elementor-container elementor-column-gap-default\">\n\t\t\t\t\t<div class=\"elementor-column elementor-col-33 elementor-top-column elementor-element elementor-element-b1b4403 elementor-invisible\" data-id=\"b1b4403\" data-element_type=\"column\" data-e-type=\"column\" data-settings=\"{&quot;animation&quot;:&quot;slideInLeft&quot;}\">\n\t\t\t<div class=\"elementor-widget-wrap elementor-element-populated\">\n\t\t\t\t\t\t<div class=\"elementor-element elementor-element-33d35bd elementor-widget elementor-widget-image\" data-id=\"33d35bd\" data-element_type=\"widget\" data-e-type=\"widget\" data-widget_type=\"image.default\">\n\t\t\t\t<div class=\"elementor-widget-container\">\n\t\t\t\t\t\t\t\t\t\t\t\t\t\t\t<img fetchpriority=\"high\" decoding=\"async\" width=\"551\" height=\"548\" src=\"https:\/\/uit.br\/site\/wp-content\/uploads\/2024\/03\/Pos-Direito-Processual-Aplicado.jpg\" class=\"attachment-large size-large wp-image-6463\" alt=\"\" srcset=\"https:\/\/uit.br\/site\/wp-content\/uploads\/2024\/03\/Pos-Direito-Processual-Aplicado.jpg 551w, https:\/\/uit.br\/site\/wp-content\/uploads\/2024\/03\/Pos-Direito-Processual-Aplicado-300x298.jpg 300w, https:\/\/uit.br\/site\/wp-content\/uploads\/2024\/03\/Pos-Direito-Processual-Aplicado-150x150.jpg 150w\" sizes=\"(max-width: 551px) 100vw, 551px\" \/>\t\t\t\t\t\t\t\t\t\t\t\t\t\t\t<\/div>\n\t\t\t\t<\/div>\n\t\t\t\t\t<\/div>\n\t\t<\/div>\n\t\t\t\t<div class=\"elementor-column elementor-col-66 elementor-top-column elementor-element elementor-element-5f74c4d elementor-invisible\" data-id=\"5f74c4d\" data-element_type=\"column\" data-e-type=\"column\" data-settings=\"{&quot;animation&quot;:&quot;slideInRight&quot;}\">\n\t\t\t<div class=\"elementor-widget-wrap elementor-element-populated\">\n\t\t\t\t\t\t<div class=\"elementor-element elementor-element-8256c1b elementor-widget elementor-widget-heading\" data-id=\"8256c1b\" data-element_type=\"widget\" data-e-type=\"widget\" data-widget_type=\"heading.default\">\n\t\t\t\t<div class=\"elementor-widget-container\">\n\t\t\t\t\t<h2 class=\"elementor-heading-title elementor-size-default\">P\u00f3s-Gradua\u00e7\u00e3o em Direito Processual Aplicado<\/h2>\t\t\t\t<\/div>\n\t\t\t\t<\/div>\n\t\t\t\t<div class=\"elementor-element elementor-element-b01ebd1 elementor-widget elementor-widget-text-editor\" data-id=\"b01ebd1\" data-element_type=\"widget\" data-e-type=\"widget\" data-widget_type=\"text-editor.default\">\n\t\t\t\t<div class=\"elementor-widget-container\">\n\t\t\t\t\t\t\t\t\t<p>Domine as pr\u00e1ticas mais recentes e eficazes do Direito Processual, combinando teoria e aplica\u00e7\u00e3o pr\u00e1tica para destacar-se no campo jur\u00eddico. Esta P\u00f3s-gradua\u00e7\u00e3o oferece uma abordagem abrangente para profissionais do Direito interessados em aprimorar suas habilidades no campo do Direito Processual. O programa integra teoria e pr\u00e1tica, capacitando os participantes a enfrentar desafios complexos no sistema jur\u00eddico.<strong>\u00a0<\/strong><\/p><p><strong>Informa\u00e7\u00f5es gerais:<\/strong><\/p><ul><li>CURSO PRESENCIAL, com muita pr\u00e1tica e professores nacionalmente reconhecidos.<\/li><li>Aulas aos s\u00e1bados, quinzenais, na Universidade de Ita\u00fana\/MG.<\/li><li>Carga hor\u00e1ria 360 horas<\/li><li>In\u00edcio das aulas: maio\/2024<strong> <br \/><\/strong><\/li><\/ul><p><strong>P\u00fablico Alvo<\/strong><\/p><p>Advogados, promotores, ju\u00edzes e profissionais do direito interessados em aprimorar suas habilidades pr\u00e1ticas e te\u00f3ricas no campo do Direito Processual.<strong>\u00a0<\/strong><\/p><p><strong>Disciplinas em destaque*<\/strong><\/p><ul><li>Teoria Geral do Processo e forma\u00e7\u00e3o te\u00f3rica<\/li><li>Direito Processual Civil Moderno: do conhecimento \u00e0 senten\u00e7a<\/li><li>Direito Processual Civil: recursos<\/li><li>Direito Processual Civil: execu\u00e7\u00e3o \u2013 meios modernos e constitucionais<\/li><li>Procedimentos Especiais<\/li><li>Direito Processual do Trabalho: uma nova vis\u00e3o<\/li><li>Direito Processual do Trabalho: recursos e execu\u00e7\u00e3o<\/li><li>Direito Processual Penal: a\u00e7\u00f5es e meios<\/li><li>Direito Processual Penal: recursos<\/li><li>Direito Processual Constitucional<\/li><li>Direito Processual Administrativo<\/li><li>Direito Processual Tribut\u00e1rio<\/li><li>LGPD e dados processuais<\/li><li>Marketing jur\u00eddico<\/li><li>Sistemas judiciais e PJe<\/li><li>Meios adequados de solu\u00e7\u00e3o de conflitos<\/li><li>Orat\u00f3ria e sustenta\u00e7\u00e3o em tribunais<\/li><\/ul><p>*Sujeitas a altera\u00e7\u00f5es para atendimento de necessidades\u00a0especiais<\/p><p><strong>Alguns professores:<\/strong><\/p><p>Prof. Dr. Clenderson Cruz, Profa. Ms. S\u00f4nia Malta, Prof. Ms. Bruno Cunha, entre outros.<strong>\u00a0<\/strong><\/p><p><strong>Investimento<\/strong><\/p><p>Para matr\u00edculas at\u00e9 12\/07\/2024, ex-alunos da Universidade de Ita\u00fana e inscritos na 34\u00aa Subse\u00e7\u00e3o da OAB por apenas 24 parcelas x R$299,00*. Alunos formados em outras institui\u00e7\u00f5es por 24 parcelas x R$349,00*<\/p><p>A partir dessa data 24 x R$453,00, com inscri\u00e7\u00f5es at\u00e9 02\/08\/2024.<\/p><p>*Consulte condi\u00e7\u00f5es. Descontos de at\u00e9 34% para egressos e outras institui\u00e7\u00f5es 23%, aplicados sobre o valor de 24 x R$453,00<\/p><p>\u00a0<\/p>\t\t\t\t\t\t\t\t<\/div>\n\t\t\t\t<\/div>\n\t\t\t\t<div class=\"elementor-element elementor-element-a34fe7e elementor-align-left elementor-widget elementor-widget-button\" data-id=\"a34fe7e\" data-element_type=\"widget\" data-e-type=\"widget\" data-widget_type=\"button.default\">\n\t\t\t\t<div class=\"elementor-widget-container\">\n\t\t\t\t\t\t\t\t\t<div class=\"elementor-button-wrapper\">\n\t\t\t\t\t<a class=\"elementor-button elementor-button-link elementor-size-sm\" href=\"https:\/\/academico.uit.br\/selecao\">\n\t\t\t\t\t\t<span class=\"elementor-button-content-wrapper\">\n\t\t\t\t\t\t\t\t\t<span class=\"elementor-button-text\">Fa\u00e7a sua Inscri\u00e7\u00e3o<\/span>\n\t\t\t\t\t<\/span>\n\t\t\t\t\t<\/a>\n\t\t\t\t<\/div>\n\t\t\t\t\t\t\t\t<\/div>\n\t\t\t\t<\/div>\n\t\t\t\t<div class=\"elementor-element elementor-element-b1f4220 elementor-widget elementor-widget-text-editor\" data-id=\"b1f4220\" data-element_type=\"widget\" data-e-type=\"widget\" data-widget_type=\"text-editor.default\">\n\t\t\t\t<div class=\"elementor-widget-container\">\n\t\t\t\t\t\t\t\t\t<p><strong>Informa\u00e7\u00f5es<\/strong><\/p><p>Site: <a href=\"http:\/\/uit.br\/pos\">uit.br\/pos<\/a><br \/>Telefone 3249-3000 (Karina ou Rose)<br \/>E-mail: <a href=\"mailto:pos@uit.br\">pos@uit.br<\/a><\/p>\t\t\t\t\t\t\t\t<\/div>\n\t\t\t\t<\/div>\n\t\t\t\t\t<\/div>\n\t\t<\/div>\n\t\t\t\t\t<\/div>\n\t\t<\/section>\n\t\t\t\t<\/div>\n\t\t","protected":false},"excerpt":{"rendered":"<p>P\u00f3s-Gradua\u00e7\u00e3o em Direito Processual Aplicado Domine as pr\u00e1ticas mais recentes e eficazes do Direito Processual, combinando teoria e aplica\u00e7\u00e3o pr\u00e1tica para destacar-se no campo jur\u00eddico. Esta P\u00f3s-gradua\u00e7\u00e3o oferece uma abordagem abrangente para profissionais do Direito interessados em aprimorar suas habilidades no campo do Direito Processual. O programa integra teoria e pr\u00e1tica, capacitando os participantes a [&hellip;]<\/p>\n","protected":false},"author":1,"featured_media":0,"parent":0,"menu_order":0,"comment_status":"closed","ping_status":"closed","template":"elementor_header_footer","meta":{"site-sidebar-layout":"no-sidebar","site-content-layout":"page-builder","ast-site-content-layout":"full-width-container","site-content-style":"default","site-sidebar-style":"default","ast-global-header-display":"","ast-banner-title-visibility":"","ast-main-header-display":"","ast-hfb-above-header-display":"","ast-hfb-below-header-display":"","ast-hfb-mobile-header-display":"","site-post-title":"disabled","ast-breadcrumbs-content":"","ast-featured-img":"disabled","footer-sml-layout":"","ast-disable-related-posts":"","theme-transparent-header-meta":"","adv-header-id-meta":"","stick-header-meta":"","header-above-stick-meta":"","header-main-stick-meta":"","header-below-stick-meta":"","astra-migrate-meta-layouts":"set","ast-page-background-enabled":"default","ast-page-background-meta":{"desktop":{"background-color":"","background-image":"","background-repeat":"repeat","background-position":"center center","background-size":"auto","background-attachment":"scroll","background-type":"","background-media":"","overlay-type":"","overlay-color":"","overlay-opacity":"","overlay-gradient":""},"tablet":{"background-color":"","background-image":"","background-repeat":"repeat","background-position":"center center","background-size":"auto","background-attachment":"scroll","background-type":"","background-media":"","overlay-type":"","overlay-color":"","overlay-opacity":"","overlay-gradient":""},"mobile":{"background-color":"","background-image":"","background-repeat":"repeat","background-position":"center center","background-size":"auto","background-attachment":"scroll","background-type":"","background-media":"","overlay-type":"","overlay-color":"","overlay-opacity":"","overlay-gradient":""}},"ast-content-background-meta":{"desktop":{"background-color":"var(--ast-global-color-5)","background-image":"","background-repeat":"repeat","background-position":"center center","background-size":"auto","background-attachment":"scroll","background-type":"","background-media":"","overlay-type":"","overlay-color":"","overlay-opacity":"","overlay-gradient":""},"tablet":{"background-color":"var(--ast-global-color-5)","background-image":"","background-repeat":"repeat","background-position":"center center","background-size":"auto","background-attachment":"scroll","background-type":"","background-media":"","overlay-type":"","overlay-color":"","overlay-opacity":"","overlay-gradient":""},"mobile":{"background-color":"var(--ast-global-color-5)","background-image":"","background-repeat":"repeat","background-position":"center center","background-size":"auto","background-attachment":"scroll","background-type":"","background-media":"","overlay-type":"","overlay-color":"","overlay-opacity":"","overlay-gradient":""}},"footnotes":""},"class_list":["post-6168","page","type-page","status-publish","hentry"],"_links":{"self":[{"href":"https:\/\/uit.br\/site\/wp-json\/wp\/v2\/pages\/6168","targetHints":{"allow":["GET"]}}],"collection":[{"href":"https:\/\/uit.br\/site\/wp-json\/wp\/v2\/pages"}],"about":[{"href":"https:\/\/uit.br\/site\/wp-json\/wp\/v2\/types\/page"}],"author":[{"embeddable":true,"href":"https:\/\/uit.br\/site\/wp-json\/wp\/v2\/users\/1"}],"replies":[{"embeddable":true,"href":"https:\/\/uit.br\/site\/wp-json\/wp\/v2\/comments?post=6168"}],"version-history":[{"count":0,"href":"https:\/\/uit.br\/site\/wp-json\/wp\/v2\/pages\/6168\/revisions"}],"wp:attachment":[{"href":"https:\/\/uit.br\/site\/wp-json\/wp\/v2\/media?parent=6168"}],"curies":[{"name":"wp","href":"https:\/\/api.w.org\/{rel}","templated":true}]}}