{"id":6148,"date":"2024-02-21T09:38:12","date_gmt":"2024-02-21T12:38:12","guid":{"rendered":"https:\/\/site.uit.br\/?page_id=6148"},"modified":"2024-05-20T08:20:22","modified_gmt":"2024-05-20T11:20:22","slug":"criminologia-e-ciencias-penais","status":"publish","type":"page","link":"https:\/\/uit.br\/site\/criminologia-e-ciencias-penais\/","title":{"rendered":"Criminologia e Ci\u00eancias Penais"},"content":{"rendered":"\t\t<div data-elementor-type=\"wp-page\" data-elementor-id=\"6148\" class=\"elementor elementor-6148\" data-elementor-post-type=\"page\">\n\t\t\t\t\t\t<section class=\"elementor-section elementor-top-section elementor-element elementor-element-e40955f elementor-section-boxed elementor-section-height-default elementor-section-height-default\" data-id=\"e40955f\" data-element_type=\"section\" data-e-type=\"section\">\n\t\t\t\t\t\t<div class=\"elementor-container elementor-column-gap-default\">\n\t\t\t\t\t<div class=\"elementor-column elementor-col-33 elementor-top-column elementor-element elementor-element-fdea015 elementor-invisible\" data-id=\"fdea015\" data-element_type=\"column\" data-e-type=\"column\" data-settings=\"{&quot;animation&quot;:&quot;slideInLeft&quot;}\">\n\t\t\t<div class=\"elementor-widget-wrap elementor-element-populated\">\n\t\t\t\t\t\t<div class=\"elementor-element elementor-element-1c0930b elementor-widget elementor-widget-image\" data-id=\"1c0930b\" data-element_type=\"widget\" data-e-type=\"widget\" data-widget_type=\"image.default\">\n\t\t\t\t<div class=\"elementor-widget-container\">\n\t\t\t\t\t\t\t\t\t\t\t\t\t\t\t<img fetchpriority=\"high\" decoding=\"async\" width=\"551\" height=\"548\" src=\"https:\/\/uit.br\/site\/wp-content\/uploads\/2024\/03\/Pos-Criminologia-e-Ciencias-Penais.jpg\" class=\"attachment-large size-large wp-image-6446\" alt=\"\" srcset=\"https:\/\/uit.br\/site\/wp-content\/uploads\/2024\/03\/Pos-Criminologia-e-Ciencias-Penais.jpg 551w, https:\/\/uit.br\/site\/wp-content\/uploads\/2024\/03\/Pos-Criminologia-e-Ciencias-Penais-300x298.jpg 300w, https:\/\/uit.br\/site\/wp-content\/uploads\/2024\/03\/Pos-Criminologia-e-Ciencias-Penais-150x150.jpg 150w\" sizes=\"(max-width: 551px) 100vw, 551px\" \/>\t\t\t\t\t\t\t\t\t\t\t\t\t\t\t<\/div>\n\t\t\t\t<\/div>\n\t\t\t\t\t<\/div>\n\t\t<\/div>\n\t\t\t\t<div class=\"elementor-column elementor-col-66 elementor-top-column elementor-element elementor-element-e8b8aac elementor-invisible\" data-id=\"e8b8aac\" data-element_type=\"column\" data-e-type=\"column\" data-settings=\"{&quot;animation&quot;:&quot;slideInRight&quot;}\">\n\t\t\t<div class=\"elementor-widget-wrap elementor-element-populated\">\n\t\t\t\t\t\t<div class=\"elementor-element elementor-element-22a4e74 elementor-widget elementor-widget-heading\" data-id=\"22a4e74\" data-element_type=\"widget\" data-e-type=\"widget\" data-widget_type=\"heading.default\">\n\t\t\t\t<div class=\"elementor-widget-container\">\n\t\t\t\t\t<h2 class=\"elementor-heading-title elementor-size-default\">P\u00f3s-Gradua\u00e7\u00e3o em Criminologia e Ci\u00eancias Penais<\/h2>\t\t\t\t<\/div>\n\t\t\t\t<\/div>\n\t\t\t\t<div class=\"elementor-element elementor-element-a10e5dc elementor-widget elementor-widget-text-editor\" data-id=\"a10e5dc\" data-element_type=\"widget\" data-e-type=\"widget\" data-widget_type=\"text-editor.default\">\n\t\t\t\t<div class=\"elementor-widget-container\">\n\t\t\t\t\t\t\t\t\t<p>O entendimento e aprofundamento nas modernas t\u00e9cnicas de investiga\u00e7\u00e3o criminal e no funcionamento do Sistema de Justi\u00e7a Criminal brasileiro proporcionam ao profissional desta \u00e1rea uma atua\u00e7\u00e3o diferenciada e destacada. A Universidade de Ita\u00fana traz essa oportunidade, com profissionais experientes e reconhecidos no mercado. A P\u00f3s-gradua\u00e7\u00e3o em Criminologia e Ci\u00eancias Criminais possibilita a compreens\u00e3o integrada de todo o sistema criminal brasileiro, al\u00e9m das discuss\u00f5es de casos reais e aplicabilidade das modernas t\u00e9cnicas de investiga\u00e7\u00e3o, com provas materiais, com conjuga\u00e7\u00e3o do conhecimento em Direito Penal, Direito Processual Penal, Pol\u00edtica Criminal e Criminologia, com muita pr\u00e1tica e simula\u00e7\u00f5es no curso.<\/p><p><strong>Informa\u00e7\u00f5es gerais:<\/strong><\/p><ul><li>CURSO PRESENCIAL, com muita pr\u00e1tica e professores nacionalmente reconhecidos.<\/li><li>Aulas aos s\u00e1bados, quinzenais, na Universidade de Ita\u00fana\/MG.<\/li><li>Carga hor\u00e1ria 360 horas<\/li><li>In\u00edcio das aulas: maio\/2024<strong> <br \/><\/strong><\/li><\/ul><p><strong>P\u00fablico Alvo<\/strong><\/p><p>Um curso ideal para advogados, profissionais da Seguran\u00e7a P\u00fablica, magistrados e tamb\u00e9m para quem pretende realizar concursos na \u00e1rea.<\/p><p><strong>Disciplinas em destaque*<\/strong><\/p><ul><li>Teoria do Crime<\/li><li>Teoria da Pena<\/li><li>Aspectos de Crimes em Esp\u00e9cie<\/li><li>Direito Processual Penal: investiga\u00e7\u00e3o preliminar, procedimentos, teoria das provas, teoria das nulidades penais<\/li><li>Direito Penal\/Processual e Justi\u00e7a Penal Negocial<\/li><li>Direito Processual Recursal<\/li><li>Execu\u00e7\u00e3o Penal<\/li><li>Sistema Penal e Direitos Humanos<\/li><li>Criminologia (positivista, sociol\u00f3gicas, cr\u00edtica)<\/li><li>Seguran\u00e7a P\u00fablica: Seletividade, Pol\u00edtica Criminal e Policiamento e efeitos da criminalidade<\/li><li>Medicina Legal<\/li><li>Vitimologia e direitos humanos (e psicologia forense)<\/li><li>Criminalidade de rua e viol\u00eancia de g\u00eanero<\/li><li>LGPD e dados processuais<\/li><li>Marketing jur\u00eddico<\/li><li>Direito Penal e Processo penal na era cibern\u00e9tica<\/li><li>Direito Penal Econ\u00f4mico<\/li><li>Orat\u00f3ria e sustenta\u00e7\u00e3o em tribunais<\/li><\/ul><p>*Sujeitas a altera\u00e7\u00f5es para atendimento de necessidades\u00a0especiais<\/p><p><strong>Alguns professores:<\/strong><\/p><p>Prof. Dr. J\u00falio Zini, Prof. Dr. Clenderson Cruz, Prof. Ms. Harley do Vale,\u00a0 entre outros.<\/p><p><strong>Investimento<\/strong><\/p><p>Para matr\u00edculas at\u00e9 12\/07\/2024, ex-alunos da Universidade de Ita\u00fana e inscritos na 34\u00aa Subse\u00e7\u00e3o da OAB por apenas 24 parcelas x R$299,00*. Alunos formados em outras institui\u00e7\u00f5es por 24 parcelas x R$349,00*<\/p><p>A partir dessa data 24 x R$453,00, com inscri\u00e7\u00f5es at\u00e9 02\/08\/2024.<\/p><p>*Consulte condi\u00e7\u00f5es. Descontos de at\u00e9 34% para egressos e outras institui\u00e7\u00f5es 23%, aplicados sobre o valor de 24 x R$453,00<\/p><p>\u00a0<\/p>\t\t\t\t\t\t\t\t<\/div>\n\t\t\t\t<\/div>\n\t\t\t\t<div class=\"elementor-element elementor-element-2b2ac99 elementor-align-left elementor-widget elementor-widget-button\" data-id=\"2b2ac99\" data-element_type=\"widget\" data-e-type=\"widget\" data-widget_type=\"button.default\">\n\t\t\t\t<div class=\"elementor-widget-container\">\n\t\t\t\t\t\t\t\t\t<div class=\"elementor-button-wrapper\">\n\t\t\t\t\t<a class=\"elementor-button elementor-button-link elementor-size-sm\" href=\"https:\/\/academico.uit.br\/selecao\">\n\t\t\t\t\t\t<span class=\"elementor-button-content-wrapper\">\n\t\t\t\t\t\t\t\t\t<span class=\"elementor-button-text\">Fa\u00e7a sua Inscri\u00e7\u00e3o<\/span>\n\t\t\t\t\t<\/span>\n\t\t\t\t\t<\/a>\n\t\t\t\t<\/div>\n\t\t\t\t\t\t\t\t<\/div>\n\t\t\t\t<\/div>\n\t\t\t\t<div class=\"elementor-element elementor-element-80e86e1 elementor-widget elementor-widget-text-editor\" data-id=\"80e86e1\" data-element_type=\"widget\" data-e-type=\"widget\" data-widget_type=\"text-editor.default\">\n\t\t\t\t<div class=\"elementor-widget-container\">\n\t\t\t\t\t\t\t\t\t<p><strong>Informa\u00e7\u00f5es<\/strong><\/p><p>Site: <a href=\"http:\/\/uit.br\/pos\">uit.br\/pos<\/a><br \/>Telefone 3249-3000 (Karina ou Rose)<br \/>E-mail: <a href=\"mailto:pos@uit.br\">pos@uit.br<\/a><\/p>\t\t\t\t\t\t\t\t<\/div>\n\t\t\t\t<\/div>\n\t\t\t\t\t<\/div>\n\t\t<\/div>\n\t\t\t\t\t<\/div>\n\t\t<\/section>\n\t\t\t\t<\/div>\n\t\t","protected":false},"excerpt":{"rendered":"<p>P\u00f3s-Gradua\u00e7\u00e3o em Criminologia e Ci\u00eancias Penais O entendimento e aprofundamento nas modernas t\u00e9cnicas de investiga\u00e7\u00e3o criminal e no funcionamento do Sistema de Justi\u00e7a Criminal brasileiro proporcionam ao profissional desta \u00e1rea uma atua\u00e7\u00e3o diferenciada e destacada. A Universidade de Ita\u00fana traz essa oportunidade, com profissionais experientes e reconhecidos no mercado. A P\u00f3s-gradua\u00e7\u00e3o em Criminologia e Ci\u00eancias [&hellip;]<\/p>\n","protected":false},"author":1,"featured_media":0,"parent":0,"menu_order":0,"comment_status":"closed","ping_status":"closed","template":"elementor_header_footer","meta":{"site-sidebar-layout":"no-sidebar","site-content-layout":"page-builder","ast-site-content-layout":"full-width-container","site-content-style":"default","site-sidebar-style":"default","ast-global-header-display":"","ast-banner-title-visibility":"","ast-main-header-display":"","ast-hfb-above-header-display":"","ast-hfb-below-header-display":"","ast-hfb-mobile-header-display":"","site-post-title":"disabled","ast-breadcrumbs-content":"","ast-featured-img":"disabled","footer-sml-layout":"","ast-disable-related-posts":"","theme-transparent-header-meta":"","adv-header-id-meta":"","stick-header-meta":"","header-above-stick-meta":"","header-main-stick-meta":"","header-below-stick-meta":"","astra-migrate-meta-layouts":"set","ast-page-background-enabled":"default","ast-page-background-meta":{"desktop":{"background-color":"","background-image":"","background-repeat":"repeat","background-position":"center center","background-size":"auto","background-attachment":"scroll","background-type":"","background-media":"","overlay-type":"","overlay-color":"","overlay-opacity":"","overlay-gradient":""},"tablet":{"background-color":"","background-image":"","background-repeat":"repeat","background-position":"center center","background-size":"auto","background-attachment":"scroll","background-type":"","background-media":"","overlay-type":"","overlay-color":"","overlay-opacity":"","overlay-gradient":""},"mobile":{"background-color":"","background-image":"","background-repeat":"repeat","background-position":"center center","background-size":"auto","background-attachment":"scroll","background-type":"","background-media":"","overlay-type":"","overlay-color":"","overlay-opacity":"","overlay-gradient":""}},"ast-content-background-meta":{"desktop":{"background-color":"var(--ast-global-color-5)","background-image":"","background-repeat":"repeat","background-position":"center center","background-size":"auto","background-attachment":"scroll","background-type":"","background-media":"","overlay-type":"","overlay-color":"","overlay-opacity":"","overlay-gradient":""},"tablet":{"background-color":"var(--ast-global-color-5)","background-image":"","background-repeat":"repeat","background-position":"center center","background-size":"auto","background-attachment":"scroll","background-type":"","background-media":"","overlay-type":"","overlay-color":"","overlay-opacity":"","overlay-gradient":""},"mobile":{"background-color":"var(--ast-global-color-5)","background-image":"","background-repeat":"repeat","background-position":"center center","background-size":"auto","background-attachment":"scroll","background-type":"","background-media":"","overlay-type":"","overlay-color":"","overlay-opacity":"","overlay-gradient":""}},"footnotes":""},"class_list":["post-6148","page","type-page","status-publish","hentry"],"_links":{"self":[{"href":"https:\/\/uit.br\/site\/wp-json\/wp\/v2\/pages\/6148","targetHints":{"allow":["GET"]}}],"collection":[{"href":"https:\/\/uit.br\/site\/wp-json\/wp\/v2\/pages"}],"about":[{"href":"https:\/\/uit.br\/site\/wp-json\/wp\/v2\/types\/page"}],"author":[{"embeddable":true,"href":"https:\/\/uit.br\/site\/wp-json\/wp\/v2\/users\/1"}],"replies":[{"embeddable":true,"href":"https:\/\/uit.br\/site\/wp-json\/wp\/v2\/comments?post=6148"}],"version-history":[{"count":0,"href":"https:\/\/uit.br\/site\/wp-json\/wp\/v2\/pages\/6148\/revisions"}],"wp:attachment":[{"href":"https:\/\/uit.br\/site\/wp-json\/wp\/v2\/media?parent=6148"}],"curies":[{"name":"wp","href":"https:\/\/api.w.org\/{rel}","templated":true}]}}