{"id":6137,"date":"2024-02-21T09:21:45","date_gmt":"2024-02-21T12:21:45","guid":{"rendered":"https:\/\/site.uit.br\/?page_id=6137"},"modified":"2024-05-20T08:21:09","modified_gmt":"2024-05-20T11:21:09","slug":"direito-das-familias-sucessoes-e-tutela-patrimonial","status":"publish","type":"page","link":"https:\/\/uit.br\/site\/direito-das-familias-sucessoes-e-tutela-patrimonial\/","title":{"rendered":"Direito das Fam\u00edlias, Sucess\u00f5es e Tutela Patrimonial"},"content":{"rendered":"\t\t<div data-elementor-type=\"wp-page\" data-elementor-id=\"6137\" class=\"elementor elementor-6137\" data-elementor-post-type=\"page\">\n\t\t\t\t\t\t<section class=\"elementor-section elementor-top-section elementor-element elementor-element-a8c0371 elementor-section-boxed elementor-section-height-default elementor-section-height-default\" data-id=\"a8c0371\" data-element_type=\"section\" data-e-type=\"section\">\n\t\t\t\t\t\t<div class=\"elementor-container elementor-column-gap-default\">\n\t\t\t\t\t<div class=\"elementor-column elementor-col-33 elementor-top-column elementor-element elementor-element-2d575e7 elementor-invisible\" data-id=\"2d575e7\" data-element_type=\"column\" data-e-type=\"column\" data-settings=\"{&quot;animation&quot;:&quot;slideInLeft&quot;}\">\n\t\t\t<div class=\"elementor-widget-wrap elementor-element-populated\">\n\t\t\t\t\t\t<div class=\"elementor-element elementor-element-004f415 elementor-widget elementor-widget-image\" data-id=\"004f415\" data-element_type=\"widget\" data-e-type=\"widget\" data-widget_type=\"image.default\">\n\t\t\t\t<div class=\"elementor-widget-container\">\n\t\t\t\t\t\t\t\t\t\t\t\t\t\t\t<img fetchpriority=\"high\" decoding=\"async\" width=\"551\" height=\"548\" src=\"https:\/\/uit.br\/site\/wp-content\/uploads\/2024\/03\/Pos-Direito-das-Familias-Sucessoes-e-Tutela-Patrimonial.jpg\" class=\"attachment-large size-large wp-image-6438\" alt=\"\" srcset=\"https:\/\/uit.br\/site\/wp-content\/uploads\/2024\/03\/Pos-Direito-das-Familias-Sucessoes-e-Tutela-Patrimonial.jpg 551w, https:\/\/uit.br\/site\/wp-content\/uploads\/2024\/03\/Pos-Direito-das-Familias-Sucessoes-e-Tutela-Patrimonial-300x298.jpg 300w, https:\/\/uit.br\/site\/wp-content\/uploads\/2024\/03\/Pos-Direito-das-Familias-Sucessoes-e-Tutela-Patrimonial-150x150.jpg 150w\" sizes=\"(max-width: 551px) 100vw, 551px\" \/>\t\t\t\t\t\t\t\t\t\t\t\t\t\t\t<\/div>\n\t\t\t\t<\/div>\n\t\t\t\t\t<\/div>\n\t\t<\/div>\n\t\t\t\t<div class=\"elementor-column elementor-col-66 elementor-top-column elementor-element elementor-element-9c23bcf elementor-invisible\" data-id=\"9c23bcf\" data-element_type=\"column\" data-e-type=\"column\" data-settings=\"{&quot;animation&quot;:&quot;slideInRight&quot;}\">\n\t\t\t<div class=\"elementor-widget-wrap elementor-element-populated\">\n\t\t\t\t\t\t<div class=\"elementor-element elementor-element-c31d720 elementor-widget elementor-widget-heading\" data-id=\"c31d720\" data-element_type=\"widget\" data-e-type=\"widget\" data-widget_type=\"heading.default\">\n\t\t\t\t<div class=\"elementor-widget-container\">\n\t\t\t\t\t<h2 class=\"elementor-heading-title elementor-size-default\">P\u00f3s-Gradua\u00e7\u00e3o em Direito das Fam\u00edlias, Sucess\u00f5es e Tutela Patrimonial<\/h2>\t\t\t\t<\/div>\n\t\t\t\t<\/div>\n\t\t\t\t<div class=\"elementor-element elementor-element-adec92a elementor-widget elementor-widget-text-editor\" data-id=\"adec92a\" data-element_type=\"widget\" data-e-type=\"widget\" data-widget_type=\"text-editor.default\">\n\t\t\t\t<div class=\"elementor-widget-container\">\n\t\t\t\t\t\t\t\t\t<p>Desenvolva expertise em quest\u00f5es familiares e sucess\u00f3rias, incluindo a tutela patrimonial, para atuar de forma especializada e sens\u00edvel nessas \u00e1reas do Direito. Este curso especializado aborda quest\u00f5es familiares e sucess\u00f3rias, incluindo a tutela patrimonial. Os participantes ser\u00e3o capacitados para lidar com nuances legais nessas \u00e1reas, desenvolvendo uma abordagem sens\u00edvel e especializada.<\/p><p><strong>Informa\u00e7\u00f5es gerais:<\/strong><\/p><ul><li>CURSO PRESENCIAL, com muita pr\u00e1tica e professores nacionalmente reconhecidos.<\/li><li>Aulas aos s\u00e1bados, quinzenais, na Universidade de Ita\u00fana\/MG.<\/li><li>Carga hor\u00e1ria 360 horas<\/li><li>In\u00edcio das aulas: maio\/2024<strong> <br \/><\/strong><\/li><\/ul><p><strong>P\u00fablico Alvo<\/strong><\/p><p>Advogados especializados em direito de fam\u00edlia, sucess\u00f5es, not\u00e1rios, psic\u00f3logos e assistentes sociais que trabalham com quest\u00f5es familiares.<\/p><p><strong>Disciplinas em destaque*<\/strong><strong> <br \/><\/strong><\/p><ul><li>Fundamentos do Direito das Fam\u00edlias<\/li><li>Casamento, Uni\u00e3o Est\u00e1vel e Regimes de Bens Matrimoniais<\/li><li>Div\u00f3rcio, Dissolu\u00e7\u00e3o da Uni\u00e3o Est\u00e1vel, Separa\u00e7\u00e3o Judicial, Guarda e Regime de Visitas<\/li><li>Filia\u00e7\u00e3o e Parentalidade Socioafetiva<\/li><li>Prote\u00e7\u00e3o da Pessoa | Alimentos<\/li><li>Pr\u00e1tica Processual em Direito de Fam\u00edlia e Sucess\u00f5es<\/li><li>Media\u00e7\u00e3o e Arbitragem em Conflitos Familiares e Sucess\u00f3rios<\/li><li>Tutela e Curatela: Aspectos Legais e Pr\u00e1ticos<\/li><li>Planejamento Sucess\u00f3rio: Estrat\u00e9gias e Instrumentos Jur\u00eddicos<\/li><li>Heran\u00e7a e Invent\u00e1rio: Partilha de Bens e Conflitos Sucess\u00f3rios<\/li><li>Empresas Familiares: Aspectos Legais e Governan\u00e7a Corporativa<\/li><li>Planejamento Patrimonial e Tribut\u00e1rio em Sucess\u00f5es<\/li><li>Valuation &#8211; Avalia\u00e7\u00e3o de Empresas<\/li><\/ul><p>*Sujeitas a altera\u00e7\u00f5es para atendimento de necessidades\u00a0especiais<\/p><p><strong>Alguns professores:<\/strong><strong>\u00a0<\/strong><\/p><p><strong>Investimento<\/strong><\/p><p>Para matr\u00edculas at\u00e9 12\/07\/2024, ex-alunos da Universidade de Ita\u00fana e inscritos na 34\u00aa Subse\u00e7\u00e3o da OAB por apenas 24 parcelas x R$299,00*. Alunos formados em outras institui\u00e7\u00f5es por 24 parcelas x R$349,00*<\/p><p>A partir dessa data 24 x R$453,00, com inscri\u00e7\u00f5es at\u00e9 02\/08\/2024.<\/p><p>*Consulte condi\u00e7\u00f5es. Descontos de at\u00e9 34% para egressos e outras institui\u00e7\u00f5es 23%, aplicados sobre o valor de 24 x R$453,00<\/p><p>\u00a0<\/p>\t\t\t\t\t\t\t\t<\/div>\n\t\t\t\t<\/div>\n\t\t\t\t<div class=\"elementor-element elementor-element-917274f elementor-align-left elementor-widget elementor-widget-button\" data-id=\"917274f\" data-element_type=\"widget\" data-e-type=\"widget\" data-widget_type=\"button.default\">\n\t\t\t\t<div class=\"elementor-widget-container\">\n\t\t\t\t\t\t\t\t\t<div class=\"elementor-button-wrapper\">\n\t\t\t\t\t<a class=\"elementor-button elementor-button-link elementor-size-sm\" href=\"https:\/\/academico.uit.br\/selecao\">\n\t\t\t\t\t\t<span class=\"elementor-button-content-wrapper\">\n\t\t\t\t\t\t\t\t\t<span class=\"elementor-button-text\">Fa\u00e7a sua Inscri\u00e7\u00e3o<\/span>\n\t\t\t\t\t<\/span>\n\t\t\t\t\t<\/a>\n\t\t\t\t<\/div>\n\t\t\t\t\t\t\t\t<\/div>\n\t\t\t\t<\/div>\n\t\t\t\t<div class=\"elementor-element elementor-element-10714d5 elementor-widget elementor-widget-text-editor\" data-id=\"10714d5\" data-element_type=\"widget\" data-e-type=\"widget\" data-widget_type=\"text-editor.default\">\n\t\t\t\t<div class=\"elementor-widget-container\">\n\t\t\t\t\t\t\t\t\t<p><strong>Informa\u00e7\u00f5es<\/strong><\/p><p>Site: <a href=\"http:\/\/uit.br\/pos\">uit.br\/pos<\/a><br \/>Telefone 3249-3000 (Karina ou Rose)<br \/>E-mail: <a href=\"mailto:pos@uit.br\">pos@uit.br<\/a><\/p>\t\t\t\t\t\t\t\t<\/div>\n\t\t\t\t<\/div>\n\t\t\t\t\t<\/div>\n\t\t<\/div>\n\t\t\t\t\t<\/div>\n\t\t<\/section>\n\t\t\t\t<\/div>\n\t\t","protected":false},"excerpt":{"rendered":"<p>P\u00f3s-Gradua\u00e7\u00e3o em Direito das Fam\u00edlias, Sucess\u00f5es e Tutela Patrimonial Desenvolva expertise em quest\u00f5es familiares e sucess\u00f3rias, incluindo a tutela patrimonial, para atuar de forma especializada e sens\u00edvel nessas \u00e1reas do Direito. Este curso especializado aborda quest\u00f5es familiares e sucess\u00f3rias, incluindo a tutela patrimonial. Os participantes ser\u00e3o capacitados para lidar com nuances legais nessas \u00e1reas, desenvolvendo [&hellip;]<\/p>\n","protected":false},"author":1,"featured_media":0,"parent":0,"menu_order":0,"comment_status":"closed","ping_status":"closed","template":"elementor_header_footer","meta":{"site-sidebar-layout":"no-sidebar","site-content-layout":"page-builder","ast-site-content-layout":"full-width-container","site-content-style":"default","site-sidebar-style":"default","ast-global-header-display":"","ast-banner-title-visibility":"","ast-main-header-display":"","ast-hfb-above-header-display":"","ast-hfb-below-header-display":"","ast-hfb-mobile-header-display":"","site-post-title":"disabled","ast-breadcrumbs-content":"","ast-featured-img":"disabled","footer-sml-layout":"","ast-disable-related-posts":"","theme-transparent-header-meta":"","adv-header-id-meta":"","stick-header-meta":"","header-above-stick-meta":"","header-main-stick-meta":"","header-below-stick-meta":"","astra-migrate-meta-layouts":"set","ast-page-background-enabled":"default","ast-page-background-meta":{"desktop":{"background-color":"","background-image":"","background-repeat":"repeat","background-position":"center center","background-size":"auto","background-attachment":"scroll","background-type":"","background-media":"","overlay-type":"","overlay-color":"","overlay-opacity":"","overlay-gradient":""},"tablet":{"background-color":"","background-image":"","background-repeat":"repeat","background-position":"center center","background-size":"auto","background-attachment":"scroll","background-type":"","background-media":"","overlay-type":"","overlay-color":"","overlay-opacity":"","overlay-gradient":""},"mobile":{"background-color":"","background-image":"","background-repeat":"repeat","background-position":"center center","background-size":"auto","background-attachment":"scroll","background-type":"","background-media":"","overlay-type":"","overlay-color":"","overlay-opacity":"","overlay-gradient":""}},"ast-content-background-meta":{"desktop":{"background-color":"var(--ast-global-color-5)","background-image":"","background-repeat":"repeat","background-position":"center center","background-size":"auto","background-attachment":"scroll","background-type":"","background-media":"","overlay-type":"","overlay-color":"","overlay-opacity":"","overlay-gradient":""},"tablet":{"background-color":"var(--ast-global-color-5)","background-image":"","background-repeat":"repeat","background-position":"center center","background-size":"auto","background-attachment":"scroll","background-type":"","background-media":"","overlay-type":"","overlay-color":"","overlay-opacity":"","overlay-gradient":""},"mobile":{"background-color":"var(--ast-global-color-5)","background-image":"","background-repeat":"repeat","background-position":"center center","background-size":"auto","background-attachment":"scroll","background-type":"","background-media":"","overlay-type":"","overlay-color":"","overlay-opacity":"","overlay-gradient":""}},"footnotes":""},"class_list":["post-6137","page","type-page","status-publish","hentry"],"_links":{"self":[{"href":"https:\/\/uit.br\/site\/wp-json\/wp\/v2\/pages\/6137","targetHints":{"allow":["GET"]}}],"collection":[{"href":"https:\/\/uit.br\/site\/wp-json\/wp\/v2\/pages"}],"about":[{"href":"https:\/\/uit.br\/site\/wp-json\/wp\/v2\/types\/page"}],"author":[{"embeddable":true,"href":"https:\/\/uit.br\/site\/wp-json\/wp\/v2\/users\/1"}],"replies":[{"embeddable":true,"href":"https:\/\/uit.br\/site\/wp-json\/wp\/v2\/comments?post=6137"}],"version-history":[{"count":0,"href":"https:\/\/uit.br\/site\/wp-json\/wp\/v2\/pages\/6137\/revisions"}],"wp:attachment":[{"href":"https:\/\/uit.br\/site\/wp-json\/wp\/v2\/media?parent=6137"}],"curies":[{"name":"wp","href":"https:\/\/api.w.org\/{rel}","templated":true}]}}