{"id":6127,"date":"2024-02-21T09:12:37","date_gmt":"2024-02-21T12:12:37","guid":{"rendered":"https:\/\/site.uit.br\/?page_id=6127"},"modified":"2024-05-20T08:19:30","modified_gmt":"2024-05-20T11:19:30","slug":"direito-trabalhista-e-previdenciario","status":"publish","type":"page","link":"https:\/\/uit.br\/site\/direito-trabalhista-e-previdenciario\/","title":{"rendered":"Direito Trabalhista e Previdenci\u00e1rio"},"content":{"rendered":"\t\t<div data-elementor-type=\"wp-page\" data-elementor-id=\"6127\" class=\"elementor elementor-6127\" data-elementor-post-type=\"page\">\n\t\t\t\t\t\t<section class=\"elementor-section elementor-top-section elementor-element elementor-element-7c1c1b9 elementor-section-boxed elementor-section-height-default elementor-section-height-default\" data-id=\"7c1c1b9\" data-element_type=\"section\" data-e-type=\"section\">\n\t\t\t\t\t\t<div class=\"elementor-container elementor-column-gap-default\">\n\t\t\t\t\t<div class=\"elementor-column elementor-col-33 elementor-top-column elementor-element elementor-element-d424cf3 elementor-invisible\" data-id=\"d424cf3\" data-element_type=\"column\" data-e-type=\"column\" data-settings=\"{&quot;animation&quot;:&quot;slideInLeft&quot;}\">\n\t\t\t<div class=\"elementor-widget-wrap elementor-element-populated\">\n\t\t\t\t\t\t<div class=\"elementor-element elementor-element-295576f elementor-widget elementor-widget-image\" data-id=\"295576f\" data-element_type=\"widget\" data-e-type=\"widget\" data-widget_type=\"image.default\">\n\t\t\t\t<div class=\"elementor-widget-container\">\n\t\t\t\t\t\t\t\t\t\t\t\t\t\t\t<img fetchpriority=\"high\" decoding=\"async\" width=\"551\" height=\"548\" src=\"https:\/\/uit.br\/site\/wp-content\/uploads\/2024\/03\/Pos-Direito-Trabalhista-e-Previdenciario.jpg\" class=\"attachment-large size-large wp-image-6456\" alt=\"\" srcset=\"https:\/\/uit.br\/site\/wp-content\/uploads\/2024\/03\/Pos-Direito-Trabalhista-e-Previdenciario.jpg 551w, https:\/\/uit.br\/site\/wp-content\/uploads\/2024\/03\/Pos-Direito-Trabalhista-e-Previdenciario-300x298.jpg 300w, https:\/\/uit.br\/site\/wp-content\/uploads\/2024\/03\/Pos-Direito-Trabalhista-e-Previdenciario-150x150.jpg 150w\" sizes=\"(max-width: 551px) 100vw, 551px\" \/>\t\t\t\t\t\t\t\t\t\t\t\t\t\t\t<\/div>\n\t\t\t\t<\/div>\n\t\t\t\t\t<\/div>\n\t\t<\/div>\n\t\t\t\t<div class=\"elementor-column elementor-col-66 elementor-top-column elementor-element elementor-element-f90a946 elementor-invisible\" data-id=\"f90a946\" data-element_type=\"column\" data-e-type=\"column\" data-settings=\"{&quot;animation&quot;:&quot;slideInRight&quot;}\">\n\t\t\t<div class=\"elementor-widget-wrap elementor-element-populated\">\n\t\t\t\t\t\t<div class=\"elementor-element elementor-element-529b407 elementor-widget elementor-widget-heading\" data-id=\"529b407\" data-element_type=\"widget\" data-e-type=\"widget\" data-widget_type=\"heading.default\">\n\t\t\t\t<div class=\"elementor-widget-container\">\n\t\t\t\t\t<h2 class=\"elementor-heading-title elementor-size-default\">P\u00f3s-Gradua\u00e7\u00e3o em Direito Trabalhista e Previdenci\u00e1rio<\/h2>\t\t\t\t<\/div>\n\t\t\t\t<\/div>\n\t\t\t\t<div class=\"elementor-element elementor-element-8ab5a39 elementor-widget elementor-widget-text-editor\" data-id=\"8ab5a39\" data-element_type=\"widget\" data-e-type=\"widget\" data-widget_type=\"text-editor.default\">\n\t\t\t\t<div class=\"elementor-widget-container\">\n\t\t\t\t\t\t\t\t\t<p>Aprofunde seus conhecimentos em Direito Trabalhista e Previdenci\u00e1rio, adquirindo as habilidades essenciais para enfrentar os desafios contempor\u00e2neos do mundo jur\u00eddico do trabalho. Focado em aspectos jur\u00eddicos do trabalho e previd\u00eancia, este curso proporciona uma compreens\u00e3o aprofundada das leis trabalhistas e previdenci\u00e1rias. Os participantes desenvolver\u00e3o compet\u00eancias essenciais para lidar com quest\u00f5es contempor\u00e2neas nesses dom\u00ednios.<strong>\u00a0<\/strong><\/p><p><strong>Informa\u00e7\u00f5es gerais:<\/strong><\/p><ul><li>CURSO PRESENCIAL, com muita pr\u00e1tica e professores nacionalmente reconhecidos.<\/li><li>Aulas aos s\u00e1bados, quinzenais, na Universidade de Ita\u00fana\/MG.<\/li><li>Carga hor\u00e1ria 360 horas<\/li><li>In\u00edcio das aulas: maio\/2024<strong> <br \/><\/strong><\/li><\/ul><p><strong>P\u00fablico Alvo<\/strong><\/p><p>Advogados, contadores, profissionais de recursos humanos e gestores empresariais que lidam com quest\u00f5es trabalhistas e previdenci\u00e1rias.<\/p><p><strong>Disciplinas em destaque*<\/strong><strong> <br \/><\/strong><\/p><ul><li>Direito Material Individual do Trabalho<\/li><li>Direito Material Coletivo do Trabalho<\/li><li>Processo de Conhecimento do Trabalho e Meios Autocompositivos<\/li><li>Recursos Trabalhistas<\/li><li>Cumprimento de Senten\u00e7a e Execu\u00e7\u00e3o Trabalhista<\/li><li>Aspectos Subsidi\u00e1rios do Processo Civil no Processo Trabalho e Previdenci\u00e1rio<\/li><li>Sustenta\u00e7\u00e3o em Tribunais<br \/>Normas e Conceitos Fundamentais em Seguridade Social<\/li><li>Custeio<\/li><li>Benef\u00edcios em Esp\u00e9cie:Parte 1<\/li><li>Benef\u00edcios em Esp\u00e9cie:Parte 2<\/li><li>Processo e Recursos na Esfera Previdenci\u00e1ria<\/li><li>C\u00e1lculo, Planejameno Previdenci\u00e1rio e Cumprimento de Senten\u00e7a<\/li><\/ul><p>*Sujeitas a altera\u00e7\u00f5es para atendimento de necessidades\u00a0especiais<\/p><p><strong>Alguns professores:<\/strong><strong>\u00a0<\/strong><\/p><p><strong>Investimento<\/strong><\/p><p>Para matr\u00edculas at\u00e9 12\/07\/2024, ex-alunos da Universidade de Ita\u00fana e inscritos na 34\u00aa Subse\u00e7\u00e3o da OAB por apenas 24 parcelas x R$299,00*. Alunos formados em outras institui\u00e7\u00f5es por 24 parcelas x R$349,00*<\/p><p>A partir dessa data 24 x R$453,00, com inscri\u00e7\u00f5es at\u00e9 02\/08\/2024.<\/p><p>*Consulte condi\u00e7\u00f5es. Descontos de at\u00e9 34% para egressos e outras institui\u00e7\u00f5es 23%, aplicados sobre o valor de 24 x R$453,00<\/p><p>\u00a0<\/p>\t\t\t\t\t\t\t\t<\/div>\n\t\t\t\t<\/div>\n\t\t\t\t<div class=\"elementor-element elementor-element-ef1e8c4 elementor-align-left elementor-widget elementor-widget-button\" data-id=\"ef1e8c4\" data-element_type=\"widget\" data-e-type=\"widget\" data-widget_type=\"button.default\">\n\t\t\t\t<div class=\"elementor-widget-container\">\n\t\t\t\t\t\t\t\t\t<div class=\"elementor-button-wrapper\">\n\t\t\t\t\t<a class=\"elementor-button elementor-button-link elementor-size-sm\" href=\"https:\/\/academico.uit.br\/selecao\">\n\t\t\t\t\t\t<span class=\"elementor-button-content-wrapper\">\n\t\t\t\t\t\t\t\t\t<span class=\"elementor-button-text\">Fa\u00e7a sua Inscri\u00e7\u00e3o<\/span>\n\t\t\t\t\t<\/span>\n\t\t\t\t\t<\/a>\n\t\t\t\t<\/div>\n\t\t\t\t\t\t\t\t<\/div>\n\t\t\t\t<\/div>\n\t\t\t\t<div class=\"elementor-element elementor-element-5f56fd6 elementor-widget elementor-widget-text-editor\" data-id=\"5f56fd6\" data-element_type=\"widget\" data-e-type=\"widget\" data-widget_type=\"text-editor.default\">\n\t\t\t\t<div class=\"elementor-widget-container\">\n\t\t\t\t\t\t\t\t\t<p><strong>Informa\u00e7\u00f5es<\/strong><\/p><p>Site: <a href=\"http:\/\/uit.br\/pos\">uit.br\/pos<\/a><br \/>Telefone 3249-3000 (Karina ou Rose)<br \/>E-mail: <a href=\"mailto:pos@uit.br\">pos@uit.br<\/a><\/p>\t\t\t\t\t\t\t\t<\/div>\n\t\t\t\t<\/div>\n\t\t\t\t\t<\/div>\n\t\t<\/div>\n\t\t\t\t\t<\/div>\n\t\t<\/section>\n\t\t\t\t<\/div>\n\t\t","protected":false},"excerpt":{"rendered":"<p>P\u00f3s-Gradua\u00e7\u00e3o em Direito Trabalhista e Previdenci\u00e1rio Aprofunde seus conhecimentos em Direito Trabalhista e Previdenci\u00e1rio, adquirindo as habilidades essenciais para enfrentar os desafios contempor\u00e2neos do mundo jur\u00eddico do trabalho. Focado em aspectos jur\u00eddicos do trabalho e previd\u00eancia, este curso proporciona uma compreens\u00e3o aprofundada das leis trabalhistas e previdenci\u00e1rias. Os participantes desenvolver\u00e3o compet\u00eancias essenciais para lidar com [&hellip;]<\/p>\n","protected":false},"author":1,"featured_media":0,"parent":0,"menu_order":0,"comment_status":"closed","ping_status":"closed","template":"elementor_header_footer","meta":{"site-sidebar-layout":"no-sidebar","site-content-layout":"page-builder","ast-site-content-layout":"full-width-container","site-content-style":"default","site-sidebar-style":"default","ast-global-header-display":"","ast-banner-title-visibility":"","ast-main-header-display":"","ast-hfb-above-header-display":"","ast-hfb-below-header-display":"","ast-hfb-mobile-header-display":"","site-post-title":"disabled","ast-breadcrumbs-content":"","ast-featured-img":"disabled","footer-sml-layout":"","ast-disable-related-posts":"","theme-transparent-header-meta":"","adv-header-id-meta":"","stick-header-meta":"","header-above-stick-meta":"","header-main-stick-meta":"","header-below-stick-meta":"","astra-migrate-meta-layouts":"set","ast-page-background-enabled":"default","ast-page-background-meta":{"desktop":{"background-color":"","background-image":"","background-repeat":"repeat","background-position":"center center","background-size":"auto","background-attachment":"scroll","background-type":"","background-media":"","overlay-type":"","overlay-color":"","overlay-opacity":"","overlay-gradient":""},"tablet":{"background-color":"","background-image":"","background-repeat":"repeat","background-position":"center center","background-size":"auto","background-attachment":"scroll","background-type":"","background-media":"","overlay-type":"","overlay-color":"","overlay-opacity":"","overlay-gradient":""},"mobile":{"background-color":"","background-image":"","background-repeat":"repeat","background-position":"center center","background-size":"auto","background-attachment":"scroll","background-type":"","background-media":"","overlay-type":"","overlay-color":"","overlay-opacity":"","overlay-gradient":""}},"ast-content-background-meta":{"desktop":{"background-color":"var(--ast-global-color-5)","background-image":"","background-repeat":"repeat","background-position":"center center","background-size":"auto","background-attachment":"scroll","background-type":"","background-media":"","overlay-type":"","overlay-color":"","overlay-opacity":"","overlay-gradient":""},"tablet":{"background-color":"var(--ast-global-color-5)","background-image":"","background-repeat":"repeat","background-position":"center center","background-size":"auto","background-attachment":"scroll","background-type":"","background-media":"","overlay-type":"","overlay-color":"","overlay-opacity":"","overlay-gradient":""},"mobile":{"background-color":"var(--ast-global-color-5)","background-image":"","background-repeat":"repeat","background-position":"center center","background-size":"auto","background-attachment":"scroll","background-type":"","background-media":"","overlay-type":"","overlay-color":"","overlay-opacity":"","overlay-gradient":""}},"footnotes":""},"class_list":["post-6127","page","type-page","status-publish","hentry"],"_links":{"self":[{"href":"https:\/\/uit.br\/site\/wp-json\/wp\/v2\/pages\/6127","targetHints":{"allow":["GET"]}}],"collection":[{"href":"https:\/\/uit.br\/site\/wp-json\/wp\/v2\/pages"}],"about":[{"href":"https:\/\/uit.br\/site\/wp-json\/wp\/v2\/types\/page"}],"author":[{"embeddable":true,"href":"https:\/\/uit.br\/site\/wp-json\/wp\/v2\/users\/1"}],"replies":[{"embeddable":true,"href":"https:\/\/uit.br\/site\/wp-json\/wp\/v2\/comments?post=6127"}],"version-history":[{"count":0,"href":"https:\/\/uit.br\/site\/wp-json\/wp\/v2\/pages\/6127\/revisions"}],"wp:attachment":[{"href":"https:\/\/uit.br\/site\/wp-json\/wp\/v2\/media?parent=6127"}],"curies":[{"name":"wp","href":"https:\/\/api.w.org\/{rel}","templated":true}]}}