{"id":6106,"date":"2024-02-21T08:42:10","date_gmt":"2024-02-21T11:42:10","guid":{"rendered":"https:\/\/site.uit.br\/?page_id=6106"},"modified":"2024-05-20T08:29:16","modified_gmt":"2024-05-20T11:29:16","slug":"arquitetura-das-cidades","status":"publish","type":"page","link":"https:\/\/uit.br\/site\/arquitetura-das-cidades\/","title":{"rendered":"Arquitetura das Cidades"},"content":{"rendered":"\t\t<div data-elementor-type=\"wp-page\" data-elementor-id=\"6106\" class=\"elementor elementor-6106\" data-elementor-post-type=\"page\">\n\t\t\t\t\t\t<section class=\"elementor-section elementor-top-section elementor-element elementor-element-be09ab8 elementor-section-boxed elementor-section-height-default elementor-section-height-default\" data-id=\"be09ab8\" data-element_type=\"section\" data-e-type=\"section\">\n\t\t\t\t\t\t<div class=\"elementor-container elementor-column-gap-default\">\n\t\t\t\t\t<div class=\"elementor-column elementor-col-33 elementor-top-column elementor-element elementor-element-517ff65 elementor-invisible\" data-id=\"517ff65\" data-element_type=\"column\" data-e-type=\"column\" data-settings=\"{&quot;animation&quot;:&quot;slideInLeft&quot;}\">\n\t\t\t<div class=\"elementor-widget-wrap elementor-element-populated\">\n\t\t\t\t\t\t<div class=\"elementor-element elementor-element-6b8e750 elementor-widget elementor-widget-image\" data-id=\"6b8e750\" data-element_type=\"widget\" data-e-type=\"widget\" data-widget_type=\"image.default\">\n\t\t\t\t<div class=\"elementor-widget-container\">\n\t\t\t\t\t\t\t\t\t\t\t\t\t\t\t<img fetchpriority=\"high\" decoding=\"async\" width=\"551\" height=\"549\" src=\"https:\/\/uit.br\/site\/wp-content\/uploads\/2024\/03\/especializacao-arquitetura.jpg\" class=\"attachment-large size-large wp-image-6401\" alt=\"\" srcset=\"https:\/\/uit.br\/site\/wp-content\/uploads\/2024\/03\/especializacao-arquitetura.jpg 551w, https:\/\/uit.br\/site\/wp-content\/uploads\/2024\/03\/especializacao-arquitetura-300x300.jpg 300w, https:\/\/uit.br\/site\/wp-content\/uploads\/2024\/03\/especializacao-arquitetura-150x150.jpg 150w\" sizes=\"(max-width: 551px) 100vw, 551px\" \/>\t\t\t\t\t\t\t\t\t\t\t\t\t\t\t<\/div>\n\t\t\t\t<\/div>\n\t\t\t\t\t<\/div>\n\t\t<\/div>\n\t\t\t\t<div class=\"elementor-column elementor-col-66 elementor-top-column elementor-element elementor-element-d2bf31f elementor-invisible\" data-id=\"d2bf31f\" data-element_type=\"column\" data-e-type=\"column\" data-settings=\"{&quot;animation&quot;:&quot;slideInRight&quot;}\">\n\t\t\t<div class=\"elementor-widget-wrap elementor-element-populated\">\n\t\t\t\t\t\t<div class=\"elementor-element elementor-element-e6f33d1 elementor-widget elementor-widget-heading\" data-id=\"e6f33d1\" data-element_type=\"widget\" data-e-type=\"widget\" data-widget_type=\"heading.default\">\n\t\t\t\t<div class=\"elementor-widget-container\">\n\t\t\t\t\t<h2 class=\"elementor-heading-title elementor-size-default\">Especializa\u00e7\u00e3o em Arquitetura das Cidades<\/h2>\t\t\t\t<\/div>\n\t\t\t\t<\/div>\n\t\t\t\t<div class=\"elementor-element elementor-element-eb75511 elementor-widget elementor-widget-text-editor\" data-id=\"eb75511\" data-element_type=\"widget\" data-e-type=\"widget\" data-widget_type=\"text-editor.default\">\n\t\t\t\t<div class=\"elementor-widget-container\">\n\t\t\t\t\t\t\t\t\t<p>O curso de Especializa\u00e7\u00e3o em Arquitetura das Cidades tem por objetivo complementar a forma\u00e7\u00e3o de profissionais que atuam na constru\u00e7\u00e3o e planejamento do espa\u00e7o urbano. Compreender que edif\u00edcios podem se beneficiar do entorno constru\u00eddo e natural ao seu redor, e vice-versa, \u00e9 algo que deve ser valorizado ao projetar a cidade e seus componentes. Por isso a import\u00e2ncia de especializar arquitetos, urbanistas e outros a projetarem relacionando os diversos elementos, escalas e tempos hist\u00f3ricos que constituem o espa\u00e7o urbano. Parques, pra\u00e7as, cal\u00e7adas, edif\u00edcios e mobili\u00e1rio urbano devem ser concebidos individualmente, mas \u00e9 o conjunto harmonioso, fluido e funcional desses elementos que constitui cidades boas de se viver, as quais esse curso pretende ajudar qualificando t\u00e9cnicos que ser\u00e3o agentes da sua transforma\u00e7\u00e3o positiva.<\/p><p><strong>Informa\u00e7\u00f5es gerais:<\/strong><\/p><ul><li>CURSO PRESENCIAL, com muita pr\u00e1tica e professores nacionalmente reconhecidos.<\/li><li>Aulas ter\u00e7a e quinta \u00e0 noite, semanais, na Universidade de Ita\u00fana\/MG.<\/li><li>Carga hor\u00e1ria 400 horas<\/li><li>In\u00edcio das aulas: maio\/2024<strong> <br \/><\/strong><\/li><\/ul><p><strong>P\u00fablico Alvo<\/strong><\/p><p>Arquitetos, urbanistas, engenheiros civis, gestores p\u00fablicos e profissionais envolvidos no planejamento e constru\u00e7\u00e3o das cidades<\/p><p><strong>Disciplinas em destaque*<\/strong><strong> <br \/><\/strong><\/p><ul><li>Metodologias de Pesquisa Aplicadas ao Projeto<\/li><li>Representa\u00e7\u00e3o Gr\u00e1fica Avan\u00e7ada<\/li><li>Sustentabilidade no Projeto de Arquitetura e no Desenho Urbano<\/li><li>Pol\u00edtica Urbana no Brasil<\/li><li>Di\u00e1logos Sobre a Cidade<\/li><li>Instrumentos de Pol\u00edtica Urbana<\/li><li>Laborat\u00f3rio Pr\u00e1tico: Instrumentos Informacionais para o Planejamento e Projeto Urbano<\/li><li>Laborat\u00f3rio Pr\u00e1tico: Requalifica\u00e7\u00e3o do Espa\u00e7o Urbano<\/li><li>Laborat\u00f3rio Pr\u00e1tico: Cidade e Infraestrutura<\/li><li>Laborat\u00f3rio Pr\u00e1tico: Espa\u00e7o P\u00fablico Contempor\u00e2neo<\/li><li>Di\u00e1logos Sobre o Edif\u00edcio<\/li><li>Di\u00e1logos Sobre o Design de M\u00f3veis e Utens\u00edlios<\/li><li>Laborat\u00f3rio Pr\u00e1tico: uso da Ferramenta Bim para o Projeto Arquitet\u00f4nico<\/li><li>Laborat\u00f3rio Pr\u00e1tico: Arquitetura como Infraestrutura<\/li><li>Laborat\u00f3rio Pr\u00e1tico: Requalifica\u00e7\u00e3o do Objeto Arquitet\u00f4nico<\/li><li>Laborat\u00f3rio Pr\u00e1tico: Habitat Urbano Contempor\u00e2neo<\/li><\/ul><p>*Sujeitas a altera\u00e7\u00f5es para atendimento de necessidades\u00a0especiais<\/p><p><strong>Alguns professores:<\/strong><strong>\u00a0<\/strong><\/p><p>Fernanda Villefort , Laura Penna, Rafael Yanni dentre outros.<\/p><p><strong>Investimento<\/strong><\/p><p>Para matr\u00edculas at\u00e9 12\/07\/2024, ex-alunos da Universidade de Ita\u00fana por apenas 24 parcelas x R$450,00*.\u00a0 Alunos formados em outras institui\u00e7\u00f5es por 24 parcelas \u00a0x R$525,00*<\/p><p>A partir dessa data 24 x R$681,82, com inscri\u00e7\u00f5es at\u00e9 02\/08\/2024.<\/p><p>*Consulte condi\u00e7\u00f5es. Descontos de at\u00e9 34% para egressos e outras institui\u00e7\u00f5es 23%, aplicados sobre o valor de 24 x R$681,82<\/p>\t\t\t\t\t\t\t\t<\/div>\n\t\t\t\t<\/div>\n\t\t\t\t<div class=\"elementor-element elementor-element-b9fe048 elementor-align-left elementor-widget elementor-widget-button\" data-id=\"b9fe048\" data-element_type=\"widget\" data-e-type=\"widget\" data-widget_type=\"button.default\">\n\t\t\t\t<div class=\"elementor-widget-container\">\n\t\t\t\t\t\t\t\t\t<div class=\"elementor-button-wrapper\">\n\t\t\t\t\t<a class=\"elementor-button elementor-button-link elementor-size-sm\" href=\"https:\/\/academico.uit.br\/selecao\">\n\t\t\t\t\t\t<span class=\"elementor-button-content-wrapper\">\n\t\t\t\t\t\t\t\t\t<span class=\"elementor-button-text\">Fa\u00e7a sua Inscri\u00e7\u00e3o<\/span>\n\t\t\t\t\t<\/span>\n\t\t\t\t\t<\/a>\n\t\t\t\t<\/div>\n\t\t\t\t\t\t\t\t<\/div>\n\t\t\t\t<\/div>\n\t\t\t\t<div class=\"elementor-element elementor-element-fa6adf0 elementor-widget elementor-widget-text-editor\" data-id=\"fa6adf0\" data-element_type=\"widget\" data-e-type=\"widget\" data-widget_type=\"text-editor.default\">\n\t\t\t\t<div class=\"elementor-widget-container\">\n\t\t\t\t\t\t\t\t\t<p><strong>Informa\u00e7\u00f5es<\/strong><\/p><p>Site: <a href=\"http:\/\/uit.br\/pos\">uit.br\/pos<\/a><br \/>Telefone 3249-3000 (Karina ou Rose)<br \/>E-mail: <a href=\"mailto:pos@uit.br\">pos@uit.br<\/a><\/p>\t\t\t\t\t\t\t\t<\/div>\n\t\t\t\t<\/div>\n\t\t\t\t\t<\/div>\n\t\t<\/div>\n\t\t\t\t\t<\/div>\n\t\t<\/section>\n\t\t\t\t<\/div>\n\t\t","protected":false},"excerpt":{"rendered":"<p>Especializa\u00e7\u00e3o em Arquitetura das Cidades O curso de Especializa\u00e7\u00e3o em Arquitetura das Cidades tem por objetivo complementar a forma\u00e7\u00e3o de profissionais que atuam na constru\u00e7\u00e3o e planejamento do espa\u00e7o urbano. Compreender que edif\u00edcios podem se beneficiar do entorno constru\u00eddo e natural ao seu redor, e vice-versa, \u00e9 algo que deve ser valorizado ao projetar a [&hellip;]<\/p>\n","protected":false},"author":1,"featured_media":0,"parent":0,"menu_order":0,"comment_status":"closed","ping_status":"closed","template":"elementor_header_footer","meta":{"site-sidebar-layout":"no-sidebar","site-content-layout":"page-builder","ast-site-content-layout":"full-width-container","site-content-style":"default","site-sidebar-style":"default","ast-global-header-display":"","ast-banner-title-visibility":"","ast-main-header-display":"","ast-hfb-above-header-display":"","ast-hfb-below-header-display":"","ast-hfb-mobile-header-display":"","site-post-title":"disabled","ast-breadcrumbs-content":"","ast-featured-img":"disabled","footer-sml-layout":"","ast-disable-related-posts":"","theme-transparent-header-meta":"","adv-header-id-meta":"","stick-header-meta":"","header-above-stick-meta":"","header-main-stick-meta":"","header-below-stick-meta":"","astra-migrate-meta-layouts":"set","ast-page-background-enabled":"default","ast-page-background-meta":{"desktop":{"background-color":"","background-image":"","background-repeat":"repeat","background-position":"center center","background-size":"auto","background-attachment":"scroll","background-type":"","background-media":"","overlay-type":"","overlay-color":"","overlay-opacity":"","overlay-gradient":""},"tablet":{"background-color":"","background-image":"","background-repeat":"repeat","background-position":"center center","background-size":"auto","background-attachment":"scroll","background-type":"","background-media":"","overlay-type":"","overlay-color":"","overlay-opacity":"","overlay-gradient":""},"mobile":{"background-color":"","background-image":"","background-repeat":"repeat","background-position":"center center","background-size":"auto","background-attachment":"scroll","background-type":"","background-media":"","overlay-type":"","overlay-color":"","overlay-opacity":"","overlay-gradient":""}},"ast-content-background-meta":{"desktop":{"background-color":"var(--ast-global-color-5)","background-image":"","background-repeat":"repeat","background-position":"center center","background-size":"auto","background-attachment":"scroll","background-type":"","background-media":"","overlay-type":"","overlay-color":"","overlay-opacity":"","overlay-gradient":""},"tablet":{"background-color":"var(--ast-global-color-5)","background-image":"","background-repeat":"repeat","background-position":"center center","background-size":"auto","background-attachment":"scroll","background-type":"","background-media":"","overlay-type":"","overlay-color":"","overlay-opacity":"","overlay-gradient":""},"mobile":{"background-color":"var(--ast-global-color-5)","background-image":"","background-repeat":"repeat","background-position":"center center","background-size":"auto","background-attachment":"scroll","background-type":"","background-media":"","overlay-type":"","overlay-color":"","overlay-opacity":"","overlay-gradient":""}},"footnotes":""},"class_list":["post-6106","page","type-page","status-publish","hentry"],"_links":{"self":[{"href":"https:\/\/uit.br\/site\/wp-json\/wp\/v2\/pages\/6106","targetHints":{"allow":["GET"]}}],"collection":[{"href":"https:\/\/uit.br\/site\/wp-json\/wp\/v2\/pages"}],"about":[{"href":"https:\/\/uit.br\/site\/wp-json\/wp\/v2\/types\/page"}],"author":[{"embeddable":true,"href":"https:\/\/uit.br\/site\/wp-json\/wp\/v2\/users\/1"}],"replies":[{"embeddable":true,"href":"https:\/\/uit.br\/site\/wp-json\/wp\/v2\/comments?post=6106"}],"version-history":[{"count":0,"href":"https:\/\/uit.br\/site\/wp-json\/wp\/v2\/pages\/6106\/revisions"}],"wp:attachment":[{"href":"https:\/\/uit.br\/site\/wp-json\/wp\/v2\/media?parent=6106"}],"curies":[{"name":"wp","href":"https:\/\/api.w.org\/{rel}","templated":true}]}}