{"id":5835,"date":"2023-11-13T17:02:14","date_gmt":"2023-11-13T20:02:14","guid":{"rendered":"https:\/\/site.uit.br\/?page_id=5835"},"modified":"2025-05-09T17:54:45","modified_gmt":"2025-05-09T20:54:45","slug":"universidade-curriculo","status":"publish","type":"page","link":"https:\/\/uit.br\/site\/universidade-curriculo\/","title":{"rendered":"Universidade Curriculo"},"content":{"rendered":"\t\t<div data-elementor-type=\"wp-page\" data-elementor-id=\"5835\" class=\"elementor elementor-5835\" data-elementor-post-type=\"page\">\n\t\t\t\t\t\t<section class=\"elementor-section elementor-top-section elementor-element elementor-element-4b8e6c0 elementor-section-boxed elementor-section-height-default elementor-section-height-default\" data-id=\"4b8e6c0\" data-element_type=\"section\" data-e-type=\"section\" data-settings=\"{&quot;background_background&quot;:&quot;classic&quot;}\">\n\t\t\t\t\t\t<div class=\"elementor-container elementor-column-gap-default\">\n\t\t\t\t\t<div class=\"elementor-column elementor-col-100 elementor-top-column elementor-element elementor-element-066697e\" data-id=\"066697e\" data-element_type=\"column\" data-e-type=\"column\" data-settings=\"{&quot;background_background&quot;:&quot;classic&quot;}\">\n\t\t\t<div class=\"elementor-widget-wrap elementor-element-populated\">\n\t\t\t\t\t\t<div class=\"elementor-element elementor-element-d0390d7 elementor-widget elementor-widget-heading\" data-id=\"d0390d7\" data-element_type=\"widget\" data-e-type=\"widget\" data-widget_type=\"heading.default\">\n\t\t\t\t<div class=\"elementor-widget-container\">\n\t\t\t\t\t<h2 class=\"elementor-heading-title elementor-size-default\">A Universidade de Ita\u00fana est\u00e1 recebendo curr\u00edculos de Professores das \u00e1rea de:<\/h2>\t\t\t\t<\/div>\n\t\t\t\t<\/div>\n\t\t\t\t<div class=\"elementor-element elementor-element-e262d28 elementor-widget elementor-widget-heading\" data-id=\"e262d28\" data-element_type=\"widget\" data-e-type=\"widget\" data-widget_type=\"heading.default\">\n\t\t\t\t<div class=\"elementor-widget-container\">\n\t\t\t\t\t<h1 class=\"elementor-heading-title elementor-size-default\">ADMINISTRA\u00c7\u00c3O, ARQUITETURA E URBANISMO, BIOMEDICINA, CI\u00caNCIAS CONT\u00c1BEIS, DIREITO, EDUCA\u00c7\u00c3O F\u00cdSICA, ENFERMAGEM, ENGENHARIA MEC\u00c2NICA, FISIOTERAPIA, GEST\u00c3O COMERCIAL, NUTRI\u00c7\u00c3O, MEDICINA E ODONTOLOGIA.<\/h1>\t\t\t\t<\/div>\n\t\t\t\t<\/div>\n\t\t\t\t<div class=\"elementor-element elementor-element-d4697ba elementor-widget elementor-widget-heading\" data-id=\"d4697ba\" data-element_type=\"widget\" data-e-type=\"widget\" data-widget_type=\"heading.default\">\n\t\t\t\t<div class=\"elementor-widget-container\">\n\t\t\t\t\t<h1 class=\"elementor-heading-title elementor-size-default\"><div style=\"background-color: white;padding: 10px;text-align: center\">\n  <span style=\"color: black\">Requisito m\u00ednimo:<\/span>\n  <span style=\"color: #FFD700\"> titula\u00e7\u00e3o de Doutor<\/span>\n<\/div>\n\n<\/h1>\t\t\t\t<\/div>\n\t\t\t\t<\/div>\n\t\t\t\t\t<\/div>\n\t\t<\/div>\n\t\t\t\t\t<\/div>\n\t\t<\/section>\n\t\t\t\t<section class=\"elementor-section elementor-top-section elementor-element elementor-element-26c64d5 elementor-section-boxed elementor-section-height-default elementor-section-height-default\" data-id=\"26c64d5\" data-element_type=\"section\" data-e-type=\"section\">\n\t\t\t\t\t\t<div class=\"elementor-container elementor-column-gap-default\">\n\t\t\t\t\t<div class=\"elementor-column elementor-col-100 elementor-top-column elementor-element elementor-element-a1ad4d9\" data-id=\"a1ad4d9\" data-element_type=\"column\" data-e-type=\"column\">\n\t\t\t<div class=\"elementor-widget-wrap elementor-element-populated\">\n\t\t\t\t\t\t<div class=\"elementor-element elementor-element-3c5447a elementor-widget elementor-widget-heading\" data-id=\"3c5447a\" data-element_type=\"widget\" data-e-type=\"widget\" data-widget_type=\"heading.default\">\n\t\t\t\t<div class=\"elementor-widget-container\">\n\t\t\t\t\t<h1 class=\"elementor-heading-title elementor-size-default\">Orienta\u00e7\u00f5es:<\/h1>\t\t\t\t<\/div>\n\t\t\t\t<\/div>\n\t\t\t\t<div class=\"elementor-element elementor-element-4fb673c elementor-widget elementor-widget-text-editor\" data-id=\"4fb673c\" data-element_type=\"widget\" data-e-type=\"widget\" data-widget_type=\"text-editor.default\">\n\t\t\t\t<div class=\"elementor-widget-container\">\n\t\t\t\t\t\t\t\t\t<ul><li style=\"text-align: center;\"><h1>Remeter o curr\u00edculo exclusivamente para o e-mail: <strong>reitoriauit@hotmail.com<\/strong><\/h1><\/li><\/ul>\t\t\t\t\t\t\t\t<\/div>\n\t\t\t\t<\/div>\n\t\t\t\t<div class=\"elementor-element elementor-element-a53a2c4 elementor-widget elementor-widget-text-editor\" data-id=\"a53a2c4\" data-element_type=\"widget\" data-e-type=\"widget\" data-widget_type=\"text-editor.default\">\n\t\t\t\t<div class=\"elementor-widget-container\">\n\t\t\t\t\t\t\t\t\t<ul><li style=\"text-align: center;\"><h1>Constar no e-mail as disciplinas j\u00e1 lecionadas e\/ou de interesse\/aptid\u00e3o do professor, bem como os telefones para contato.<\/h1><\/li><\/ul>\t\t\t\t\t\t\t\t<\/div>\n\t\t\t\t<\/div>\n\t\t\t\t\t<\/div>\n\t\t<\/div>\n\t\t\t\t\t<\/div>\n\t\t<\/section>\n\t\t\t\t<section class=\"elementor-section elementor-top-section elementor-element elementor-element-c29d851 elementor-section-boxed elementor-section-height-default elementor-section-height-default\" data-id=\"c29d851\" data-element_type=\"section\" data-e-type=\"section\" data-settings=\"{&quot;background_background&quot;:&quot;classic&quot;}\">\n\t\t\t\t\t\t<div class=\"elementor-container elementor-column-gap-default\">\n\t\t\t\t\t<div class=\"elementor-column elementor-col-100 elementor-top-column elementor-element elementor-element-53c0188\" data-id=\"53c0188\" data-element_type=\"column\" data-e-type=\"column\">\n\t\t\t<div class=\"elementor-widget-wrap elementor-element-populated\">\n\t\t\t\t\t\t<div class=\"elementor-element elementor-element-2212402 elementor-widget elementor-widget-image\" data-id=\"2212402\" data-element_type=\"widget\" data-e-type=\"widget\" data-widget_type=\"image.default\">\n\t\t\t\t<div class=\"elementor-widget-container\">\n\t\t\t\t\t\t\t\t\t\t\t\t\t\t\t<img decoding=\"async\" width=\"501\" height=\"74\" src=\"https:\/\/uit.br\/site\/wp-content\/uploads\/2020\/12\/uit-logo.png\" class=\"attachment-large size-large wp-image-849\" alt=\"\" srcset=\"https:\/\/uit.br\/site\/wp-content\/uploads\/2020\/12\/uit-logo.png 501w, https:\/\/uit.br\/site\/wp-content\/uploads\/2020\/12\/uit-logo-300x44.png 300w\" sizes=\"(max-width: 501px) 100vw, 501px\" \/>\t\t\t\t\t\t\t\t\t\t\t\t\t\t\t<\/div>\n\t\t\t\t<\/div>\n\t\t\t\t\t<\/div>\n\t\t<\/div>\n\t\t\t\t\t<\/div>\n\t\t<\/section>\n\t\t\t\t<\/div>\n\t\t","protected":false},"excerpt":{"rendered":"<p>A Universidade de Ita\u00fana est\u00e1 recebendo curr\u00edculos de Professores das \u00e1rea de: ADMINISTRA\u00c7\u00c3O, ARQUITETURA E URBANISMO, BIOMEDICINA, CI\u00caNCIAS CONT\u00c1BEIS, DIREITO, EDUCA\u00c7\u00c3O F\u00cdSICA, ENFERMAGEM, ENGENHARIA MEC\u00c2NICA, FISIOTERAPIA, GEST\u00c3O COMERCIAL, NUTRI\u00c7\u00c3O, MEDICINA E ODONTOLOGIA. Requisito m\u00ednimo: titula\u00e7\u00e3o de Doutor Orienta\u00e7\u00f5es: Remeter o curr\u00edculo exclusivamente para o e-mail: reitoriauit@hotmail.com Constar no e-mail as disciplinas j\u00e1 lecionadas e\/ou de [&hellip;]<\/p>\n","protected":false},"author":1,"featured_media":0,"parent":0,"menu_order":0,"comment_status":"closed","ping_status":"closed","template":"elementor_header_footer","meta":{"site-sidebar-layout":"no-sidebar","site-content-layout":"page-builder","ast-site-content-layout":"full-width-container","site-content-style":"default","site-sidebar-style":"default","ast-global-header-display":"","ast-banner-title-visibility":"","ast-main-header-display":"","ast-hfb-above-header-display":"","ast-hfb-below-header-display":"","ast-hfb-mobile-header-display":"","site-post-title":"disabled","ast-breadcrumbs-content":"","ast-featured-img":"disabled","footer-sml-layout":"","ast-disable-related-posts":"","theme-transparent-header-meta":"","adv-header-id-meta":"","stick-header-meta":"","header-above-stick-meta":"","header-main-stick-meta":"","header-below-stick-meta":"","astra-migrate-meta-layouts":"set","ast-page-background-enabled":"default","ast-page-background-meta":{"desktop":{"background-color":"","background-image":"","background-repeat":"repeat","background-position":"center center","background-size":"auto","background-attachment":"scroll","background-type":"","background-media":"","overlay-type":"","overlay-color":"","overlay-opacity":"","overlay-gradient":""},"tablet":{"background-color":"","background-image":"","background-repeat":"repeat","background-position":"center center","background-size":"auto","background-attachment":"scroll","background-type":"","background-media":"","overlay-type":"","overlay-color":"","overlay-opacity":"","overlay-gradient":""},"mobile":{"background-color":"","background-image":"","background-repeat":"repeat","background-position":"center center","background-size":"auto","background-attachment":"scroll","background-type":"","background-media":"","overlay-type":"","overlay-color":"","overlay-opacity":"","overlay-gradient":""}},"ast-content-background-meta":{"desktop":{"background-color":"var(--ast-global-color-5)","background-image":"","background-repeat":"repeat","background-position":"center center","background-size":"auto","background-attachment":"scroll","background-type":"","background-media":"","overlay-type":"","overlay-color":"","overlay-opacity":"","overlay-gradient":""},"tablet":{"background-color":"var(--ast-global-color-5)","background-image":"","background-repeat":"repeat","background-position":"center center","background-size":"auto","background-attachment":"scroll","background-type":"","background-media":"","overlay-type":"","overlay-color":"","overlay-opacity":"","overlay-gradient":""},"mobile":{"background-color":"var(--ast-global-color-5)","background-image":"","background-repeat":"repeat","background-position":"center center","background-size":"auto","background-attachment":"scroll","background-type":"","background-media":"","overlay-type":"","overlay-color":"","overlay-opacity":"","overlay-gradient":""}},"footnotes":""},"class_list":["post-5835","page","type-page","status-publish","hentry"],"_links":{"self":[{"href":"https:\/\/uit.br\/site\/wp-json\/wp\/v2\/pages\/5835","targetHints":{"allow":["GET"]}}],"collection":[{"href":"https:\/\/uit.br\/site\/wp-json\/wp\/v2\/pages"}],"about":[{"href":"https:\/\/uit.br\/site\/wp-json\/wp\/v2\/types\/page"}],"author":[{"embeddable":true,"href":"https:\/\/uit.br\/site\/wp-json\/wp\/v2\/users\/1"}],"replies":[{"embeddable":true,"href":"https:\/\/uit.br\/site\/wp-json\/wp\/v2\/comments?post=5835"}],"version-history":[{"count":0,"href":"https:\/\/uit.br\/site\/wp-json\/wp\/v2\/pages\/5835\/revisions"}],"wp:attachment":[{"href":"https:\/\/uit.br\/site\/wp-json\/wp\/v2\/media?parent=5835"}],"curies":[{"name":"wp","href":"https:\/\/api.w.org\/{rel}","templated":true}]}}