{"id":5391,"date":"2023-02-16T16:19:50","date_gmt":"2023-02-16T19:19:50","guid":{"rendered":"https:\/\/site.uit.br\/?page_id=5391"},"modified":"2024-03-07T10:22:49","modified_gmt":"2024-03-07T13:22:49","slug":"criminologia-e-ciencias-criminais","status":"publish","type":"page","link":"https:\/\/uit.br\/site\/criminologia-e-ciencias-criminais\/","title":{"rendered":"CRIMINOLOGIA E CI\u00caNCIAS CRIMINAIS"},"content":{"rendered":"\t\t<div data-elementor-type=\"wp-page\" data-elementor-id=\"5391\" class=\"elementor elementor-5391\" data-elementor-post-type=\"page\">\n\t\t\t\t\t\t<section class=\"elementor-section elementor-top-section elementor-element elementor-element-c5dfe4b elementor-section-boxed elementor-section-height-default elementor-section-height-default\" data-id=\"c5dfe4b\" data-element_type=\"section\" data-e-type=\"section\">\n\t\t\t\t\t\t<div class=\"elementor-container elementor-column-gap-default\">\n\t\t\t\t\t<div class=\"elementor-column elementor-col-33 elementor-top-column elementor-element elementor-element-99957e2 elementor-invisible\" data-id=\"99957e2\" data-element_type=\"column\" data-e-type=\"column\" data-settings=\"{&quot;animation&quot;:&quot;slideInLeft&quot;}\">\n\t\t\t<div class=\"elementor-widget-wrap elementor-element-populated\">\n\t\t\t\t\t\t<div class=\"elementor-element elementor-element-25a6923 elementor-widget elementor-widget-image\" data-id=\"25a6923\" data-element_type=\"widget\" data-e-type=\"widget\" data-widget_type=\"image.default\">\n\t\t\t\t<div class=\"elementor-widget-container\">\n\t\t\t\t\t\t\t\t\t\t\t\t\t\t\t<img fetchpriority=\"high\" decoding=\"async\" width=\"432\" height=\"1024\" src=\"https:\/\/uit.br\/site\/wp-content\/uploads\/2023\/02\/criminologia-ciencias-criminais-432x1024.png\" class=\"attachment-large size-large wp-image-5395\" alt=\"\" srcset=\"https:\/\/uit.br\/site\/wp-content\/uploads\/2023\/02\/criminologia-ciencias-criminais-432x1024.png 432w, https:\/\/uit.br\/site\/wp-content\/uploads\/2023\/02\/criminologia-ciencias-criminais-127x300.png 127w, https:\/\/uit.br\/site\/wp-content\/uploads\/2023\/02\/criminologia-ciencias-criminais.png 601w\" sizes=\"(max-width: 432px) 100vw, 432px\" \/>\t\t\t\t\t\t\t\t\t\t\t\t\t\t\t<\/div>\n\t\t\t\t<\/div>\n\t\t\t\t\t<\/div>\n\t\t<\/div>\n\t\t\t\t<div class=\"elementor-column elementor-col-66 elementor-top-column elementor-element elementor-element-a344d46 elementor-invisible\" data-id=\"a344d46\" data-element_type=\"column\" data-e-type=\"column\" data-settings=\"{&quot;animation&quot;:&quot;slideInRight&quot;}\">\n\t\t\t<div class=\"elementor-widget-wrap elementor-element-populated\">\n\t\t\t\t\t\t<div class=\"elementor-element elementor-element-9dd562b elementor-widget elementor-widget-heading\" data-id=\"9dd562b\" data-element_type=\"widget\" data-e-type=\"widget\" data-widget_type=\"heading.default\">\n\t\t\t\t<div class=\"elementor-widget-container\">\n\t\t\t\t\t<h2 class=\"elementor-heading-title elementor-size-default\">Criminologia e Ci\u00eancias Criminais<\/h2>\t\t\t\t<\/div>\n\t\t\t\t<\/div>\n\t\t\t\t<div class=\"elementor-element elementor-element-495e338 elementor-widget elementor-widget-text-editor\" data-id=\"495e338\" data-element_type=\"widget\" data-e-type=\"widget\" data-widget_type=\"text-editor.default\">\n\t\t\t\t<div class=\"elementor-widget-container\">\n\t\t\t\t\t\t\t\t\t<p>O entendimento e aprofundamento nas modernas t\u00e9cnicas de investiga\u00e7\u00e3o criminal e no funcionamento do Sistema de Justi\u00e7a Criminal brasileiro proporcionam ao profissional desta \u00e1rea uma atua\u00e7\u00e3o diferenciada e destacada. A Universidade de Ita\u00fana traz essa oportunidade, com profissionais experientes e reconhecidos no mercado. A P\u00f3s-gradua\u00e7\u00e3o em Criminologia e Ci\u00eancias Criminais possibilita a compreens\u00e3o integrada de todo o sistema criminal brasileiro, al\u00e9m das discuss\u00f5es de casos reais e aplicabilidade das modernas t\u00e9cnicas de investiga\u00e7\u00e3o, com provas materiais, com conjuga\u00e7\u00e3o do conhecimento em Direito Penal, Direito Processual Penal, Pol\u00edtica Criminal e Criminologia, com muita pr\u00e1tica e simula\u00e7\u00f5es no curso.<\/p><p>Um curso ideal para advogados, profissionais da Seguran\u00e7a P\u00fablica, magistrados e tamb\u00e9m para quem pretende realizar concursos na \u00e1rea.<\/p><p><strong>Um curso diferenciado para quem atua nas \u00e1reas criminais, como advogado e profissionais da Seguran\u00e7a P\u00fablica, e proporcionar\u00e1 aprofundamento e capacita\u00e7\u00e3o para uma atua\u00e7\u00e3o de sucesso, al\u00e9m do networking que proporcionar\u00e1.<\/strong><\/p><p>Disciplinas em destaque:<\/p><p>Teorias do Crime e da Pena, Direito Processual Contempor\u00e2neo e Justi\u00e7a Penal Negocial, Orat\u00f3ria e Sustenta\u00e7\u00e3o em Tribunais, Medicina Legal, Criminologia, Criminal\u00edstica e bal\u00edstica forense, Seguran\u00e7a P\u00fablica: Seletividade, Pol\u00edtica Criminal e Policiamento e efeitos da criminalidade, Toxicologia, Criminalidade cibern\u00e9tica, Criminologia cr\u00edtica.<\/p><p>Alguns professores:<\/p><p>Prof. Dr. J\u00falio Zini, Profa. Tereza Sader, Prof. Dr. Clenderson Cruz, Prof. Ms. Harley do Vale, Prof. Dr. Francisco Vilas Boas, entre outros.<\/p><p>&#8211; Informa\u00e7\u00f5es gerais:<\/p><p>CURSO PRESENCIAL, com muita pr\u00e1tica e professores nacionalmente reconhecidos.<\/p><p>Aulas aos s\u00e1bados, quinzenais, na Universidade de Ita\u00fana\/MG.<\/p><p>Carga hor\u00e1ria 360 horas<\/p><p>&#8211; Inscri\u00e7\u00f5es abertas <strong><a href=\"https:\/\/academico.uit.br\/selecao\">CLIQUE AQUI<\/a><\/strong><\/p><p>&#8211; In\u00edcio das aulas: maio\/2023<\/p><p>&#8211; Valor<\/p><p>Para matr\u00edculas at\u00e9 20\/04\/2023, ex-alunos da Universidade de Ita\u00fana por apenas 24 x R$299,00* e formados em outras institui\u00e7\u00f5es por 24 x R$349,00*<\/p><p>A partir dessa data 24 x R$453,00, com inscri\u00e7\u00f5es at\u00e9 03\/05\/2023.<\/p><p>*Consulte condi\u00e7\u00f5es. Descontos de at\u00e9 34% para egressos e outras institui\u00e7\u00f5es 23%, aplicados sobre o valor de 24 x R$453,00<\/p><p>&#8211; Contato: (37) 3249-3000, Rose.<\/p>\t\t\t\t\t\t\t\t<\/div>\n\t\t\t\t<\/div>\n\t\t\t\t\t<\/div>\n\t\t<\/div>\n\t\t\t\t\t<\/div>\n\t\t<\/section>\n\t\t\t\t<\/div>\n\t\t","protected":false},"excerpt":{"rendered":"<p>Criminologia e Ci\u00eancias Criminais O entendimento e aprofundamento nas modernas t\u00e9cnicas de investiga\u00e7\u00e3o criminal e no funcionamento do Sistema de Justi\u00e7a Criminal brasileiro proporcionam ao profissional desta \u00e1rea uma atua\u00e7\u00e3o diferenciada e destacada. A Universidade de Ita\u00fana traz essa oportunidade, com profissionais experientes e reconhecidos no mercado. A P\u00f3s-gradua\u00e7\u00e3o em Criminologia e Ci\u00eancias Criminais possibilita [&hellip;]<\/p>\n","protected":false},"author":1,"featured_media":0,"parent":0,"menu_order":0,"comment_status":"closed","ping_status":"closed","template":"elementor_header_footer","meta":{"site-sidebar-layout":"no-sidebar","site-content-layout":"page-builder","ast-site-content-layout":"default","site-content-style":"default","site-sidebar-style":"default","ast-global-header-display":"","ast-banner-title-visibility":"","ast-main-header-display":"","ast-hfb-above-header-display":"","ast-hfb-below-header-display":"","ast-hfb-mobile-header-display":"","site-post-title":"disabled","ast-breadcrumbs-content":"","ast-featured-img":"disabled","footer-sml-layout":"","ast-disable-related-posts":"","theme-transparent-header-meta":"","adv-header-id-meta":"","stick-header-meta":"","header-above-stick-meta":"","header-main-stick-meta":"","header-below-stick-meta":"","astra-migrate-meta-layouts":"default","ast-page-background-enabled":"default","ast-page-background-meta":{"desktop":{"background-color":"","background-image":"","background-repeat":"repeat","background-position":"center center","background-size":"auto","background-attachment":"scroll","background-type":"","background-media":"","overlay-type":"","overlay-color":"","overlay-opacity":"","overlay-gradient":""},"tablet":{"background-color":"","background-image":"","background-repeat":"repeat","background-position":"center center","background-size":"auto","background-attachment":"scroll","background-type":"","background-media":"","overlay-type":"","overlay-color":"","overlay-opacity":"","overlay-gradient":""},"mobile":{"background-color":"","background-image":"","background-repeat":"repeat","background-position":"center center","background-size":"auto","background-attachment":"scroll","background-type":"","background-media":"","overlay-type":"","overlay-color":"","overlay-opacity":"","overlay-gradient":""}},"ast-content-background-meta":{"desktop":{"background-color":"var(--ast-global-color-5)","background-image":"","background-repeat":"repeat","background-position":"center center","background-size":"auto","background-attachment":"scroll","background-type":"","background-media":"","overlay-type":"","overlay-color":"","overlay-opacity":"","overlay-gradient":""},"tablet":{"background-color":"var(--ast-global-color-5)","background-image":"","background-repeat":"repeat","background-position":"center center","background-size":"auto","background-attachment":"scroll","background-type":"","background-media":"","overlay-type":"","overlay-color":"","overlay-opacity":"","overlay-gradient":""},"mobile":{"background-color":"var(--ast-global-color-5)","background-image":"","background-repeat":"repeat","background-position":"center center","background-size":"auto","background-attachment":"scroll","background-type":"","background-media":"","overlay-type":"","overlay-color":"","overlay-opacity":"","overlay-gradient":""}},"footnotes":""},"class_list":["post-5391","page","type-page","status-publish","hentry"],"_links":{"self":[{"href":"https:\/\/uit.br\/site\/wp-json\/wp\/v2\/pages\/5391","targetHints":{"allow":["GET"]}}],"collection":[{"href":"https:\/\/uit.br\/site\/wp-json\/wp\/v2\/pages"}],"about":[{"href":"https:\/\/uit.br\/site\/wp-json\/wp\/v2\/types\/page"}],"author":[{"embeddable":true,"href":"https:\/\/uit.br\/site\/wp-json\/wp\/v2\/users\/1"}],"replies":[{"embeddable":true,"href":"https:\/\/uit.br\/site\/wp-json\/wp\/v2\/comments?post=5391"}],"version-history":[{"count":0,"href":"https:\/\/uit.br\/site\/wp-json\/wp\/v2\/pages\/5391\/revisions"}],"wp:attachment":[{"href":"https:\/\/uit.br\/site\/wp-json\/wp\/v2\/media?parent=5391"}],"curies":[{"name":"wp","href":"https:\/\/api.w.org\/{rel}","templated":true}]}}