{"id":5368,"date":"2023-02-16T15:47:30","date_gmt":"2023-02-16T18:47:30","guid":{"rendered":"https:\/\/site.uit.br\/?page_id=5368"},"modified":"2024-03-07T10:22:22","modified_gmt":"2024-03-07T13:22:22","slug":"teoria-e-pratica","status":"publish","type":"page","link":"https:\/\/uit.br\/site\/teoria-e-pratica\/","title":{"rendered":"TEORIA E PR\u00c1TICA"},"content":{"rendered":"\t\t<div data-elementor-type=\"wp-page\" data-elementor-id=\"5368\" class=\"elementor elementor-5368\" data-elementor-post-type=\"page\">\n\t\t\t\t\t\t<section class=\"elementor-section elementor-top-section elementor-element elementor-element-823474c elementor-section-boxed elementor-section-height-default elementor-section-height-default\" data-id=\"823474c\" data-element_type=\"section\" data-e-type=\"section\">\n\t\t\t\t\t\t<div class=\"elementor-container elementor-column-gap-default\">\n\t\t\t\t\t<div class=\"elementor-column elementor-col-33 elementor-top-column elementor-element elementor-element-6210ba8 elementor-invisible\" data-id=\"6210ba8\" data-element_type=\"column\" data-e-type=\"column\" data-settings=\"{&quot;animation&quot;:&quot;slideInLeft&quot;}\">\n\t\t\t<div class=\"elementor-widget-wrap elementor-element-populated\">\n\t\t\t\t\t\t<div class=\"elementor-element elementor-element-bdd25bf elementor-widget elementor-widget-image\" data-id=\"bdd25bf\" data-element_type=\"widget\" data-e-type=\"widget\" data-widget_type=\"image.default\">\n\t\t\t\t<div class=\"elementor-widget-container\">\n\t\t\t\t\t\t\t\t\t\t\t\t\t\t\t<img fetchpriority=\"high\" decoding=\"async\" width=\"432\" height=\"1024\" src=\"https:\/\/uit.br\/site\/wp-content\/uploads\/2023\/02\/direito-processual-432x1024.png\" class=\"attachment-large size-large wp-image-5374\" alt=\"\" srcset=\"https:\/\/uit.br\/site\/wp-content\/uploads\/2023\/02\/direito-processual-432x1024.png 432w, https:\/\/uit.br\/site\/wp-content\/uploads\/2023\/02\/direito-processual-127x300.png 127w, https:\/\/uit.br\/site\/wp-content\/uploads\/2023\/02\/direito-processual.png 601w\" sizes=\"(max-width: 432px) 100vw, 432px\" \/>\t\t\t\t\t\t\t\t\t\t\t\t\t\t\t<\/div>\n\t\t\t\t<\/div>\n\t\t\t\t\t<\/div>\n\t\t<\/div>\n\t\t\t\t<div class=\"elementor-column elementor-col-66 elementor-top-column elementor-element elementor-element-9ded0a8 elementor-invisible\" data-id=\"9ded0a8\" data-element_type=\"column\" data-e-type=\"column\" data-settings=\"{&quot;animation&quot;:&quot;slideInRight&quot;}\">\n\t\t\t<div class=\"elementor-widget-wrap elementor-element-populated\">\n\t\t\t\t\t\t<div class=\"elementor-element elementor-element-e9f9633 elementor-widget elementor-widget-heading\" data-id=\"e9f9633\" data-element_type=\"widget\" data-e-type=\"widget\" data-widget_type=\"heading.default\">\n\t\t\t\t<div class=\"elementor-widget-container\">\n\t\t\t\t\t<h2 class=\"elementor-heading-title elementor-size-default\">Direito Processual Aplicado: Teoria E Pr\u00e1tica\u200b<\/h2>\t\t\t\t<\/div>\n\t\t\t\t<\/div>\n\t\t\t\t<div class=\"elementor-element elementor-element-8be1030 elementor-widget elementor-widget-text-editor\" data-id=\"8be1030\" data-element_type=\"widget\" data-e-type=\"widget\" data-widget_type=\"text-editor.default\">\n\t\t\t\t<div class=\"elementor-widget-container\">\n\t\t\t\t\t\t\t\t\t<p>A \u00e1rea jur\u00eddica demanda aperfei\u00e7oamento e atualiza\u00e7\u00e3o constantes, e para isso a Universidade de Ita\u00fana preparou um curso diferenciado, com professores renomados e experientes no mercado, trabalhando o Direito Processual nos diversos ramos (Processo Civil, Processo do Trabalho, Processo Penal, Processo Administrativo e Processo Tribut\u00e1rio) para trazerem a teoria aliada \u00e0 pr\u00e1tica, al\u00e9m de proporcionar uma nova perspectiva da Justi\u00e7a.<\/p><p>O curso \u00e9 uma grande oportunidade para os profissionais que pretendem ir al\u00e9m, com muitas atividades pr\u00e1ticas, estudos de casos reais e simula\u00e7\u00f5es, para uma atua\u00e7\u00e3o segura e destacada.<\/p><p><strong>Esse curso trabalha todos os ramos de processo, Civil, Trabalhista, Penal, Tribut\u00e1rio e Administrativo.<\/strong><\/p><p>Disciplinas em destaque:<\/p><p>Direito Processual Civil Moderno, Execu\u00e7\u00e3o, Direito Processual do Trabalho, Direito Processual Penal, Sistemas judiciais e PJe, Meios adequados de solu\u00e7\u00e3o de conflitos, Comunica\u00e7\u00e3o assertiva para resolu\u00e7\u00e3o de conflitos, Orat\u00f3ria e sustenta\u00e7\u00e3o oral e Marketing jur\u00eddico.<\/p><p>Alguns professores convidados:<\/p><p>Prof. Dr. Clenderson Cruz, Profa. Ms. S\u00f4nia Malta, Prof. Ms. Bruno Cunha, entre outros.<\/p><p>&#8211; Informa\u00e7\u00f5es gerais:<\/p><p>CURSO PRESENCIAL, com muita pr\u00e1tica e professores nacionalmente reconhecidos.<\/p><p>Aulas aos s\u00e1bados, quinzenais, na Universidade de Ita\u00fana\/MG.<\/p><p>Carga hor\u00e1ria 360 horas<\/p><p>&#8211; Inscri\u00e7\u00f5es abertas <strong><a href=\"https:\/\/academico.uit.br\/selecao\">CLIQUE AQUI<\/a><\/strong><\/p><p>&#8211; In\u00edcio das aulas: maio\/2023<\/p><p>&#8211; Valor<\/p><p>Condi\u00e7\u00f5es especiais:<\/p><p>Para matr\u00edculas at\u00e9 20\/04\/2023, ex-alunos da Universidade de Ita\u00fana por apenas 24 x R$299,00* e formados em outras institui\u00e7\u00f5es por 24 x R$349,00*<\/p><p>A partir dessa data 24 x R$453,00, com inscri\u00e7\u00f5es at\u00e9 03\/05\/2023.<\/p><p>*Consulte condi\u00e7\u00f5es. Descontos de at\u00e9 34% para egressos e outras institui\u00e7\u00f5es 23%, aplicados sobre o valor de 24 x R$453,00 .<\/p><p>&#8211; Contato: (37) 3249-3000, Rose.<\/p>\t\t\t\t\t\t\t\t<\/div>\n\t\t\t\t<\/div>\n\t\t\t\t\t<\/div>\n\t\t<\/div>\n\t\t\t\t\t<\/div>\n\t\t<\/section>\n\t\t\t\t<\/div>\n\t\t","protected":false},"excerpt":{"rendered":"<p>Direito Processual Aplicado: Teoria E Pr\u00e1tica\u200b A \u00e1rea jur\u00eddica demanda aperfei\u00e7oamento e atualiza\u00e7\u00e3o constantes, e para isso a Universidade de Ita\u00fana preparou um curso diferenciado, com professores renomados e experientes no mercado, trabalhando o Direito Processual nos diversos ramos (Processo Civil, Processo do Trabalho, Processo Penal, Processo Administrativo e Processo Tribut\u00e1rio) para trazerem a teoria [&hellip;]<\/p>\n","protected":false},"author":1,"featured_media":0,"parent":0,"menu_order":0,"comment_status":"closed","ping_status":"closed","template":"elementor_header_footer","meta":{"site-sidebar-layout":"no-sidebar","site-content-layout":"page-builder","ast-site-content-layout":"default","site-content-style":"default","site-sidebar-style":"default","ast-global-header-display":"","ast-banner-title-visibility":"","ast-main-header-display":"","ast-hfb-above-header-display":"","ast-hfb-below-header-display":"","ast-hfb-mobile-header-display":"","site-post-title":"disabled","ast-breadcrumbs-content":"","ast-featured-img":"disabled","footer-sml-layout":"","ast-disable-related-posts":"","theme-transparent-header-meta":"","adv-header-id-meta":"","stick-header-meta":"","header-above-stick-meta":"","header-main-stick-meta":"","header-below-stick-meta":"","astra-migrate-meta-layouts":"default","ast-page-background-enabled":"default","ast-page-background-meta":{"desktop":{"background-color":"","background-image":"","background-repeat":"repeat","background-position":"center center","background-size":"auto","background-attachment":"scroll","background-type":"","background-media":"","overlay-type":"","overlay-color":"","overlay-opacity":"","overlay-gradient":""},"tablet":{"background-color":"","background-image":"","background-repeat":"repeat","background-position":"center center","background-size":"auto","background-attachment":"scroll","background-type":"","background-media":"","overlay-type":"","overlay-color":"","overlay-opacity":"","overlay-gradient":""},"mobile":{"background-color":"","background-image":"","background-repeat":"repeat","background-position":"center center","background-size":"auto","background-attachment":"scroll","background-type":"","background-media":"","overlay-type":"","overlay-color":"","overlay-opacity":"","overlay-gradient":""}},"ast-content-background-meta":{"desktop":{"background-color":"var(--ast-global-color-5)","background-image":"","background-repeat":"repeat","background-position":"center center","background-size":"auto","background-attachment":"scroll","background-type":"","background-media":"","overlay-type":"","overlay-color":"","overlay-opacity":"","overlay-gradient":""},"tablet":{"background-color":"var(--ast-global-color-5)","background-image":"","background-repeat":"repeat","background-position":"center center","background-size":"auto","background-attachment":"scroll","background-type":"","background-media":"","overlay-type":"","overlay-color":"","overlay-opacity":"","overlay-gradient":""},"mobile":{"background-color":"var(--ast-global-color-5)","background-image":"","background-repeat":"repeat","background-position":"center center","background-size":"auto","background-attachment":"scroll","background-type":"","background-media":"","overlay-type":"","overlay-color":"","overlay-opacity":"","overlay-gradient":""}},"footnotes":""},"class_list":["post-5368","page","type-page","status-publish","hentry"],"_links":{"self":[{"href":"https:\/\/uit.br\/site\/wp-json\/wp\/v2\/pages\/5368","targetHints":{"allow":["GET"]}}],"collection":[{"href":"https:\/\/uit.br\/site\/wp-json\/wp\/v2\/pages"}],"about":[{"href":"https:\/\/uit.br\/site\/wp-json\/wp\/v2\/types\/page"}],"author":[{"embeddable":true,"href":"https:\/\/uit.br\/site\/wp-json\/wp\/v2\/users\/1"}],"replies":[{"embeddable":true,"href":"https:\/\/uit.br\/site\/wp-json\/wp\/v2\/comments?post=5368"}],"version-history":[{"count":0,"href":"https:\/\/uit.br\/site\/wp-json\/wp\/v2\/pages\/5368\/revisions"}],"wp:attachment":[{"href":"https:\/\/uit.br\/site\/wp-json\/wp\/v2\/media?parent=5368"}],"curies":[{"name":"wp","href":"https:\/\/api.w.org\/{rel}","templated":true}]}}