{"id":5236,"date":"2023-02-14T13:34:08","date_gmt":"2023-02-14T16:34:08","guid":{"rendered":"https:\/\/site.uit.br\/?page_id=5236"},"modified":"2023-02-14T15:09:49","modified_gmt":"2023-02-14T18:09:49","slug":"resvista-formato-e-normas","status":"publish","type":"page","link":"https:\/\/uit.br\/site\/resvista-formato-e-normas\/","title":{"rendered":"Resvista Formato e Normas"},"content":{"rendered":"\t\t<div data-elementor-type=\"wp-page\" data-elementor-id=\"5236\" class=\"elementor elementor-5236\" data-elementor-post-type=\"page\">\n\t\t\t\t\t\t<section class=\"elementor-section elementor-top-section elementor-element elementor-element-ed7ccbb elementor-section-boxed elementor-section-height-default elementor-section-height-default\" data-id=\"ed7ccbb\" data-element_type=\"section\" data-e-type=\"section\">\n\t\t\t\t\t\t<div class=\"elementor-container elementor-column-gap-default\">\n\t\t\t\t\t<div class=\"elementor-column elementor-col-100 elementor-top-column elementor-element elementor-element-85ddb01\" data-id=\"85ddb01\" data-element_type=\"column\" data-e-type=\"column\">\n\t\t\t<div class=\"elementor-widget-wrap elementor-element-populated\">\n\t\t\t\t\t\t<div class=\"elementor-element elementor-element-c3ce2ee elementor-widget elementor-widget-heading\" data-id=\"c3ce2ee\" data-element_type=\"widget\" data-e-type=\"widget\" data-widget_type=\"heading.default\">\n\t\t\t\t<div class=\"elementor-widget-container\">\n\t\t\t\t\t<h1 class=\"elementor-heading-title elementor-size-default\">Revista Eud\u00f3xia - Journal of Law <p>Curso de Direito da Universidade de Ita\u00fana<\/p><\/h1>\t\t\t\t<\/div>\n\t\t\t\t<\/div>\n\t\t\t\t\t<\/div>\n\t\t<\/div>\n\t\t\t\t\t<\/div>\n\t\t<\/section>\n\t\t\t\t<section class=\"elementor-section elementor-top-section elementor-element elementor-element-9040008 elementor-section-boxed elementor-section-height-default elementor-section-height-default\" data-id=\"9040008\" data-element_type=\"section\" data-e-type=\"section\">\n\t\t\t\t\t\t<div class=\"elementor-container elementor-column-gap-default\">\n\t\t\t\t\t<div class=\"elementor-column elementor-col-33 elementor-top-column elementor-element elementor-element-d77879c elementor-invisible\" data-id=\"d77879c\" data-element_type=\"column\" data-e-type=\"column\" data-settings=\"{&quot;animation&quot;:&quot;slideInLeft&quot;}\">\n\t\t\t<div class=\"elementor-widget-wrap elementor-element-populated\">\n\t\t\t\t\t\t<div class=\"elementor-element elementor-element-10424bc elementor-widget elementor-widget-button\" data-id=\"10424bc\" data-element_type=\"widget\" data-e-type=\"widget\" data-widget_type=\"button.default\">\n\t\t\t\t<div class=\"elementor-widget-container\">\n\t\t\t\t\t\t\t\t\t<div class=\"elementor-button-wrapper\">\n\t\t\t\t\t<a class=\"elementor-button elementor-button-link elementor-size-sm\" href=\"https:\/\/uit.br\/site\/revista\/\">\n\t\t\t\t\t\t<span class=\"elementor-button-content-wrapper\">\n\t\t\t\t\t\t\t\t\t<span class=\"elementor-button-text\">Apresenta\u00e7\u00e3o<\/span>\n\t\t\t\t\t<\/span>\n\t\t\t\t\t<\/a>\n\t\t\t\t<\/div>\n\t\t\t\t\t\t\t\t<\/div>\n\t\t\t\t<\/div>\n\t\t\t\t<div class=\"elementor-element elementor-element-552ae28 elementor-widget elementor-widget-button\" data-id=\"552ae28\" data-element_type=\"widget\" data-e-type=\"widget\" data-widget_type=\"button.default\">\n\t\t\t\t<div class=\"elementor-widget-container\">\n\t\t\t\t\t\t\t\t\t<div class=\"elementor-button-wrapper\">\n\t\t\t\t\t<a class=\"elementor-button elementor-button-link elementor-size-sm\" href=\"https:\/\/uit.br\/site\/resvista-formato-e-normas\/\">\n\t\t\t\t\t\t<span class=\"elementor-button-content-wrapper\">\n\t\t\t\t\t\t\t\t\t<span class=\"elementor-button-text\">Formato e Normas Editoriais<\/span>\n\t\t\t\t\t<\/span>\n\t\t\t\t\t<\/a>\n\t\t\t\t<\/div>\n\t\t\t\t\t\t\t\t<\/div>\n\t\t\t\t<\/div>\n\t\t\t\t<div class=\"elementor-element elementor-element-ed21857 elementor-widget elementor-widget-button\" data-id=\"ed21857\" data-element_type=\"widget\" data-e-type=\"widget\" data-widget_type=\"button.default\">\n\t\t\t\t<div class=\"elementor-widget-container\">\n\t\t\t\t\t\t\t\t\t<div class=\"elementor-button-wrapper\">\n\t\t\t\t\t<a class=\"elementor-button elementor-button-link elementor-size-sm\" href=\"https:\/\/uit.br\/site\/revista-expediente\/\">\n\t\t\t\t\t\t<span class=\"elementor-button-content-wrapper\">\n\t\t\t\t\t\t\t\t\t<span class=\"elementor-button-text\">Expediente<\/span>\n\t\t\t\t\t<\/span>\n\t\t\t\t\t<\/a>\n\t\t\t\t<\/div>\n\t\t\t\t\t\t\t\t<\/div>\n\t\t\t\t<\/div>\n\t\t\t\t<div class=\"elementor-element elementor-element-c07b7b6 elementor-widget elementor-widget-button\" data-id=\"c07b7b6\" data-element_type=\"widget\" data-e-type=\"widget\" data-widget_type=\"button.default\">\n\t\t\t\t<div class=\"elementor-widget-container\">\n\t\t\t\t\t\t\t\t\t<div class=\"elementor-button-wrapper\">\n\t\t\t\t\t<a class=\"elementor-button elementor-button-link elementor-size-sm\" href=\"https:\/\/uit.br\/site\/revista-endereco-de-contato\/\">\n\t\t\t\t\t\t<span class=\"elementor-button-content-wrapper\">\n\t\t\t\t\t\t\t\t\t<span class=\"elementor-button-text\">Endere\u00e7o de contato<\/span>\n\t\t\t\t\t<\/span>\n\t\t\t\t\t<\/a>\n\t\t\t\t<\/div>\n\t\t\t\t\t\t\t\t<\/div>\n\t\t\t\t<\/div>\n\t\t\t\t<div class=\"elementor-element elementor-element-c7a3718 elementor-widget elementor-widget-button\" data-id=\"c7a3718\" data-element_type=\"widget\" data-e-type=\"widget\" data-widget_type=\"button.default\">\n\t\t\t\t<div class=\"elementor-widget-container\">\n\t\t\t\t\t\t\t\t\t<div class=\"elementor-button-wrapper\">\n\t\t\t\t\t<a class=\"elementor-button elementor-button-link elementor-size-sm\" href=\"https:\/\/uit.br\/site\/revista-edicao-atual\/\">\n\t\t\t\t\t\t<span class=\"elementor-button-content-wrapper\">\n\t\t\t\t\t\t\t\t\t<span class=\"elementor-button-text\">Edi\u00e7\u00e3o atual<\/span>\n\t\t\t\t\t<\/span>\n\t\t\t\t\t<\/a>\n\t\t\t\t<\/div>\n\t\t\t\t\t\t\t\t<\/div>\n\t\t\t\t<\/div>\n\t\t\t\t<div class=\"elementor-element elementor-element-b0a30da elementor-widget elementor-widget-button\" data-id=\"b0a30da\" data-element_type=\"widget\" data-e-type=\"widget\" data-widget_type=\"button.default\">\n\t\t\t\t<div class=\"elementor-widget-container\">\n\t\t\t\t\t\t\t\t\t<div class=\"elementor-button-wrapper\">\n\t\t\t\t\t<a class=\"elementor-button elementor-button-link elementor-size-sm\" href=\"https:\/\/uit.br\/site\/revista-edicoes-anteriores\/\">\n\t\t\t\t\t\t<span class=\"elementor-button-content-wrapper\">\n\t\t\t\t\t\t\t\t\t<span class=\"elementor-button-text\">Edi\u00e7\u00f5es anteriores<\/span>\n\t\t\t\t\t<\/span>\n\t\t\t\t\t<\/a>\n\t\t\t\t<\/div>\n\t\t\t\t\t\t\t\t<\/div>\n\t\t\t\t<\/div>\n\t\t\t\t\t<\/div>\n\t\t<\/div>\n\t\t\t\t<div class=\"elementor-column elementor-col-66 elementor-top-column elementor-element elementor-element-d8ca0cb\" data-id=\"d8ca0cb\" data-element_type=\"column\" data-e-type=\"column\">\n\t\t\t<div class=\"elementor-widget-wrap elementor-element-populated\">\n\t\t\t\t\t\t<div class=\"elementor-element elementor-element-984907a elementor-widget elementor-widget-heading\" data-id=\"984907a\" data-element_type=\"widget\" data-e-type=\"widget\" data-widget_type=\"heading.default\">\n\t\t\t\t<div class=\"elementor-widget-container\">\n\t\t\t\t\t<h2 class=\"elementor-heading-title elementor-size-default\">FORMATO E NORMAS EDITORIAIS <\/h2>\t\t\t\t<\/div>\n\t\t\t\t<\/div>\n\t\t\t\t<div class=\"elementor-element elementor-element-94220de elementor-widget elementor-widget-text-editor\" data-id=\"94220de\" data-element_type=\"widget\" data-e-type=\"widget\" data-widget_type=\"text-editor.default\">\n\t\t\t\t<div class=\"elementor-widget-container\">\n\t\t\t\t\t\t\t\t\t<p><strong>Extens\u00e3o:\u00a0<\/strong>O texto dever\u00e1 ter extens\u00e3o m\u00e1xima de 20 a 22 p\u00e1ginas, com espa\u00e7amento de 1,5, inclu\u00eddas refer\u00eancias bibliogr\u00e1ficas e notas.\u00a0<strong>O t\u00edtulo (no idioma original e em Ingl\u00eas) devem conter no m\u00e1ximo 240 caracteres incluindo espa\u00e7os.<\/strong><\/p><p><strong>Imagens:\u00a0<\/strong>se o artigo contiver imagens fotogr\u00e1ficas e\/ou desenhos gr\u00e1ficos, esses dever\u00e3o ser encaminhados em formato original (.jpeg, .png, .tiff) e em arquivos separados (n\u00e3o inseridos no interior do pr\u00f3prio texto), com<strong>resolu\u00e7\u00e3o m\u00ednima de 300 dpi<\/strong>. No arquivo referente ao texto, dever\u00e1 ser indicado atrav\u00e9s da inser\u00e7\u00e3o das<strong>legendas (no idioma do artigo e tamb\u00e9m em Ingl\u00eas)<\/strong>, o local aproximado onde devem ser inseridas as figuras, gr\u00e1ficos, tabelas e\/ou quadros.<\/p><p><strong>Cita\u00e7\u00f5es:\u00a0<\/strong>as cita\u00e7\u00f5es no interior do texto devem obedecer \u00e0s seguintes normas:<\/p><ol><li>Um autor: (Leipnitz, 1987);<\/li><li>Dois autores: (Turner e Verhoogen, 1960);<\/li><li>Tr\u00eas ou mais autores: (Amaral\u00a0<em>et al.<\/em>, 1966);<\/li><li>Trabalhos com o(s)\u00a0<strong>mesmo autor(es) e mesma data<\/strong>\u00a0devem ser distinguidos por letras min\u00fasculas logo ap\u00f3s a data. Ex: (Amaral, 2008a) (Amaral, 2008b);<\/li><\/ol><p><strong>Apresenta\u00e7\u00e3o das cita\u00e7\u00f5es:<\/strong><\/p><ol><li>Cita\u00e7\u00f5es com\u00a0<strong>menos de tr\u00eas linhas<\/strong>\u00a0dever\u00e3o ser\u00a0<strong>incorporadas ao texto entre aspas;<\/strong><\/li><li>Cita\u00e7\u00f5es com\u00a0<strong>mais de tr\u00eas linhas<\/strong>\u00a0deveram ser apresentadas\u00a0<strong>em par\u00e1grafo isolado, com espa\u00e7amento simples entre as linhas, corpo de 11 pt e recuo de 4 cm<\/strong>\u00a0da margem esquerda do texto.<\/li><\/ol><p><strong>Notas de rodap\u00e9:\u00a0<\/strong>As notas de rodap\u00e9 devem ser usadas de forma\u00a0<strong><u>parcimoniosa<\/u><\/strong>. Somente s\u00e3o permitidas notas de rodap\u00e9 explicativas\u00a0<strong>e n\u00e3o s\u00e3o permitidas notas que contenham apenas refer\u00eancias. Estas dever\u00e3o estar listadas, ao final do texto, no item &#8216;Refer\u00eancias&#8217;.<\/strong><strong>\u00a0<\/strong><\/p><p>N\u00e3o utilize<strong>\u00a0<\/strong>as express\u00f5es\u00a0<strong><em>op. cit; ibid; ibidem; id; idem;<\/em><\/strong><\/p><p>N\u00e3o utilize<strong>\u00a0<\/strong>a express\u00e3o\u00a0<strong><em>apud<\/em><\/strong>, d\u00ea prefer\u00eancia pelo emprego da express\u00e3o\u00a0<strong><em>in<\/em><\/strong>;<strong>\u00a0<\/strong><\/p><p><strong>A mat\u00e9ria dos originais dever\u00e1 conter, na seguinte ordem:<\/strong><\/p><p><strong>T\u00edtulo do texto:\u00a0<\/strong>T\u00edtulo no idioma do artigo e em Ingl\u00eas. Se o artigo for\u00a0<strong>redigido em Ingl\u00eas deve apresentar tamb\u00e9m o t\u00edtulo em Portugu\u00eas. Com no m\u00e1ximo 240 caracteres com espa\u00e7o<\/strong>;<\/p><p><strong>Resumos:\u00a0<\/strong>no idioma do artigo e em ingl\u00eas, em um \u00fanico par\u00e1grafo, com at\u00e9 20 linhas, acompanhado de tr\u00eas palavras-chave. Nos casos em que o\u00a0<strong>artigo \u00e9 escrito em ingl\u00eas<\/strong>, solicita-se tamb\u00e9m a apresenta\u00e7\u00e3o de\u00a0<strong>resumo e palavras-chave em portugu\u00eas<\/strong>.<\/p><p><strong>Texto completo do artigo:\u00a0<\/strong>formatado em Times New Roman, 12 pt, espa\u00e7amento 1,5;<\/p><p><strong>Refer\u00eancias:\u00a0<\/strong>as refer\u00eancias bibliogr\u00e1ficas e de outra natureza devem ser listadas ao final do texto, em ordem alfab\u00e9tica, em 12 pt, espa\u00e7amento simples, como nos modelos abaixo:<\/p><p><strong>Artigos em peri\u00f3dico:<\/strong><\/p><p>SOBRENOME, Inicial(is) do nome. Ano de publica\u00e7\u00e3o. T\u00edtulo do artigo.\u00a0<em>T\u00edtulo do peri\u00f3dico<\/em>,\u00a0<strong>volume<\/strong>(n\u00famero\/fasc\u00edculo): p\u00e1g inicial-p\u00e1g final.\u00a0<\/p><p>Ex.:\u00a0JULIO-CAMPUZANO, A. 2009. Estado de Derecho, democracia y justicia constitucional.\u00a0<em>Revista de Estudos Constitucionais, Hermen\u00eautica e Teoria do Direito (RECHTD)<\/em>.\u00a0<strong>1<\/strong>(2):8-20.<\/p><p>\u00a0<strong>Artigos relativos a eventos:<\/strong><\/p><p>SOBRENOME, Inicial(is) do nome. Ano de publica\u00e7\u00e3o. T\u00edtulo do trabalho.\u00a0<em>In:<\/em>\u00a0Nome do Congresso (Encontro, Simp\u00f3sio, etc.), n\u00ba, cidade, ano.\u00a0<em>Anais&#8230;<\/em>\u00a0Cidade, Sigla.\u00a0<strong>volume:<\/strong>p\u00e1g inicial-p\u00e1g final.<\/p><p>Ex.:\u00a0SALDANHA, J.M.L.; ESPINDOLA, A.A.S.; BOLZAN DE MORAIS, J.L. 2008. A supera\u00e7\u00e3o do funcionalismo processual e a constru\u00e7\u00e3o de mudan\u00e7as processuais \u2018estruturais\u2019 e \u2018metodol\u00f3gicas\u2019: uma (nova) identidade para o sistema processual e procedimental de controle concentrado da constitucionalidade no STF.\u00a0<em>In:<\/em>\u00a0XVII CONGRESSO NACIONAL DO CONPEDI, Bras\u00edlia, 2008.\u00a0<em>Anais&#8230;<\/em>\u00a0Bras\u00edlia, Funda\u00e7\u00e3o Boiteux. 4310-4333.<\/p><p><strong>Artigos em colet\u00e2nea:<\/strong><\/p><p>SOBRENOME, Inicial(is) do nome. Ano de publica\u00e7\u00e3o. T\u00edtulo do artigo.\u00a0<em>In:<\/em>\u00a0Inicial(is) do nome. SOBRENOME (org.),\u00a0<em>T\u00edtulo da colet\u00e2nea<\/em>. Cidade, Editora, p. p\u00e1g inicial-p\u00e1g final.\u00a0<\/p><p>Ex.: GRANDO, A. 2003. Os reality shows.\u00a0<em>In:<\/em>\u00a0V. HOEWELL (org.),\u00a0<em>Colet\u00e2nea GT Produ\u00e7\u00e3o de sentido nas m\u00eddias.<\/em>Pernambuco, UNICAD, p. 75-81.<\/p><p><strong>Livros:<\/strong><\/p><p>SOBRENOME, Inicial(is) do nome. Ano de publica\u00e7\u00e3o.\u00a0<em>T\u00edtulo do livro.<\/em>\u00a0ed., Cidade, Editora, total de p\u00e1ginas p.\u00a0<\/p><p>Ex.:\u00a0FERRAJOLI, L. 2003.\u00a0<em>A soberania no mundo moderno<\/em>. S\u00e3o Paulo, Martins Fontes, 116 p.<\/p><p><strong>Cap\u00edtulos de livros:<\/strong><\/p><p>SOBRENOME, Inicial(is) do nome. Ano de publica\u00e7\u00e3o. T\u00edtulo do cap\u00edtulo.\u00a0<em>In:<\/em>\u00a0Inicial(is) do nome. SOBRENOME (ed.),<em>T\u00edtulo do livro.<\/em>\u00a0Cidade, Editora, p. p\u00e1g inicial-p\u00e1g final.\u00a0<\/p><p>Ex.:CAN\u00c7ADO TRINDADE, A. A. 2000. O sistema interamericano de direitos humanos no limiar do novo s\u00e9culo: Recomenda\u00e7\u00f5es para o fortalecimento de seu mecanismo de prote\u00e7\u00e3o.\u00a0<em>In:<\/em>\u00a0GOMES, L. F. PIOVESAN, F. ( Coord.)\u00a0<em>O sistema interamericano de prote\u00e7\u00e3o dos direitos humanos e o direito brasileiro.<\/em>\u00a0S\u00e3o Paulo: RT, p. 103-152.<\/p><p>GADAMER, H.G. 1991. Problemas de la raz\u00f3n pr\u00e1ctica.\u00a0<em>In:<\/em>\u00a0H.G. GADAMER (ed.),\u00a0<em>Verdad y metodo II<\/em>. Salamanca, S\u00edgueme, p. 293-308.<\/p><p><strong>Disserta\u00e7\u00f5es e Teses:<\/strong><\/p><p>SOBRENOME, Inicial(is) do nome. Ano de publica\u00e7\u00e3o.\u00a0<em>T\u00edtulo da tese.<\/em>\u00a0Cidade, Sigla do Estado. Tipo de tese (mestrado, doutorado). Universidade, n\u00famero total de p\u00e1ginas p.\u00a0<\/p><p>Ex.:\u00a0LUCAS, D.C. 2008.<em>\u00a0Direitos Humanos e Interculturalidade: um Di\u00e1logo entre a Igualdade e a Diferen\u00e7a.<\/em>\u00a0S\u00e3o Leopoldo, RS. Tese de Doutorado. Universidade do Vale do Rio dos Sinos \u2013 UNISINOS, 266 p.<\/p><p><strong>Cita\u00e7\u00f5es de Sites e textos eletr\u00f4nicos:<\/strong><\/p><p>Caso seja poss\u00edvel identificar os autores de textos eletr\u00f4nicos, a refer\u00eancia deve ser feita do seguinte modo:<\/p><p>SOBRENOME, Inicial(is) do nome. Ano de publica\u00e7\u00e3o. Titulo do texto. Dispon\u00edvel em: http:\/\/. Acesso em: dd\/mm\/aaaa.\u00a0<\/p><p>Ex.: LENKER, A.; RHODES, N. 2007. Foreign Language Immersion Programs: Features and Trends Over 35 Years. Dispon\u00edvel em: http:\/\/www.cal.org\/resources\/digest\/flimmersion.html. Acesso em: 28\/04\/2007.\u00a0<br \/>* Neste caso, no corpo do texto, a refer\u00eancia \u00e9 identificada por (Lenker e Rhodes, 2007).\u00a0<\/p><p>Se n\u00e3o for poss\u00edvel identificar os autores de textos eletr\u00f4nicos, deve-se fazer a refer\u00eancia do seguinte modo:<\/p><p>FONTE\/SITE. Ano de publica\u00e7\u00e3o. Titulo do texto. Dispon\u00edvel em: http:\/\/. Acesso em: dd\/mm\/aaaa.\u00a0<\/p><p>Ex.: GLOBO ONLINE, O. 2006. Brasil ser\u00e1 o pa\u00eds com mais sedes do Instituto Cervantes. Dispon\u00edvel em: http:\/\/oglobo.globo.com\/ cultura\/mat\/2006\/10\/25\/286393283.asp. Acesso em: 05\/04\/2008.\u00a0<\/p><p>* No corpo do texto a cita\u00e7\u00e3o ser\u00e1 (O Globo Online, 2006).<\/p><p><strong>Jornais e revistas, \u00f3rg\u00e3os e institui\u00e7\u00f5es:<\/strong><\/p><p>Todos os textos de jornais e revistas devem constar nas refer\u00eancias bibliogr\u00e1ficas. Caso haja autor expl\u00edcito, a refer\u00eancia \u00e9 feita pelo seu sobrenome:<\/p><p>SOBRENOME, Inicial(is) do nome. Ano de publica\u00e7\u00e3o. Titulo do texto. Fonte (Org\u00e3o, Institui\u00e7\u00e3o, etc.). Sess\u00e3o (Coluna, etc.). Cidade, dia m\u00eas (abreviado).\u00a0<\/p><p>Ex.: MICELLI, S. 1987. Um intelectual do sentido. Folha de S. Paulo. Caderno Mais! S\u00e3o Paulo, 7 fev.<\/p><p>* No corpo do texto, indica-se (Micelli, 1987).\u00a0<\/p><p>Caso n\u00e3o haja um autor e o texto seja de responsabilidade do \u00f3rg\u00e3o, faz-se a refer\u00eancia assim:<\/p><p>Fonte (Org\u00e3o, Institui\u00e7\u00e3o, etc.). Ano de publica\u00e7\u00e3o. Titulo do texto. Cidade, dia m\u00eas (abreviado), p. n\u00famero da p\u00e1gina.\u00a0<\/p><p>Ex.: CORREIO DO POVO. 1945. Os m\u00e9todos objetivos de verifica\u00e7\u00e3o que empregamos no RS. Porto Alegre, 5 out., p. 14.\u00a0<\/p><p>* No corpo do texto, indica-se (Correio do Povo, 1945).<\/p><p>Os artigos ou trabalhos in\u00e9ditos ser\u00e3o publicados em portugu\u00eas, ingl\u00eas ou espanhol, devendo sempre passar pelo corpo de pareceristas que atua no sistema <em>double blind review<\/em>.<\/p><p>Embora seja caracter\u00edstica t\u00edpica deste sistema \u00e0s cegas, reitera-se que durante o processo de avalia\u00e7\u00e3o n\u00e3o ser\u00e1 revelado o nome do autor aos pareceristas, nem os nomes destes ao autor.<\/p>\t\t\t\t\t\t\t\t<\/div>\n\t\t\t\t<\/div>\n\t\t\t\t\t<\/div>\n\t\t<\/div>\n\t\t\t\t\t<\/div>\n\t\t<\/section>\n\t\t\t\t<\/div>\n\t\t","protected":false},"excerpt":{"rendered":"<p>Revista Eud\u00f3xia &#8211; Journal of Law Curso de Direito da Universidade de Ita\u00fana Apresenta\u00e7\u00e3o Formato e Normas Editoriais Expediente Endere\u00e7o de contato Edi\u00e7\u00e3o atual Edi\u00e7\u00f5es anteriores FORMATO E NORMAS EDITORIAIS Extens\u00e3o:\u00a0O texto dever\u00e1 ter extens\u00e3o m\u00e1xima de 20 a 22 p\u00e1ginas, com espa\u00e7amento de 1,5, inclu\u00eddas refer\u00eancias bibliogr\u00e1ficas e notas.\u00a0O t\u00edtulo (no idioma original e [&hellip;]<\/p>\n","protected":false},"author":1,"featured_media":0,"parent":0,"menu_order":0,"comment_status":"closed","ping_status":"closed","template":"elementor_header_footer","meta":{"site-sidebar-layout":"no-sidebar","site-content-layout":"page-builder","ast-site-content-layout":"default","site-content-style":"default","site-sidebar-style":"default","ast-global-header-display":"","ast-banner-title-visibility":"","ast-main-header-display":"","ast-hfb-above-header-display":"","ast-hfb-below-header-display":"","ast-hfb-mobile-header-display":"","site-post-title":"disabled","ast-breadcrumbs-content":"","ast-featured-img":"disabled","footer-sml-layout":"","ast-disable-related-posts":"","theme-transparent-header-meta":"","adv-header-id-meta":"","stick-header-meta":"","header-above-stick-meta":"","header-main-stick-meta":"","header-below-stick-meta":"","astra-migrate-meta-layouts":"default","ast-page-background-enabled":"default","ast-page-background-meta":{"desktop":{"background-color":"","background-image":"","background-repeat":"repeat","background-position":"center center","background-size":"auto","background-attachment":"scroll","background-type":"","background-media":"","overlay-type":"","overlay-color":"","overlay-opacity":"","overlay-gradient":""},"tablet":{"background-color":"","background-image":"","background-repeat":"repeat","background-position":"center center","background-size":"auto","background-attachment":"scroll","background-type":"","background-media":"","overlay-type":"","overlay-color":"","overlay-opacity":"","overlay-gradient":""},"mobile":{"background-color":"","background-image":"","background-repeat":"repeat","background-position":"center center","background-size":"auto","background-attachment":"scroll","background-type":"","background-media":"","overlay-type":"","overlay-color":"","overlay-opacity":"","overlay-gradient":""}},"ast-content-background-meta":{"desktop":{"background-color":"var(--ast-global-color-5)","background-image":"","background-repeat":"repeat","background-position":"center center","background-size":"auto","background-attachment":"scroll","background-type":"","background-media":"","overlay-type":"","overlay-color":"","overlay-opacity":"","overlay-gradient":""},"tablet":{"background-color":"var(--ast-global-color-5)","background-image":"","background-repeat":"repeat","background-position":"center center","background-size":"auto","background-attachment":"scroll","background-type":"","background-media":"","overlay-type":"","overlay-color":"","overlay-opacity":"","overlay-gradient":""},"mobile":{"background-color":"var(--ast-global-color-5)","background-image":"","background-repeat":"repeat","background-position":"center center","background-size":"auto","background-attachment":"scroll","background-type":"","background-media":"","overlay-type":"","overlay-color":"","overlay-opacity":"","overlay-gradient":""}},"footnotes":""},"class_list":["post-5236","page","type-page","status-publish","hentry"],"_links":{"self":[{"href":"https:\/\/uit.br\/site\/wp-json\/wp\/v2\/pages\/5236","targetHints":{"allow":["GET"]}}],"collection":[{"href":"https:\/\/uit.br\/site\/wp-json\/wp\/v2\/pages"}],"about":[{"href":"https:\/\/uit.br\/site\/wp-json\/wp\/v2\/types\/page"}],"author":[{"embeddable":true,"href":"https:\/\/uit.br\/site\/wp-json\/wp\/v2\/users\/1"}],"replies":[{"embeddable":true,"href":"https:\/\/uit.br\/site\/wp-json\/wp\/v2\/comments?post=5236"}],"version-history":[{"count":0,"href":"https:\/\/uit.br\/site\/wp-json\/wp\/v2\/pages\/5236\/revisions"}],"wp:attachment":[{"href":"https:\/\/uit.br\/site\/wp-json\/wp\/v2\/media?parent=5236"}],"curies":[{"name":"wp","href":"https:\/\/api.w.org\/{rel}","templated":true}]}}