{"id":2939,"date":"2021-08-10T14:07:34","date_gmt":"2021-08-10T17:07:34","guid":{"rendered":"https:\/\/site.uit.br\/?page_id=2939"},"modified":"2023-02-10T14:24:43","modified_gmt":"2023-02-10T17:24:43","slug":"administracao","status":"publish","type":"page","link":"https:\/\/uit.br\/site\/administracao\/","title":{"rendered":"administra\u00e7\u00e3o"},"content":{"rendered":"\t\t<div data-elementor-type=\"wp-page\" data-elementor-id=\"2939\" class=\"elementor elementor-2939\" data-elementor-post-type=\"page\">\n\t\t\t\t\t\t<section class=\"elementor-section elementor-top-section elementor-element elementor-element-60572a6 elementor-section-boxed elementor-section-height-default elementor-section-height-default\" data-id=\"60572a6\" data-element_type=\"section\" data-e-type=\"section\">\n\t\t\t\t\t\t<div class=\"elementor-container elementor-column-gap-default\">\n\t\t\t\t\t<div class=\"elementor-column elementor-col-33 elementor-top-column elementor-element elementor-element-d64c23c elementor-invisible\" data-id=\"d64c23c\" data-element_type=\"column\" data-e-type=\"column\" data-settings=\"{&quot;animation&quot;:&quot;slideInLeft&quot;}\">\n\t\t\t<div class=\"elementor-widget-wrap elementor-element-populated\">\n\t\t\t\t\t\t<div class=\"elementor-element elementor-element-9207c76 elementor-widget elementor-widget-image\" data-id=\"9207c76\" data-element_type=\"widget\" data-e-type=\"widget\" data-widget_type=\"image.default\">\n\t\t\t\t<div class=\"elementor-widget-container\">\n\t\t\t\t\t\t\t\t\t\t\t\t\t\t\t<img fetchpriority=\"high\" decoding=\"async\" width=\"432\" height=\"1024\" src=\"https:\/\/uit.br\/site\/wp-content\/uploads\/2021\/01\/administracao-432x1024.png\" class=\"attachment-large size-large wp-image-2030\" alt=\"\" srcset=\"https:\/\/uit.br\/site\/wp-content\/uploads\/2021\/01\/administracao-432x1024.png 432w, https:\/\/uit.br\/site\/wp-content\/uploads\/2021\/01\/administracao-127x300.png 127w, https:\/\/uit.br\/site\/wp-content\/uploads\/2021\/01\/administracao.png 601w\" sizes=\"(max-width: 432px) 100vw, 432px\" \/>\t\t\t\t\t\t\t\t\t\t\t\t\t\t\t<\/div>\n\t\t\t\t<\/div>\n\t\t\t\t\t<\/div>\n\t\t<\/div>\n\t\t\t\t<div class=\"elementor-column elementor-col-66 elementor-top-column elementor-element elementor-element-0df539a elementor-invisible\" data-id=\"0df539a\" data-element_type=\"column\" data-e-type=\"column\" data-settings=\"{&quot;animation&quot;:&quot;slideInRight&quot;}\">\n\t\t\t<div class=\"elementor-widget-wrap elementor-element-populated\">\n\t\t\t\t\t\t<div class=\"elementor-element elementor-element-a8977a6 elementor-widget elementor-widget-heading\" data-id=\"a8977a6\" data-element_type=\"widget\" data-e-type=\"widget\" data-widget_type=\"heading.default\">\n\t\t\t\t<div class=\"elementor-widget-container\">\n\t\t\t\t\t<h2 class=\"elementor-heading-title elementor-size-default\">Administra\u00e7\u00e3o<\/h2>\t\t\t\t<\/div>\n\t\t\t\t<\/div>\n\t\t\t\t<div class=\"elementor-element elementor-element-b4d15af elementor-widget elementor-widget-text-editor\" data-id=\"b4d15af\" data-element_type=\"widget\" data-e-type=\"widget\" data-widget_type=\"text-editor.default\">\n\t\t\t\t<div class=\"elementor-widget-container\">\n\t\t\t\t\t\t\t\t\t<p><strong>O Curso<\/strong> &#8211;\u00a0 O foco do curso de Administra\u00e7\u00e3o \u00e9 a forma\u00e7\u00e3o de um profissional multi-qualificado, polivalente, generalista, empreendedor, com capacidade de resolver situa\u00e7\u00f5es com flexibilidade diante de desafios organizacionais. O profissional estar\u00e1 apto para trabalhar em organiza\u00e7\u00f5es de diversos segmentos, tais como autarquias, funda\u00e7\u00f5es, empresas privadas nacionais e multinacionais, empresas p\u00fablicas etc.<\/p><p>O estudo de conte\u00fados como Mercado, Marketing, Planejamento Estrat\u00e9gico, Teorias da Administra\u00e7\u00e3o, Gest\u00e3o Financeira, Gest\u00e3o de Pessoas, dentre outros, tornar\u00e1 o profissional capacitado para atuar em todos os segmentos de mercado, seja de pequeno, m\u00e9dio ou grande porte.<\/p>\t\t\t\t\t\t\t\t<\/div>\n\t\t\t\t<\/div>\n\t\t\t\t\t<\/div>\n\t\t<\/div>\n\t\t\t\t\t<\/div>\n\t\t<\/section>\n\t\t\t\t<\/div>\n\t\t","protected":false},"excerpt":{"rendered":"<p>Administra\u00e7\u00e3o O Curso &#8211;\u00a0 O foco do curso de Administra\u00e7\u00e3o \u00e9 a forma\u00e7\u00e3o de um profissional multi-qualificado, polivalente, generalista, empreendedor, com capacidade de resolver situa\u00e7\u00f5es com flexibilidade diante de desafios organizacionais. O profissional estar\u00e1 apto para trabalhar em organiza\u00e7\u00f5es de diversos segmentos, tais como autarquias, funda\u00e7\u00f5es, empresas privadas nacionais e multinacionais, empresas p\u00fablicas etc. O [&hellip;]<\/p>\n","protected":false},"author":1,"featured_media":0,"parent":0,"menu_order":0,"comment_status":"closed","ping_status":"closed","template":"","meta":{"site-sidebar-layout":"no-sidebar","site-content-layout":"page-builder","ast-site-content-layout":"default","site-content-style":"default","site-sidebar-style":"default","ast-global-header-display":"","ast-banner-title-visibility":"","ast-main-header-display":"","ast-hfb-above-header-display":"","ast-hfb-below-header-display":"","ast-hfb-mobile-header-display":"","site-post-title":"disabled","ast-breadcrumbs-content":"","ast-featured-img":"disabled","footer-sml-layout":"","ast-disable-related-posts":"","theme-transparent-header-meta":"default","adv-header-id-meta":"","stick-header-meta":"","header-above-stick-meta":"","header-main-stick-meta":"","header-below-stick-meta":"","astra-migrate-meta-layouts":"default","ast-page-background-enabled":"default","ast-page-background-meta":{"desktop":{"background-color":"","background-image":"","background-repeat":"repeat","background-position":"center center","background-size":"auto","background-attachment":"scroll","background-type":"","background-media":"","overlay-type":"","overlay-color":"","overlay-opacity":"","overlay-gradient":""},"tablet":{"background-color":"","background-image":"","background-repeat":"repeat","background-position":"center center","background-size":"auto","background-attachment":"scroll","background-type":"","background-media":"","overlay-type":"","overlay-color":"","overlay-opacity":"","overlay-gradient":""},"mobile":{"background-color":"","background-image":"","background-repeat":"repeat","background-position":"center center","background-size":"auto","background-attachment":"scroll","background-type":"","background-media":"","overlay-type":"","overlay-color":"","overlay-opacity":"","overlay-gradient":""}},"ast-content-background-meta":{"desktop":{"background-color":"var(--ast-global-color-5)","background-image":"","background-repeat":"repeat","background-position":"center center","background-size":"auto","background-attachment":"scroll","background-type":"","background-media":"","overlay-type":"","overlay-color":"","overlay-opacity":"","overlay-gradient":""},"tablet":{"background-color":"var(--ast-global-color-5)","background-image":"","background-repeat":"repeat","background-position":"center center","background-size":"auto","background-attachment":"scroll","background-type":"","background-media":"","overlay-type":"","overlay-color":"","overlay-opacity":"","overlay-gradient":""},"mobile":{"background-color":"var(--ast-global-color-5)","background-image":"","background-repeat":"repeat","background-position":"center center","background-size":"auto","background-attachment":"scroll","background-type":"","background-media":"","overlay-type":"","overlay-color":"","overlay-opacity":"","overlay-gradient":""}},"footnotes":""},"class_list":["post-2939","page","type-page","status-publish","hentry"],"_links":{"self":[{"href":"https:\/\/uit.br\/site\/wp-json\/wp\/v2\/pages\/2939","targetHints":{"allow":["GET"]}}],"collection":[{"href":"https:\/\/uit.br\/site\/wp-json\/wp\/v2\/pages"}],"about":[{"href":"https:\/\/uit.br\/site\/wp-json\/wp\/v2\/types\/page"}],"author":[{"embeddable":true,"href":"https:\/\/uit.br\/site\/wp-json\/wp\/v2\/users\/1"}],"replies":[{"embeddable":true,"href":"https:\/\/uit.br\/site\/wp-json\/wp\/v2\/comments?post=2939"}],"version-history":[{"count":0,"href":"https:\/\/uit.br\/site\/wp-json\/wp\/v2\/pages\/2939\/revisions"}],"wp:attachment":[{"href":"https:\/\/uit.br\/site\/wp-json\/wp\/v2\/media?parent=2939"}],"curies":[{"name":"wp","href":"https:\/\/api.w.org\/{rel}","templated":true}]}}