{"id":2638,"date":"2021-06-10T15:49:14","date_gmt":"2021-06-10T18:49:14","guid":{"rendered":"https:\/\/site.uit.br\/?page_id=2638"},"modified":"2022-06-29T20:25:33","modified_gmt":"2022-06-29T23:25:33","slug":"objetivos-institucionais","status":"publish","type":"page","link":"https:\/\/uit.br\/site\/objetivos-institucionais\/","title":{"rendered":"Objetivos Institucionais"},"content":{"rendered":"\t\t<div data-elementor-type=\"wp-page\" data-elementor-id=\"2638\" class=\"elementor elementor-2638\" data-elementor-post-type=\"page\">\n\t\t\t\t\t\t<section class=\"elementor-section elementor-top-section elementor-element elementor-element-5f87f7a elementor-section-boxed elementor-section-height-default elementor-section-height-default\" data-id=\"5f87f7a\" data-element_type=\"section\" data-e-type=\"section\">\n\t\t\t\t\t\t<div class=\"elementor-container elementor-column-gap-default\">\n\t\t\t\t\t<div class=\"elementor-column elementor-col-33 elementor-top-column elementor-element elementor-element-d141c81 elementor-invisible\" data-id=\"d141c81\" data-element_type=\"column\" data-e-type=\"column\" data-settings=\"{&quot;animation&quot;:&quot;slideInLeft&quot;}\">\n\t\t\t<div class=\"elementor-widget-wrap elementor-element-populated\">\n\t\t\t\t\t\t<div class=\"elementor-element elementor-element-7fe9e03 elementor-widget elementor-widget-image\" data-id=\"7fe9e03\" data-element_type=\"widget\" data-e-type=\"widget\" data-widget_type=\"image.default\">\n\t\t\t\t<div class=\"elementor-widget-container\">\n\t\t\t\t\t\t\t\t\t\t\t\t\t\t\t<img fetchpriority=\"high\" decoding=\"async\" width=\"432\" height=\"1024\" src=\"https:\/\/uit.br\/site\/wp-content\/uploads\/2021\/06\/objetivos-institucionais-432x1024.png\" class=\"attachment-large size-large wp-image-2641\" alt=\"\" srcset=\"https:\/\/uit.br\/site\/wp-content\/uploads\/2021\/06\/objetivos-institucionais-432x1024.png 432w, https:\/\/uit.br\/site\/wp-content\/uploads\/2021\/06\/objetivos-institucionais-127x300.png 127w, https:\/\/uit.br\/site\/wp-content\/uploads\/2021\/06\/objetivos-institucionais.png 601w\" sizes=\"(max-width: 432px) 100vw, 432px\" \/>\t\t\t\t\t\t\t\t\t\t\t\t\t\t\t<\/div>\n\t\t\t\t<\/div>\n\t\t\t\t\t<\/div>\n\t\t<\/div>\n\t\t\t\t<div class=\"elementor-column elementor-col-66 elementor-top-column elementor-element elementor-element-a4f50ae elementor-invisible\" data-id=\"a4f50ae\" data-element_type=\"column\" data-e-type=\"column\" data-settings=\"{&quot;animation&quot;:&quot;slideInRight&quot;}\">\n\t\t\t<div class=\"elementor-widget-wrap elementor-element-populated\">\n\t\t\t\t\t\t<div class=\"elementor-element elementor-element-bed92d7 elementor-widget elementor-widget-heading\" data-id=\"bed92d7\" data-element_type=\"widget\" data-e-type=\"widget\" data-widget_type=\"heading.default\">\n\t\t\t\t<div class=\"elementor-widget-container\">\n\t\t\t\t\t<h2 class=\"elementor-heading-title elementor-size-default\">Objetivos Institucionais<\/h2>\t\t\t\t<\/div>\n\t\t\t\t<\/div>\n\t\t\t\t<div class=\"elementor-element elementor-element-a637fba elementor-widget elementor-widget-text-editor\" data-id=\"a637fba\" data-element_type=\"widget\" data-e-type=\"widget\" data-widget_type=\"text-editor.default\">\n\t\t\t\t<div class=\"elementor-widget-container\">\n\t\t\t\t\t\t\t\t\t<p class=\"western\" align=\"justify\"><span style=\"font-family: Arial, serif;\"><b>Objetivos Gerais<\/b><\/span><\/p><ul><li><p class=\"western\" align=\"justify\"><span style=\"font-family: Arial, serif;\">Contribuir com o desenvolvimento cient\u00edfico, tecnol\u00f3gico e sociocultural da regi\u00e3o e do pa\u00eds, buscando sempre o aprimoramento permanente da qualidade das atividades de ensino, pesquisa e extens\u00e3o;<\/span><\/p><\/li><li><p class=\"western\" align=\"justify\"><span style=\"font-family: Arial, serif;\">Formar profissionais aptos a desenvolver, de forma plena e inovadora, atividades nas diversas \u00e1reas do conhecimento, a eles fornecendo a forma\u00e7\u00e3o espec\u00edfica para a utiliza\u00e7\u00e3o correta das t\u00e9cnicas necess\u00e1rias \u00e0s suas fun\u00e7\u00f5es;<\/span><\/p><\/li><li><p class=\"western\" align=\"justify\"><span style=\"font-family: Arial, serif;\">Capacitar para o mercado de trabalho esses profissionais, dotando-os de habilidades t\u00e9cnicas e conhecimentos espec\u00edficos, aliados \u00e0 moderna vis\u00e3o do mercado contempor\u00e2neo, desenvolvendo e aperfei\u00e7oando um perfil empreendedor, criativo e din\u00e2mico;<\/span><\/p><\/li><li><p class=\"western\" align=\"justify\"><span style=\"font-family: Arial, serif;\">Desenvolver compet\u00eancia profissional para a forma\u00e7\u00e3o nas diversas \u00e1reas, atrav\u00e9s de programas de gradua\u00e7\u00e3o e de p\u00f3s-gradua\u00e7\u00e3o.<\/span><\/p><\/li><\/ul><p class=\"western\" align=\"justify\"><a name=\"_Toc228344436\"><\/a><a name=\"_Toc299226853\"><\/a><a name=\"_Toc345930679\"><\/a><a name=\"_Toc346094139\"><\/a><a name=\"_Toc384379655\"><\/a><a name=\"_Toc387073911\"><\/a><a name=\"_Toc390420458\"><\/a><a name=\"_Toc391996488\"><\/a><a name=\"_Toc392053699\"><\/a><a name=\"_Toc392054006\"><\/a><a name=\"_Toc392055324\"><\/a><a name=\"_Toc392055902\"><\/a><a name=\"_Toc392073290\"><\/a><a name=\"_Toc532373971\"><\/a><a name=\"_Toc532374171\"><\/a><a name=\"_Toc532374313\"><\/a><a name=\"_Toc532374450\"><\/a><a name=\"_Toc532823225\"><\/a> <\/p><p class=\"western\" align=\"justify\"><span style=\"font-family: Arial, serif;\"><b>Objetivos Espec\u00edficos<\/b><\/span><\/p><ul><li><p class=\"western\" align=\"justify\"><span style=\"font-family: Arial, serif;\">Estimular a cria\u00e7\u00e3o cultural e o desenvolvimento do esp\u00edrito cient\u00edfico e do pensamento reflexivo;<\/span><\/p><\/li><li><p class=\"western\" align=\"justify\"><span style=\"font-family: Arial, serif;\">Formar diplomados nas diferentes \u00e1reas de conhecimento, aptos para a inser\u00e7\u00e3o em setores profissionais e para a participa\u00e7\u00e3o no desenvolvimento da sociedade brasileira, e colaborar na sua forma\u00e7\u00e3o cont\u00ednua;<\/span><\/p><\/li><li><p class=\"western\" align=\"justify\"><span style=\"font-family: Arial, serif;\">Incentivar o trabalho de pesquisa e investiga\u00e7\u00e3o cient\u00edfica, visando ao desenvolvimento da ci\u00eancia e da tecnologia e da cria\u00e7\u00e3o e difus\u00e3o da cultura, e, desse modo, desenvolver o entendimento do homem e do meio em que vive;<\/span><\/p><\/li><li><p class=\"western\" align=\"justify\"><span style=\"font-family: Arial, serif;\">Promover a divulga\u00e7\u00e3o de conhecimentos culturais, cient\u00edficos e t\u00e9cnicos que constituem patrim\u00f4nio da humanidade e comunicar o saber atrav\u00e9s do ensino, de publica\u00e7\u00f5es ou de outras formas de comunica\u00e7\u00e3o;<\/span><\/p><\/li><li><p class=\"western\" align=\"justify\"><span style=\"font-family: Arial, serif;\">Suscitar o desejo permanente de aperfei\u00e7oamento cultural e profissional e possibilitar a correspondente concretiza\u00e7\u00e3o, integrando os conhecimentos que v\u00e3o sendo adquiridos numa estrutura intelectual sistematizadora do conhecimento de cada gera\u00e7\u00e3o;<\/span><\/p><\/li><li><p class=\"western\" align=\"justify\"><span style=\"font-family: Arial, serif;\">Estimular o conhecimento dos problemas do mundo presente, em particular os nacionais e regionais, prestar servi\u00e7os especializados \u00e0 comunidade e estabelecer com esta uma rela\u00e7\u00e3o de reciprocidade; e<\/span><\/p><\/li><li><p class=\"western\" align=\"justify\"><span style=\"font-family: Arial, serif;\">Promover a extens\u00e3o, aberta \u00e0 participa\u00e7\u00e3o da popula\u00e7\u00e3o, visando \u00e0 difus\u00e3o das conquistas e benef\u00edcios resultantes da cria\u00e7\u00e3o cultural e da pesquisa cient\u00edfica e tecnol\u00f3gica geradas na institui\u00e7\u00e3o.<\/span><\/p><\/li><\/ul>\t\t\t\t\t\t\t\t<\/div>\n\t\t\t\t<\/div>\n\t\t\t\t\t<\/div>\n\t\t<\/div>\n\t\t\t\t\t<\/div>\n\t\t<\/section>\n\t\t\t\t<\/div>\n\t\t","protected":false},"excerpt":{"rendered":"<p>Objetivos Institucionais Objetivos Gerais Contribuir com o desenvolvimento cient\u00edfico, tecnol\u00f3gico e sociocultural da regi\u00e3o e do pa\u00eds, buscando sempre o aprimoramento permanente da qualidade das atividades de ensino, pesquisa e extens\u00e3o; Formar profissionais aptos a desenvolver, de forma plena e inovadora, atividades nas diversas \u00e1reas do conhecimento, a eles fornecendo a forma\u00e7\u00e3o espec\u00edfica para a [&hellip;]<\/p>\n","protected":false},"author":1,"featured_media":0,"parent":0,"menu_order":0,"comment_status":"closed","ping_status":"closed","template":"","meta":{"site-sidebar-layout":"no-sidebar","site-content-layout":"page-builder","ast-site-content-layout":"default","site-content-style":"default","site-sidebar-style":"default","ast-global-header-display":"","ast-banner-title-visibility":"","ast-main-header-display":"","ast-hfb-above-header-display":"","ast-hfb-below-header-display":"","ast-hfb-mobile-header-display":"","site-post-title":"disabled","ast-breadcrumbs-content":"","ast-featured-img":"disabled","footer-sml-layout":"","ast-disable-related-posts":"","theme-transparent-header-meta":"default","adv-header-id-meta":"","stick-header-meta":"","header-above-stick-meta":"","header-main-stick-meta":"","header-below-stick-meta":"","astra-migrate-meta-layouts":"default","ast-page-background-enabled":"default","ast-page-background-meta":{"desktop":{"background-color":"","background-image":"","background-repeat":"repeat","background-position":"center center","background-size":"auto","background-attachment":"scroll","background-type":"","background-media":"","overlay-type":"","overlay-color":"","overlay-opacity":"","overlay-gradient":""},"tablet":{"background-color":"","background-image":"","background-repeat":"repeat","background-position":"center center","background-size":"auto","background-attachment":"scroll","background-type":"","background-media":"","overlay-type":"","overlay-color":"","overlay-opacity":"","overlay-gradient":""},"mobile":{"background-color":"","background-image":"","background-repeat":"repeat","background-position":"center center","background-size":"auto","background-attachment":"scroll","background-type":"","background-media":"","overlay-type":"","overlay-color":"","overlay-opacity":"","overlay-gradient":""}},"ast-content-background-meta":{"desktop":{"background-color":"var(--ast-global-color-5)","background-image":"","background-repeat":"repeat","background-position":"center center","background-size":"auto","background-attachment":"scroll","background-type":"","background-media":"","overlay-type":"","overlay-color":"","overlay-opacity":"","overlay-gradient":""},"tablet":{"background-color":"var(--ast-global-color-5)","background-image":"","background-repeat":"repeat","background-position":"center center","background-size":"auto","background-attachment":"scroll","background-type":"","background-media":"","overlay-type":"","overlay-color":"","overlay-opacity":"","overlay-gradient":""},"mobile":{"background-color":"var(--ast-global-color-5)","background-image":"","background-repeat":"repeat","background-position":"center center","background-size":"auto","background-attachment":"scroll","background-type":"","background-media":"","overlay-type":"","overlay-color":"","overlay-opacity":"","overlay-gradient":""}},"footnotes":""},"class_list":["post-2638","page","type-page","status-publish","hentry"],"_links":{"self":[{"href":"https:\/\/uit.br\/site\/wp-json\/wp\/v2\/pages\/2638","targetHints":{"allow":["GET"]}}],"collection":[{"href":"https:\/\/uit.br\/site\/wp-json\/wp\/v2\/pages"}],"about":[{"href":"https:\/\/uit.br\/site\/wp-json\/wp\/v2\/types\/page"}],"author":[{"embeddable":true,"href":"https:\/\/uit.br\/site\/wp-json\/wp\/v2\/users\/1"}],"replies":[{"embeddable":true,"href":"https:\/\/uit.br\/site\/wp-json\/wp\/v2\/comments?post=2638"}],"version-history":[{"count":0,"href":"https:\/\/uit.br\/site\/wp-json\/wp\/v2\/pages\/2638\/revisions"}],"wp:attachment":[{"href":"https:\/\/uit.br\/site\/wp-json\/wp\/v2\/media?parent=2638"}],"curies":[{"name":"wp","href":"https:\/\/api.w.org\/{rel}","templated":true}]}}