{"id":2069,"date":"2021-01-13T11:42:40","date_gmt":"2021-01-13T14:42:40","guid":{"rendered":"http:\/\/site.uit.br\/?page_id=2069"},"modified":"2023-02-10T14:28:52","modified_gmt":"2023-02-10T17:28:52","slug":"enfermagem","status":"publish","type":"page","link":"https:\/\/uit.br\/site\/enfermagem\/","title":{"rendered":"Enfermagem"},"content":{"rendered":"\t\t<div data-elementor-type=\"wp-page\" data-elementor-id=\"2069\" class=\"elementor elementor-2069\" data-elementor-post-type=\"page\">\n\t\t\t\t\t\t<section class=\"elementor-section elementor-top-section elementor-element elementor-element-d57d3ee elementor-section-boxed elementor-section-height-default elementor-section-height-default\" data-id=\"d57d3ee\" data-element_type=\"section\" data-e-type=\"section\">\n\t\t\t\t\t\t<div class=\"elementor-container elementor-column-gap-default\">\n\t\t\t\t\t<div class=\"elementor-column elementor-col-33 elementor-top-column elementor-element elementor-element-0a447a7 elementor-invisible\" data-id=\"0a447a7\" data-element_type=\"column\" data-e-type=\"column\" data-settings=\"{&quot;animation&quot;:&quot;slideInLeft&quot;}\">\n\t\t\t<div class=\"elementor-widget-wrap elementor-element-populated\">\n\t\t\t\t\t\t<div class=\"elementor-element elementor-element-a621810 elementor-widget elementor-widget-image\" data-id=\"a621810\" data-element_type=\"widget\" data-e-type=\"widget\" data-widget_type=\"image.default\">\n\t\t\t\t<div class=\"elementor-widget-container\">\n\t\t\t\t\t\t\t\t\t\t\t\t\t\t\t<img fetchpriority=\"high\" decoding=\"async\" width=\"432\" height=\"1024\" src=\"https:\/\/uit.br\/site\/wp-content\/uploads\/2021\/01\/enfermagem-432x1024.png\" class=\"attachment-large size-large wp-image-2072\" alt=\"\" srcset=\"https:\/\/uit.br\/site\/wp-content\/uploads\/2021\/01\/enfermagem-432x1024.png 432w, https:\/\/uit.br\/site\/wp-content\/uploads\/2021\/01\/enfermagem-127x300.png 127w, https:\/\/uit.br\/site\/wp-content\/uploads\/2021\/01\/enfermagem.png 601w\" sizes=\"(max-width: 432px) 100vw, 432px\" \/>\t\t\t\t\t\t\t\t\t\t\t\t\t\t\t<\/div>\n\t\t\t\t<\/div>\n\t\t\t\t\t<\/div>\n\t\t<\/div>\n\t\t\t\t<div class=\"elementor-column elementor-col-66 elementor-top-column elementor-element elementor-element-60a06dc elementor-invisible\" data-id=\"60a06dc\" data-element_type=\"column\" data-e-type=\"column\" data-settings=\"{&quot;animation&quot;:&quot;slideInRight&quot;}\">\n\t\t\t<div class=\"elementor-widget-wrap elementor-element-populated\">\n\t\t\t\t\t\t<div class=\"elementor-element elementor-element-35208b8 elementor-widget elementor-widget-heading\" data-id=\"35208b8\" data-element_type=\"widget\" data-e-type=\"widget\" data-widget_type=\"heading.default\">\n\t\t\t\t<div class=\"elementor-widget-container\">\n\t\t\t\t\t<h2 class=\"elementor-heading-title elementor-size-default\">Enfermagem<\/h2>\t\t\t\t<\/div>\n\t\t\t\t<\/div>\n\t\t\t\t<div class=\"elementor-element elementor-element-e950e4b elementor-widget elementor-widget-text-editor\" data-id=\"e950e4b\" data-element_type=\"widget\" data-e-type=\"widget\" data-widget_type=\"text-editor.default\">\n\t\t\t\t<div class=\"elementor-widget-container\">\n\t\t\t\t\t\t\t\t\t<p><strong>O Curso<\/strong>&#8211; O foco do Curso de Enfermagem \u00e9 a prepara\u00e7\u00e3o de profissionais para atuar na prote\u00e7\u00e3o, na promo\u00e7\u00e3o e na recupera\u00e7\u00e3o da sa\u00fade, bem como na preven\u00e7\u00e3o de doen\u00e7as.<br \/>O egresso do Curso de Enfermagem da Universidade de Ita\u00fana estar\u00e1 apto para exercer atividades em um mercado de trabalho que cresce e se diversifica cada vez mais. Essa amplia\u00e7\u00e3o dos campos de atua\u00e7\u00e3o deve-se ao reconhecimento do profissional enfermeiro e ao seu preparo para trabalhar em todos os niveis de assist\u00eancia \u00e0 sa\u00fade, nas mais diversas \u00e1reas, a exemplo de:<\/p><ul><li>Organiza\u00e7\u00e3o de pol\u00edticas locais de atendimento \u00e0 sa\u00fade;<\/li><li>Gest\u00e3o da aten\u00e7\u00e3o \u00e0 sa\u00fade p\u00fablica ou privada;<\/li><li>Gest\u00e3o do servi\u00e7o de enfermagem em institui\u00e7\u00e3o p\u00fablica ou privada;<\/li><li>Assist\u00eancia \u00e0 sa\u00fade p\u00fablica ou privada, como membro da Equipe de Sa\u00fade da Fam\u00edlia, assist\u00eancia em Cl\u00ednicas especializadas, servi\u00e7os de urg\u00eancia, emerg\u00eancia e de reabilita\u00e7\u00e3o da sa\u00fade;<\/li><li>Profissional aut\u00f4nomo de assist\u00eancia ao cuidado em sa\u00fade;<\/li><li>Assist\u00eancia no cuidado domiciliar;<\/li><li>Ensino em sa\u00fade e em enfermagem.<\/li><\/ul><p>Bacharelado. MEC\/INEP: conceito 5\/4. Vagas: 60 (sessenta). Turno: noite.<\/p>\t\t\t\t\t\t\t\t<\/div>\n\t\t\t\t<\/div>\n\t\t\t\t\t<\/div>\n\t\t<\/div>\n\t\t\t\t\t<\/div>\n\t\t<\/section>\n\t\t\t\t<\/div>\n\t\t","protected":false},"excerpt":{"rendered":"<p>Enfermagem O Curso&#8211; O foco do Curso de Enfermagem \u00e9 a prepara\u00e7\u00e3o de profissionais para atuar na prote\u00e7\u00e3o, na promo\u00e7\u00e3o e na recupera\u00e7\u00e3o da sa\u00fade, bem como na preven\u00e7\u00e3o de doen\u00e7as.O egresso do Curso de Enfermagem da Universidade de Ita\u00fana estar\u00e1 apto para exercer atividades em um mercado de trabalho que cresce e se diversifica [&hellip;]<\/p>\n","protected":false},"author":1,"featured_media":0,"parent":0,"menu_order":0,"comment_status":"closed","ping_status":"closed","template":"","meta":{"site-sidebar-layout":"no-sidebar","site-content-layout":"page-builder","ast-site-content-layout":"default","site-content-style":"default","site-sidebar-style":"default","ast-global-header-display":"","ast-banner-title-visibility":"","ast-main-header-display":"","ast-hfb-above-header-display":"","ast-hfb-below-header-display":"","ast-hfb-mobile-header-display":"","site-post-title":"disabled","ast-breadcrumbs-content":"","ast-featured-img":"disabled","footer-sml-layout":"","ast-disable-related-posts":"","theme-transparent-header-meta":"default","adv-header-id-meta":"","stick-header-meta":"","header-above-stick-meta":"","header-main-stick-meta":"","header-below-stick-meta":"","astra-migrate-meta-layouts":"default","ast-page-background-enabled":"default","ast-page-background-meta":{"desktop":{"background-color":"","background-image":"","background-repeat":"repeat","background-position":"center center","background-size":"auto","background-attachment":"scroll","background-type":"","background-media":"","overlay-type":"","overlay-color":"","overlay-opacity":"","overlay-gradient":""},"tablet":{"background-color":"","background-image":"","background-repeat":"repeat","background-position":"center center","background-size":"auto","background-attachment":"scroll","background-type":"","background-media":"","overlay-type":"","overlay-color":"","overlay-opacity":"","overlay-gradient":""},"mobile":{"background-color":"","background-image":"","background-repeat":"repeat","background-position":"center center","background-size":"auto","background-attachment":"scroll","background-type":"","background-media":"","overlay-type":"","overlay-color":"","overlay-opacity":"","overlay-gradient":""}},"ast-content-background-meta":{"desktop":{"background-color":"var(--ast-global-color-5)","background-image":"","background-repeat":"repeat","background-position":"center center","background-size":"auto","background-attachment":"scroll","background-type":"","background-media":"","overlay-type":"","overlay-color":"","overlay-opacity":"","overlay-gradient":""},"tablet":{"background-color":"var(--ast-global-color-5)","background-image":"","background-repeat":"repeat","background-position":"center center","background-size":"auto","background-attachment":"scroll","background-type":"","background-media":"","overlay-type":"","overlay-color":"","overlay-opacity":"","overlay-gradient":""},"mobile":{"background-color":"var(--ast-global-color-5)","background-image":"","background-repeat":"repeat","background-position":"center center","background-size":"auto","background-attachment":"scroll","background-type":"","background-media":"","overlay-type":"","overlay-color":"","overlay-opacity":"","overlay-gradient":""}},"footnotes":""},"class_list":["post-2069","page","type-page","status-publish","hentry"],"_links":{"self":[{"href":"https:\/\/uit.br\/site\/wp-json\/wp\/v2\/pages\/2069","targetHints":{"allow":["GET"]}}],"collection":[{"href":"https:\/\/uit.br\/site\/wp-json\/wp\/v2\/pages"}],"about":[{"href":"https:\/\/uit.br\/site\/wp-json\/wp\/v2\/types\/page"}],"author":[{"embeddable":true,"href":"https:\/\/uit.br\/site\/wp-json\/wp\/v2\/users\/1"}],"replies":[{"embeddable":true,"href":"https:\/\/uit.br\/site\/wp-json\/wp\/v2\/comments?post=2069"}],"version-history":[{"count":0,"href":"https:\/\/uit.br\/site\/wp-json\/wp\/v2\/pages\/2069\/revisions"}],"wp:attachment":[{"href":"https:\/\/uit.br\/site\/wp-json\/wp\/v2\/media?parent=2069"}],"curies":[{"name":"wp","href":"https:\/\/api.w.org\/{rel}","templated":true}]}}