{"id":2047,"date":"2021-01-13T11:30:28","date_gmt":"2021-01-13T14:30:28","guid":{"rendered":"http:\/\/site.uit.br\/?page_id=2047"},"modified":"2026-04-16T16:41:37","modified_gmt":"2026-04-16T19:41:37","slug":"medicina","status":"publish","type":"page","link":"https:\/\/uit.br\/site\/medicina\/","title":{"rendered":"Medicina"},"content":{"rendered":"\t\t<div data-elementor-type=\"wp-page\" data-elementor-id=\"2047\" class=\"elementor elementor-2047\" data-elementor-post-type=\"page\">\n\t\t\t\t\t\t<section class=\"elementor-section elementor-top-section elementor-element elementor-element-fb495ff elementor-section-boxed elementor-section-height-default elementor-section-height-default\" data-id=\"fb495ff\" data-element_type=\"section\" data-e-type=\"section\">\n\t\t\t\t\t\t<div class=\"elementor-container elementor-column-gap-default\">\n\t\t\t\t\t<div class=\"elementor-column elementor-col-33 elementor-top-column elementor-element elementor-element-af058a1 elementor-invisible\" data-id=\"af058a1\" data-element_type=\"column\" data-e-type=\"column\" data-settings=\"{&quot;animation&quot;:&quot;slideInLeft&quot;}\">\n\t\t\t<div class=\"elementor-widget-wrap elementor-element-populated\">\n\t\t\t\t\t\t<div class=\"elementor-element elementor-element-ad1693b elementor-widget elementor-widget-image\" data-id=\"ad1693b\" data-element_type=\"widget\" data-e-type=\"widget\" data-widget_type=\"image.default\">\n\t\t\t\t<div class=\"elementor-widget-container\">\n\t\t\t\t\t\t\t\t\t\t\t\t\t\t\t<img fetchpriority=\"high\" decoding=\"async\" width=\"432\" height=\"1024\" src=\"https:\/\/uit.br\/site\/wp-content\/uploads\/2021\/01\/medicina-432x1024.png\" class=\"attachment-large size-large wp-image-2049\" alt=\"\" srcset=\"https:\/\/uit.br\/site\/wp-content\/uploads\/2021\/01\/medicina-432x1024.png 432w, https:\/\/uit.br\/site\/wp-content\/uploads\/2021\/01\/medicina-127x300.png 127w, https:\/\/uit.br\/site\/wp-content\/uploads\/2021\/01\/medicina.png 601w\" sizes=\"(max-width: 432px) 100vw, 432px\" \/>\t\t\t\t\t\t\t\t\t\t\t\t\t\t\t<\/div>\n\t\t\t\t<\/div>\n\t\t\t\t\t<\/div>\n\t\t<\/div>\n\t\t\t\t<div class=\"elementor-column elementor-col-66 elementor-top-column elementor-element elementor-element-d068c34 elementor-invisible\" data-id=\"d068c34\" data-element_type=\"column\" data-e-type=\"column\" data-settings=\"{&quot;animation&quot;:&quot;slideInRight&quot;}\">\n\t\t\t<div class=\"elementor-widget-wrap elementor-element-populated\">\n\t\t\t\t\t\t<div class=\"elementor-element elementor-element-8ba80d7 elementor-widget elementor-widget-heading\" data-id=\"8ba80d7\" data-element_type=\"widget\" data-e-type=\"widget\" data-widget_type=\"heading.default\">\n\t\t\t\t<div class=\"elementor-widget-container\">\n\t\t\t\t\t<h2 class=\"elementor-heading-title elementor-size-default\">Medicina<\/h2>\t\t\t\t<\/div>\n\t\t\t\t<\/div>\n\t\t\t\t<div class=\"elementor-element elementor-element-fff596d elementor-widget elementor-widget-text-editor\" data-id=\"fff596d\" data-element_type=\"widget\" data-e-type=\"widget\" data-widget_type=\"text-editor.default\">\n\t\t\t\t<div class=\"elementor-widget-container\">\n\t\t\t\t\t\t\t\t\t<p><strong>O Curso<\/strong> &#8211; O foco do curso de Medicina da Universidade de Ita\u00fana \u00e9 a forma\u00e7\u00e3o do m\u00e9dico generalista, com um perfil que atende \u00e0s recomenda\u00e7\u00f5es da Organiza\u00e7\u00e3o Mundial de Sa\u00fade (OMS).<br>Busca-se a forma\u00e7\u00e3o de um profissional inovador, com conhecimentos gerais e espec\u00edficos, que possa exercer a Medicina com o rigor cient\u00edfico aliado \u00e0 sensibilidade.<br>O m\u00e9dico poder\u00e1 atuar em segmentos diversos, como no Programa de Sa\u00fade da Fam\u00edlia (PSF), cuja implanta\u00e7\u00e3o tem sido ampliada no pa\u00eds, gerando muitas vagas para o profissional. Poder\u00e1 atuar, ainda, como pesquisador, como docente em Ensino Superior, como gestor em institui\u00e7\u00f5es ligadas \u00e1 \u00e1rea de sa\u00fade ou exercer a Medicina no campo hospitalar, em cl\u00ednicas e\/ou consult\u00f3rios, dentro das mais variadas especialidades m\u00e9dicas.<br>Com uma grade curricular que alia teoria e pr\u00e1tica de forma equilibrada, o curso proporciona ao aluno uma forma\u00e7\u00e3o s\u00f3lida tanto do ponto de vista t\u00e9cnico quanto do human\u00edstico, englobando disciplinas como Anatomia, Fisiologia, Patologia, Biologia Molecular etc. Os modernos e bem equipados laborat\u00f3rios da UIT permitem a pr\u00e1tica eficaz dos conhecimentos te\u00f3ricos desenvolvidos.<\/p>\n<p><strong>METODOLOGIA DE ENSINO: Tradicional<\/strong><\/p>\n<p><strong>Coordenador do Curso:<\/strong> Prof. Rog\u00e9rio Saint-Clair Pimentel Mafra&nbsp;<\/p>\n<p><strong>Coordenador Adjunto: <\/strong>Prof. S\u00e9rgio Neves Drummond<\/p>\n<p><strong>Dura\u00e7\u00e3o:<\/strong> 12 (doze) semestres<\/p>\n<p><strong>Ato legal de autoriza\u00e7\u00e3o ou de reconhecimento do Curso:<\/strong> autorizado atrav\u00e9s do Decreto Estadual s\/n, publicado em 26\/10\/2007.<\/p>\n<p><strong>Formas de reajuste da mensalidade e da taxa de matr\u00edcula:<\/strong> estritamente na forma da Lei Federal n\u00ba 9.870, de 23-11-99.<\/p>\n<p>Bacharelado. MEC\/INEP: conceito 5. Vagas: 50 (cinquenta). Turno integral: manh\u00e3 e tarde.<\/p>\t\t\t\t\t\t\t\t<\/div>\n\t\t\t\t<\/div>\n\t\t\t\t\t<\/div>\n\t\t<\/div>\n\t\t\t\t\t<\/div>\n\t\t<\/section>\n\t\t\t\t<\/div>\n\t\t","protected":false},"excerpt":{"rendered":"<p>Medicina O Curso &#8211; O foco do curso de Medicina da Universidade de Ita\u00fana \u00e9 a forma\u00e7\u00e3o do m\u00e9dico generalista, com um perfil que atende \u00e0s recomenda\u00e7\u00f5es da Organiza\u00e7\u00e3o Mundial de Sa\u00fade (OMS).Busca-se a forma\u00e7\u00e3o de um profissional inovador, com conhecimentos gerais e espec\u00edficos, que possa exercer a Medicina com o rigor cient\u00edfico aliado \u00e0 [&hellip;]<\/p>\n","protected":false},"author":1,"featured_media":0,"parent":0,"menu_order":0,"comment_status":"closed","ping_status":"closed","template":"","meta":{"site-sidebar-layout":"no-sidebar","site-content-layout":"page-builder","ast-site-content-layout":"full-width-container","site-content-style":"unboxed","site-sidebar-style":"unboxed","ast-global-header-display":"","ast-banner-title-visibility":"","ast-main-header-display":"","ast-hfb-above-header-display":"","ast-hfb-below-header-display":"","ast-hfb-mobile-header-display":"","site-post-title":"disabled","ast-breadcrumbs-content":"","ast-featured-img":"disabled","footer-sml-layout":"","ast-disable-related-posts":"","theme-transparent-header-meta":"default","adv-header-id-meta":"","stick-header-meta":"","header-above-stick-meta":"","header-main-stick-meta":"","header-below-stick-meta":"","astra-migrate-meta-layouts":"set","ast-page-background-enabled":"default","ast-page-background-meta":{"desktop":{"background-color":"","background-image":"","background-repeat":"repeat","background-position":"center center","background-size":"auto","background-attachment":"scroll","background-type":"","background-media":"","overlay-type":"","overlay-color":"","overlay-opacity":"","overlay-gradient":""},"tablet":{"background-color":"","background-image":"","background-repeat":"repeat","background-position":"center center","background-size":"auto","background-attachment":"scroll","background-type":"","background-media":"","overlay-type":"","overlay-color":"","overlay-opacity":"","overlay-gradient":""},"mobile":{"background-color":"","background-image":"","background-repeat":"repeat","background-position":"center center","background-size":"auto","background-attachment":"scroll","background-type":"","background-media":"","overlay-type":"","overlay-color":"","overlay-opacity":"","overlay-gradient":""}},"ast-content-background-meta":{"desktop":{"background-color":"var(--ast-global-color-5)","background-image":"","background-repeat":"repeat","background-position":"center center","background-size":"auto","background-attachment":"scroll","background-type":"","background-media":"","overlay-type":"","overlay-color":"","overlay-opacity":"","overlay-gradient":""},"tablet":{"background-color":"var(--ast-global-color-5)","background-image":"","background-repeat":"repeat","background-position":"center center","background-size":"auto","background-attachment":"scroll","background-type":"","background-media":"","overlay-type":"","overlay-color":"","overlay-opacity":"","overlay-gradient":""},"mobile":{"background-color":"var(--ast-global-color-5)","background-image":"","background-repeat":"repeat","background-position":"center center","background-size":"auto","background-attachment":"scroll","background-type":"","background-media":"","overlay-type":"","overlay-color":"","overlay-opacity":"","overlay-gradient":""}},"footnotes":""},"class_list":["post-2047","page","type-page","status-publish","hentry"],"_links":{"self":[{"href":"https:\/\/uit.br\/site\/wp-json\/wp\/v2\/pages\/2047","targetHints":{"allow":["GET"]}}],"collection":[{"href":"https:\/\/uit.br\/site\/wp-json\/wp\/v2\/pages"}],"about":[{"href":"https:\/\/uit.br\/site\/wp-json\/wp\/v2\/types\/page"}],"author":[{"embeddable":true,"href":"https:\/\/uit.br\/site\/wp-json\/wp\/v2\/users\/1"}],"replies":[{"embeddable":true,"href":"https:\/\/uit.br\/site\/wp-json\/wp\/v2\/comments?post=2047"}],"version-history":[{"count":12,"href":"https:\/\/uit.br\/site\/wp-json\/wp\/v2\/pages\/2047\/revisions"}],"predecessor-version":[{"id":9096,"href":"https:\/\/uit.br\/site\/wp-json\/wp\/v2\/pages\/2047\/revisions\/9096"}],"wp:attachment":[{"href":"https:\/\/uit.br\/site\/wp-json\/wp\/v2\/media?parent=2047"}],"curies":[{"name":"wp","href":"https:\/\/api.w.org\/{rel}","templated":true}]}}