{"id":2017,"date":"2021-01-13T10:52:04","date_gmt":"2021-01-13T13:52:04","guid":{"rendered":"http:\/\/site.uit.br\/?page_id=2017"},"modified":"2023-02-10T14:32:07","modified_gmt":"2023-02-10T17:32:07","slug":"nutricao","status":"publish","type":"page","link":"https:\/\/uit.br\/site\/nutricao\/","title":{"rendered":"Nutri\u00e7\u00e3o"},"content":{"rendered":"\t\t<div data-elementor-type=\"wp-page\" data-elementor-id=\"2017\" class=\"elementor elementor-2017\" data-elementor-post-type=\"page\">\n\t\t\t\t\t\t<section class=\"elementor-section elementor-top-section elementor-element elementor-element-5a0fade elementor-section-boxed elementor-section-height-default elementor-section-height-default\" data-id=\"5a0fade\" data-element_type=\"section\" data-e-type=\"section\">\n\t\t\t\t\t\t<div class=\"elementor-container elementor-column-gap-default\">\n\t\t\t\t\t<div class=\"elementor-column elementor-col-33 elementor-top-column elementor-element elementor-element-cd78f50 elementor-invisible\" data-id=\"cd78f50\" data-element_type=\"column\" data-e-type=\"column\" data-settings=\"{&quot;animation&quot;:&quot;slideInLeft&quot;}\">\n\t\t\t<div class=\"elementor-widget-wrap elementor-element-populated\">\n\t\t\t\t\t\t<div class=\"elementor-element elementor-element-6aacb4b elementor-widget elementor-widget-image\" data-id=\"6aacb4b\" data-element_type=\"widget\" data-e-type=\"widget\" data-widget_type=\"image.default\">\n\t\t\t\t<div class=\"elementor-widget-container\">\n\t\t\t\t\t\t\t\t\t\t\t\t\t\t\t<img fetchpriority=\"high\" decoding=\"async\" width=\"432\" height=\"1024\" src=\"https:\/\/uit.br\/site\/wp-content\/uploads\/2021\/01\/nutircao-432x1024.png\" class=\"attachment-large size-large wp-image-2020\" alt=\"\" srcset=\"https:\/\/uit.br\/site\/wp-content\/uploads\/2021\/01\/nutircao-432x1024.png 432w, https:\/\/uit.br\/site\/wp-content\/uploads\/2021\/01\/nutircao-127x300.png 127w, https:\/\/uit.br\/site\/wp-content\/uploads\/2021\/01\/nutircao.png 601w\" sizes=\"(max-width: 432px) 100vw, 432px\" \/>\t\t\t\t\t\t\t\t\t\t\t\t\t\t\t<\/div>\n\t\t\t\t<\/div>\n\t\t\t\t\t<\/div>\n\t\t<\/div>\n\t\t\t\t<div class=\"elementor-column elementor-col-66 elementor-top-column elementor-element elementor-element-22e5911 elementor-invisible\" data-id=\"22e5911\" data-element_type=\"column\" data-e-type=\"column\" data-settings=\"{&quot;animation&quot;:&quot;slideInRight&quot;}\">\n\t\t\t<div class=\"elementor-widget-wrap elementor-element-populated\">\n\t\t\t\t\t\t<div class=\"elementor-element elementor-element-21cee69 elementor-widget elementor-widget-heading\" data-id=\"21cee69\" data-element_type=\"widget\" data-e-type=\"widget\" data-widget_type=\"heading.default\">\n\t\t\t\t<div class=\"elementor-widget-container\">\n\t\t\t\t\t<h2 class=\"elementor-heading-title elementor-size-default\">Nutri\u00e7\u00e3o <\/h2>\t\t\t\t<\/div>\n\t\t\t\t<\/div>\n\t\t\t\t<div class=\"elementor-element elementor-element-ad4c406 elementor-widget elementor-widget-text-editor\" data-id=\"ad4c406\" data-element_type=\"widget\" data-e-type=\"widget\" data-widget_type=\"text-editor.default\">\n\t\t\t\t<div class=\"elementor-widget-container\">\n\t\t\t\t\t\t\t\t\t<p><strong>O Curso<\/strong>&#8211; O foco do curso de Nutri\u00e7\u00e3o \u00e9 a forma\u00e7\u00e3o de profissionais que t\u00eam como objeto de trabalho a alimenta\u00e7\u00e3o e a nutri\u00e7\u00e3o do ser humano. O nutricionista estar\u00e1 apto a contribuir para a melhoria da qualidade de vida, seja em car\u00e1ter preventivo, seja em programas de recupera\u00e7\u00e3o de sa\u00fade.<br \/>Atualmente, o mercado de trabalho \u00e9 bastante amplo para o profissional de Nutri\u00e7\u00e3o, que pode atuar nas seguintes \u00e1reas, dentre outras:<\/p><ul><li>Nutri\u00e7\u00e3o infantil;<\/li><li>Nutri\u00e7\u00e3o para gestantes;<\/li><li>Nutri\u00e7\u00e3o cl\u00ednica e cir\u00fargica;<\/li><li>Ambulat\u00f3rios;<\/li><li>Programas de sa\u00fade p\u00fablica (planejamento, alimenta\u00e7\u00e3o escolar, realiza\u00e7\u00e3o de palestras etc);<\/li><li>Ensino e pesquisa;<\/li><li>Cargos de gest\u00e3o em institui\u00e7\u00f5es ligadas \u00e0 Nutri\u00e7\u00e3o;<\/li><li>Laborat\u00f3rios;<\/li><li>Vigil\u00e2ncia Sanit\u00e1ria;<\/li><li>Restaurantes;<\/li><li>Consult\u00f3rios particulares ou cl\u00ednicas (desenvolvimento de programas de reeduca\u00e7\u00e3o alimentar para indiv\u00edduos saud\u00e1veis ou para indiv\u00edduos que necessitam de uma alimenta\u00e7\u00e3o especial).<\/li><\/ul><p>\u00a0Bacharelado. MEC\/INEP: conceito 4. Vagas: 60 (sessenta). Turno: noite.<\/p>\t\t\t\t\t\t\t\t<\/div>\n\t\t\t\t<\/div>\n\t\t\t\t\t<\/div>\n\t\t<\/div>\n\t\t\t\t\t<\/div>\n\t\t<\/section>\n\t\t\t\t<\/div>\n\t\t","protected":false},"excerpt":{"rendered":"<p>Nutri\u00e7\u00e3o O Curso&#8211; O foco do curso de Nutri\u00e7\u00e3o \u00e9 a forma\u00e7\u00e3o de profissionais que t\u00eam como objeto de trabalho a alimenta\u00e7\u00e3o e a nutri\u00e7\u00e3o do ser humano. O nutricionista estar\u00e1 apto a contribuir para a melhoria da qualidade de vida, seja em car\u00e1ter preventivo, seja em programas de recupera\u00e7\u00e3o de sa\u00fade.Atualmente, o mercado de [&hellip;]<\/p>\n","protected":false},"author":1,"featured_media":0,"parent":0,"menu_order":0,"comment_status":"closed","ping_status":"closed","template":"","meta":{"site-sidebar-layout":"no-sidebar","site-content-layout":"page-builder","ast-site-content-layout":"default","site-content-style":"default","site-sidebar-style":"default","ast-global-header-display":"","ast-banner-title-visibility":"","ast-main-header-display":"","ast-hfb-above-header-display":"","ast-hfb-below-header-display":"","ast-hfb-mobile-header-display":"","site-post-title":"disabled","ast-breadcrumbs-content":"","ast-featured-img":"disabled","footer-sml-layout":"","ast-disable-related-posts":"","theme-transparent-header-meta":"default","adv-header-id-meta":"","stick-header-meta":"","header-above-stick-meta":"","header-main-stick-meta":"","header-below-stick-meta":"","astra-migrate-meta-layouts":"default","ast-page-background-enabled":"default","ast-page-background-meta":{"desktop":{"background-color":"","background-image":"","background-repeat":"repeat","background-position":"center center","background-size":"auto","background-attachment":"scroll","background-type":"","background-media":"","overlay-type":"","overlay-color":"","overlay-opacity":"","overlay-gradient":""},"tablet":{"background-color":"","background-image":"","background-repeat":"repeat","background-position":"center center","background-size":"auto","background-attachment":"scroll","background-type":"","background-media":"","overlay-type":"","overlay-color":"","overlay-opacity":"","overlay-gradient":""},"mobile":{"background-color":"","background-image":"","background-repeat":"repeat","background-position":"center center","background-size":"auto","background-attachment":"scroll","background-type":"","background-media":"","overlay-type":"","overlay-color":"","overlay-opacity":"","overlay-gradient":""}},"ast-content-background-meta":{"desktop":{"background-color":"var(--ast-global-color-5)","background-image":"","background-repeat":"repeat","background-position":"center center","background-size":"auto","background-attachment":"scroll","background-type":"","background-media":"","overlay-type":"","overlay-color":"","overlay-opacity":"","overlay-gradient":""},"tablet":{"background-color":"var(--ast-global-color-5)","background-image":"","background-repeat":"repeat","background-position":"center center","background-size":"auto","background-attachment":"scroll","background-type":"","background-media":"","overlay-type":"","overlay-color":"","overlay-opacity":"","overlay-gradient":""},"mobile":{"background-color":"var(--ast-global-color-5)","background-image":"","background-repeat":"repeat","background-position":"center center","background-size":"auto","background-attachment":"scroll","background-type":"","background-media":"","overlay-type":"","overlay-color":"","overlay-opacity":"","overlay-gradient":""}},"footnotes":""},"class_list":["post-2017","page","type-page","status-publish","hentry"],"_links":{"self":[{"href":"https:\/\/uit.br\/site\/wp-json\/wp\/v2\/pages\/2017","targetHints":{"allow":["GET"]}}],"collection":[{"href":"https:\/\/uit.br\/site\/wp-json\/wp\/v2\/pages"}],"about":[{"href":"https:\/\/uit.br\/site\/wp-json\/wp\/v2\/types\/page"}],"author":[{"embeddable":true,"href":"https:\/\/uit.br\/site\/wp-json\/wp\/v2\/users\/1"}],"replies":[{"embeddable":true,"href":"https:\/\/uit.br\/site\/wp-json\/wp\/v2\/comments?post=2017"}],"version-history":[{"count":0,"href":"https:\/\/uit.br\/site\/wp-json\/wp\/v2\/pages\/2017\/revisions"}],"wp:attachment":[{"href":"https:\/\/uit.br\/site\/wp-json\/wp\/v2\/media?parent=2017"}],"curies":[{"name":"wp","href":"https:\/\/api.w.org\/{rel}","templated":true}]}}