{"id":1960,"date":"2021-01-13T09:49:38","date_gmt":"2021-01-13T12:49:38","guid":{"rendered":"http:\/\/site.uit.br\/?page_id=1960"},"modified":"2023-02-10T14:27:58","modified_gmt":"2023-02-10T17:27:58","slug":"engenharia-mecanica","status":"publish","type":"page","link":"https:\/\/uit.br\/site\/engenharia-mecanica\/","title":{"rendered":"Engenharia Mec\u00e2nica"},"content":{"rendered":"\t\t<div data-elementor-type=\"wp-page\" data-elementor-id=\"1960\" class=\"elementor elementor-1960\" data-elementor-post-type=\"page\">\n\t\t\t\t\t\t<section class=\"elementor-section elementor-top-section elementor-element elementor-element-39ac11c elementor-section-boxed elementor-section-height-default elementor-section-height-default\" data-id=\"39ac11c\" data-element_type=\"section\" data-e-type=\"section\">\n\t\t\t\t\t\t<div class=\"elementor-container elementor-column-gap-default\">\n\t\t\t\t\t<div class=\"elementor-column elementor-col-33 elementor-top-column elementor-element elementor-element-32962be elementor-invisible\" data-id=\"32962be\" data-element_type=\"column\" data-e-type=\"column\" data-settings=\"{&quot;animation&quot;:&quot;slideInLeft&quot;}\">\n\t\t\t<div class=\"elementor-widget-wrap elementor-element-populated\">\n\t\t\t\t\t\t<div class=\"elementor-element elementor-element-18baa39 elementor-widget elementor-widget-image\" data-id=\"18baa39\" data-element_type=\"widget\" data-e-type=\"widget\" data-widget_type=\"image.default\">\n\t\t\t\t<div class=\"elementor-widget-container\">\n\t\t\t\t\t\t\t\t\t\t\t\t\t\t\t<img fetchpriority=\"high\" decoding=\"async\" width=\"432\" height=\"1024\" src=\"https:\/\/uit.br\/site\/wp-content\/uploads\/2021\/01\/engenharia-mecanica-432x1024.png\" class=\"attachment-large size-large wp-image-1963\" alt=\"\" srcset=\"https:\/\/uit.br\/site\/wp-content\/uploads\/2021\/01\/engenharia-mecanica-432x1024.png 432w, https:\/\/uit.br\/site\/wp-content\/uploads\/2021\/01\/engenharia-mecanica-127x300.png 127w, https:\/\/uit.br\/site\/wp-content\/uploads\/2021\/01\/engenharia-mecanica.png 601w\" sizes=\"(max-width: 432px) 100vw, 432px\" \/>\t\t\t\t\t\t\t\t\t\t\t\t\t\t\t<\/div>\n\t\t\t\t<\/div>\n\t\t\t\t\t<\/div>\n\t\t<\/div>\n\t\t\t\t<div class=\"elementor-column elementor-col-66 elementor-top-column elementor-element elementor-element-bdacd76 elementor-invisible\" data-id=\"bdacd76\" data-element_type=\"column\" data-e-type=\"column\" data-settings=\"{&quot;animation&quot;:&quot;slideInRight&quot;}\">\n\t\t\t<div class=\"elementor-widget-wrap elementor-element-populated\">\n\t\t\t\t\t\t<div class=\"elementor-element elementor-element-5bb69b6 elementor-widget elementor-widget-heading\" data-id=\"5bb69b6\" data-element_type=\"widget\" data-e-type=\"widget\" data-widget_type=\"heading.default\">\n\t\t\t\t<div class=\"elementor-widget-container\">\n\t\t\t\t\t<h2 class=\"elementor-heading-title elementor-size-default\">Engenharia Mec\u00e2nica<\/h2>\t\t\t\t<\/div>\n\t\t\t\t<\/div>\n\t\t\t\t<div class=\"elementor-element elementor-element-e57aad3 elementor-widget elementor-widget-text-editor\" data-id=\"e57aad3\" data-element_type=\"widget\" data-e-type=\"widget\" data-widget_type=\"text-editor.default\">\n\t\t\t\t<div class=\"elementor-widget-container\">\n\t\t\t\t\t\t\t\t\t<p><strong>O Curso<\/strong> &#8211; O foco do curso de Engenharia Mec\u00e2nica \u00e9 a forma\u00e7\u00e3o profissional de Engenheiro Mec\u00e2nico, atrav\u00e9s do estudo da Mec\u00e2nica como ci\u00eancia, de suas aplica\u00e7\u00f5es ao projeto, \u00e0 fabrica\u00e7\u00e3o e \u00e0 utiliza\u00e7\u00e3o de m\u00e1quinas.<br \/>O campo de atua\u00e7\u00e3o dos profissionais desta \u00e1rea abrange:<\/p><ul><li>Ind\u00fastrias;<\/li><li>Servi\u00e7os de consultoria e assessoria;<\/li><li>Institui\u00e7\u00f5es cient\u00edficas e de pesquisas;<\/li><li>Institui\u00e7\u00f5es de ensino;<\/li><li>Servi\u00e7os p\u00fablicos em geral;<\/li><li>Projetos e desenvolvimento de diferentes equipamentos mec\u00e2nicos;<\/li><li>Servi\u00e7os de manuten\u00e7\u00e3o em equipamentos.<\/li><\/ul><p><strong>Ato legal de autoriza\u00e7\u00e3o ou de reconhecimento do Curso:<\/strong> renova\u00e7\u00e3o do reconhecimento atrav\u00e9s do Decreto Estadual s\/n, publicado em 31\/12\/2004.<br \/><strong>Formas de reajuste da mensalidade e da taxa de matr\u00edcula:<\/strong> estritamente na forma da Lei Federal n\u00ba 9.870, de 23-11-99.<\/p><p>Bacharelado. MEC\/INEP: conceito 4. Vagas: 60 (sessenta). Turno: noite.<\/p>\t\t\t\t\t\t\t\t<\/div>\n\t\t\t\t<\/div>\n\t\t\t\t\t<\/div>\n\t\t<\/div>\n\t\t\t\t\t<\/div>\n\t\t<\/section>\n\t\t\t\t<\/div>\n\t\t","protected":false},"excerpt":{"rendered":"<p>Engenharia Mec\u00e2nica O Curso &#8211; O foco do curso de Engenharia Mec\u00e2nica \u00e9 a forma\u00e7\u00e3o profissional de Engenheiro Mec\u00e2nico, atrav\u00e9s do estudo da Mec\u00e2nica como ci\u00eancia, de suas aplica\u00e7\u00f5es ao projeto, \u00e0 fabrica\u00e7\u00e3o e \u00e0 utiliza\u00e7\u00e3o de m\u00e1quinas.O campo de atua\u00e7\u00e3o dos profissionais desta \u00e1rea abrange: Ind\u00fastrias; Servi\u00e7os de consultoria e assessoria; Institui\u00e7\u00f5es cient\u00edficas e [&hellip;]<\/p>\n","protected":false},"author":1,"featured_media":0,"parent":0,"menu_order":0,"comment_status":"closed","ping_status":"closed","template":"","meta":{"site-sidebar-layout":"no-sidebar","site-content-layout":"page-builder","ast-site-content-layout":"default","site-content-style":"default","site-sidebar-style":"default","ast-global-header-display":"","ast-banner-title-visibility":"","ast-main-header-display":"","ast-hfb-above-header-display":"","ast-hfb-below-header-display":"","ast-hfb-mobile-header-display":"","site-post-title":"disabled","ast-breadcrumbs-content":"","ast-featured-img":"disabled","footer-sml-layout":"","ast-disable-related-posts":"","theme-transparent-header-meta":"default","adv-header-id-meta":"","stick-header-meta":"","header-above-stick-meta":"","header-main-stick-meta":"","header-below-stick-meta":"","astra-migrate-meta-layouts":"default","ast-page-background-enabled":"default","ast-page-background-meta":{"desktop":{"background-color":"","background-image":"","background-repeat":"repeat","background-position":"center center","background-size":"auto","background-attachment":"scroll","background-type":"","background-media":"","overlay-type":"","overlay-color":"","overlay-opacity":"","overlay-gradient":""},"tablet":{"background-color":"","background-image":"","background-repeat":"repeat","background-position":"center center","background-size":"auto","background-attachment":"scroll","background-type":"","background-media":"","overlay-type":"","overlay-color":"","overlay-opacity":"","overlay-gradient":""},"mobile":{"background-color":"","background-image":"","background-repeat":"repeat","background-position":"center center","background-size":"auto","background-attachment":"scroll","background-type":"","background-media":"","overlay-type":"","overlay-color":"","overlay-opacity":"","overlay-gradient":""}},"ast-content-background-meta":{"desktop":{"background-color":"var(--ast-global-color-5)","background-image":"","background-repeat":"repeat","background-position":"center center","background-size":"auto","background-attachment":"scroll","background-type":"","background-media":"","overlay-type":"","overlay-color":"","overlay-opacity":"","overlay-gradient":""},"tablet":{"background-color":"var(--ast-global-color-5)","background-image":"","background-repeat":"repeat","background-position":"center center","background-size":"auto","background-attachment":"scroll","background-type":"","background-media":"","overlay-type":"","overlay-color":"","overlay-opacity":"","overlay-gradient":""},"mobile":{"background-color":"var(--ast-global-color-5)","background-image":"","background-repeat":"repeat","background-position":"center center","background-size":"auto","background-attachment":"scroll","background-type":"","background-media":"","overlay-type":"","overlay-color":"","overlay-opacity":"","overlay-gradient":""}},"footnotes":""},"class_list":["post-1960","page","type-page","status-publish","hentry"],"_links":{"self":[{"href":"https:\/\/uit.br\/site\/wp-json\/wp\/v2\/pages\/1960","targetHints":{"allow":["GET"]}}],"collection":[{"href":"https:\/\/uit.br\/site\/wp-json\/wp\/v2\/pages"}],"about":[{"href":"https:\/\/uit.br\/site\/wp-json\/wp\/v2\/types\/page"}],"author":[{"embeddable":true,"href":"https:\/\/uit.br\/site\/wp-json\/wp\/v2\/users\/1"}],"replies":[{"embeddable":true,"href":"https:\/\/uit.br\/site\/wp-json\/wp\/v2\/comments?post=1960"}],"version-history":[{"count":0,"href":"https:\/\/uit.br\/site\/wp-json\/wp\/v2\/pages\/1960\/revisions"}],"wp:attachment":[{"href":"https:\/\/uit.br\/site\/wp-json\/wp\/v2\/media?parent=1960"}],"curies":[{"name":"wp","href":"https:\/\/api.w.org\/{rel}","templated":true}]}}