{"id":1945,"date":"2021-01-13T09:14:41","date_gmt":"2021-01-13T12:14:41","guid":{"rendered":"http:\/\/site.uit.br\/?page_id=1945"},"modified":"2023-02-10T14:26:29","modified_gmt":"2023-02-10T17:26:29","slug":"ciencias-contabeis","status":"publish","type":"page","link":"https:\/\/uit.br\/site\/ciencias-contabeis\/","title":{"rendered":"Ci\u00eancias Cont\u00e1beis"},"content":{"rendered":"\t\t<div data-elementor-type=\"wp-page\" data-elementor-id=\"1945\" class=\"elementor elementor-1945\" data-elementor-post-type=\"page\">\n\t\t\t\t\t\t<section class=\"elementor-section elementor-top-section elementor-element elementor-element-b0bc898 elementor-section-boxed elementor-section-height-default elementor-section-height-default\" data-id=\"b0bc898\" data-element_type=\"section\" data-e-type=\"section\">\n\t\t\t\t\t\t<div class=\"elementor-container elementor-column-gap-default\">\n\t\t\t\t\t<div class=\"elementor-column elementor-col-33 elementor-top-column elementor-element elementor-element-4a2280e elementor-invisible\" data-id=\"4a2280e\" data-element_type=\"column\" data-e-type=\"column\" data-settings=\"{&quot;animation&quot;:&quot;slideInLeft&quot;}\">\n\t\t\t<div class=\"elementor-widget-wrap elementor-element-populated\">\n\t\t\t\t\t\t<div class=\"elementor-element elementor-element-54a2ba3 elementor-widget elementor-widget-image\" data-id=\"54a2ba3\" data-element_type=\"widget\" data-e-type=\"widget\" data-widget_type=\"image.default\">\n\t\t\t\t<div class=\"elementor-widget-container\">\n\t\t\t\t\t\t\t\t\t\t\t\t\t\t\t<img fetchpriority=\"high\" decoding=\"async\" width=\"432\" height=\"1024\" src=\"https:\/\/uit.br\/site\/wp-content\/uploads\/2021\/01\/ciencias-contabeis-432x1024.png\" class=\"attachment-large size-large wp-image-1948\" alt=\"\" srcset=\"https:\/\/uit.br\/site\/wp-content\/uploads\/2021\/01\/ciencias-contabeis-432x1024.png 432w, https:\/\/uit.br\/site\/wp-content\/uploads\/2021\/01\/ciencias-contabeis-127x300.png 127w, https:\/\/uit.br\/site\/wp-content\/uploads\/2021\/01\/ciencias-contabeis.png 601w\" sizes=\"(max-width: 432px) 100vw, 432px\" \/>\t\t\t\t\t\t\t\t\t\t\t\t\t\t\t<\/div>\n\t\t\t\t<\/div>\n\t\t\t\t\t<\/div>\n\t\t<\/div>\n\t\t\t\t<div class=\"elementor-column elementor-col-66 elementor-top-column elementor-element elementor-element-9953e03 elementor-invisible\" data-id=\"9953e03\" data-element_type=\"column\" data-e-type=\"column\" data-settings=\"{&quot;animation&quot;:&quot;slideInRight&quot;}\">\n\t\t\t<div class=\"elementor-widget-wrap elementor-element-populated\">\n\t\t\t\t\t\t<div class=\"elementor-element elementor-element-6286ebc elementor-widget elementor-widget-heading\" data-id=\"6286ebc\" data-element_type=\"widget\" data-e-type=\"widget\" data-widget_type=\"heading.default\">\n\t\t\t\t<div class=\"elementor-widget-container\">\n\t\t\t\t\t<h2 class=\"elementor-heading-title elementor-size-default\">Ci\u00eancias Cont\u00e1beis<\/h2>\t\t\t\t<\/div>\n\t\t\t\t<\/div>\n\t\t\t\t<div class=\"elementor-element elementor-element-e04dffb elementor-widget elementor-widget-text-editor\" data-id=\"e04dffb\" data-element_type=\"widget\" data-e-type=\"widget\" data-widget_type=\"text-editor.default\">\n\t\t\t\t<div class=\"elementor-widget-container\">\n\t\t\t\t\t\t\t\t\t<p><strong>O Curso<\/strong> &#8211; O foco do curso de Bacharelado em Ci\u00eancias Cont\u00e1beis \u00e9 fornecer o embasamento doutrin\u00e1rio-cient\u00edfico da Contabilidade e mostrar as t\u00e9cnicas usuais que proporcionam condi\u00e7\u00f5es para o planejamento e a ger\u00eancia cont\u00e1bil de entidades, para realizar a estrutura\u00e7\u00e3o do controle e da an\u00e1lise das situa\u00e7\u00f5es econ\u00f4mico-financeira e patrimonial dessas entidades, para o exerc\u00edcio de auditoria cont\u00e1bil, per\u00edcia judicial e extrajudicial, programa\u00e7\u00e3o or\u00e7ament\u00e1ria e controladoria financeira das entidades.<br \/>A atua\u00e7\u00e3o do Bacharel em Ci\u00eancias Cont\u00e1beis verifica-se na condi\u00e7\u00e3o de profissional aut\u00f4nomo, s\u00f3cio de empresa ou escrit\u00f3rio prestador de servi\u00e7os t\u00e9cnicos de Contabilidade, Auditoria e Assessoramento ou como funcion\u00e1rio respons\u00e1vel pelas \u00e1reas de Contabilidade, Auditoria Interna, Controladoria e Or\u00e7amento financeiros, Assessoramento Fiscal-Tribut\u00e1rio, Custos e Planejamento Gerencial e An\u00e1lise das Demonstra\u00e7\u00f5es Cont\u00e1beis das entidades p\u00fablicas e particulares. O Contador atua, tamb\u00e9m, no assessoramento tribut\u00e1rio-fiscal a pessoas f\u00edsicas; em per\u00edcias cont\u00e1beis, judiciais ou extrajudiciais; no magist\u00e9rio superior, em disciplina de Contabilidade e de suas especializa\u00e7\u00f5es; em avalia\u00e7\u00f5es de bens patrimoniais, nos casos de constitui\u00e7\u00e3o, incorpora\u00e7\u00e3o, cis\u00e3o e fus\u00e3o de empresas. O perfil do Contador aponta para um profissional dotado de significativa capacidade para pesquisar, analisar, orientar e discernir sensatamente, porquanto \u00e9 o respons\u00e1vel por todo o sistema de informa\u00e7\u00f5es econ\u00f4mico-financeiras e patrimoniais geradas pelas opera\u00e7\u00f5es decorrentes da gest\u00e3o das entidades de um modo geral. Para desenvolver a contento suas atribui\u00e7\u00f5es, \u00e9 indispens\u00e1vel que o profissional possua s\u00f3lida e ecl\u00e9tica forma\u00e7\u00e3o cultural e t\u00e9cnica e grande experi\u00eancia de campo, embasamentos imprescind\u00edveis \u00e0 qualidade de seus relat\u00f3rios e pareceres, os quais se constituem em elemento fundamental para a tomada de decis\u00f5es oportunas e adequadas pela administra\u00e7\u00e3o das entidades, bem como pelos demais usu\u00e1rios das informa\u00e7\u00f5es cont\u00e1beis.<\/p><p>Bacharelado. MEC\/INEP: conceito 4. Vagas: 60 (sessenta). Turno: noite.<\/p>\t\t\t\t\t\t\t\t<\/div>\n\t\t\t\t<\/div>\n\t\t\t\t\t<\/div>\n\t\t<\/div>\n\t\t\t\t\t<\/div>\n\t\t<\/section>\n\t\t\t\t<\/div>\n\t\t","protected":false},"excerpt":{"rendered":"<p>Ci\u00eancias Cont\u00e1beis O Curso &#8211; O foco do curso de Bacharelado em Ci\u00eancias Cont\u00e1beis \u00e9 fornecer o embasamento doutrin\u00e1rio-cient\u00edfico da Contabilidade e mostrar as t\u00e9cnicas usuais que proporcionam condi\u00e7\u00f5es para o planejamento e a ger\u00eancia cont\u00e1bil de entidades, para realizar a estrutura\u00e7\u00e3o do controle e da an\u00e1lise das situa\u00e7\u00f5es econ\u00f4mico-financeira e patrimonial dessas entidades, para [&hellip;]<\/p>\n","protected":false},"author":1,"featured_media":0,"parent":0,"menu_order":0,"comment_status":"closed","ping_status":"closed","template":"","meta":{"site-sidebar-layout":"no-sidebar","site-content-layout":"page-builder","ast-site-content-layout":"default","site-content-style":"default","site-sidebar-style":"default","ast-global-header-display":"","ast-banner-title-visibility":"","ast-main-header-display":"","ast-hfb-above-header-display":"","ast-hfb-below-header-display":"","ast-hfb-mobile-header-display":"","site-post-title":"disabled","ast-breadcrumbs-content":"","ast-featured-img":"disabled","footer-sml-layout":"","ast-disable-related-posts":"","theme-transparent-header-meta":"default","adv-header-id-meta":"","stick-header-meta":"","header-above-stick-meta":"","header-main-stick-meta":"","header-below-stick-meta":"","astra-migrate-meta-layouts":"default","ast-page-background-enabled":"default","ast-page-background-meta":{"desktop":{"background-color":"","background-image":"","background-repeat":"repeat","background-position":"center center","background-size":"auto","background-attachment":"scroll","background-type":"","background-media":"","overlay-type":"","overlay-color":"","overlay-opacity":"","overlay-gradient":""},"tablet":{"background-color":"","background-image":"","background-repeat":"repeat","background-position":"center center","background-size":"auto","background-attachment":"scroll","background-type":"","background-media":"","overlay-type":"","overlay-color":"","overlay-opacity":"","overlay-gradient":""},"mobile":{"background-color":"","background-image":"","background-repeat":"repeat","background-position":"center center","background-size":"auto","background-attachment":"scroll","background-type":"","background-media":"","overlay-type":"","overlay-color":"","overlay-opacity":"","overlay-gradient":""}},"ast-content-background-meta":{"desktop":{"background-color":"var(--ast-global-color-5)","background-image":"","background-repeat":"repeat","background-position":"center center","background-size":"auto","background-attachment":"scroll","background-type":"","background-media":"","overlay-type":"","overlay-color":"","overlay-opacity":"","overlay-gradient":""},"tablet":{"background-color":"var(--ast-global-color-5)","background-image":"","background-repeat":"repeat","background-position":"center center","background-size":"auto","background-attachment":"scroll","background-type":"","background-media":"","overlay-type":"","overlay-color":"","overlay-opacity":"","overlay-gradient":""},"mobile":{"background-color":"var(--ast-global-color-5)","background-image":"","background-repeat":"repeat","background-position":"center center","background-size":"auto","background-attachment":"scroll","background-type":"","background-media":"","overlay-type":"","overlay-color":"","overlay-opacity":"","overlay-gradient":""}},"footnotes":""},"class_list":["post-1945","page","type-page","status-publish","hentry"],"_links":{"self":[{"href":"https:\/\/uit.br\/site\/wp-json\/wp\/v2\/pages\/1945","targetHints":{"allow":["GET"]}}],"collection":[{"href":"https:\/\/uit.br\/site\/wp-json\/wp\/v2\/pages"}],"about":[{"href":"https:\/\/uit.br\/site\/wp-json\/wp\/v2\/types\/page"}],"author":[{"embeddable":true,"href":"https:\/\/uit.br\/site\/wp-json\/wp\/v2\/users\/1"}],"replies":[{"embeddable":true,"href":"https:\/\/uit.br\/site\/wp-json\/wp\/v2\/comments?post=1945"}],"version-history":[{"count":0,"href":"https:\/\/uit.br\/site\/wp-json\/wp\/v2\/pages\/1945\/revisions"}],"wp:attachment":[{"href":"https:\/\/uit.br\/site\/wp-json\/wp\/v2\/media?parent=1945"}],"curies":[{"name":"wp","href":"https:\/\/api.w.org\/{rel}","templated":true}]}}