{"id":1935,"date":"2021-01-13T09:01:28","date_gmt":"2021-01-13T12:01:28","guid":{"rendered":"http:\/\/site.uit.br\/?page_id=1935"},"modified":"2023-02-10T14:27:07","modified_gmt":"2023-02-10T17:27:07","slug":"direito-diurno","status":"publish","type":"page","link":"https:\/\/uit.br\/site\/direito-diurno\/","title":{"rendered":"Direito &#8211; Diurno"},"content":{"rendered":"\t\t<div data-elementor-type=\"wp-page\" data-elementor-id=\"1935\" class=\"elementor elementor-1935\" data-elementor-post-type=\"page\">\n\t\t\t\t\t\t<section class=\"elementor-section elementor-top-section elementor-element elementor-element-25236f3 elementor-section-boxed elementor-section-height-default elementor-section-height-default\" data-id=\"25236f3\" data-element_type=\"section\" data-e-type=\"section\">\n\t\t\t\t\t\t<div class=\"elementor-container elementor-column-gap-default\">\n\t\t\t\t\t<div class=\"elementor-column elementor-col-33 elementor-top-column elementor-element elementor-element-445fd6a elementor-invisible\" data-id=\"445fd6a\" data-element_type=\"column\" data-e-type=\"column\" data-settings=\"{&quot;animation&quot;:&quot;slideInLeft&quot;}\">\n\t\t\t<div class=\"elementor-widget-wrap elementor-element-populated\">\n\t\t\t\t\t\t<div class=\"elementor-element elementor-element-7a9217d elementor-widget elementor-widget-image\" data-id=\"7a9217d\" data-element_type=\"widget\" data-e-type=\"widget\" data-widget_type=\"image.default\">\n\t\t\t\t<div class=\"elementor-widget-container\">\n\t\t\t\t\t\t\t\t\t\t\t\t\t\t\t<img fetchpriority=\"high\" decoding=\"async\" width=\"432\" height=\"1024\" src=\"https:\/\/uit.br\/site\/wp-content\/uploads\/2021\/01\/direito-diurno-432x1024.png\" class=\"attachment-large size-large wp-image-1938\" alt=\"\" srcset=\"https:\/\/uit.br\/site\/wp-content\/uploads\/2021\/01\/direito-diurno-432x1024.png 432w, https:\/\/uit.br\/site\/wp-content\/uploads\/2021\/01\/direito-diurno-127x300.png 127w, https:\/\/uit.br\/site\/wp-content\/uploads\/2021\/01\/direito-diurno.png 601w\" sizes=\"(max-width: 432px) 100vw, 432px\" \/>\t\t\t\t\t\t\t\t\t\t\t\t\t\t\t<\/div>\n\t\t\t\t<\/div>\n\t\t\t\t\t<\/div>\n\t\t<\/div>\n\t\t\t\t<div class=\"elementor-column elementor-col-66 elementor-top-column elementor-element elementor-element-f180434 elementor-invisible\" data-id=\"f180434\" data-element_type=\"column\" data-e-type=\"column\" data-settings=\"{&quot;animation&quot;:&quot;slideInRight&quot;}\">\n\t\t\t<div class=\"elementor-widget-wrap elementor-element-populated\">\n\t\t\t\t\t\t<div class=\"elementor-element elementor-element-adfdf62 elementor-widget elementor-widget-heading\" data-id=\"adfdf62\" data-element_type=\"widget\" data-e-type=\"widget\" data-widget_type=\"heading.default\">\n\t\t\t\t<div class=\"elementor-widget-container\">\n\t\t\t\t\t<h2 class=\"elementor-heading-title elementor-size-default\">Direito - Diurno<\/h2>\t\t\t\t<\/div>\n\t\t\t\t<\/div>\n\t\t\t\t<div class=\"elementor-element elementor-element-dd12ef5 elementor-widget elementor-widget-text-editor\" data-id=\"dd12ef5\" data-element_type=\"widget\" data-e-type=\"widget\" data-widget_type=\"text-editor.default\">\n\t\t\t\t<div class=\"elementor-widget-container\">\n\t\t\t\t\t\t\t\t\t<p>O Curso &#8211; O foco do curso de Direito \u00e9 a forma\u00e7\u00e3o te\u00f3rica e pr\u00e1tica do profissional da \u00e1rea jur\u00eddica, a saber, o militante da advocacia, o juiz, o promotor, o defensor p\u00fablico e o magistrado em geral. \u00c9, ainda, o funcion\u00e1rio especializado do servi\u00e7o p\u00fablico ou privado, o que exige dele conhecimentos espec\u00edficos de Direito. Al\u00e9m disso, esse profissional adquire ampla forma\u00e7\u00e3o cultural, em vista da estreita vincula\u00e7\u00e3o do curso com outras \u00e1reas das Ci\u00eancias Sociais, tais como a Sociologia, a Hist\u00f3ria, a Economia e ci\u00eancias correlatas. O Curso de Direito abre um leque muito grande de op\u00e7\u00f5es para o estudante, que poder\u00e1 haurir conhecimentos para o ingresso na pr\u00f3pria carreira do Magist\u00e9rio Superior, transitando por v\u00e1rios setores do Servi\u00e7o p\u00fablico e privado e, tamb\u00e9m, para atingir a carreira diplom\u00e1tica.<br \/>O profissional do Direito deve se pautar na \u00e9tica e na busca de solu\u00e7\u00f5es justas para os conflitos sociais.<\/p><p>Os bachar\u00e9is em Direito egressos da Universidade de Ita\u00fana t\u00eam obtido excelentes resultados no Exame da Ordem dos Advogados do Brasil (OAB) e em concursos p\u00fablicos, o que s\u00f3 confirma a qualidade do ensino de nossa institui\u00e7\u00e3o.<\/p><p>Bacharelado. MEC\/INEP: conceito 4. Vagas:\u00a0 75 (setenta e cinco)<\/p>\t\t\t\t\t\t\t\t<\/div>\n\t\t\t\t<\/div>\n\t\t\t\t\t<\/div>\n\t\t<\/div>\n\t\t\t\t\t<\/div>\n\t\t<\/section>\n\t\t\t\t<\/div>\n\t\t","protected":false},"excerpt":{"rendered":"<p>Direito &#8211; Diurno O Curso &#8211; O foco do curso de Direito \u00e9 a forma\u00e7\u00e3o te\u00f3rica e pr\u00e1tica do profissional da \u00e1rea jur\u00eddica, a saber, o militante da advocacia, o juiz, o promotor, o defensor p\u00fablico e o magistrado em geral. \u00c9, ainda, o funcion\u00e1rio especializado do servi\u00e7o p\u00fablico ou privado, o que exige dele [&hellip;]<\/p>\n","protected":false},"author":1,"featured_media":0,"parent":0,"menu_order":0,"comment_status":"closed","ping_status":"closed","template":"","meta":{"site-sidebar-layout":"no-sidebar","site-content-layout":"page-builder","ast-site-content-layout":"default","site-content-style":"default","site-sidebar-style":"default","ast-global-header-display":"","ast-banner-title-visibility":"","ast-main-header-display":"","ast-hfb-above-header-display":"","ast-hfb-below-header-display":"","ast-hfb-mobile-header-display":"","site-post-title":"disabled","ast-breadcrumbs-content":"","ast-featured-img":"disabled","footer-sml-layout":"","ast-disable-related-posts":"","theme-transparent-header-meta":"default","adv-header-id-meta":"","stick-header-meta":"","header-above-stick-meta":"","header-main-stick-meta":"","header-below-stick-meta":"","astra-migrate-meta-layouts":"default","ast-page-background-enabled":"default","ast-page-background-meta":{"desktop":{"background-color":"","background-image":"","background-repeat":"repeat","background-position":"center center","background-size":"auto","background-attachment":"scroll","background-type":"","background-media":"","overlay-type":"","overlay-color":"","overlay-opacity":"","overlay-gradient":""},"tablet":{"background-color":"","background-image":"","background-repeat":"repeat","background-position":"center center","background-size":"auto","background-attachment":"scroll","background-type":"","background-media":"","overlay-type":"","overlay-color":"","overlay-opacity":"","overlay-gradient":""},"mobile":{"background-color":"","background-image":"","background-repeat":"repeat","background-position":"center center","background-size":"auto","background-attachment":"scroll","background-type":"","background-media":"","overlay-type":"","overlay-color":"","overlay-opacity":"","overlay-gradient":""}},"ast-content-background-meta":{"desktop":{"background-color":"var(--ast-global-color-5)","background-image":"","background-repeat":"repeat","background-position":"center center","background-size":"auto","background-attachment":"scroll","background-type":"","background-media":"","overlay-type":"","overlay-color":"","overlay-opacity":"","overlay-gradient":""},"tablet":{"background-color":"var(--ast-global-color-5)","background-image":"","background-repeat":"repeat","background-position":"center center","background-size":"auto","background-attachment":"scroll","background-type":"","background-media":"","overlay-type":"","overlay-color":"","overlay-opacity":"","overlay-gradient":""},"mobile":{"background-color":"var(--ast-global-color-5)","background-image":"","background-repeat":"repeat","background-position":"center center","background-size":"auto","background-attachment":"scroll","background-type":"","background-media":"","overlay-type":"","overlay-color":"","overlay-opacity":"","overlay-gradient":""}},"footnotes":""},"class_list":["post-1935","page","type-page","status-publish","hentry"],"_links":{"self":[{"href":"https:\/\/uit.br\/site\/wp-json\/wp\/v2\/pages\/1935","targetHints":{"allow":["GET"]}}],"collection":[{"href":"https:\/\/uit.br\/site\/wp-json\/wp\/v2\/pages"}],"about":[{"href":"https:\/\/uit.br\/site\/wp-json\/wp\/v2\/types\/page"}],"author":[{"embeddable":true,"href":"https:\/\/uit.br\/site\/wp-json\/wp\/v2\/users\/1"}],"replies":[{"embeddable":true,"href":"https:\/\/uit.br\/site\/wp-json\/wp\/v2\/comments?post=1935"}],"version-history":[{"count":0,"href":"https:\/\/uit.br\/site\/wp-json\/wp\/v2\/pages\/1935\/revisions"}],"wp:attachment":[{"href":"https:\/\/uit.br\/site\/wp-json\/wp\/v2\/media?parent=1935"}],"curies":[{"name":"wp","href":"https:\/\/api.w.org\/{rel}","templated":true}]}}