{"id":1898,"date":"2021-01-13T08:35:59","date_gmt":"2021-01-13T11:35:59","guid":{"rendered":"http:\/\/site.uit.br\/?page_id=1898"},"modified":"2022-06-29T20:25:34","modified_gmt":"2022-06-29T23:25:34","slug":"quimica","status":"publish","type":"page","link":"https:\/\/uit.br\/site\/quimica\/","title":{"rendered":"Qu\u00edmica"},"content":{"rendered":"\t\t<div data-elementor-type=\"wp-page\" data-elementor-id=\"1898\" class=\"elementor elementor-1898\" data-elementor-post-type=\"page\">\n\t\t\t\t\t\t<section class=\"elementor-section elementor-top-section elementor-element elementor-element-31a7488 elementor-section-boxed elementor-section-height-default elementor-section-height-default\" data-id=\"31a7488\" data-element_type=\"section\" data-e-type=\"section\">\n\t\t\t\t\t\t<div class=\"elementor-container elementor-column-gap-default\">\n\t\t\t\t\t<div class=\"elementor-column elementor-col-33 elementor-top-column elementor-element elementor-element-f627494 elementor-invisible\" data-id=\"f627494\" data-element_type=\"column\" data-e-type=\"column\" data-settings=\"{&quot;animation&quot;:&quot;slideInLeft&quot;}\">\n\t\t\t<div class=\"elementor-widget-wrap elementor-element-populated\">\n\t\t\t\t\t\t<div class=\"elementor-element elementor-element-19e3927 elementor-widget elementor-widget-image\" data-id=\"19e3927\" data-element_type=\"widget\" data-e-type=\"widget\" data-widget_type=\"image.default\">\n\t\t\t\t<div class=\"elementor-widget-container\">\n\t\t\t\t\t\t\t\t\t\t\t\t\t\t\t<img fetchpriority=\"high\" decoding=\"async\" width=\"432\" height=\"1024\" src=\"https:\/\/uit.br\/site\/wp-content\/uploads\/2021\/01\/quimica-432x1024.png\" class=\"attachment-large size-large wp-image-1900\" alt=\"\" srcset=\"https:\/\/uit.br\/site\/wp-content\/uploads\/2021\/01\/quimica-432x1024.png 432w, https:\/\/uit.br\/site\/wp-content\/uploads\/2021\/01\/quimica-127x300.png 127w, https:\/\/uit.br\/site\/wp-content\/uploads\/2021\/01\/quimica.png 601w\" sizes=\"(max-width: 432px) 100vw, 432px\" \/>\t\t\t\t\t\t\t\t\t\t\t\t\t\t\t<\/div>\n\t\t\t\t<\/div>\n\t\t\t\t\t<\/div>\n\t\t<\/div>\n\t\t\t\t<div class=\"elementor-column elementor-col-66 elementor-top-column elementor-element elementor-element-91faea7 elementor-invisible\" data-id=\"91faea7\" data-element_type=\"column\" data-e-type=\"column\" data-settings=\"{&quot;animation&quot;:&quot;slideInRight&quot;}\">\n\t\t\t<div class=\"elementor-widget-wrap elementor-element-populated\">\n\t\t\t\t\t\t<div class=\"elementor-element elementor-element-3f7c974 elementor-widget elementor-widget-heading\" data-id=\"3f7c974\" data-element_type=\"widget\" data-e-type=\"widget\" data-widget_type=\"heading.default\">\n\t\t\t\t<div class=\"elementor-widget-container\">\n\t\t\t\t\t<h2 class=\"elementor-heading-title elementor-size-default\">Qu\u00edmica<\/h2>\t\t\t\t<\/div>\n\t\t\t\t<\/div>\n\t\t\t\t<div class=\"elementor-element elementor-element-ed564a3 elementor-widget elementor-widget-text-editor\" data-id=\"ed564a3\" data-element_type=\"widget\" data-e-type=\"widget\" data-widget_type=\"text-editor.default\">\n\t\t\t\t<div class=\"elementor-widget-container\">\n\t\t\t\t\t\t\t\t\t<p><strong>O Curso<\/strong> &#8211; O foco do curso de Licenciatura em Qu\u00edmica \u00e9 a forma\u00e7\u00e3o de professores-educadores em Qu\u00edmica com uma vis\u00e3o bastante acurada dos problemas e teorias atuais da Qu\u00edmica.<br \/>O curso capacita o profissional para refletir sobre as pol\u00edticas educacionais vigentes e para elaborar propostas de altera\u00e7\u00e3o das mesmas, sempre aputado em princ\u00edpios \u00e9itcos, pol\u00edticos e sociais.<br \/>O licenciado em Qu\u00edmica pode atuar como professor no Ensino Fundamental e M\u00e9dio ou como professor universit\u00e1rio. O egresso do curso de Qu\u00edmica pode desenvolver, tamb\u00e9m, atividades de pesquisa.<br \/><strong>Coordenador(a) do Curso:<\/strong> Prof. Wagner Jos\u00e9 Pedersoli<br \/><strong>Dura\u00e7\u00e3o:<\/strong> 7 (sete) semestres<br \/><strong>Ato legal de autoriza\u00e7\u00e3o ou de reconhecimento do Curso:<\/strong> renova\u00e7\u00e3o do reconhecimento atrav\u00e9s do Decreto Estadual s\/n, publicado em 31\/12\/2004.<br \/><strong>Formas de reajuste da mensalidade e da taxa de matr\u00edcula:<\/strong> estritamente na forma da Lei Federal n\u00ba 9.870, de 23-11-99.<\/p>\t\t\t\t\t\t\t\t<\/div>\n\t\t\t\t<\/div>\n\t\t\t\t\t<\/div>\n\t\t<\/div>\n\t\t\t\t\t<\/div>\n\t\t<\/section>\n\t\t\t\t<\/div>\n\t\t","protected":false},"excerpt":{"rendered":"<p>Qu\u00edmica O Curso &#8211; O foco do curso de Licenciatura em Qu\u00edmica \u00e9 a forma\u00e7\u00e3o de professores-educadores em Qu\u00edmica com uma vis\u00e3o bastante acurada dos problemas e teorias atuais da Qu\u00edmica.O curso capacita o profissional para refletir sobre as pol\u00edticas educacionais vigentes e para elaborar propostas de altera\u00e7\u00e3o das mesmas, sempre aputado em princ\u00edpios \u00e9itcos, [&hellip;]<\/p>\n","protected":false},"author":1,"featured_media":0,"parent":0,"menu_order":0,"comment_status":"closed","ping_status":"closed","template":"","meta":{"site-sidebar-layout":"no-sidebar","site-content-layout":"page-builder","ast-site-content-layout":"default","site-content-style":"default","site-sidebar-style":"default","ast-global-header-display":"","ast-banner-title-visibility":"","ast-main-header-display":"","ast-hfb-above-header-display":"","ast-hfb-below-header-display":"","ast-hfb-mobile-header-display":"","site-post-title":"disabled","ast-breadcrumbs-content":"","ast-featured-img":"disabled","footer-sml-layout":"","ast-disable-related-posts":"","theme-transparent-header-meta":"default","adv-header-id-meta":"","stick-header-meta":"","header-above-stick-meta":"","header-main-stick-meta":"","header-below-stick-meta":"","astra-migrate-meta-layouts":"default","ast-page-background-enabled":"default","ast-page-background-meta":{"desktop":{"background-color":"","background-image":"","background-repeat":"repeat","background-position":"center center","background-size":"auto","background-attachment":"scroll","background-type":"","background-media":"","overlay-type":"","overlay-color":"","overlay-opacity":"","overlay-gradient":""},"tablet":{"background-color":"","background-image":"","background-repeat":"repeat","background-position":"center center","background-size":"auto","background-attachment":"scroll","background-type":"","background-media":"","overlay-type":"","overlay-color":"","overlay-opacity":"","overlay-gradient":""},"mobile":{"background-color":"","background-image":"","background-repeat":"repeat","background-position":"center center","background-size":"auto","background-attachment":"scroll","background-type":"","background-media":"","overlay-type":"","overlay-color":"","overlay-opacity":"","overlay-gradient":""}},"ast-content-background-meta":{"desktop":{"background-color":"var(--ast-global-color-5)","background-image":"","background-repeat":"repeat","background-position":"center center","background-size":"auto","background-attachment":"scroll","background-type":"","background-media":"","overlay-type":"","overlay-color":"","overlay-opacity":"","overlay-gradient":""},"tablet":{"background-color":"var(--ast-global-color-5)","background-image":"","background-repeat":"repeat","background-position":"center center","background-size":"auto","background-attachment":"scroll","background-type":"","background-media":"","overlay-type":"","overlay-color":"","overlay-opacity":"","overlay-gradient":""},"mobile":{"background-color":"var(--ast-global-color-5)","background-image":"","background-repeat":"repeat","background-position":"center center","background-size":"auto","background-attachment":"scroll","background-type":"","background-media":"","overlay-type":"","overlay-color":"","overlay-opacity":"","overlay-gradient":""}},"footnotes":""},"class_list":["post-1898","page","type-page","status-publish","hentry"],"_links":{"self":[{"href":"https:\/\/uit.br\/site\/wp-json\/wp\/v2\/pages\/1898","targetHints":{"allow":["GET"]}}],"collection":[{"href":"https:\/\/uit.br\/site\/wp-json\/wp\/v2\/pages"}],"about":[{"href":"https:\/\/uit.br\/site\/wp-json\/wp\/v2\/types\/page"}],"author":[{"embeddable":true,"href":"https:\/\/uit.br\/site\/wp-json\/wp\/v2\/users\/1"}],"replies":[{"embeddable":true,"href":"https:\/\/uit.br\/site\/wp-json\/wp\/v2\/comments?post=1898"}],"version-history":[{"count":0,"href":"https:\/\/uit.br\/site\/wp-json\/wp\/v2\/pages\/1898\/revisions"}],"wp:attachment":[{"href":"https:\/\/uit.br\/site\/wp-json\/wp\/v2\/media?parent=1898"}],"curies":[{"name":"wp","href":"https:\/\/api.w.org\/{rel}","templated":true}]}}