{"id":1882,"date":"2021-01-13T08:08:56","date_gmt":"2021-01-13T11:08:56","guid":{"rendered":"http:\/\/site.uit.br\/?page_id=1882"},"modified":"2022-06-29T20:25:33","modified_gmt":"2022-06-29T23:25:33","slug":"pedagogia","status":"publish","type":"page","link":"https:\/\/uit.br\/site\/pedagogia\/","title":{"rendered":"Pedagogia"},"content":{"rendered":"\t\t<div data-elementor-type=\"wp-page\" data-elementor-id=\"1882\" class=\"elementor elementor-1882\" data-elementor-post-type=\"page\">\n\t\t\t\t\t\t<section class=\"elementor-section elementor-top-section elementor-element elementor-element-2c40c17 elementor-section-boxed elementor-section-height-default elementor-section-height-default\" data-id=\"2c40c17\" data-element_type=\"section\" data-e-type=\"section\">\n\t\t\t\t\t\t<div class=\"elementor-container elementor-column-gap-default\">\n\t\t\t\t\t<div class=\"elementor-column elementor-col-33 elementor-top-column elementor-element elementor-element-50c910f elementor-invisible\" data-id=\"50c910f\" data-element_type=\"column\" data-e-type=\"column\" data-settings=\"{&quot;animation&quot;:&quot;slideInLeft&quot;}\">\n\t\t\t<div class=\"elementor-widget-wrap elementor-element-populated\">\n\t\t\t\t\t\t<div class=\"elementor-element elementor-element-e3a95b6 elementor-widget elementor-widget-image\" data-id=\"e3a95b6\" data-element_type=\"widget\" data-e-type=\"widget\" data-widget_type=\"image.default\">\n\t\t\t\t<div class=\"elementor-widget-container\">\n\t\t\t\t\t\t\t\t\t\t\t\t\t\t\t<img fetchpriority=\"high\" decoding=\"async\" width=\"432\" height=\"1024\" src=\"https:\/\/uit.br\/site\/wp-content\/uploads\/2021\/01\/pedagogia-432x1024.png\" class=\"attachment-large size-large wp-image-1887\" alt=\"\" srcset=\"https:\/\/uit.br\/site\/wp-content\/uploads\/2021\/01\/pedagogia-432x1024.png 432w, https:\/\/uit.br\/site\/wp-content\/uploads\/2021\/01\/pedagogia-127x300.png 127w, https:\/\/uit.br\/site\/wp-content\/uploads\/2021\/01\/pedagogia.png 601w\" sizes=\"(max-width: 432px) 100vw, 432px\" \/>\t\t\t\t\t\t\t\t\t\t\t\t\t\t\t<\/div>\n\t\t\t\t<\/div>\n\t\t\t\t\t<\/div>\n\t\t<\/div>\n\t\t\t\t<div class=\"elementor-column elementor-col-66 elementor-top-column elementor-element elementor-element-1b15cff elementor-invisible\" data-id=\"1b15cff\" data-element_type=\"column\" data-e-type=\"column\" data-settings=\"{&quot;animation&quot;:&quot;slideInRight&quot;}\">\n\t\t\t<div class=\"elementor-widget-wrap elementor-element-populated\">\n\t\t\t\t\t\t<div class=\"elementor-element elementor-element-8f90b16 elementor-widget elementor-widget-heading\" data-id=\"8f90b16\" data-element_type=\"widget\" data-e-type=\"widget\" data-widget_type=\"heading.default\">\n\t\t\t\t<div class=\"elementor-widget-container\">\n\t\t\t\t\t<h2 class=\"elementor-heading-title elementor-size-default\">Pedagogia<\/h2>\t\t\t\t<\/div>\n\t\t\t\t<\/div>\n\t\t\t\t<div class=\"elementor-element elementor-element-74a7565 elementor-widget elementor-widget-text-editor\" data-id=\"74a7565\" data-element_type=\"widget\" data-e-type=\"widget\" data-widget_type=\"text-editor.default\">\n\t\t\t\t<div class=\"elementor-widget-container\">\n\t\t\t\t\t\t\t\t\t<p><strong>O Curso<\/strong> &#8211; O foco do curso de Pedagogia \u00e9 a forma\u00e7\u00e3o de profissional para o exerc\u00edcio da doc\u00eancia na educa\u00e7\u00e3o infantil e nos anos iniciais do ensino fundamental, nos cursos de ensino m\u00e9dio, na modalidade normal, e em cursos de educa\u00e7\u00e3o profissional na \u00e1rea de servi\u00e7os e apoio escolar, bem como em outras \u00e1reas nas quais sejam previstos conhecimentos pedag\u00f3gicos.<br \/>O estudante de Pedagogia trabalhar\u00e1 com um repert\u00f3rio de informa\u00e7\u00f5es e habilidades composto por pluralidade de conhecimentos te\u00f3ricos e pr\u00e1ticos, cuja consolida\u00e7\u00e3o ser\u00e1 proporcionada no exerc\u00edcio da profiss\u00e3o, fundamentando-se em princ\u00edpios de interdisciplinaridade, contextualiza\u00e7\u00e3o, democratiza\u00e7\u00e3o, pertin\u00eancia e relev\u00e2ncia social, \u00e9tica e sensibilidade afetiva e est\u00e9tica.<\/p><p>Para a forma\u00e7\u00e3o do licenciado em Pedagogia \u00e9 central:<\/p><p>I \u2013 o conhecimento da escola como organiza\u00e7\u00e3o complexa que tem a fun\u00e7\u00e3o de promover a educa\u00e7\u00e3o para e na cidadania;<br \/>II \u2013 a pesquisa, a an\u00e1lise e a aplica\u00e7\u00e3o dos resultados de investiga\u00e7\u00f5es de interesse da \u00e1rea educacional;<br \/>III \u2013 a participa\u00e7\u00e3o na gest\u00e3o de processos educativos e na organiza\u00e7\u00e3o e funcionamento de sistemas e institui\u00e7\u00f5es de ensino, englobando:<br \/>? planejamento, execu\u00e7\u00e3o, coordena\u00e7\u00e3o, acompanhamento e avalia\u00e7\u00e3o de tarefas pr\u00f3prias do setor da educa\u00e7\u00e3o;<br \/>? planejamento, execu\u00e7\u00e3o, coordena\u00e7\u00e3o, acompanhamento e avalia\u00e7\u00e3o de projetos e experi\u00eancias educativas n\u00e3o-escolares;<br \/>? produ\u00e7\u00e3o e difus\u00e3o do conhecimento cient\u00edfico-tecnol\u00f3gico do campo educacional, em contextos escolares e n\u00e3o-escolares.<\/p><p>A integraliza\u00e7\u00e3o de estudos \u00e9 efetivada atrav\u00e9s de:<br \/>I \u2013 disciplinas, semin\u00e1rios e atividades de natureza predominantemente te\u00f3rica;<br \/>II \u2013 pr\u00e1ticas de doc\u00eancia e gest\u00e3o educacional;<br \/>III \u2013 atividades complementares (planejamento e desenvolvimento progressivo do trabalho de curso, monitoria, inicia\u00e7\u00e3o cient\u00edfica e extens\u00e3o, semin\u00e1rios, eventos cient\u00edfico-culturais, estudos curriculares, de modo a propiciar viv\u00eancias em algumas modalidades e experi\u00eancias, e, opcionalmente, a educa\u00e7\u00e3o de pessoas com necessidades especiais e a educa\u00e7\u00e3o em organiza\u00e7\u00e3o n\u00e3o governamentais, escolares e n\u00e3o-escolares p\u00fablicas e privadas, entre outras);<br \/>IV \u2013 est\u00e1gio curricular supervisionado nas diversas \u00e1reas de atua\u00e7\u00e3o do pedagogo.<\/p>\t\t\t\t\t\t\t\t<\/div>\n\t\t\t\t<\/div>\n\t\t\t\t\t<\/div>\n\t\t<\/div>\n\t\t\t\t\t<\/div>\n\t\t<\/section>\n\t\t\t\t<\/div>\n\t\t","protected":false},"excerpt":{"rendered":"<p>Pedagogia O Curso &#8211; O foco do curso de Pedagogia \u00e9 a forma\u00e7\u00e3o de profissional para o exerc\u00edcio da doc\u00eancia na educa\u00e7\u00e3o infantil e nos anos iniciais do ensino fundamental, nos cursos de ensino m\u00e9dio, na modalidade normal, e em cursos de educa\u00e7\u00e3o profissional na \u00e1rea de servi\u00e7os e apoio escolar, bem como em outras [&hellip;]<\/p>\n","protected":false},"author":1,"featured_media":0,"parent":0,"menu_order":0,"comment_status":"closed","ping_status":"closed","template":"","meta":{"site-sidebar-layout":"no-sidebar","site-content-layout":"page-builder","ast-site-content-layout":"default","site-content-style":"default","site-sidebar-style":"default","ast-global-header-display":"","ast-banner-title-visibility":"","ast-main-header-display":"","ast-hfb-above-header-display":"","ast-hfb-below-header-display":"","ast-hfb-mobile-header-display":"","site-post-title":"disabled","ast-breadcrumbs-content":"","ast-featured-img":"disabled","footer-sml-layout":"","ast-disable-related-posts":"","theme-transparent-header-meta":"default","adv-header-id-meta":"","stick-header-meta":"","header-above-stick-meta":"","header-main-stick-meta":"","header-below-stick-meta":"","astra-migrate-meta-layouts":"default","ast-page-background-enabled":"default","ast-page-background-meta":{"desktop":{"background-color":"","background-image":"","background-repeat":"repeat","background-position":"center center","background-size":"auto","background-attachment":"scroll","background-type":"","background-media":"","overlay-type":"","overlay-color":"","overlay-opacity":"","overlay-gradient":""},"tablet":{"background-color":"","background-image":"","background-repeat":"repeat","background-position":"center center","background-size":"auto","background-attachment":"scroll","background-type":"","background-media":"","overlay-type":"","overlay-color":"","overlay-opacity":"","overlay-gradient":""},"mobile":{"background-color":"","background-image":"","background-repeat":"repeat","background-position":"center center","background-size":"auto","background-attachment":"scroll","background-type":"","background-media":"","overlay-type":"","overlay-color":"","overlay-opacity":"","overlay-gradient":""}},"ast-content-background-meta":{"desktop":{"background-color":"var(--ast-global-color-5)","background-image":"","background-repeat":"repeat","background-position":"center center","background-size":"auto","background-attachment":"scroll","background-type":"","background-media":"","overlay-type":"","overlay-color":"","overlay-opacity":"","overlay-gradient":""},"tablet":{"background-color":"var(--ast-global-color-5)","background-image":"","background-repeat":"repeat","background-position":"center center","background-size":"auto","background-attachment":"scroll","background-type":"","background-media":"","overlay-type":"","overlay-color":"","overlay-opacity":"","overlay-gradient":""},"mobile":{"background-color":"var(--ast-global-color-5)","background-image":"","background-repeat":"repeat","background-position":"center center","background-size":"auto","background-attachment":"scroll","background-type":"","background-media":"","overlay-type":"","overlay-color":"","overlay-opacity":"","overlay-gradient":""}},"footnotes":""},"class_list":["post-1882","page","type-page","status-publish","hentry"],"_links":{"self":[{"href":"https:\/\/uit.br\/site\/wp-json\/wp\/v2\/pages\/1882","targetHints":{"allow":["GET"]}}],"collection":[{"href":"https:\/\/uit.br\/site\/wp-json\/wp\/v2\/pages"}],"about":[{"href":"https:\/\/uit.br\/site\/wp-json\/wp\/v2\/types\/page"}],"author":[{"embeddable":true,"href":"https:\/\/uit.br\/site\/wp-json\/wp\/v2\/users\/1"}],"replies":[{"embeddable":true,"href":"https:\/\/uit.br\/site\/wp-json\/wp\/v2\/comments?post=1882"}],"version-history":[{"count":0,"href":"https:\/\/uit.br\/site\/wp-json\/wp\/v2\/pages\/1882\/revisions"}],"wp:attachment":[{"href":"https:\/\/uit.br\/site\/wp-json\/wp\/v2\/media?parent=1882"}],"curies":[{"name":"wp","href":"https:\/\/api.w.org\/{rel}","templated":true}]}}