{"id":1850,"date":"2021-01-12T16:54:12","date_gmt":"2021-01-12T19:54:12","guid":{"rendered":"http:\/\/site.uit.br\/?page_id=1850"},"modified":"2023-02-10T14:33:01","modified_gmt":"2023-02-10T17:33:01","slug":"gestao-comercial","status":"publish","type":"page","link":"https:\/\/uit.br\/site\/gestao-comercial\/","title":{"rendered":"Gest\u00e3o Comercial"},"content":{"rendered":"\t\t<div data-elementor-type=\"wp-page\" data-elementor-id=\"1850\" class=\"elementor elementor-1850\" data-elementor-post-type=\"page\">\n\t\t\t\t\t\t<section class=\"elementor-section elementor-top-section elementor-element elementor-element-cd6812d elementor-section-boxed elementor-section-height-default elementor-section-height-default\" data-id=\"cd6812d\" data-element_type=\"section\" data-e-type=\"section\">\n\t\t\t\t\t\t<div class=\"elementor-container elementor-column-gap-default\">\n\t\t\t\t\t<div class=\"elementor-column elementor-col-33 elementor-top-column elementor-element elementor-element-e0e1283 elementor-invisible\" data-id=\"e0e1283\" data-element_type=\"column\" data-e-type=\"column\" data-settings=\"{&quot;animation&quot;:&quot;slideInLeft&quot;}\">\n\t\t\t<div class=\"elementor-widget-wrap elementor-element-populated\">\n\t\t\t\t\t\t<div class=\"elementor-element elementor-element-baeab1d elementor-widget elementor-widget-image\" data-id=\"baeab1d\" data-element_type=\"widget\" data-e-type=\"widget\" data-widget_type=\"image.default\">\n\t\t\t\t<div class=\"elementor-widget-container\">\n\t\t\t\t\t\t\t\t\t\t\t\t\t\t\t<img fetchpriority=\"high\" decoding=\"async\" width=\"432\" height=\"1024\" src=\"https:\/\/uit.br\/site\/wp-content\/uploads\/2021\/01\/gestao-comercial-432x1024.png\" class=\"attachment-large size-large wp-image-1856\" alt=\"\" srcset=\"https:\/\/uit.br\/site\/wp-content\/uploads\/2021\/01\/gestao-comercial-432x1024.png 432w, https:\/\/uit.br\/site\/wp-content\/uploads\/2021\/01\/gestao-comercial-127x300.png 127w, https:\/\/uit.br\/site\/wp-content\/uploads\/2021\/01\/gestao-comercial.png 601w\" sizes=\"(max-width: 432px) 100vw, 432px\" \/>\t\t\t\t\t\t\t\t\t\t\t\t\t\t\t<\/div>\n\t\t\t\t<\/div>\n\t\t\t\t\t<\/div>\n\t\t<\/div>\n\t\t\t\t<div class=\"elementor-column elementor-col-66 elementor-top-column elementor-element elementor-element-bea0dad elementor-invisible\" data-id=\"bea0dad\" data-element_type=\"column\" data-e-type=\"column\" data-settings=\"{&quot;animation&quot;:&quot;slideInRight&quot;}\">\n\t\t\t<div class=\"elementor-widget-wrap elementor-element-populated\">\n\t\t\t\t\t\t<div class=\"elementor-element elementor-element-129a32a elementor-widget elementor-widget-heading\" data-id=\"129a32a\" data-element_type=\"widget\" data-e-type=\"widget\" data-widget_type=\"heading.default\">\n\t\t\t\t<div class=\"elementor-widget-container\">\n\t\t\t\t\t<h2 class=\"elementor-heading-title elementor-size-default\">Gest\u00e3o Comercial<\/h2>\t\t\t\t<\/div>\n\t\t\t\t<\/div>\n\t\t\t\t<div class=\"elementor-element elementor-element-cda98e9 elementor-widget elementor-widget-text-editor\" data-id=\"cda98e9\" data-element_type=\"widget\" data-e-type=\"widget\" data-widget_type=\"text-editor.default\">\n\t\t\t\t<div class=\"elementor-widget-container\">\n\t\t\t\t\t\t\t\t\t<p><strong>O Curso<\/strong> &#8211;\u00a0 Com dura\u00e7\u00e3o de 02 anos, o foco do curso de Gest\u00e3o Comercial \u00e9 a forma\u00e7\u00e3o de profissionais capacitados para administrar pequenas e m\u00e9dias empresas.<br \/>Focado nas transa\u00e7\u00f5es comerciais, o Tecn\u00f3logo em Gest\u00e3o Comercial presta-se \u00e0 organiza\u00e7\u00e3o, atendendo as diversas formas de interven\u00e7\u00e3o (varejo, atacado, representa\u00e7\u00e3o, etc.) de qualquer setor. Como conhecedor das condi\u00e7\u00f5es de viabilidade econ\u00f4mico-financeiro-tribut\u00e1ria, dos instrumentos de relacionamento com o cliente, dos princ\u00edpios da qualidade, atua no planejamento, opera\u00e7\u00e3o, implementa\u00e7\u00e3o e atualiza\u00e7\u00e3o de sistemas de informa\u00e7\u00f5es comerciais que proporcionem maior rentabilidade e flexibilidade ao processo de comercializa\u00e7\u00e3o. Atua no fluxo de informa\u00e7\u00f5es com os clientes, proporcionando maior visibilidade institucional da empresa, definindo estrat\u00e9gias de venda de servi\u00e7os e produtos, gerenciando a rela\u00e7\u00e3o custo e pre\u00e7o final.<br \/>Ao final do curso, o profissional estar\u00e1 apto a desenvolver atividades ligadas \u00e0s seguintes \u00e1reas:<\/p><ul><li>Ger\u00eancia e lideran\u00e7a;<\/li><li>Planejamento Administrativo;<\/li><li>Gest\u00e3o financeira e or\u00e7ament\u00e1ria aplicada a pequenas e m\u00e9dias empresas, observada a legisla\u00e7\u00e3o social e a comercial vigentes;<\/li><li>Contabilidade gerencial;<\/li><li>Marketing;<\/li><li>An\u00e1lise ambiental e da concorr\u00eancia;<\/li><li>Gest\u00e3o de projetos.<\/li><\/ul><p>Dura\u00e7\u00e3o: 2 anos. MEC\/INEP: conceito 4. Vagas: 60 (sessenta). Turno: noite.<\/p>\t\t\t\t\t\t\t\t<\/div>\n\t\t\t\t<\/div>\n\t\t\t\t\t<\/div>\n\t\t<\/div>\n\t\t\t\t\t<\/div>\n\t\t<\/section>\n\t\t\t\t<\/div>\n\t\t","protected":false},"excerpt":{"rendered":"<p>Gest\u00e3o Comercial O Curso &#8211;\u00a0 Com dura\u00e7\u00e3o de 02 anos, o foco do curso de Gest\u00e3o Comercial \u00e9 a forma\u00e7\u00e3o de profissionais capacitados para administrar pequenas e m\u00e9dias empresas.Focado nas transa\u00e7\u00f5es comerciais, o Tecn\u00f3logo em Gest\u00e3o Comercial presta-se \u00e0 organiza\u00e7\u00e3o, atendendo as diversas formas de interven\u00e7\u00e3o (varejo, atacado, representa\u00e7\u00e3o, etc.) de qualquer setor. Como conhecedor [&hellip;]<\/p>\n","protected":false},"author":1,"featured_media":0,"parent":0,"menu_order":0,"comment_status":"closed","ping_status":"closed","template":"","meta":{"site-sidebar-layout":"no-sidebar","site-content-layout":"page-builder","ast-site-content-layout":"default","site-content-style":"default","site-sidebar-style":"default","ast-global-header-display":"","ast-banner-title-visibility":"","ast-main-header-display":"","ast-hfb-above-header-display":"","ast-hfb-below-header-display":"","ast-hfb-mobile-header-display":"","site-post-title":"disabled","ast-breadcrumbs-content":"","ast-featured-img":"disabled","footer-sml-layout":"","ast-disable-related-posts":"","theme-transparent-header-meta":"default","adv-header-id-meta":"","stick-header-meta":"","header-above-stick-meta":"","header-main-stick-meta":"","header-below-stick-meta":"","astra-migrate-meta-layouts":"default","ast-page-background-enabled":"default","ast-page-background-meta":{"desktop":{"background-color":"","background-image":"","background-repeat":"repeat","background-position":"center center","background-size":"auto","background-attachment":"scroll","background-type":"","background-media":"","overlay-type":"","overlay-color":"","overlay-opacity":"","overlay-gradient":""},"tablet":{"background-color":"","background-image":"","background-repeat":"repeat","background-position":"center center","background-size":"auto","background-attachment":"scroll","background-type":"","background-media":"","overlay-type":"","overlay-color":"","overlay-opacity":"","overlay-gradient":""},"mobile":{"background-color":"","background-image":"","background-repeat":"repeat","background-position":"center center","background-size":"auto","background-attachment":"scroll","background-type":"","background-media":"","overlay-type":"","overlay-color":"","overlay-opacity":"","overlay-gradient":""}},"ast-content-background-meta":{"desktop":{"background-color":"var(--ast-global-color-5)","background-image":"","background-repeat":"repeat","background-position":"center center","background-size":"auto","background-attachment":"scroll","background-type":"","background-media":"","overlay-type":"","overlay-color":"","overlay-opacity":"","overlay-gradient":""},"tablet":{"background-color":"var(--ast-global-color-5)","background-image":"","background-repeat":"repeat","background-position":"center center","background-size":"auto","background-attachment":"scroll","background-type":"","background-media":"","overlay-type":"","overlay-color":"","overlay-opacity":"","overlay-gradient":""},"mobile":{"background-color":"var(--ast-global-color-5)","background-image":"","background-repeat":"repeat","background-position":"center center","background-size":"auto","background-attachment":"scroll","background-type":"","background-media":"","overlay-type":"","overlay-color":"","overlay-opacity":"","overlay-gradient":""}},"footnotes":""},"class_list":["post-1850","page","type-page","status-publish","hentry"],"_links":{"self":[{"href":"https:\/\/uit.br\/site\/wp-json\/wp\/v2\/pages\/1850","targetHints":{"allow":["GET"]}}],"collection":[{"href":"https:\/\/uit.br\/site\/wp-json\/wp\/v2\/pages"}],"about":[{"href":"https:\/\/uit.br\/site\/wp-json\/wp\/v2\/types\/page"}],"author":[{"embeddable":true,"href":"https:\/\/uit.br\/site\/wp-json\/wp\/v2\/users\/1"}],"replies":[{"embeddable":true,"href":"https:\/\/uit.br\/site\/wp-json\/wp\/v2\/comments?post=1850"}],"version-history":[{"count":0,"href":"https:\/\/uit.br\/site\/wp-json\/wp\/v2\/pages\/1850\/revisions"}],"wp:attachment":[{"href":"https:\/\/uit.br\/site\/wp-json\/wp\/v2\/media?parent=1850"}],"curies":[{"name":"wp","href":"https:\/\/api.w.org\/{rel}","templated":true}]}}