{"id":1691,"date":"2021-01-11T14:08:57","date_gmt":"2021-01-11T17:08:57","guid":{"rendered":"http:\/\/site.uit.br\/?page_id=1691"},"modified":"2025-02-18T16:53:32","modified_gmt":"2025-02-18T19:53:32","slug":"protecao-de-dados-pessoais","status":"publish","type":"page","link":"https:\/\/uit.br\/site\/protecao-de-dados-pessoais\/","title":{"rendered":"Prote\u00e7\u00e3o de Dados Pessoais"},"content":{"rendered":"\t\t<div data-elementor-type=\"wp-page\" data-elementor-id=\"1691\" class=\"elementor elementor-1691\" data-elementor-post-type=\"page\">\n\t\t\t\t\t\t<section class=\"elementor-section elementor-top-section elementor-element elementor-element-acf9d75 elementor-section-boxed elementor-section-height-default elementor-section-height-default\" data-id=\"acf9d75\" data-element_type=\"section\" data-e-type=\"section\">\n\t\t\t\t\t\t<div class=\"elementor-container elementor-column-gap-default\">\n\t\t\t\t\t<div class=\"elementor-column elementor-col-33 elementor-top-column elementor-element elementor-element-29abbcb elementor-invisible\" data-id=\"29abbcb\" data-element_type=\"column\" data-e-type=\"column\" data-settings=\"{&quot;animation&quot;:&quot;slideInLeft&quot;}\">\n\t\t\t<div class=\"elementor-widget-wrap elementor-element-populated\">\n\t\t\t\t\t\t<div class=\"elementor-element elementor-element-dedfab8 elementor-widget elementor-widget-image\" data-id=\"dedfab8\" data-element_type=\"widget\" data-e-type=\"widget\" data-widget_type=\"image.default\">\n\t\t\t\t<div class=\"elementor-widget-container\">\n\t\t\t\t\t\t\t\t\t\t\t\t\t\t\t<img fetchpriority=\"high\" decoding=\"async\" width=\"432\" height=\"1024\" src=\"https:\/\/uit.br\/site\/wp-content\/uploads\/2021\/01\/lgpd-432x1024.png\" class=\"attachment-large size-large wp-image-1708\" alt=\"\" srcset=\"https:\/\/uit.br\/site\/wp-content\/uploads\/2021\/01\/lgpd-432x1024.png 432w, https:\/\/uit.br\/site\/wp-content\/uploads\/2021\/01\/lgpd-127x300.png 127w, https:\/\/uit.br\/site\/wp-content\/uploads\/2021\/01\/lgpd.png 601w\" sizes=\"(max-width: 432px) 100vw, 432px\" \/>\t\t\t\t\t\t\t\t\t\t\t\t\t\t\t<\/div>\n\t\t\t\t<\/div>\n\t\t\t\t\t<\/div>\n\t\t<\/div>\n\t\t\t\t<div class=\"elementor-column elementor-col-66 elementor-top-column elementor-element elementor-element-5b3b773 elementor-invisible\" data-id=\"5b3b773\" data-element_type=\"column\" data-e-type=\"column\" data-settings=\"{&quot;animation&quot;:&quot;slideInRight&quot;}\">\n\t\t\t<div class=\"elementor-widget-wrap elementor-element-populated\">\n\t\t\t\t\t\t<div class=\"elementor-element elementor-element-b8fd33a elementor-widget elementor-widget-heading\" data-id=\"b8fd33a\" data-element_type=\"widget\" data-e-type=\"widget\" data-widget_type=\"heading.default\">\n\t\t\t\t<div class=\"elementor-widget-container\">\n\t\t\t\t\t<h2 class=\"elementor-heading-title elementor-size-default\">Prote\u00e7\u00e3o de Dados Pessoais<\/h2>\t\t\t\t<\/div>\n\t\t\t\t<\/div>\n\t\t\t\t<div class=\"elementor-element elementor-element-bba453e elementor-widget elementor-widget-text-editor\" data-id=\"bba453e\" data-element_type=\"widget\" data-e-type=\"widget\" data-widget_type=\"text-editor.default\">\n\t\t\t\t<div class=\"elementor-widget-container\">\n\t\t\t\t\t\t\t\t\t<p>A <strong>Lei Geral de Prote\u00e7\u00e3o de Dados Pessoais (LGPD ou LGPDP)<\/strong>, <a href=\"https:\/\/lgpd-brasil.info\/\" target=\"_blank\" rel=\"noopener\">Lei n\u00ba 13.709\/2018<\/a><sup><a href=\"https:\/\/pt.wikipedia.org\/wiki\/Lei_Geral_de_Prote%C3%A7%C3%A3o_de_Dados_Pessoais#cite_note-:3-1\">[1]<\/a><\/sup>, \u00e9 a legisla\u00e7\u00e3o brasileira que regula as atividades de tratamento de dados pessoais e que tamb\u00e9m altera os artigos 7\u00ba e 16 do <a href=\"https:\/\/pt.wikipedia.org\/wiki\/Marco_Civil_da_Internet\" target=\"_blank\" rel=\"noopener\">Marco Civil da Internet<\/a>.<sup><a href=\"https:\/\/pt.wikipedia.org\/wiki\/Lei_Geral_de_Prote%C3%A7%C3%A3o_de_Dados_Pessoais#cite_note-2\">[2]<\/a><\/sup><\/p><p>O <a href=\"https:\/\/pt.wikipedia.org\/wiki\/Brasil\" target=\"_blank\" rel=\"noopener\">Brasil<\/a> passou a fazer parte dos pa\u00edses que contam com uma legisla\u00e7\u00e3o espec\u00edfica para prote\u00e7\u00e3o de dados e da privacidade dos seus cidad\u00e3os.<sup><a href=\"https:\/\/pt.wikipedia.org\/wiki\/Lei_Geral_de_Prote%C3%A7%C3%A3o_de_Dados_Pessoais#cite_note-3\" target=\"_blank\" rel=\"noopener\">[3]<\/a><\/sup> Outros regulamentos similares \u00e0 LGPD no Brasil s\u00e3o o <em><strong>Regulamento Geral sobre a Prote\u00e7\u00e3o de Dados<\/strong><\/em> (<a href=\"https:\/\/pt.wikipedia.org\/wiki\/GDPR\" target=\"_blank\" rel=\"noopener\">GDPR<\/a>) na <a href=\"https:\/\/pt.wikipedia.org\/wiki\/Uni%C3%A3o_Europeia\" target=\"_blank\" rel=\"noopener\">Uni\u00e3o Europeia<\/a>, que passou a ser obrigat\u00f3rio em 25 de maio de 2018 e aplic\u00e1vel a todos os pa\u00edses da <a href=\"https:\/\/pt.wikipedia.org\/wiki\/Uni%C3%A3o_Europeia\" target=\"_blank\" rel=\"noopener\">Uni\u00e3o Europeia<\/a> (UE), <sup><a href=\"https:\/\/pt.wikipedia.org\/wiki\/Lei_Geral_de_Prote%C3%A7%C3%A3o_de_Dados_Pessoais#cite_note-4\" target=\"_blank\" rel=\"noopener\">[4]<\/a><\/sup> e o <strong><em>California Consumer Privacy Act of 2018<\/em> <\/strong>(CCPA)<sup><a href=\"https:\/\/pt.wikipedia.org\/wiki\/Lei_Geral_de_Prote%C3%A7%C3%A3o_de_Dados_Pessoais#cite_note-5\" target=\"_blank\" rel=\"noopener\">[5]<\/a><\/sup>, nos <a href=\"https:\/\/pt.wikipedia.org\/wiki\/Estados_Unidos\" target=\"_blank\" rel=\"noopener\">Estados Unidos da Am\u00e9rica<\/a>, implementado atrav\u00e9s de uma iniciativa em \u00e2mbito estadual, na <a href=\"https:\/\/pt.wikipedia.org\/wiki\/Calif%C3%B3rnia\" target=\"_blank\" rel=\"noopener\">Calif\u00f3rnia<\/a>, onde foi aprovado no dia 28 de junho de 2018 (AB 375).<sup><a href=\"https:\/\/pt.wikipedia.org\/wiki\/Lei_Geral_de_Prote%C3%A7%C3%A3o_de_Dados_Pessoais#cite_note-6\" target=\"_blank\" rel=\"noopener\">[6]<\/a><\/sup><\/p><p>A legisla\u00e7\u00e3o se fundamenta em diversos valores, como o respeito \u00e0 <a href=\"https:\/\/pt.wikipedia.org\/wiki\/Privacidade\" target=\"_blank\" rel=\"noopener\">privacidade<\/a>; \u00e0 autodetermina\u00e7\u00e3o informativa; \u00e0 <a href=\"https:\/\/pt.wikipedia.org\/wiki\/Liberdade_de_express%C3%A3o\" target=\"_blank\" rel=\"noopener\">liberdade de express\u00e3o<\/a>, de informa\u00e7\u00e3o, comunica\u00e7\u00e3o e de opini\u00e3o; \u00e0 inviolabilidade da intimidade, da honra e da imagem; ao desenvolvimento econ\u00f4mico e tecnol\u00f3gico e a <a href=\"https:\/\/pt.wikipedia.org\/wiki\/Inova%C3%A7%C3%A3o\" target=\"_blank\" rel=\"noopener\">inova\u00e7\u00e3o<\/a>; \u00e0 livre iniciativa, <a href=\"https:\/\/pt.wikipedia.org\/wiki\/Livre_concorr%C3%AAncia\" target=\"_blank\" rel=\"noopener\">livre concorr\u00eancia<\/a> e <a href=\"https:\/\/pt.wikipedia.org\/wiki\/Direito_do_consumidor\" target=\"_blank\" rel=\"noopener\">defesa do consumidor<\/a> e aos <a href=\"https:\/\/pt.wikipedia.org\/wiki\/Direitos_humanos\" target=\"_blank\" rel=\"noopener\">direitos humanos<\/a> de liberdade e dignidade das pessoas.<\/p><p>A LGPD cria um conjunto de novos conceitos jur\u00eddicos (e.g. &#8220;dados pessoais&#8221;, &#8220;dados pessoais sens\u00edveis&#8221;), estabelece as condi\u00e7\u00f5es nas quais os dados pessoais podem ser tratados, define um conjunto de direitos para os titulares dos dados, gera obriga\u00e7\u00f5es espec\u00edficas para os controladores dos dados e cria uma s\u00e9rie de procedimentos e normas para que haja maior cuidado com o tratamento de dados pessoais e compartilhamento com terceiros.<sup><a href=\"https:\/\/pt.wikipedia.org\/wiki\/Lei_Geral_de_Prote%C3%A7%C3%A3o_de_Dados_Pessoais#cite_note-7\" target=\"_blank\" rel=\"noopener\">[7]<\/a><br \/><\/sup><\/p><p><a href=\"https:\/\/uit.br\/site\/wp-content\/uploads\/2025\/02\/Politica-de-Privacidade-fev-2025.pdf\">Pol\u00edtica de Privacidade<\/a><\/p><p><a href=\"https:\/\/uit.br\/site\/wp-content\/uploads\/2025\/02\/Comite_de_Governanca_Digital_2025.pdf\" target=\"_blank\" rel=\"noopener\">Comit\u00ea de Governan\u00e7a Digital<\/a><\/p><p><a href=\"https:\/\/uit.br\/site\/wp-content\/uploads\/2021\/01\/Lei_Geral_de_Protecao_de_Dados_LGPD.pdf\" target=\"_blank\" rel=\"noopener\">Lei Geral de Prote\u00e7\u00e3o de Dados \u2013 LGPD<\/a><\/p><p><a href=\"https:\/\/uit.br\/site\/wp-content\/uploads\/2021\/01\/Portaria_de_nomeacao_da_comissao_de_governanca_digital.pdf\" target=\"_blank\" rel=\"noopener\">Portaria de Nomea\u00e7\u00e3o da Comiss\u00e3o de Governan\u00e7a Digital<\/a><\/p><p><a href=\"https:\/\/uit.br\/site\/wp-content\/uploads\/2021\/01\/Termo_de_nomeacao_dpo.pdf\" target=\"_blank\" rel=\"noopener\">Termo de nomea\u00e7\u00e3o do DPO<\/a><\/p><p><strong>AUTORIDADE NACIONAL DE PROTE\u00c7\u00c3O DE DADOS<\/strong><strong>\u00a0<\/strong><\/p><p><a href=\"https:\/\/www.gov.br\/anpd\/pt-br\" target=\"_blank\" rel=\"noopener\">https:\/\/www.gov.br\/anpd\/pt-br<\/a><\/p><p><strong>A LGPD e o STJ<\/strong><\/p><p><a href=\"https:\/\/www.stj.jus.br\/sites\/portalp\/Leis-e-normas\/lei-geral-de-protecao-de-dados-pessoais-lgpd\" target=\"_blank\" rel=\"noopener\">https:\/\/www.stj.jus.br\/sites\/portalp\/Leis-e-normas\/lei-geral-de-protecao-de-dados-pessoais-lgpd<\/a><\/p><p><a href=\"https:\/\/www.uit.br\/site\/images\/LGPD\/STJ_Bibiografia_Selecionada_LGPD.pdf\" target=\"_blank\" rel=\"noopener\">Clique e baixe a Bibliografia Seleciona do STJ<\/a><\/p>\t\t\t\t\t\t\t\t<\/div>\n\t\t\t\t<\/div>\n\t\t\t\t<div class=\"elementor-element elementor-element-e1e58a6 elementor-widget elementor-widget-heading\" data-id=\"e1e58a6\" data-element_type=\"widget\" data-e-type=\"widget\" data-widget_type=\"heading.default\">\n\t\t\t\t<div class=\"elementor-widget-container\">\n\t\t\t\t\t<h2 class=\"elementor-heading-title elementor-size-default\">Preencha o Formul\u00e1rio Abaixo para Contato com DPO (Encarregado de Dados)<\/h2>\t\t\t\t<\/div>\n\t\t\t\t<\/div>\n\t\t\t\t<div class=\"elementor-element elementor-element-d36f224 elementor-widget elementor-widget-wpforms\" data-id=\"d36f224\" data-element_type=\"widget\" data-e-type=\"widget\" data-widget_type=\"wpforms.default\">\n\t\t\t\t<div class=\"elementor-widget-container\">\n\t\t\t\t\t<div class=\"wpforms-container wpforms-container-full\" id=\"wpforms-4093\"><form id=\"wpforms-form-4093\" class=\"wpforms-validate wpforms-form wpforms-ajax-form\" data-formid=\"4093\" method=\"post\" enctype=\"multipart\/form-data\" action=\"\/site\/wp-json\/wp\/v2\/pages\/1691\" data-token=\"80de22911e347238034dff0722c29a65\" data-token-time=\"1776867677\"><noscript class=\"wpforms-error-noscript\">Ative o JavaScript no seu navegador para preencher este formul\u00e1rio.<\/noscript><div class=\"wpforms-field-container\"><div id=\"wpforms-4093-field_0-container\" class=\"wpforms-field wpforms-field-name\" data-field-id=\"0\"><label class=\"wpforms-field-label\">Nome <span class=\"wpforms-required-label\">*<\/span><\/label><div class=\"wpforms-field-row wpforms-field-medium\"><div class=\"wpforms-field-row-block wpforms-first wpforms-one-half\"><input type=\"text\" id=\"wpforms-4093-field_0\" class=\"wpforms-field-name-first wpforms-field-required\" name=\"wpforms[fields][0][first]\" required><label for=\"wpforms-4093-field_0\" class=\"wpforms-field-sublabel after\">Nome<\/label><\/div><div class=\"wpforms-field-row-block wpforms-one-half\"><input type=\"text\" id=\"wpforms-4093-field_0-last\" class=\"wpforms-field-name-last wpforms-field-required\" name=\"wpforms[fields][0][last]\" required><label for=\"wpforms-4093-field_0-last\" class=\"wpforms-field-sublabel after\">Sobrenome<\/label><\/div><\/div><\/div><div id=\"wpforms-4093-field_1-container\" class=\"wpforms-field wpforms-field-email\" data-field-id=\"1\"><label class=\"wpforms-field-label\" for=\"wpforms-4093-field_1\">E-mail <span class=\"wpforms-required-label\">*<\/span><\/label><input type=\"email\" id=\"wpforms-4093-field_1\" class=\"wpforms-field-medium wpforms-field-required\" name=\"wpforms[fields][1]\" spellcheck=\"false\" required><\/div><div id=\"wpforms-4093-field_2-container\" class=\"wpforms-field wpforms-field-textarea\" data-field-id=\"2\"><label class=\"wpforms-field-label\" for=\"wpforms-4093-field_2\">Mensagem <span class=\"wpforms-required-label\">*<\/span><\/label><textarea id=\"wpforms-4093-field_2\" class=\"wpforms-field-medium wpforms-field-required\" name=\"wpforms[fields][2]\" required><\/textarea><\/div><\/div><!-- .wpforms-field-container --><div class=\"wpforms-submit-container\" ><input type=\"hidden\" name=\"wpforms[id]\" value=\"4093\"><input type=\"hidden\" name=\"page_title\" value=\"\"><input type=\"hidden\" name=\"page_url\" value=\"https:\/\/uit.br\/site\/wp-json\/wp\/v2\/pages\/1691\"><input type=\"hidden\" name=\"url_referer\" value=\"\"><button type=\"submit\" name=\"wpforms[submit]\" id=\"wpforms-submit-4093\" class=\"wpforms-submit\" data-alt-text=\"Enviando...\" data-submit-text=\"Enviar\" aria-live=\"assertive\" value=\"wpforms-submit\">Enviar<\/button><img decoding=\"async\" src=\"https:\/\/uit.br\/site\/wp-content\/plugins\/wpforms-lite\/assets\/images\/submit-spin.svg\" class=\"wpforms-submit-spinner\" style=\"display: none;\" width=\"26\" height=\"26\" alt=\"Carregando\"><\/div><\/form><\/div>  <!-- .wpforms-container -->\t\t\t\t<\/div>\n\t\t\t\t<\/div>\n\t\t\t\t\t<\/div>\n\t\t<\/div>\n\t\t\t\t\t<\/div>\n\t\t<\/section>\n\t\t\t\t<\/div>\n\t\t","protected":false},"excerpt":{"rendered":"<p>Prote\u00e7\u00e3o de Dados Pessoais A Lei Geral de Prote\u00e7\u00e3o de Dados Pessoais (LGPD ou LGPDP), Lei n\u00ba 13.709\/2018[1], \u00e9 a legisla\u00e7\u00e3o brasileira que regula as atividades de tratamento de dados pessoais e que tamb\u00e9m altera os artigos 7\u00ba e 16 do Marco Civil da Internet.[2] O Brasil passou a fazer parte dos pa\u00edses que contam [&hellip;]<\/p>\n","protected":false},"author":1,"featured_media":0,"parent":0,"menu_order":0,"comment_status":"closed","ping_status":"closed","template":"","meta":{"site-sidebar-layout":"no-sidebar","site-content-layout":"page-builder","ast-site-content-layout":"default","site-content-style":"default","site-sidebar-style":"default","ast-global-header-display":"","ast-banner-title-visibility":"","ast-main-header-display":"","ast-hfb-above-header-display":"","ast-hfb-below-header-display":"","ast-hfb-mobile-header-display":"","site-post-title":"disabled","ast-breadcrumbs-content":"","ast-featured-img":"disabled","footer-sml-layout":"","ast-disable-related-posts":"","theme-transparent-header-meta":"default","adv-header-id-meta":"","stick-header-meta":"","header-above-stick-meta":"","header-main-stick-meta":"","header-below-stick-meta":"","astra-migrate-meta-layouts":"default","ast-page-background-enabled":"default","ast-page-background-meta":{"desktop":{"background-color":"","background-image":"","background-repeat":"repeat","background-position":"center center","background-size":"auto","background-attachment":"scroll","background-type":"","background-media":"","overlay-type":"","overlay-color":"","overlay-opacity":"","overlay-gradient":""},"tablet":{"background-color":"","background-image":"","background-repeat":"repeat","background-position":"center center","background-size":"auto","background-attachment":"scroll","background-type":"","background-media":"","overlay-type":"","overlay-color":"","overlay-opacity":"","overlay-gradient":""},"mobile":{"background-color":"","background-image":"","background-repeat":"repeat","background-position":"center center","background-size":"auto","background-attachment":"scroll","background-type":"","background-media":"","overlay-type":"","overlay-color":"","overlay-opacity":"","overlay-gradient":""}},"ast-content-background-meta":{"desktop":{"background-color":"var(--ast-global-color-5)","background-image":"","background-repeat":"repeat","background-position":"center center","background-size":"auto","background-attachment":"scroll","background-type":"","background-media":"","overlay-type":"","overlay-color":"","overlay-opacity":"","overlay-gradient":""},"tablet":{"background-color":"var(--ast-global-color-5)","background-image":"","background-repeat":"repeat","background-position":"center center","background-size":"auto","background-attachment":"scroll","background-type":"","background-media":"","overlay-type":"","overlay-color":"","overlay-opacity":"","overlay-gradient":""},"mobile":{"background-color":"var(--ast-global-color-5)","background-image":"","background-repeat":"repeat","background-position":"center center","background-size":"auto","background-attachment":"scroll","background-type":"","background-media":"","overlay-type":"","overlay-color":"","overlay-opacity":"","overlay-gradient":""}},"footnotes":""},"class_list":["post-1691","page","type-page","status-publish","hentry"],"_links":{"self":[{"href":"https:\/\/uit.br\/site\/wp-json\/wp\/v2\/pages\/1691","targetHints":{"allow":["GET"]}}],"collection":[{"href":"https:\/\/uit.br\/site\/wp-json\/wp\/v2\/pages"}],"about":[{"href":"https:\/\/uit.br\/site\/wp-json\/wp\/v2\/types\/page"}],"author":[{"embeddable":true,"href":"https:\/\/uit.br\/site\/wp-json\/wp\/v2\/users\/1"}],"replies":[{"embeddable":true,"href":"https:\/\/uit.br\/site\/wp-json\/wp\/v2\/comments?post=1691"}],"version-history":[{"count":0,"href":"https:\/\/uit.br\/site\/wp-json\/wp\/v2\/pages\/1691\/revisions"}],"wp:attachment":[{"href":"https:\/\/uit.br\/site\/wp-json\/wp\/v2\/media?parent=1691"}],"curies":[{"name":"wp","href":"https:\/\/api.w.org\/{rel}","templated":true}]}}