{"id":1582,"date":"2021-01-11T08:16:15","date_gmt":"2021-01-11T11:16:15","guid":{"rendered":"http:\/\/site.uit.br\/?page_id=1582"},"modified":"2026-03-26T10:17:17","modified_gmt":"2026-03-26T13:17:17","slug":"estagio","status":"publish","type":"page","link":"https:\/\/uit.br\/site\/estagio\/","title":{"rendered":"Est\u00e1gio"},"content":{"rendered":"\t\t<div data-elementor-type=\"wp-page\" data-elementor-id=\"1582\" class=\"elementor elementor-1582\" data-elementor-post-type=\"page\">\n\t\t\t\t\t\t<section class=\"elementor-section elementor-top-section elementor-element elementor-element-98a2b7a elementor-section-boxed elementor-section-height-default elementor-section-height-default\" data-id=\"98a2b7a\" data-element_type=\"section\" data-e-type=\"section\">\n\t\t\t\t\t\t<div class=\"elementor-container elementor-column-gap-default\">\n\t\t\t\t\t<div class=\"elementor-column elementor-col-33 elementor-top-column elementor-element elementor-element-82cada7 elementor-invisible\" data-id=\"82cada7\" data-element_type=\"column\" data-e-type=\"column\" data-settings=\"{&quot;animation&quot;:&quot;slideInLeft&quot;}\">\n\t\t\t<div class=\"elementor-widget-wrap elementor-element-populated\">\n\t\t\t\t\t\t<div class=\"elementor-element elementor-element-146f805 elementor-widget elementor-widget-image\" data-id=\"146f805\" data-element_type=\"widget\" data-e-type=\"widget\" data-widget_type=\"image.default\">\n\t\t\t\t<div class=\"elementor-widget-container\">\n\t\t\t\t\t\t\t\t\t\t\t\t\t\t\t<img fetchpriority=\"high\" decoding=\"async\" width=\"432\" height=\"1024\" src=\"https:\/\/uit.br\/site\/wp-content\/uploads\/2021\/01\/estagio-estudante-432x1024.png\" class=\"attachment-large size-large wp-image-1594\" alt=\"\" srcset=\"https:\/\/uit.br\/site\/wp-content\/uploads\/2021\/01\/estagio-estudante-432x1024.png 432w, https:\/\/uit.br\/site\/wp-content\/uploads\/2021\/01\/estagio-estudante-127x300.png 127w, https:\/\/uit.br\/site\/wp-content\/uploads\/2021\/01\/estagio-estudante.png 601w\" sizes=\"(max-width: 432px) 100vw, 432px\" \/>\t\t\t\t\t\t\t\t\t\t\t\t\t\t\t<\/div>\n\t\t\t\t<\/div>\n\t\t\t\t\t<\/div>\n\t\t<\/div>\n\t\t\t\t<div class=\"elementor-column elementor-col-66 elementor-top-column elementor-element elementor-element-da34c31 elementor-invisible\" data-id=\"da34c31\" data-element_type=\"column\" data-e-type=\"column\" data-settings=\"{&quot;animation&quot;:&quot;slideInRight&quot;}\">\n\t\t\t<div class=\"elementor-widget-wrap elementor-element-populated\">\n\t\t\t\t\t\t<div class=\"elementor-element elementor-element-772c74c elementor-widget elementor-widget-heading\" data-id=\"772c74c\" data-element_type=\"widget\" data-e-type=\"widget\" data-widget_type=\"heading.default\">\n\t\t\t\t<div class=\"elementor-widget-container\">\n\t\t\t\t\t<h2 class=\"elementor-heading-title elementor-size-default\">Est\u00e1gio de Estudantes<\/h2>\t\t\t\t<\/div>\n\t\t\t\t<\/div>\n\t\t\t\t<div class=\"elementor-element elementor-element-24f5d29 elementor-widget elementor-widget-text-editor\" data-id=\"24f5d29\" data-element_type=\"widget\" data-e-type=\"widget\" data-widget_type=\"text-editor.default\">\n\t\t\t\t<div class=\"elementor-widget-container\">\n\t\t\t\t\t\t\t\t\t<p><strong>Modelos de Conv\u00eanios e Termo de Compromisso: <\/strong><strong>(Padr\u00e3o-\u00fanico Institucional)<\/strong><strong>\u00a0<\/strong><\/p><p><a href=\"https:\/\/uit.br\/site\/wp-content\/uploads\/2026\/03\/Convenio_estagio_pessoa_juridica_2025.docx\">Conv\u00eanio Est\u00e1gio Pessoa Jur\u00eddica (WORD)<\/a> \u00a0 |\u00a0\u00a0 <a href=\"https:\/\/uit.br\/site\/wp-content\/uploads\/2026\/03\/Convenio_estagio_pessoa_juridica_2025.zip\">(ZIP)<\/a><\/p><p><a href=\"https:\/\/uit.br\/site\/wp-content\/uploads\/2025\/08\/Convenio_estagio_profissional_liberal_2025.docx\">Conv\u00eanio Est\u00e1gio Profissional Liberal (WORD)<\/a>\u00a0 \u00a0 |\u00a0\u00a0 <a href=\"https:\/\/uit.br\/site\/wp-content\/uploads\/2025\/08\/Convenio_estagio_profissional_liberal_2025.zip\">(ZIP)<\/a><\/p><p><a href=\"https:\/\/uit.br\/site\/wp-content\/uploads\/2025\/01\/Termo_compromisso_estagio_2025.docx\">Termo Compromisso Est\u00e1gio (WORD)\u00a0<\/a>\u00a0 |\u00a0\u00a0 <a href=\"https:\/\/uit.br\/site\/wp-content\/uploads\/2025\/01\/Termo_compromisso_estagio_2025.zip\">(ZIP)<\/a><\/p>\t\t\t\t\t\t\t\t<\/div>\n\t\t\t\t<\/div>\n\t\t\t\t\t<\/div>\n\t\t<\/div>\n\t\t\t\t\t<\/div>\n\t\t<\/section>\n\t\t\t\t<\/div>\n\t\t","protected":false},"excerpt":{"rendered":"<p>Est\u00e1gio de Estudantes Modelos de Conv\u00eanios e Termo de Compromisso: (Padr\u00e3o-\u00fanico Institucional)\u00a0 Conv\u00eanio Est\u00e1gio Pessoa Jur\u00eddica (WORD) \u00a0 |\u00a0\u00a0 (ZIP) Conv\u00eanio Est\u00e1gio Profissional Liberal (WORD)\u00a0 \u00a0 |\u00a0\u00a0 (ZIP) Termo Compromisso Est\u00e1gio (WORD)\u00a0\u00a0 |\u00a0\u00a0 (ZIP)<\/p>\n","protected":false},"author":1,"featured_media":0,"parent":0,"menu_order":0,"comment_status":"closed","ping_status":"closed","template":"","meta":{"site-sidebar-layout":"no-sidebar","site-content-layout":"page-builder","ast-site-content-layout":"default","site-content-style":"default","site-sidebar-style":"default","ast-global-header-display":"","ast-banner-title-visibility":"","ast-main-header-display":"","ast-hfb-above-header-display":"","ast-hfb-below-header-display":"","ast-hfb-mobile-header-display":"","site-post-title":"disabled","ast-breadcrumbs-content":"","ast-featured-img":"disabled","footer-sml-layout":"","ast-disable-related-posts":"","theme-transparent-header-meta":"default","adv-header-id-meta":"","stick-header-meta":"","header-above-stick-meta":"","header-main-stick-meta":"","header-below-stick-meta":"","astra-migrate-meta-layouts":"default","ast-page-background-enabled":"default","ast-page-background-meta":{"desktop":{"background-color":"","background-image":"","background-repeat":"repeat","background-position":"center center","background-size":"auto","background-attachment":"scroll","background-type":"","background-media":"","overlay-type":"","overlay-color":"","overlay-opacity":"","overlay-gradient":""},"tablet":{"background-color":"","background-image":"","background-repeat":"repeat","background-position":"center center","background-size":"auto","background-attachment":"scroll","background-type":"","background-media":"","overlay-type":"","overlay-color":"","overlay-opacity":"","overlay-gradient":""},"mobile":{"background-color":"","background-image":"","background-repeat":"repeat","background-position":"center center","background-size":"auto","background-attachment":"scroll","background-type":"","background-media":"","overlay-type":"","overlay-color":"","overlay-opacity":"","overlay-gradient":""}},"ast-content-background-meta":{"desktop":{"background-color":"var(--ast-global-color-5)","background-image":"","background-repeat":"repeat","background-position":"center center","background-size":"auto","background-attachment":"scroll","background-type":"","background-media":"","overlay-type":"","overlay-color":"","overlay-opacity":"","overlay-gradient":""},"tablet":{"background-color":"var(--ast-global-color-5)","background-image":"","background-repeat":"repeat","background-position":"center center","background-size":"auto","background-attachment":"scroll","background-type":"","background-media":"","overlay-type":"","overlay-color":"","overlay-opacity":"","overlay-gradient":""},"mobile":{"background-color":"var(--ast-global-color-5)","background-image":"","background-repeat":"repeat","background-position":"center center","background-size":"auto","background-attachment":"scroll","background-type":"","background-media":"","overlay-type":"","overlay-color":"","overlay-opacity":"","overlay-gradient":""}},"footnotes":""},"class_list":["post-1582","page","type-page","status-publish","hentry"],"_links":{"self":[{"href":"https:\/\/uit.br\/site\/wp-json\/wp\/v2\/pages\/1582","targetHints":{"allow":["GET"]}}],"collection":[{"href":"https:\/\/uit.br\/site\/wp-json\/wp\/v2\/pages"}],"about":[{"href":"https:\/\/uit.br\/site\/wp-json\/wp\/v2\/types\/page"}],"author":[{"embeddable":true,"href":"https:\/\/uit.br\/site\/wp-json\/wp\/v2\/users\/1"}],"replies":[{"embeddable":true,"href":"https:\/\/uit.br\/site\/wp-json\/wp\/v2\/comments?post=1582"}],"version-history":[{"count":7,"href":"https:\/\/uit.br\/site\/wp-json\/wp\/v2\/pages\/1582\/revisions"}],"predecessor-version":[{"id":8838,"href":"https:\/\/uit.br\/site\/wp-json\/wp\/v2\/pages\/1582\/revisions\/8838"}],"wp:attachment":[{"href":"https:\/\/uit.br\/site\/wp-json\/wp\/v2\/media?parent=1582"}],"curies":[{"name":"wp","href":"https:\/\/api.w.org\/{rel}","templated":true}]}}