{"id":1298,"date":"2020-12-28T14:55:09","date_gmt":"2020-12-28T17:55:09","guid":{"rendered":"http:\/\/site.uit.br\/?page_id=1298"},"modified":"2022-06-29T20:21:37","modified_gmt":"2022-06-29T23:21:37","slug":"encontro-de-pesquisa","status":"publish","type":"page","link":"https:\/\/uit.br\/site\/encontro-de-pesquisa\/","title":{"rendered":"Encontro de Pesquisa"},"content":{"rendered":"\t\t<div data-elementor-type=\"wp-page\" data-elementor-id=\"1298\" class=\"elementor elementor-1298\" data-elementor-post-type=\"page\">\n\t\t\t\t\t\t<section class=\"elementor-section elementor-top-section elementor-element elementor-element-e0161a6 elementor-section-boxed elementor-section-height-default elementor-section-height-default\" data-id=\"e0161a6\" data-element_type=\"section\" data-e-type=\"section\">\n\t\t\t\t\t\t<div class=\"elementor-container elementor-column-gap-default\">\n\t\t\t\t\t<div class=\"elementor-column elementor-col-33 elementor-top-column elementor-element elementor-element-a7a257d elementor-invisible\" data-id=\"a7a257d\" data-element_type=\"column\" data-e-type=\"column\" data-settings=\"{&quot;animation&quot;:&quot;slideInLeft&quot;}\">\n\t\t\t<div class=\"elementor-widget-wrap elementor-element-populated\">\n\t\t\t\t\t\t<div class=\"elementor-element elementor-element-44003b3 elementor-widget elementor-widget-image\" data-id=\"44003b3\" data-element_type=\"widget\" data-e-type=\"widget\" data-widget_type=\"image.default\">\n\t\t\t\t<div class=\"elementor-widget-container\">\n\t\t\t\t\t\t\t\t\t\t\t\t\t\t\t<img fetchpriority=\"high\" decoding=\"async\" width=\"432\" height=\"1024\" src=\"https:\/\/uit.br\/site\/wp-content\/uploads\/2021\/01\/encontro-de-pesquisa-432x1024.png\" class=\"attachment-large size-large wp-image-1459\" alt=\"\" srcset=\"https:\/\/uit.br\/site\/wp-content\/uploads\/2021\/01\/encontro-de-pesquisa-432x1024.png 432w, https:\/\/uit.br\/site\/wp-content\/uploads\/2021\/01\/encontro-de-pesquisa-127x300.png 127w, https:\/\/uit.br\/site\/wp-content\/uploads\/2021\/01\/encontro-de-pesquisa.png 601w\" sizes=\"(max-width: 432px) 100vw, 432px\" \/>\t\t\t\t\t\t\t\t\t\t\t\t\t\t\t<\/div>\n\t\t\t\t<\/div>\n\t\t\t\t\t<\/div>\n\t\t<\/div>\n\t\t\t\t<div class=\"elementor-column elementor-col-66 elementor-top-column elementor-element elementor-element-ba3b113 elementor-invisible\" data-id=\"ba3b113\" data-element_type=\"column\" data-e-type=\"column\" data-settings=\"{&quot;animation&quot;:&quot;slideInRight&quot;}\">\n\t\t\t<div class=\"elementor-widget-wrap elementor-element-populated\">\n\t\t\t\t\t\t<div class=\"elementor-element elementor-element-98afcae elementor-widget elementor-widget-heading\" data-id=\"98afcae\" data-element_type=\"widget\" data-e-type=\"widget\" data-widget_type=\"heading.default\">\n\t\t\t\t<div class=\"elementor-widget-container\">\n\t\t\t\t\t<h2 class=\"elementor-heading-title elementor-size-default\">Encontros de Pesquisa<\/h2>\t\t\t\t<\/div>\n\t\t\t\t<\/div>\n\t\t\t\t<div class=\"elementor-element elementor-element-81a4e3e elementor-widget elementor-widget-text-editor\" data-id=\"81a4e3e\" data-element_type=\"widget\" data-e-type=\"widget\" data-widget_type=\"text-editor.default\">\n\t\t\t\t<div class=\"elementor-widget-container\">\n\t\t\t\t\t\t\t\t\t<p style=\"text-align: left;\" align=\"center\"><strong>V ENCONTRO DE PESQUISA E INICIA\u00c7\u00c3O CIENT\u00cdFICA DA UNIVERSIDADE DE ITA\u00daNA &#8211; UI<\/strong><\/p><p><strong>LOCAL DA ABERTURA E PALESTRAS:<\/strong> GRANDE TEATRO DA UNIVERSIDADE DE ITA\u00daNA<\/p><p><strong>PER\u00cdODO:<\/strong> 07 E 08 DE NOVEMBRO DE 2012<\/p><p><strong>HOR\u00c1RIO:<\/strong> 19:00-22:00 H<\/p><p style=\"text-align: left;\" align=\"center\"><strong>PROGRAMA\u00c7\u00c3O<\/strong><\/p><p><strong>07\/11 \u2013 TODO O DIA:<\/strong> EXPOSI\u00c7\u00c3O DE P\u00d4STERES E JULGAMENTO DOS TRABALHOS<\/p><p>LOCAL: SAGU\u00c3O DA REITORIA<\/p><p><strong>19:00 \u2013 ABERTURA DO EVENTO:<\/strong> Dr. FAI\u00c7AL DAVID FREIRE CHEQUER \u2013 MAGN\u00cdFICO REITOR DA UNIVERSIDADE DE ITA\u00daNA<\/p><p><strong>19:30 \u2013 PALESTRA:<\/strong> O FOMENTO DA PESQUISA EM MINAS GERAIS<\/p><p>PROFERIDA POR: Jos\u00e9 Alberto Bianchi \u2013 FAPEMIG, RESPONS\u00c1VEL PELO DEPARTAMENTO DE PROGRAMA DE BOLSAS (DPB)<\/p><p><strong>21:00 \u2013 PALESTRA:<\/strong> CONSIDERA\u00c7\u00d5ES \u00c9TICAS EM PESQUISA<\/p><p>PROFERIDA POR: Prof. JULIANO TEIXEIRA MORAIS \u2013 PRESIDENTE DO CEP-UI. COORDENADOR DO CURSO DE ENFERMAGEM DA UI<\/p><p><strong>08\/11 \u2013 TODO O DIA:<\/strong> EXPOSI\u00c7\u00c3O DE P\u00d4STERES E JULGAMENTO DOS TRABALHOS<\/p><p>LOCAL: SAGU\u00c3O DA REITORIA<\/p><p><strong>19:30 \u2013 PALESTRA:<\/strong> Confiabilidade e an\u00e1lise de risco: aplica\u00e7\u00f5es em diversas \u00e1reas do conhecimento<\/p><p>PROFERIDA POR: Prof. Dr. Vanderley de Vasconcelos. PROFESSOR DO CURSO DE ENGENHARIA DA UI<\/p><p><strong>21:00 \u2013 PALESTRA:<\/strong> A PESQUISA NA \u00c1REA DE CI\u00caNCIAS HUMANAS<\/p><p>PROFERIDA POR: Prof<sup>a<\/sup>. Dra. JANA\u00cdNA DE JESUS BATISTA. PROFESSORA DA \u00c1REA DE SA\u00daDE DA UI<\/p><p>\u00a0<\/p><p style=\"text-align: left;\" align=\"center\"><strong>REALIZA\u00c7\u00c3O<\/strong><\/p><p>NAFAP \u2013 N\u00daCLEO DE APOIO, FOMENTO E ACOMPANHAMENTO \u00c0 PESQUISA DA UNIVERSIDADE DE ITA\u00daNA<\/p><p>PR\u00d3-REITORIA DE PESQUISA, EXTENS\u00c3O E P\u00d3S-GRADUA\u00c7\u00c3O DA UI<\/p><p>Profa. Dra. ANA CRISTINA NOGUEIRA RODRIGUES PESTANA &#8211; COORDENADORA DO NAFAP, MEMBRO DO CEP<\/p><p>PROF. JULIANO TEIXEIRA DE MORAIS \u2013 PRESIDENTE DO CEP. COORDENADOR DO CURSO DE ENFERMAGEM DA UI<\/p><p>PROF. Dr. DEN\u00cdLSON JOS\u00c9 DO CARMO \u2013 PESQUISADOR PAFAP E CNPq, MEMBRO DO CEP. PROFESSOR DO CURSO DE ENGENHARIA DA UI<\/p>\t\t\t\t\t\t\t\t<\/div>\n\t\t\t\t<\/div>\n\t\t\t\t\t<\/div>\n\t\t<\/div>\n\t\t\t\t\t<\/div>\n\t\t<\/section>\n\t\t\t\t<\/div>\n\t\t","protected":false},"excerpt":{"rendered":"<p>Encontros de Pesquisa V ENCONTRO DE PESQUISA E INICIA\u00c7\u00c3O CIENT\u00cdFICA DA UNIVERSIDADE DE ITA\u00daNA &#8211; UI LOCAL DA ABERTURA E PALESTRAS: GRANDE TEATRO DA UNIVERSIDADE DE ITA\u00daNA PER\u00cdODO: 07 E 08 DE NOVEMBRO DE 2012 HOR\u00c1RIO: 19:00-22:00 H PROGRAMA\u00c7\u00c3O 07\/11 \u2013 TODO O DIA: EXPOSI\u00c7\u00c3O DE P\u00d4STERES E JULGAMENTO DOS TRABALHOS LOCAL: SAGU\u00c3O DA REITORIA [&hellip;]<\/p>\n","protected":false},"author":1,"featured_media":0,"parent":0,"menu_order":0,"comment_status":"closed","ping_status":"closed","template":"elementor_header_footer","meta":{"site-sidebar-layout":"no-sidebar","site-content-layout":"page-builder","ast-site-content-layout":"default","site-content-style":"default","site-sidebar-style":"default","ast-global-header-display":"","ast-banner-title-visibility":"","ast-main-header-display":"","ast-hfb-above-header-display":"","ast-hfb-below-header-display":"","ast-hfb-mobile-header-display":"","site-post-title":"disabled","ast-breadcrumbs-content":"","ast-featured-img":"disabled","footer-sml-layout":"","ast-disable-related-posts":"","theme-transparent-header-meta":"default","adv-header-id-meta":"","stick-header-meta":"","header-above-stick-meta":"","header-main-stick-meta":"","header-below-stick-meta":"","astra-migrate-meta-layouts":"default","ast-page-background-enabled":"default","ast-page-background-meta":{"desktop":{"background-color":"","background-image":"","background-repeat":"repeat","background-position":"center center","background-size":"auto","background-attachment":"scroll","background-type":"","background-media":"","overlay-type":"","overlay-color":"","overlay-opacity":"","overlay-gradient":""},"tablet":{"background-color":"","background-image":"","background-repeat":"repeat","background-position":"center center","background-size":"auto","background-attachment":"scroll","background-type":"","background-media":"","overlay-type":"","overlay-color":"","overlay-opacity":"","overlay-gradient":""},"mobile":{"background-color":"","background-image":"","background-repeat":"repeat","background-position":"center center","background-size":"auto","background-attachment":"scroll","background-type":"","background-media":"","overlay-type":"","overlay-color":"","overlay-opacity":"","overlay-gradient":""}},"ast-content-background-meta":{"desktop":{"background-color":"var(--ast-global-color-5)","background-image":"","background-repeat":"repeat","background-position":"center center","background-size":"auto","background-attachment":"scroll","background-type":"","background-media":"","overlay-type":"","overlay-color":"","overlay-opacity":"","overlay-gradient":""},"tablet":{"background-color":"var(--ast-global-color-5)","background-image":"","background-repeat":"repeat","background-position":"center center","background-size":"auto","background-attachment":"scroll","background-type":"","background-media":"","overlay-type":"","overlay-color":"","overlay-opacity":"","overlay-gradient":""},"mobile":{"background-color":"var(--ast-global-color-5)","background-image":"","background-repeat":"repeat","background-position":"center center","background-size":"auto","background-attachment":"scroll","background-type":"","background-media":"","overlay-type":"","overlay-color":"","overlay-opacity":"","overlay-gradient":""}},"footnotes":""},"class_list":["post-1298","page","type-page","status-publish","hentry"],"_links":{"self":[{"href":"https:\/\/uit.br\/site\/wp-json\/wp\/v2\/pages\/1298","targetHints":{"allow":["GET"]}}],"collection":[{"href":"https:\/\/uit.br\/site\/wp-json\/wp\/v2\/pages"}],"about":[{"href":"https:\/\/uit.br\/site\/wp-json\/wp\/v2\/types\/page"}],"author":[{"embeddable":true,"href":"https:\/\/uit.br\/site\/wp-json\/wp\/v2\/users\/1"}],"replies":[{"embeddable":true,"href":"https:\/\/uit.br\/site\/wp-json\/wp\/v2\/comments?post=1298"}],"version-history":[{"count":0,"href":"https:\/\/uit.br\/site\/wp-json\/wp\/v2\/pages\/1298\/revisions"}],"wp:attachment":[{"href":"https:\/\/uit.br\/site\/wp-json\/wp\/v2\/media?parent=1298"}],"curies":[{"name":"wp","href":"https:\/\/api.w.org\/{rel}","templated":true}]}}