{"id":1120,"date":"2020-12-23T15:42:19","date_gmt":"2020-12-23T18:42:19","guid":{"rendered":"http:\/\/site.uit.br\/?page_id=1120"},"modified":"2025-03-20T18:28:32","modified_gmt":"2025-03-20T21:28:32","slug":"comissao-propria-de-avaliacao","status":"publish","type":"page","link":"https:\/\/uit.br\/site\/comissao-propria-de-avaliacao\/","title":{"rendered":"Comiss\u00e3o Pr\u00f3pria de Avalia\u00e7\u00e3o"},"content":{"rendered":"\t\t<div data-elementor-type=\"wp-page\" data-elementor-id=\"1120\" class=\"elementor elementor-1120\" data-elementor-post-type=\"page\">\n\t\t\t\t\t\t<section class=\"elementor-section elementor-top-section elementor-element elementor-element-fdb0358 elementor-section-boxed elementor-section-height-default elementor-section-height-default\" data-id=\"fdb0358\" data-element_type=\"section\" data-e-type=\"section\">\n\t\t\t\t\t\t<div class=\"elementor-container elementor-column-gap-default\">\n\t\t\t\t\t<div class=\"elementor-column elementor-col-33 elementor-top-column elementor-element elementor-element-bcb29b3 elementor-invisible\" data-id=\"bcb29b3\" data-element_type=\"column\" data-e-type=\"column\" data-settings=\"{&quot;animation&quot;:&quot;slideInLeft&quot;}\">\n\t\t\t<div class=\"elementor-widget-wrap elementor-element-populated\">\n\t\t\t\t\t\t<div class=\"elementor-element elementor-element-66f0dc7 elementor-widget elementor-widget-image\" data-id=\"66f0dc7\" data-element_type=\"widget\" data-e-type=\"widget\" data-widget_type=\"image.default\">\n\t\t\t\t<div class=\"elementor-widget-container\">\n\t\t\t\t\t\t\t\t\t\t\t\t\t\t\t<img fetchpriority=\"high\" decoding=\"async\" width=\"432\" height=\"1024\" src=\"https:\/\/uit.br\/site\/wp-content\/uploads\/2021\/01\/comissao-propria-de-avaliacao-432x1024.png\" class=\"attachment-large size-large wp-image-1451\" alt=\"\" srcset=\"https:\/\/uit.br\/site\/wp-content\/uploads\/2021\/01\/comissao-propria-de-avaliacao-432x1024.png 432w, https:\/\/uit.br\/site\/wp-content\/uploads\/2021\/01\/comissao-propria-de-avaliacao-127x300.png 127w, https:\/\/uit.br\/site\/wp-content\/uploads\/2021\/01\/comissao-propria-de-avaliacao.png 601w\" sizes=\"(max-width: 432px) 100vw, 432px\" \/>\t\t\t\t\t\t\t\t\t\t\t\t\t\t\t<\/div>\n\t\t\t\t<\/div>\n\t\t\t\t\t<\/div>\n\t\t<\/div>\n\t\t\t\t<div class=\"elementor-column elementor-col-66 elementor-top-column elementor-element elementor-element-7d67f9a elementor-invisible\" data-id=\"7d67f9a\" data-element_type=\"column\" data-e-type=\"column\" data-settings=\"{&quot;animation&quot;:&quot;slideInRight&quot;}\">\n\t\t\t<div class=\"elementor-widget-wrap elementor-element-populated\">\n\t\t\t\t\t\t<div class=\"elementor-element elementor-element-8080bf4 elementor-widget elementor-widget-heading\" data-id=\"8080bf4\" data-element_type=\"widget\" data-e-type=\"widget\" data-widget_type=\"heading.default\">\n\t\t\t\t<div class=\"elementor-widget-container\">\n\t\t\t\t\t<h2 class=\"elementor-heading-title elementor-size-default\">Comiss\u00e3o Pr\u00f3pria de Avalia\u00e7\u00e3o<\/h2>\t\t\t\t<\/div>\n\t\t\t\t<\/div>\n\t\t\t\t<div class=\"elementor-element elementor-element-1ae1008 elementor-widget__width-initial elementor-widget elementor-widget-text-editor\" data-id=\"1ae1008\" data-element_type=\"widget\" data-e-type=\"widget\" data-widget_type=\"text-editor.default\">\n\t\t\t\t<div class=\"elementor-widget-container\">\n\t\t\t\t\t\t\t\t\t<p>Foi constitu\u00edda, no \u00e2mbito da Universidade de Ita\u00fana, a Comiss\u00e3o Pr\u00f3pria de Avalia\u00e7\u00e3o \u2013 CPA, segundo as determina\u00e7\u00f5es do Sistema Nacional de Avalia\u00e7\u00e3o da Educa\u00e7\u00e3o Superior &#8211; SINAES. Tal Comiss\u00e3o \u00e9 respons\u00e1vel pela condu\u00e7\u00e3o dos processos de avalia\u00e7\u00e3o internos da Institui\u00e7\u00e3o, de sistematiza\u00e7\u00e3o e de presta\u00e7\u00e3o das informa\u00e7\u00f5es solicitadas pelo MEC\/INEP, com observ\u00e2ncia dos seguintes crit\u00e9rios: I \u2013 constitui\u00e7\u00e3o por ato do Reitor, assegurada a participa\u00e7\u00e3o de todos os segmentos da comunidade universit\u00e1ria e da sociedade civil organizada. A composi\u00e7\u00e3o n\u00e3o privilegiou a maioria absoluta de nenhum dos segmentos; II &#8211; a CPA tem atua\u00e7\u00e3o aut\u00f4noma em rela\u00e7\u00e3o a conselhos e demais \u00f3rg\u00e3os colegiados da Institui\u00e7\u00e3o. Nesse processo, s\u00e3o assegurados: I \u2013 a an\u00e1lise global e integrada das dimens\u00f5es, estruturas, rela\u00e7\u00f5es, compromisso social, atividades, finalidades e responsabilidades sociais da Institui\u00e7\u00e3o e de seus cursos; II \u2013 a publicidade de todos os procedimentos, dados e resultados dos processos avaliativos; III \u2013 o respeito \u00e0 identidade e \u00e0 diversidade dos cursos da Institui\u00e7\u00e3o; IV \u2013 a participa\u00e7\u00e3o do corpo discente, docente e t\u00e9cnico-administrativo da Institui\u00e7\u00e3o e da sociedade civil, por meio de suas representa\u00e7\u00f5es. S\u00e3o membros da Comiss\u00e3o:<\/p>\n<table border=\"1\" width=\"633\" cellspacing=\"0\" cellpadding=\"0\">\n<tbody>\n<tr style=\"mso-yfti-irow: 0; mso-yfti-firstrow: yes;\">\n<td style=\"width: 216.1pt; border: solid black 1.0pt; padding: 0cm 5.4pt 0cm 5.4pt;\" valign=\"top\" width=\"288\">\n<p style=\"mso-margin-top-alt: auto; mso-margin-bottom-alt: auto; text-align: justify; line-height: 150%;\"><strong><span style=\"font-size: 10.5pt; line-height: 150%; font-family: 'Arial',sans-serif; mso-fareast-font-family: 'Times New Roman'; mso-fareast-language: PT-BR;\">Nomes<\/span><\/strong><\/p>\n<\/td>\n<td style=\"width: 216.1pt; border: solid black 1.0pt; border-left: none; padding: 0cm 5.4pt 0cm 5.4pt;\" valign=\"top\" width=\"288\">\n<p style=\"mso-margin-top-alt: auto; mso-margin-bottom-alt: auto; text-align: justify; line-height: 150%;\"><strong><span style=\"font-size: 10.5pt; line-height: 150%; font-family: 'Arial',sans-serif; mso-fareast-font-family: 'Times New Roman'; mso-fareast-language: PT-BR;\">Segmentos \/ representa\u00e7\u00e3o<\/span><\/strong><\/p>\n<\/td>\n<\/tr>\n<tr style=\"mso-yfti-irow: 1;\">\n<td style=\"width: 216.1pt; border: solid windowtext 1.0pt; border-top: none; padding: 0cm 5.4pt 0cm 5.4pt;\" valign=\"top\" width=\"288\">\n<p style=\"mso-margin-top-alt: auto; mso-margin-bottom-alt: auto; line-height: normal;\">Paulo Celso de Melo Vieira<\/p>\n<\/td>\n<td style=\"width: 216.1pt; border-top: none; border-left: none; border-bottom: solid windowtext 1.0pt; border-right: solid windowtext 1.0pt; padding: 0cm 5.4pt 0cm 5.4pt;\" valign=\"top\" width=\"288\">\n<p style=\"mso-margin-top-alt: auto; mso-margin-bottom-alt: auto; text-align: justify; line-height: normal;\">Corpo T\u00e9cnico-administrativo<\/p>\n<\/td>\n<\/tr>\n<tr style=\"mso-yfti-irow: 1;\">\n<td style=\"width: 216.1pt; border: solid windowtext 1.0pt; border-top: none; padding: 0cm 5.4pt 0cm 5.4pt;\" valign=\"top\" width=\"288\">\n<p style=\"mso-margin-top-alt: auto; mso-margin-bottom-alt: auto; line-height: normal;\">Lilianne Burrini Gon\u00e7alves Penido<\/p>\n<\/td>\n<td style=\"width: 216.1pt; border-top: none; border-left: none; border-bottom: solid windowtext 1.0pt; border-right: solid windowtext 1.0pt; padding: 0cm 5.4pt 0cm 5.4pt;\" valign=\"top\" width=\"288\">\n<p style=\"mso-margin-top-alt: auto; mso-margin-bottom-alt: auto; text-align: justify; line-height: normal;\">Corpo T\u00e9cnico-administrativo<\/p>\n<\/td>\n<\/tr>\n<tr style=\"mso-yfti-irow: 1;\">\n<td style=\"width: 216.1pt; border: solid windowtext 1.0pt; border-top: none; padding: 0cm 5.4pt 0cm 5.4pt;\" valign=\"top\" width=\"288\">\n<p style=\"mso-margin-top-alt: auto; mso-margin-bottom-alt: auto; line-height: normal;\">Ricardo Batista Lage<\/p>\n<\/td>\n<td style=\"width: 216.1pt; border-top: none; border-left: none; border-bottom: solid windowtext 1.0pt; border-right: solid windowtext 1.0pt; padding: 0cm 5.4pt 0cm 5.4pt;\" valign=\"top\" width=\"288\">\n<p style=\"mso-margin-top-alt: auto; mso-margin-bottom-alt: auto; text-align: justify; line-height: normal;\">Corpo T\u00e9cnico-administrativo<\/p>\n<\/td>\n<\/tr>\n<tr style=\"mso-yfti-irow: 1;\">\n<td style=\"width: 216.1pt; border: solid windowtext 1.0pt; border-top: none; padding: 0cm 5.4pt 0cm 5.4pt;\" valign=\"top\" width=\"288\">\n<p style=\"mso-margin-top-alt: auto; mso-margin-bottom-alt: auto; line-height: normal;\">M\u00e1rcio Eduardo Senra Nogueira Pedrosa Morais<\/p>\n<\/td>\n<td style=\"width: 216.1pt; border-top: none; border-left: none; border-bottom: solid windowtext 1.0pt; border-right: solid windowtext 1.0pt; padding: 0cm 5.4pt 0cm 5.4pt;\" valign=\"top\" width=\"288\">\n<p style=\"mso-margin-top-alt: auto; mso-margin-bottom-alt: auto; text-align: justify; line-height: normal;\">Corpo T\u00e9cnico-administrativo<\/p>\n<\/td>\n<\/tr>\n<tr style=\"mso-yfti-irow: 1;\">\n<td style=\"width: 216.1pt; border: solid windowtext 1.0pt; border-top: none; padding: 0cm 5.4pt 0cm 5.4pt;\" valign=\"top\" width=\"288\">\n<p style=\"mso-margin-top-alt: auto; mso-margin-bottom-alt: auto; line-height: normal;\">Edgard de Oliveira Lopes<\/p>\n<\/td>\n<td style=\"width: 216.1pt; border-top: none; border-left: none; border-bottom: solid windowtext 1.0pt; border-right: solid windowtext 1.0pt; padding: 0cm 5.4pt 0cm 5.4pt;\" valign=\"top\" width=\"288\">\n<p style=\"mso-margin-top-alt: auto; mso-margin-bottom-alt: auto; text-align: justify; line-height: normal;\">Corpo Docente<\/p>\n<\/td>\n<\/tr>\n<tr style=\"mso-yfti-irow: 1;\">\n<td style=\"width: 216.1pt; border: solid windowtext 1.0pt; border-top: none; padding: 0cm 5.4pt 0cm 5.4pt;\" valign=\"top\" width=\"288\">\n<p style=\"mso-margin-top-alt: auto; mso-margin-bottom-alt: auto; line-height: normal;\">Giovanni Vin\u00edcius Caetano e Silva<\/p>\n<\/td>\n<td style=\"width: 216.1pt; border-top: none; border-left: none; border-bottom: solid windowtext 1.0pt; border-right: solid windowtext 1.0pt; padding: 0cm 5.4pt 0cm 5.4pt;\" valign=\"top\" width=\"288\">\n<p style=\"mso-margin-top-alt: auto; mso-margin-bottom-alt: auto; text-align: justify; line-height: normal;\">Corpo Docente<\/p>\n<\/td>\n<\/tr>\n<tr style=\"mso-yfti-irow: 1;\">\n<td style=\"width: 216.1pt; border: solid windowtext 1.0pt; border-top: none; padding: 0cm 5.4pt 0cm 5.4pt;\" valign=\"top\" width=\"288\">\n<p style=\"mso-margin-top-alt: auto; mso-margin-bottom-alt: auto; line-height: normal;\">Graciane Rafisa Saliba<\/p>\n<\/td>\n<td style=\"width: 216.1pt; border-top: none; border-left: none; border-bottom: solid windowtext 1.0pt; border-right: solid windowtext 1.0pt; padding: 0cm 5.4pt 0cm 5.4pt;\" valign=\"top\" width=\"288\">\n<p style=\"mso-margin-top-alt: auto; mso-margin-bottom-alt: auto; text-align: justify; line-height: normal;\">Corpo Docente<\/p>\n<\/td>\n<\/tr>\n<tr style=\"mso-yfti-irow: 2;\">\n<td style=\"width: 216.1pt; border: solid windowtext 1.0pt; border-top: none; padding: 0cm 5.4pt 0cm 5.4pt;\" valign=\"top\" width=\"288\">\n<p style=\"mso-margin-top-alt: auto; mso-margin-bottom-alt: auto; line-height: normal;\">Fabricio Veiga Costa<\/p>\n<\/td>\n<td style=\"width: 216.1pt; border-top: none; border-left: none; border-bottom: solid windowtext 1.0pt; border-right: solid windowtext 1.0pt; padding: 0cm 5.4pt 0cm 5.4pt;\" valign=\"top\" width=\"288\">\n<p style=\"mso-margin-top-alt: auto; mso-margin-bottom-alt: auto; text-align: justify; line-height: normal;\">Corpo Docente<\/p>\n<\/td>\n<\/tr>\n<tr style=\"mso-yfti-irow: 3;\">\n<td style=\"width: 216.1pt; border: solid windowtext 1.0pt; border-top: none; padding: 0cm 5.4pt 0cm 5.4pt;\" valign=\"top\" width=\"288\">\n<p style=\"mso-margin-top-alt: auto; mso-margin-bottom-alt: auto; line-height: normal;\">Melissa de Souza Almeida<\/p>\n<\/td>\n<td style=\"width: 216.1pt; border-top: none; border-left: none; border-bottom: solid windowtext 1.0pt; border-right: solid windowtext 1.0pt; padding: 0cm 5.4pt 0cm 5.4pt;\" valign=\"top\" width=\"288\">\n<p style=\"mso-margin-top-alt: auto; mso-margin-bottom-alt: auto; text-align: justify; line-height: normal;\">Corpo Discente<\/p>\n<\/td>\n<\/tr>\n<tr style=\"mso-yfti-irow: 4;\">\n<td style=\"width: 216.1pt; border: solid windowtext 1.0pt; border-top: none; padding: 0cm 5.4pt 0cm 5.4pt;\" valign=\"top\" width=\"288\">\n<p style=\"mso-margin-top-alt: auto; mso-margin-bottom-alt: auto; line-height: normal;\">Walter C\u00e2ndido dos Santos<\/p>\n<\/td>\n<td style=\"width: 216.1pt; border-top: none; border-left: none; border-bottom: solid windowtext 1.0pt; border-right: solid windowtext 1.0pt; padding: 0cm 5.4pt 0cm 5.4pt;\" valign=\"top\" width=\"288\">\n<p style=\"mso-margin-top-alt: auto; mso-margin-bottom-alt: auto; text-align: justify; line-height: normal;\">Sociedade Civil Organizada<\/p>\n<\/td>\n<\/tr>\n<tr style=\"mso-yfti-irow: 5;\">\n<td style=\"width: 216.1pt; border: solid windowtext 1.0pt; border-top: none; padding: 0cm 5.4pt 0cm 5.4pt;\" valign=\"top\" width=\"288\">\n<p style=\"mso-margin-top-alt: auto; mso-margin-bottom-alt: auto; line-height: normal;\">Arnaldo de Souza Ribeiro<\/p>\n<\/td>\n<td style=\"width: 216.1pt; border-top: none; border-left: none; border-bottom: solid windowtext 1.0pt; border-right: solid windowtext 1.0pt; padding: 0cm 5.4pt 0cm 5.4pt;\" valign=\"top\" width=\"288\">\n<p style=\"mso-margin-top-alt: auto; mso-margin-bottom-alt: auto; text-align: justify; line-height: normal;\">Sociedade Civil Organizada<\/p>\n<\/td>\n<\/tr>\n<tr style=\"mso-yfti-irow: 6; mso-yfti-lastrow: yes;\">\n<td style=\"width: 216.1pt; border: solid windowtext 1.0pt; border-top: none; padding: 0cm 5.4pt 0cm 5.4pt;\" valign=\"top\" width=\"288\">\n<p style=\"mso-margin-top-alt: auto; mso-margin-bottom-alt: auto; line-height: normal;\">Pedro Miguel Rodrigues&nbsp;<\/p>\n<\/td>\n<td style=\"width: 216.1pt; border-top: none; border-left: none; border-bottom: solid windowtext 1.0pt; border-right: solid windowtext 1.0pt; padding: 0cm 5.4pt 0cm 5.4pt;\" valign=\"top\" width=\"288\">\n<p style=\"mso-margin-top-alt: auto; mso-margin-bottom-alt: auto; text-align: justify; line-height: normal;\">Sociedade Civil Organizada<\/p>\n<\/td>\n<\/tr>\n<\/tbody>\n<\/table>\n<p>Como se v\u00ea, existe, na Universidade de Ita\u00fana, uma vis\u00e3o cont\u00ednua, processual, din\u00e2mica e formativa do sistema de avalia\u00e7\u00e3o e, em assim sendo, todo o processo que envolve a avalia\u00e7\u00e3o \u00e9 revisto e replanejado semestralmente, adequando-se todas as atividades e par\u00e2metros \u00e0 legisla\u00e7\u00e3o superveniente e \u00e0 realidade e identidade da Institui\u00e7\u00e3o e do meio em que est\u00e1 inserida.<\/p>\n<p>Resultados Globais das autoavalia\u00e7\u00f5es:<\/p>\n<p><a href=\"https:\/\/uit.br\/site\/wp-content\/uploads\/2025\/01\/Resultado-Global-do-Processo-de-Avaliacao-do-2o-Semestre-de-2024.pdf\" target=\"_blank\" rel=\"noopener\">Resultado Global do Processo de Avalia\u00e7\u00e3o do 2o Semestre de 2024<\/a><\/p>\n<p><a href=\"https:\/\/uit.br\/site\/wp-content\/uploads\/2025\/01\/Resultado-Global-do-Processo-de-Avaliacao-do-1o-Semestre-de-2024.pdf\" target=\"_blank\" rel=\"noopener\">Resultado Global do Processo de Avalia\u00e7\u00e3o do 1o Semestre de 2024<\/a><a href=\"https:\/\/uit.br\/site\/wp-content\/uploads\/2025\/01\/Resultado-Global-do-Processo-de-Avaliacao-do-2o-Semestre-de-2023.pdf\" target=\"_blank\" rel=\"noopener\">&nbsp;<\/a><\/p>\n<p><a href=\"https:\/\/uit.br\/site\/wp-content\/uploads\/2025\/01\/Resultado-Global-do-Processo-de-Avaliacao-do-2o-Semestre-de-2023.pdf\" target=\"_blank\" rel=\"noopener\">Resultado Global do Processo de Avalia\u00e7\u00e3o do 2o Semestre de 2023<\/a><\/p>\n<p><a href=\"https:\/\/uit.br\/site\/wp-content\/uploads\/2025\/01\/Resultado-Global-do-Processo-de-Avaliacao-do-2o-Semestre-de-2022.pdf\" target=\"_blank\" rel=\"noopener\">Resultado Global do Processo de Avalia\u00e7\u00e3o do 2o Semestre de 2022<\/a><\/p>\n<p><a href=\"https:\/\/uit.br\/site\/wp-content\/uploads\/2025\/01\/Resultado-Global-do-Processo-de-Avaliacao-do-1o-Semestre-de-2022.pdf\" target=\"_blank\" rel=\"noopener\">Resultado Global do Processo de Avalia\u00e7\u00e3o do 1o Semestre de 2022 <\/a><\/p>\n<p><a href=\"https:\/\/uit.br\/site\/wp-content\/uploads\/2010\/07\/Resultado_Global_Processo_de_Avaliacao_1o_Semestre_2019.pdf\" target=\"_blank\" rel=\"noopener\">Resultado Global do Processo de Avalia\u00e7\u00e3o do 1o Semestre de 2019<\/a><\/p>\n<p><a href=\"https:\/\/uit.br\/site\/wp-content\/uploads\/2010\/07\/Resultado_Global_Processo_de_Avaliacao_2o_Semestre_2018.pdf\" target=\"_blank\" rel=\"noopener\">Resultado Global do Processo de Avalia\u00e7\u00e3o do 2o Semestre de 2018<\/a><\/p>\n<p><a href=\"https:\/\/uit.br\/site\/wp-content\/uploads\/2010\/07\/Resultado_Global_Processo_de_Avaliacao_1o_Semestre_2018.pdf\">Resultado Global do Processo de Avalia\u00e7\u00e3o do 1o Semestre de 2018<\/a><\/p>\n<p><a href=\"https:\/\/uit.br\/site\/wp-content\/uploads\/2010\/07\/Resultado_Global_Processo_de_Avaliacao_2o_Semestre_2017.pdf\" target=\"_blank\" rel=\"noopener\">Resultado Global do Processo de Avalia\u00e7\u00e3o do 2o Semestre de 2017<\/a><\/p>\n<p><a href=\"https:\/\/uit.br\/site\/wp-content\/uploads\/2010\/07\/Resultado_Global_Processo_de_Avaliacao_1o_Semestre_2017.pdf\">Resultado Global do Processo de Avalia\u00e7\u00e3o do 1o Semestre de 2017<\/a><\/p>\n<p>Resultado Global do Processo de Avalia\u00e7\u00e3o do 2o Semestre de 2016<\/p>\n<p><a href=\"https:\/\/uit.br\/site\/wp-content\/uploads\/2010\/07\/Resultado_Global_Processo_de_Avaliacao_1o_Semestre_2016.pdf\">Resultado Global do Processo de Avalia\u00e7\u00e3o do 1o Semestre de 2016<\/a><\/p>\n<p><a href=\"https:\/\/uit.br\/site\/wp-content\/uploads\/2010\/07\/Resultado_Global_Processo_de_Avaliacao_2o_Semestre_2015.pdf\" target=\"_blank\" rel=\"noopener\">Resultado Global do Processo de Avalia\u00e7\u00e3o do 2o Semestre de 2015<\/a><\/p>\n<p><a href=\"https:\/\/uit.br\/site\/wp-content\/uploads\/2010\/07\/Resultado_Global_Processo_de_Avaliacao_1o_Semestre_2015.pdf\">Resultado Global do Processo de Avalia\u00e7\u00e3o do 1o Semestre de 2015<\/a><\/p>\n<p><a href=\"https:\/\/uit.br\/site\/wp-content\/uploads\/2010\/07\/Resultado_Global_Processo_de_Avaliacao_2o_Semestre_2014.pdf\" target=\"_blank\" rel=\"noopener\">Resultado Global do Processo de Avalia\u00e7\u00e3o do 2o Semestre de 2014<\/a><\/p>\n<p><a href=\"https:\/\/uit.br\/site\/wp-content\/uploads\/2010\/07\/Resultado_Global_Processo_de_Avaliacao_1o_Semestre_2014.pdf\">Resultado Global do Processo de Avalia\u00e7\u00e3o do 1o Semestre de 2014<\/a><\/p>\n<p>Resumo das Avalia\u00e7\u00f5es Externas:<\/p>\n<p><a href=\"https:\/\/uit.br\/site\/wp-content\/uploads\/2010\/07\/Resumo_das_Avaliacoes_Externas.pdf\">Avalia\u00e7\u00f5es in loco<\/a><\/p>\t\t\t\t\t\t\t\t<\/div>\n\t\t\t\t<\/div>\n\t\t\t\t\t<\/div>\n\t\t<\/div>\n\t\t\t\t\t<\/div>\n\t\t<\/section>\n\t\t\t\t<\/div>\n\t\t","protected":false},"excerpt":{"rendered":"<p>Comiss\u00e3o Pr\u00f3pria de Avalia\u00e7\u00e3o Foi constitu\u00edda, no \u00e2mbito da Universidade de Ita\u00fana, a Comiss\u00e3o Pr\u00f3pria de Avalia\u00e7\u00e3o \u2013 CPA, segundo as determina\u00e7\u00f5es do Sistema Nacional de Avalia\u00e7\u00e3o da Educa\u00e7\u00e3o Superior &#8211; SINAES. Tal Comiss\u00e3o \u00e9 respons\u00e1vel pela condu\u00e7\u00e3o dos processos de avalia\u00e7\u00e3o internos da Institui\u00e7\u00e3o, de sistematiza\u00e7\u00e3o e de presta\u00e7\u00e3o das informa\u00e7\u00f5es solicitadas pelo MEC\/INEP, [&hellip;]<\/p>\n","protected":false},"author":1,"featured_media":0,"parent":0,"menu_order":0,"comment_status":"closed","ping_status":"closed","template":"elementor_header_footer","meta":{"site-sidebar-layout":"no-sidebar","site-content-layout":"page-builder","ast-site-content-layout":"full-width-container","site-content-style":"unboxed","site-sidebar-style":"unboxed","ast-global-header-display":"","ast-banner-title-visibility":"","ast-main-header-display":"","ast-hfb-above-header-display":"","ast-hfb-below-header-display":"","ast-hfb-mobile-header-display":"","site-post-title":"disabled","ast-breadcrumbs-content":"","ast-featured-img":"disabled","footer-sml-layout":"","ast-disable-related-posts":"","theme-transparent-header-meta":"default","adv-header-id-meta":"","stick-header-meta":"","header-above-stick-meta":"","header-main-stick-meta":"","header-below-stick-meta":"","astra-migrate-meta-layouts":"set","ast-page-background-enabled":"default","ast-page-background-meta":{"desktop":{"background-color":"","background-image":"","background-repeat":"repeat","background-position":"center center","background-size":"auto","background-attachment":"scroll","background-type":"","background-media":"","overlay-type":"","overlay-color":"","overlay-opacity":"","overlay-gradient":""},"tablet":{"background-color":"","background-image":"","background-repeat":"repeat","background-position":"center center","background-size":"auto","background-attachment":"scroll","background-type":"","background-media":"","overlay-type":"","overlay-color":"","overlay-opacity":"","overlay-gradient":""},"mobile":{"background-color":"","background-image":"","background-repeat":"repeat","background-position":"center center","background-size":"auto","background-attachment":"scroll","background-type":"","background-media":"","overlay-type":"","overlay-color":"","overlay-opacity":"","overlay-gradient":""}},"ast-content-background-meta":{"desktop":{"background-color":"var(--ast-global-color-5)","background-image":"","background-repeat":"repeat","background-position":"center center","background-size":"auto","background-attachment":"scroll","background-type":"","background-media":"","overlay-type":"","overlay-color":"","overlay-opacity":"","overlay-gradient":""},"tablet":{"background-color":"var(--ast-global-color-5)","background-image":"","background-repeat":"repeat","background-position":"center center","background-size":"auto","background-attachment":"scroll","background-type":"","background-media":"","overlay-type":"","overlay-color":"","overlay-opacity":"","overlay-gradient":""},"mobile":{"background-color":"var(--ast-global-color-5)","background-image":"","background-repeat":"repeat","background-position":"center center","background-size":"auto","background-attachment":"scroll","background-type":"","background-media":"","overlay-type":"","overlay-color":"","overlay-opacity":"","overlay-gradient":""}},"footnotes":""},"class_list":["post-1120","page","type-page","status-publish","hentry"],"_links":{"self":[{"href":"https:\/\/uit.br\/site\/wp-json\/wp\/v2\/pages\/1120","targetHints":{"allow":["GET"]}}],"collection":[{"href":"https:\/\/uit.br\/site\/wp-json\/wp\/v2\/pages"}],"about":[{"href":"https:\/\/uit.br\/site\/wp-json\/wp\/v2\/types\/page"}],"author":[{"embeddable":true,"href":"https:\/\/uit.br\/site\/wp-json\/wp\/v2\/users\/1"}],"replies":[{"embeddable":true,"href":"https:\/\/uit.br\/site\/wp-json\/wp\/v2\/comments?post=1120"}],"version-history":[{"count":0,"href":"https:\/\/uit.br\/site\/wp-json\/wp\/v2\/pages\/1120\/revisions"}],"wp:attachment":[{"href":"https:\/\/uit.br\/site\/wp-json\/wp\/v2\/media?parent=1120"}],"curies":[{"name":"wp","href":"https:\/\/api.w.org\/{rel}","templated":true}]}}