{"id":1073,"date":"2020-12-23T14:45:56","date_gmt":"2020-12-23T17:45:56","guid":{"rendered":"http:\/\/site.uit.br\/?page_id=1073"},"modified":"2022-06-29T20:21:40","modified_gmt":"2022-06-29T23:21:40","slug":"missao-visao-e-valores","status":"publish","type":"page","link":"https:\/\/uit.br\/site\/missao-visao-e-valores\/","title":{"rendered":"Miss\u00e3o, Vis\u00e3o e Valores"},"content":{"rendered":"\t\t<div data-elementor-type=\"wp-page\" data-elementor-id=\"1073\" class=\"elementor elementor-1073\" data-elementor-post-type=\"page\">\n\t\t\t\t\t\t<section class=\"elementor-section elementor-top-section elementor-element elementor-element-60b51f3 elementor-section-boxed elementor-section-height-default elementor-section-height-default\" data-id=\"60b51f3\" data-element_type=\"section\" data-e-type=\"section\">\n\t\t\t\t\t\t<div class=\"elementor-container elementor-column-gap-default\">\n\t\t\t\t\t<div class=\"elementor-column elementor-col-33 elementor-top-column elementor-element elementor-element-006100c elementor-invisible\" data-id=\"006100c\" data-element_type=\"column\" data-e-type=\"column\" data-settings=\"{&quot;animation&quot;:&quot;slideInLeft&quot;}\">\n\t\t\t<div class=\"elementor-widget-wrap elementor-element-populated\">\n\t\t\t\t\t\t<div class=\"elementor-element elementor-element-8992149 elementor-widget elementor-widget-image\" data-id=\"8992149\" data-element_type=\"widget\" data-e-type=\"widget\" data-widget_type=\"image.default\">\n\t\t\t\t<div class=\"elementor-widget-container\">\n\t\t\t\t\t\t\t\t\t\t\t\t\t\t\t<img fetchpriority=\"high\" decoding=\"async\" width=\"432\" height=\"1024\" src=\"https:\/\/uit.br\/site\/wp-content\/uploads\/2021\/01\/misao-visao-valores-432x1024.png\" class=\"attachment-large size-large wp-image-1434\" alt=\"\" srcset=\"https:\/\/uit.br\/site\/wp-content\/uploads\/2021\/01\/misao-visao-valores-432x1024.png 432w, https:\/\/uit.br\/site\/wp-content\/uploads\/2021\/01\/misao-visao-valores-127x300.png 127w, https:\/\/uit.br\/site\/wp-content\/uploads\/2021\/01\/misao-visao-valores.png 601w\" sizes=\"(max-width: 432px) 100vw, 432px\" \/>\t\t\t\t\t\t\t\t\t\t\t\t\t\t\t<\/div>\n\t\t\t\t<\/div>\n\t\t\t\t\t<\/div>\n\t\t<\/div>\n\t\t\t\t<div class=\"elementor-column elementor-col-66 elementor-top-column elementor-element elementor-element-fd7f2a6 elementor-invisible\" data-id=\"fd7f2a6\" data-element_type=\"column\" data-e-type=\"column\" data-settings=\"{&quot;animation&quot;:&quot;slideInRight&quot;}\">\n\t\t\t<div class=\"elementor-widget-wrap elementor-element-populated\">\n\t\t\t\t\t\t<div class=\"elementor-element elementor-element-3d3ee93 elementor-widget elementor-widget-heading\" data-id=\"3d3ee93\" data-element_type=\"widget\" data-e-type=\"widget\" data-widget_type=\"heading.default\">\n\t\t\t\t<div class=\"elementor-widget-container\">\n\t\t\t\t\t<h2 class=\"elementor-heading-title elementor-size-default\">Identidade Corporativa da Universidade de Ita\u00fana<\/h2>\t\t\t\t<\/div>\n\t\t\t\t<\/div>\n\t\t\t\t<div class=\"elementor-element elementor-element-5a7f1dd elementor-widget elementor-widget-text-editor\" data-id=\"5a7f1dd\" data-element_type=\"widget\" data-e-type=\"widget\" data-widget_type=\"text-editor.default\">\n\t\t\t\t<div class=\"elementor-widget-container\">\n\t\t\t\t\t\t\t\t\t<div class=\"elementor-element elementor-element-d4efdd7 elementor-widget elementor-widget-text-editor\" data-id=\"d4efdd7\" data-element_type=\"widget\" data-widget_type=\"text-editor.default\"><div class=\"elementor-widget-container\"><div class=\"elementor-text-editor elementor-clearfix\"><p class=\"western\" align=\"justify\"><a name=\"_Toc226725279\"><\/a> \u2022 <span style=\"color: #000000;\"><span style=\"font-family: Arial, serif;\"><b>Miss\u00e3o <\/b><\/span><\/span><\/p><p class=\"western\" align=\"justify\"><span style=\"color: #000000;\">\u201c<span style=\"font-family: Arial, serif;\"><i>Gerar e difundir conhecimentos cient\u00edficos, tecnol\u00f3gicos e culturais, incentivando a permanente forma\u00e7\u00e3o de indiv\u00edduos cr\u00edticos e \u00e9ticos, dotados de s\u00f3lida base cient\u00edfica e human\u00edstica e comprometidos com a sociedade.\u201d<\/i><\/span><\/span><\/p><p class=\"western\" align=\"justify\"><a name=\"_Toc265330541\"><\/a><a name=\"_Toc412575012\"><\/a><a name=\"_Toc472600870\"><\/a><a name=\"_Toc475695378\"><\/a><\/p><p class=\"western\" align=\"justify\">\u2022 <span style=\"font-family: Arial, serif;\"><b>Vis\u00e3o<\/b><\/span><\/p><p class=\"western\" align=\"justify\"><a name=\"_Toc163961081\"><\/a> \u201c<span style=\"font-family: Arial, serif;\"><i>Consolidar-se como institui\u00e7\u00e3o de educa\u00e7\u00e3o superior nacional e internacionalmente reconhecida como centro de excel\u00eancia na produ\u00e7\u00e3o e transmiss\u00e3o de conhecimentos e na qualidade de servi\u00e7os prestados \u00e0 comunidade.\u201d<\/i><\/span><\/p><p class=\"western\" align=\"justify\"><a name=\"_Toc237772715\"><\/a><a name=\"_Toc245005766\"><\/a><a name=\"_Toc265330542\"><\/a><a name=\"_Toc412575013\"><\/a><a name=\"_Toc472600871\"><\/a><a name=\"_Toc475695379\"><\/a><\/p><p class=\"western\" align=\"justify\">\u2022 <span style=\"font-family: Arial, serif;\"><b>Valores \u2013 Princ\u00edpios de qualidade<\/b><\/span><\/p><p class=\"western\" align=\"justify\"><span style=\"font-family: Arial, serif;\">Para cumprir sua miss\u00e3o e finalidades, as a\u00e7\u00f5es da Universidade de Ita\u00fana s\u00e3o orientadas por princ\u00edpios que caracterizam sua cren\u00e7a sobre as necessidades do ser humano, destacando-se os seguintes valores: <\/span><\/p><ol type=\"I\"><li><p class=\"western\" align=\"justify\"><span style=\"font-family: Arial, serif;\">O crit\u00e9rio preventivo &#8211; procura encaminhar as possibilidades para experi\u00eancias positivas de forma a prevenir as experi\u00eancias deformantes, ajudando a viver em plenitude as aspira\u00e7\u00f5es, os dinamismos e impulsos;<\/span><\/p><\/li><li><p class=\"western\" align=\"justify\"><span style=\"font-family: Arial, serif;\">O ambiente educativo &#8211; deve ser acolhedor, no qual os educandos possam encontrar uma conviv\u00eancia alegre e produtiva. Os relacionamentos devem ser marcados pela confian\u00e7a, pelo trabalho e pelo cumprimento do dever. As express\u00f5es livres e m\u00faltiplas do protagonismo devem acontecer com tranquilidade; <\/span><\/p><\/li><li><p class=\"western\" align=\"justify\"><span style=\"font-family: Arial, serif;\">As for\u00e7as interiores &#8211; previstas como estrat\u00e9gia educativa, prev\u00eaem que a raz\u00e3o e o amor educativo sejam os seus sustent\u00e1culos. \u00c9 importante o sentido do bom senso, da flexibilidade e da persuas\u00e3o inerentes a cada ser humano. <\/span><\/p><\/li><li><p class=\"western\" align=\"justify\"><span style=\"font-family: Arial, serif;\">A rela\u00e7\u00e3o pessoal \u2013 baseia-se na valoriza\u00e7\u00e3o e respeito constantes do patrim\u00f4nio individual e da acolhida incondicional do educando. Procura sempre o di\u00e1logo, incansavelmente, e demonstra sua confian\u00e7a no ser humano assim como a oferta personalizada de propostas educativas.<\/span><\/p><\/li><\/ol><\/div><\/div><\/div>\t\t\t\t\t\t\t\t<\/div>\n\t\t\t\t<\/div>\n\t\t\t\t\t<\/div>\n\t\t<\/div>\n\t\t\t\t\t<\/div>\n\t\t<\/section>\n\t\t\t\t<\/div>\n\t\t","protected":false},"excerpt":{"rendered":"<p>Identidade Corporativa da Universidade de Ita\u00fana \u2022 Miss\u00e3o \u201cGerar e difundir conhecimentos cient\u00edficos, tecnol\u00f3gicos e culturais, incentivando a permanente forma\u00e7\u00e3o de indiv\u00edduos cr\u00edticos e \u00e9ticos, dotados de s\u00f3lida base cient\u00edfica e human\u00edstica e comprometidos com a sociedade.\u201d \u2022 Vis\u00e3o \u201cConsolidar-se como institui\u00e7\u00e3o de educa\u00e7\u00e3o superior nacional e internacionalmente reconhecida como centro de excel\u00eancia na produ\u00e7\u00e3o [&hellip;]<\/p>\n","protected":false},"author":1,"featured_media":0,"parent":0,"menu_order":0,"comment_status":"closed","ping_status":"closed","template":"elementor_header_footer","meta":{"site-sidebar-layout":"no-sidebar","site-content-layout":"page-builder","ast-site-content-layout":"default","site-content-style":"default","site-sidebar-style":"default","ast-global-header-display":"","ast-banner-title-visibility":"","ast-main-header-display":"","ast-hfb-above-header-display":"","ast-hfb-below-header-display":"","ast-hfb-mobile-header-display":"","site-post-title":"disabled","ast-breadcrumbs-content":"","ast-featured-img":"disabled","footer-sml-layout":"","ast-disable-related-posts":"","theme-transparent-header-meta":"default","adv-header-id-meta":"","stick-header-meta":"","header-above-stick-meta":"","header-main-stick-meta":"","header-below-stick-meta":"","astra-migrate-meta-layouts":"default","ast-page-background-enabled":"default","ast-page-background-meta":{"desktop":{"background-color":"","background-image":"","background-repeat":"repeat","background-position":"center center","background-size":"auto","background-attachment":"scroll","background-type":"","background-media":"","overlay-type":"","overlay-color":"","overlay-opacity":"","overlay-gradient":""},"tablet":{"background-color":"","background-image":"","background-repeat":"repeat","background-position":"center center","background-size":"auto","background-attachment":"scroll","background-type":"","background-media":"","overlay-type":"","overlay-color":"","overlay-opacity":"","overlay-gradient":""},"mobile":{"background-color":"","background-image":"","background-repeat":"repeat","background-position":"center center","background-size":"auto","background-attachment":"scroll","background-type":"","background-media":"","overlay-type":"","overlay-color":"","overlay-opacity":"","overlay-gradient":""}},"ast-content-background-meta":{"desktop":{"background-color":"var(--ast-global-color-5)","background-image":"","background-repeat":"repeat","background-position":"center center","background-size":"auto","background-attachment":"scroll","background-type":"","background-media":"","overlay-type":"","overlay-color":"","overlay-opacity":"","overlay-gradient":""},"tablet":{"background-color":"var(--ast-global-color-5)","background-image":"","background-repeat":"repeat","background-position":"center center","background-size":"auto","background-attachment":"scroll","background-type":"","background-media":"","overlay-type":"","overlay-color":"","overlay-opacity":"","overlay-gradient":""},"mobile":{"background-color":"var(--ast-global-color-5)","background-image":"","background-repeat":"repeat","background-position":"center center","background-size":"auto","background-attachment":"scroll","background-type":"","background-media":"","overlay-type":"","overlay-color":"","overlay-opacity":"","overlay-gradient":""}},"footnotes":""},"class_list":["post-1073","page","type-page","status-publish","hentry"],"_links":{"self":[{"href":"https:\/\/uit.br\/site\/wp-json\/wp\/v2\/pages\/1073","targetHints":{"allow":["GET"]}}],"collection":[{"href":"https:\/\/uit.br\/site\/wp-json\/wp\/v2\/pages"}],"about":[{"href":"https:\/\/uit.br\/site\/wp-json\/wp\/v2\/types\/page"}],"author":[{"embeddable":true,"href":"https:\/\/uit.br\/site\/wp-json\/wp\/v2\/users\/1"}],"replies":[{"embeddable":true,"href":"https:\/\/uit.br\/site\/wp-json\/wp\/v2\/comments?post=1073"}],"version-history":[{"count":0,"href":"https:\/\/uit.br\/site\/wp-json\/wp\/v2\/pages\/1073\/revisions"}],"wp:attachment":[{"href":"https:\/\/uit.br\/site\/wp-json\/wp\/v2\/media?parent=1073"}],"curies":[{"name":"wp","href":"https:\/\/api.w.org\/{rel}","templated":true}]}}