{"id":1065,"date":"2020-12-23T14:41:18","date_gmt":"2020-12-23T17:41:18","guid":{"rendered":"http:\/\/site.uit.br\/?page_id=1065"},"modified":"2022-06-29T20:25:34","modified_gmt":"2022-06-29T23:25:34","slug":"principios-filosoficos","status":"publish","type":"page","link":"https:\/\/uit.br\/site\/principios-filosoficos\/","title":{"rendered":"Princ\u00edpios Filos\u00f3ficos"},"content":{"rendered":"\t\t<div data-elementor-type=\"wp-page\" data-elementor-id=\"1065\" class=\"elementor elementor-1065\" data-elementor-post-type=\"page\">\n\t\t\t\t\t\t<section class=\"elementor-section elementor-top-section elementor-element elementor-element-2870c14 elementor-section-boxed elementor-section-height-default elementor-section-height-default\" data-id=\"2870c14\" data-element_type=\"section\" data-e-type=\"section\">\n\t\t\t\t\t\t<div class=\"elementor-container elementor-column-gap-default\">\n\t\t\t\t\t<div class=\"elementor-column elementor-col-33 elementor-top-column elementor-element elementor-element-d001b18 elementor-invisible\" data-id=\"d001b18\" data-element_type=\"column\" data-e-type=\"column\" data-settings=\"{&quot;animation&quot;:&quot;slideInLeft&quot;}\">\n\t\t\t<div class=\"elementor-widget-wrap elementor-element-populated\">\n\t\t\t\t\t\t<div class=\"elementor-element elementor-element-7d809ec elementor-widget elementor-widget-image\" data-id=\"7d809ec\" data-element_type=\"widget\" data-e-type=\"widget\" data-widget_type=\"image.default\">\n\t\t\t\t<div class=\"elementor-widget-container\">\n\t\t\t\t\t\t\t\t\t\t\t\t\t\t\t<img fetchpriority=\"high\" decoding=\"async\" width=\"432\" height=\"1024\" src=\"https:\/\/uit.br\/site\/wp-content\/uploads\/2021\/01\/principios-filosoficos-432x1024.png\" class=\"attachment-large size-large wp-image-1447\" alt=\"\" srcset=\"https:\/\/uit.br\/site\/wp-content\/uploads\/2021\/01\/principios-filosoficos-432x1024.png 432w, https:\/\/uit.br\/site\/wp-content\/uploads\/2021\/01\/principios-filosoficos-127x300.png 127w, https:\/\/uit.br\/site\/wp-content\/uploads\/2021\/01\/principios-filosoficos.png 601w\" sizes=\"(max-width: 432px) 100vw, 432px\" \/>\t\t\t\t\t\t\t\t\t\t\t\t\t\t\t<\/div>\n\t\t\t\t<\/div>\n\t\t\t\t\t<\/div>\n\t\t<\/div>\n\t\t\t\t<div class=\"elementor-column elementor-col-66 elementor-top-column elementor-element elementor-element-89a701e elementor-invisible\" data-id=\"89a701e\" data-element_type=\"column\" data-e-type=\"column\" data-settings=\"{&quot;animation&quot;:&quot;slideInRight&quot;}\">\n\t\t\t<div class=\"elementor-widget-wrap elementor-element-populated\">\n\t\t\t\t\t\t<div class=\"elementor-element elementor-element-7d9465f elementor-widget elementor-widget-heading\" data-id=\"7d9465f\" data-element_type=\"widget\" data-e-type=\"widget\" data-widget_type=\"heading.default\">\n\t\t\t\t<div class=\"elementor-widget-container\">\n\t\t\t\t\t<h2 class=\"elementor-heading-title elementor-size-default\">Princ\u00edpios Filos\u00f3ficos<\/h2>\t\t\t\t<\/div>\n\t\t\t\t<\/div>\n\t\t\t\t<div class=\"elementor-element elementor-element-f3a2899 elementor-widget elementor-widget-text-editor\" data-id=\"f3a2899\" data-element_type=\"widget\" data-e-type=\"widget\" data-widget_type=\"text-editor.default\">\n\t\t\t\t<div class=\"elementor-widget-container\">\n\t\t\t\t\t\t\t\t\t<p>Princ\u00edpios filos\u00f3ficos e te\u00f3rico-metodol\u00f3gicos gerais que norteiam as pr\u00e1ticas acad\u00eamicas da Institui\u00e7\u00e3o<\/p><p>\u00a0\u00a0\u00a0\u00a0\u00a0\u00a0\u00a0A Universidade de Ita\u00fana tem sua filosofia institucional alicer\u00e7ada:<\/p><p>\u00a0\u00a0\u00a0\u00a0\u00a0\u00a0\u00a0\u00a0\u00a0\u00a0 \u00a0\u00a0\u00a0\u00a0 I.\u00a0\u00a0 na igualdade entre os homens, independentemente de nacionalidade, sexo, ra\u00e7a ou credo;<\/p><p>\u00a0\u00a0\u00a0\u00a0\u00a0\u00a0\u00a0\u00a0\u00a0\u00a0\u00a0\u00a0\u00a0 II.\u00a0\u00a0 no respeito aos direitos humanos e, entre eles, o direito \u00e0 educa\u00e7\u00e3o, \u00e0 instru\u00e7\u00e3o e \u00e0 forma\u00e7\u00e3o profissional;<\/p><p>\u00a0\u00a0\u00a0\u00a0\u00a0\u00a0\u00a0\u00a0\u00a0\u00a0\u00a0\u00a0\u00a0III.\u00a0\u00a0\u00a0nos princ\u00edpios de liberdade e de solidariedade humana;<\/p><p>\u00a0\u00a0\u00a0\u00a0\u00a0\u00a0\u00a0\u00a0\u00a0\u00a0\u00a0\u00a0\u00a0IV.\u00a0\u00a0na educa\u00e7\u00e3o integral da pessoa humana;<\/p><p>\u00a0\u00a0\u00a0\u00a0\u00a0\u00a0\u00a0\u00a0\u00a0\u00a0\u00a0\u00a0\u00a0V.\u00a0\u00a0nos valores de democracia;<\/p><p>\u00a0\u00a0\u00a0\u00a0\u00a0\u00a0\u00a0\u00a0\u00a0\u00a0\u00a0\u00a0 VI.\u00a0\u00a0na prote\u00e7\u00e3o do meio ambiente.<\/p><p>\u00a0\u00a0\u00a0\u00a0\u00a0\u00a0\u00a0A educa\u00e7\u00e3o que queremos na Universidade de Ita\u00fana leva em conta as m\u00faltiplas dimens\u00f5es da experi\u00eancia humana, com vistas a capacitar o educando para lidar com o universo de informa\u00e7\u00f5es a que est\u00e1 exposto, nem sempre eticamente construtivas. Trata-se, pois, de considerar o educando como sujeito de sua pr\u00f3pria forma\u00e7\u00e3o.<\/p><p>\u00a0\u00a0\u00a0\u00a0\u00a0\u00a0\u00a0Para isso, podemos e devemos explicitar a realidade que temos e a realidade que queremos construir, ou seja, tornar clara a concep\u00e7\u00e3o de homem \u00edntegro e integral, que embasa nossos projetos pedag\u00f3gicos.<\/p><p>\u00a0\u00a0\u00a0\u00a0\u00a0 Possuindo um fundamento biol\u00f3gico, que o enra\u00edza na natureza, o homem se explicita tamb\u00e9m na diversidade cultural.<\/p><p>\u00a0\u00a0\u00a0\u00a0\u00a0\u00a0 Multidimensional, o homem existe e se realiza nos n\u00edveis biol\u00f3gico, ps\u00edquico, social, afetivo e racional. Coexistem, ora em equil\u00edbrio, ora em desequil\u00edbrio, as dimens\u00f5es som\u00e1tica, individual, econ\u00f4mica, pol\u00edtica, sapiencial, er\u00f3tica, est\u00e9tica, hist\u00f3rica, t\u00e9cnica e \u00e9tica.<\/p><p>\u00a0\u00a0\u00a0\u00a0\u00a0\u00a0 Desse modo, o homem ser\u00e1 adequadamente compreendido e educado se essas diversas dimens\u00f5es antropol\u00f3gicas forem vistas com esp\u00edrito conjuntivo e n\u00e3o disjuntivo, se contempladas com olhar de simultaneidade que mantenha a multidimensionalidade humana. Em resumo, \u00e0 luz de uma educa\u00e7\u00e3o transdisciplinar, pois o homem existe como totalidade para al\u00e9m dos recortes e fragmenta\u00e7\u00f5es dos saberes cient\u00edficos positivos de uma educa\u00e7\u00e3o integral, porque, para o\u00a0 ser humano integral, a educa\u00e7\u00e3o \u00e9 essencialmente \u201ceduca\u00e7\u00e3o para a liberdade\u201d e consequentemente, para a responsabilidade pessoal e coletiva.<\/p><p>\u00a0\u00a0\u00a0\u00a0\u00a0\u00a0 A multiplicidade de dimens\u00f5es, deve-se frisar, forma uma unidade. O uno se expressa como m\u00faltiplo, a multiplicidade existe como uma unidade. O todo existe nas partes e estas expressam a totalidade-unidade do ser humano.<\/p><p>\u00a0\u00a0\u00a0\u00a0\u00a0\u00a0 A concep\u00e7\u00e3o filos\u00f3fica da educa\u00e7\u00e3o\u00a0 acima descrita orienta a constru\u00e7\u00e3o e a materializa\u00e7\u00e3o dos projetos pedag\u00f3gicos dos cursos,\u00a0 atrav\u00e9s dos quais buscamos educar para as m\u00faltiplas compet\u00eancias e habilidades atrav\u00e9s de um curr\u00edculo rico de experi\u00eancias concretas e atividades complementares.<\/p><p>\u00a0\u00a0\u00a0\u00a0\u00a0\u00a0 Orienta-se para o protagonismo do educando em todas as suas faces, possibilitando seu desenvolvimento e autonomia, como realiza\u00e7\u00e3o pessoal e servi\u00e7o \u00e0 comunidade, em conson\u00e2ncia com a miss\u00e3o\u00a0 de transforma\u00e7\u00e3o social e dos valores da cidadania solid\u00e1ria e participativa.<\/p><p>\u00a0\u00a0\u00a0\u00a0\u00a0\u00a0 Reconhecemos a riqueza da raz\u00e3o humana, sem que nos esque\u00e7amos de seus limites internos e de sua possibilidade de cair no erro e na intoler\u00e2ncia. Por isso, cultiva-se sempre uma firme decis\u00e3o pelo conhecimento racional contra as mistifica\u00e7\u00f5es e massifica\u00e7\u00f5es, aliada a uma cultura da compreens\u00e3o humana como abertura ao outro e \u00e0 diversidade, mediada pelo di\u00e1logo esclarecedor e compartilhamento de decis\u00f5es.<\/p>\t\t\t\t\t\t\t\t<\/div>\n\t\t\t\t<\/div>\n\t\t\t\t\t<\/div>\n\t\t<\/div>\n\t\t\t\t\t<\/div>\n\t\t<\/section>\n\t\t\t\t<\/div>\n\t\t","protected":false},"excerpt":{"rendered":"<p>Princ\u00edpios Filos\u00f3ficos Princ\u00edpios filos\u00f3ficos e te\u00f3rico-metodol\u00f3gicos gerais que norteiam as pr\u00e1ticas acad\u00eamicas da Institui\u00e7\u00e3o \u00a0\u00a0\u00a0\u00a0\u00a0\u00a0\u00a0A Universidade de Ita\u00fana tem sua filosofia institucional alicer\u00e7ada: \u00a0\u00a0\u00a0\u00a0\u00a0\u00a0\u00a0\u00a0\u00a0\u00a0 \u00a0\u00a0\u00a0\u00a0 I.\u00a0\u00a0 na igualdade entre os homens, independentemente de nacionalidade, sexo, ra\u00e7a ou credo; \u00a0\u00a0\u00a0\u00a0\u00a0\u00a0\u00a0\u00a0\u00a0\u00a0\u00a0\u00a0\u00a0 II.\u00a0\u00a0 no respeito aos direitos humanos e, entre eles, o direito \u00e0 educa\u00e7\u00e3o, \u00e0 instru\u00e7\u00e3o e [&hellip;]<\/p>\n","protected":false},"author":1,"featured_media":0,"parent":0,"menu_order":0,"comment_status":"closed","ping_status":"closed","template":"elementor_header_footer","meta":{"site-sidebar-layout":"no-sidebar","site-content-layout":"page-builder","ast-site-content-layout":"default","site-content-style":"default","site-sidebar-style":"default","ast-global-header-display":"","ast-banner-title-visibility":"","ast-main-header-display":"","ast-hfb-above-header-display":"","ast-hfb-below-header-display":"","ast-hfb-mobile-header-display":"","site-post-title":"disabled","ast-breadcrumbs-content":"","ast-featured-img":"disabled","footer-sml-layout":"","ast-disable-related-posts":"","theme-transparent-header-meta":"default","adv-header-id-meta":"","stick-header-meta":"","header-above-stick-meta":"","header-main-stick-meta":"","header-below-stick-meta":"","astra-migrate-meta-layouts":"default","ast-page-background-enabled":"default","ast-page-background-meta":{"desktop":{"background-color":"","background-image":"","background-repeat":"repeat","background-position":"center center","background-size":"auto","background-attachment":"scroll","background-type":"","background-media":"","overlay-type":"","overlay-color":"","overlay-opacity":"","overlay-gradient":""},"tablet":{"background-color":"","background-image":"","background-repeat":"repeat","background-position":"center center","background-size":"auto","background-attachment":"scroll","background-type":"","background-media":"","overlay-type":"","overlay-color":"","overlay-opacity":"","overlay-gradient":""},"mobile":{"background-color":"","background-image":"","background-repeat":"repeat","background-position":"center center","background-size":"auto","background-attachment":"scroll","background-type":"","background-media":"","overlay-type":"","overlay-color":"","overlay-opacity":"","overlay-gradient":""}},"ast-content-background-meta":{"desktop":{"background-color":"var(--ast-global-color-5)","background-image":"","background-repeat":"repeat","background-position":"center center","background-size":"auto","background-attachment":"scroll","background-type":"","background-media":"","overlay-type":"","overlay-color":"","overlay-opacity":"","overlay-gradient":""},"tablet":{"background-color":"var(--ast-global-color-5)","background-image":"","background-repeat":"repeat","background-position":"center center","background-size":"auto","background-attachment":"scroll","background-type":"","background-media":"","overlay-type":"","overlay-color":"","overlay-opacity":"","overlay-gradient":""},"mobile":{"background-color":"var(--ast-global-color-5)","background-image":"","background-repeat":"repeat","background-position":"center center","background-size":"auto","background-attachment":"scroll","background-type":"","background-media":"","overlay-type":"","overlay-color":"","overlay-opacity":"","overlay-gradient":""}},"footnotes":""},"class_list":["post-1065","page","type-page","status-publish","hentry"],"_links":{"self":[{"href":"https:\/\/uit.br\/site\/wp-json\/wp\/v2\/pages\/1065","targetHints":{"allow":["GET"]}}],"collection":[{"href":"https:\/\/uit.br\/site\/wp-json\/wp\/v2\/pages"}],"about":[{"href":"https:\/\/uit.br\/site\/wp-json\/wp\/v2\/types\/page"}],"author":[{"embeddable":true,"href":"https:\/\/uit.br\/site\/wp-json\/wp\/v2\/users\/1"}],"replies":[{"embeddable":true,"href":"https:\/\/uit.br\/site\/wp-json\/wp\/v2\/comments?post=1065"}],"version-history":[{"count":0,"href":"https:\/\/uit.br\/site\/wp-json\/wp\/v2\/pages\/1065\/revisions"}],"wp:attachment":[{"href":"https:\/\/uit.br\/site\/wp-json\/wp\/v2\/media?parent=1065"}],"curies":[{"name":"wp","href":"https:\/\/api.w.org\/{rel}","templated":true}]}}