{"id":821,"date":"2020-08-24T16:35:45","date_gmt":"2020-08-24T19:35:45","guid":{"rendered":"http:\/\/mestrado.uit.br\/?page_id=821"},"modified":"2020-08-25T08:41:36","modified_gmt":"2020-08-25T11:41:36","slug":"endereco-e-contato","status":"publish","type":"page","link":"https:\/\/uit.br\/mestrado\/endereco-e-contato\/","title":{"rendered":"Endere\u00e7o e Contato"},"content":{"rendered":"\t\t<div data-elementor-type=\"wp-page\" data-elementor-id=\"821\" class=\"elementor elementor-821\" data-elementor-post-type=\"page\">\n\t\t\t\t\t\t<section class=\"elementor-section elementor-top-section elementor-element elementor-element-5e94681 elementor-section-boxed elementor-section-height-default elementor-section-height-default\" data-id=\"5e94681\" data-element_type=\"section\" data-e-type=\"section\" data-settings=\"{&quot;background_background&quot;:&quot;classic&quot;}\">\n\t\t\t\t\t\t<div class=\"elementor-container elementor-column-gap-default\">\n\t\t\t\t\t<div class=\"elementor-column elementor-col-100 elementor-top-column elementor-element elementor-element-abc17ed\" data-id=\"abc17ed\" data-element_type=\"column\" data-e-type=\"column\">\n\t\t\t<div class=\"elementor-widget-wrap elementor-element-populated\">\n\t\t\t\t\t\t<div class=\"elementor-element elementor-element-468b76c elementor-widget elementor-widget-spacer\" data-id=\"468b76c\" data-element_type=\"widget\" data-e-type=\"widget\" data-widget_type=\"spacer.default\">\n\t\t\t\t<div class=\"elementor-widget-container\">\n\t\t\t\t\t\t\t<div class=\"elementor-spacer\">\n\t\t\t<div class=\"elementor-spacer-inner\"><\/div>\n\t\t<\/div>\n\t\t\t\t\t\t<\/div>\n\t\t\t\t<\/div>\n\t\t\t\t<div class=\"elementor-element elementor-element-0bc5ab9 elementor-widget elementor-widget-text-editor\" data-id=\"0bc5ab9\" data-element_type=\"widget\" data-e-type=\"widget\" data-widget_type=\"text-editor.default\">\n\t\t\t\t<div class=\"elementor-widget-container\">\n\t\t\t\t\t\t\t\t\t<p>Revista Confrontos<\/p>\t\t\t\t\t\t\t\t<\/div>\n\t\t\t\t<\/div>\n\t\t\t\t\t<\/div>\n\t\t<\/div>\n\t\t\t\t\t<\/div>\n\t\t<\/section>\n\t\t\t\t<section class=\"elementor-section elementor-top-section elementor-element elementor-element-d1ce337 elementor-section-boxed elementor-section-height-default elementor-section-height-default\" data-id=\"d1ce337\" data-element_type=\"section\" data-e-type=\"section\" data-settings=\"{&quot;background_background&quot;:&quot;classic&quot;}\">\n\t\t\t\t\t\t<div class=\"elementor-container elementor-column-gap-default\">\n\t\t\t\t\t<div class=\"elementor-column elementor-col-33 elementor-top-column elementor-element elementor-element-7bf83a5\" data-id=\"7bf83a5\" data-element_type=\"column\" data-e-type=\"column\">\n\t\t\t<div class=\"elementor-widget-wrap elementor-element-populated\">\n\t\t\t\t\t\t<div class=\"elementor-element elementor-element-06f584d elementor-align-center elementor-widget elementor-widget-button\" data-id=\"06f584d\" data-element_type=\"widget\" data-e-type=\"widget\" data-widget_type=\"button.default\">\n\t\t\t\t<div class=\"elementor-widget-container\">\n\t\t\t\t\t\t\t\t\t<div class=\"elementor-button-wrapper\">\n\t\t\t\t\t<a class=\"elementor-button elementor-button-link elementor-size-sm\" href=\"https:\/\/uit.br\/mestrado\/revista-confrontos\/\">\n\t\t\t\t\t\t<span class=\"elementor-button-content-wrapper\">\n\t\t\t\t\t\t\t\t\t<span class=\"elementor-button-text\">APRESENTA\u00c7\u00c3O<\/span>\n\t\t\t\t\t<\/span>\n\t\t\t\t\t<\/a>\n\t\t\t\t<\/div>\n\t\t\t\t\t\t\t\t<\/div>\n\t\t\t\t<\/div>\n\t\t\t\t<div class=\"elementor-element elementor-element-597c155 elementor-align-center elementor-widget elementor-widget-button\" data-id=\"597c155\" data-element_type=\"widget\" data-e-type=\"widget\" data-widget_type=\"button.default\">\n\t\t\t\t<div class=\"elementor-widget-container\">\n\t\t\t\t\t\t\t\t\t<div class=\"elementor-button-wrapper\">\n\t\t\t\t\t<a class=\"elementor-button elementor-button-link elementor-size-sm\" href=\"https:\/\/uit.br\/mestrado\/formato-e-normas\/\">\n\t\t\t\t\t\t<span class=\"elementor-button-content-wrapper\">\n\t\t\t\t\t\t\t\t\t<span class=\"elementor-button-text\">FORMATO E NORMAS<\/span>\n\t\t\t\t\t<\/span>\n\t\t\t\t\t<\/a>\n\t\t\t\t<\/div>\n\t\t\t\t\t\t\t\t<\/div>\n\t\t\t\t<\/div>\n\t\t\t\t<div class=\"elementor-element elementor-element-c86c910 elementor-align-center elementor-widget elementor-widget-button\" data-id=\"c86c910\" data-element_type=\"widget\" data-e-type=\"widget\" data-widget_type=\"button.default\">\n\t\t\t\t<div class=\"elementor-widget-container\">\n\t\t\t\t\t\t\t\t\t<div class=\"elementor-button-wrapper\">\n\t\t\t\t\t<a class=\"elementor-button elementor-button-link elementor-size-sm\" href=\"https:\/\/uit.br\/mestrado\/expediente\/\">\n\t\t\t\t\t\t<span class=\"elementor-button-content-wrapper\">\n\t\t\t\t\t\t\t\t\t<span class=\"elementor-button-text\">EXPEDIENTE<\/span>\n\t\t\t\t\t<\/span>\n\t\t\t\t\t<\/a>\n\t\t\t\t<\/div>\n\t\t\t\t\t\t\t\t<\/div>\n\t\t\t\t<\/div>\n\t\t\t\t<div class=\"elementor-element elementor-element-44ae81e elementor-align-center elementor-widget elementor-widget-button\" data-id=\"44ae81e\" data-element_type=\"widget\" data-e-type=\"widget\" data-widget_type=\"button.default\">\n\t\t\t\t<div class=\"elementor-widget-container\">\n\t\t\t\t\t\t\t\t\t<div class=\"elementor-button-wrapper\">\n\t\t\t\t\t<a class=\"elementor-button elementor-button-link elementor-size-sm\" href=\"https:\/\/uit.br\/mestrado\/endereco-e-contato\/\">\n\t\t\t\t\t\t<span class=\"elementor-button-content-wrapper\">\n\t\t\t\t\t\t\t\t\t<span class=\"elementor-button-text\">ENDERE\u00c7O DE CONTATO<\/span>\n\t\t\t\t\t<\/span>\n\t\t\t\t\t<\/a>\n\t\t\t\t<\/div>\n\t\t\t\t\t\t\t\t<\/div>\n\t\t\t\t<\/div>\n\t\t\t\t<div class=\"elementor-element elementor-element-71f0912 elementor-align-center elementor-widget elementor-widget-button\" data-id=\"71f0912\" data-element_type=\"widget\" data-e-type=\"widget\" data-widget_type=\"button.default\">\n\t\t\t\t<div class=\"elementor-widget-container\">\n\t\t\t\t\t\t\t\t\t<div class=\"elementor-button-wrapper\">\n\t\t\t\t\t<a class=\"elementor-button elementor-button-link elementor-size-sm\" href=\"https:\/\/uit.br\/mestrado\/edicao-atual\/\">\n\t\t\t\t\t\t<span class=\"elementor-button-content-wrapper\">\n\t\t\t\t\t\t\t\t\t<span class=\"elementor-button-text\">EDI\u00c7\u00c3O ATUAL<\/span>\n\t\t\t\t\t<\/span>\n\t\t\t\t\t<\/a>\n\t\t\t\t<\/div>\n\t\t\t\t\t\t\t\t<\/div>\n\t\t\t\t<\/div>\n\t\t\t\t<div class=\"elementor-element elementor-element-34be296 elementor-align-center elementor-widget elementor-widget-button\" data-id=\"34be296\" data-element_type=\"widget\" data-e-type=\"widget\" data-widget_type=\"button.default\">\n\t\t\t\t<div class=\"elementor-widget-container\">\n\t\t\t\t\t\t\t\t\t<div class=\"elementor-button-wrapper\">\n\t\t\t\t\t<a class=\"elementor-button elementor-button-link elementor-size-sm\" href=\"https:\/\/uit.br\/mestrado\/edicoes-anteriores\/\">\n\t\t\t\t\t\t<span class=\"elementor-button-content-wrapper\">\n\t\t\t\t\t\t\t\t\t<span class=\"elementor-button-text\">EDI\u00c7\u00d5ES ANTERIORES<\/span>\n\t\t\t\t\t<\/span>\n\t\t\t\t\t<\/a>\n\t\t\t\t<\/div>\n\t\t\t\t\t\t\t\t<\/div>\n\t\t\t\t<\/div>\n\t\t\t\t\t<\/div>\n\t\t<\/div>\n\t\t\t\t<div class=\"elementor-column elementor-col-66 elementor-top-column elementor-element elementor-element-57d68ee\" data-id=\"57d68ee\" data-element_type=\"column\" data-e-type=\"column\" data-settings=\"{&quot;background_background&quot;:&quot;classic&quot;}\">\n\t\t\t<div class=\"elementor-widget-wrap elementor-element-populated\">\n\t\t\t\t\t\t<div class=\"elementor-element elementor-element-15a8a78 elementor-widget elementor-widget-heading\" data-id=\"15a8a78\" data-element_type=\"widget\" data-e-type=\"widget\" data-widget_type=\"heading.default\">\n\t\t\t\t<div class=\"elementor-widget-container\">\n\t\t\t\t\t<h2 class=\"elementor-heading-title elementor-size-default\">ENDERE\u00c7O DE CONTATO<\/h2>\t\t\t\t<\/div>\n\t\t\t\t<\/div>\n\t\t\t\t<div class=\"elementor-element elementor-element-b03c858 elementor-widget elementor-widget-text-editor\" data-id=\"b03c858\" data-element_type=\"widget\" data-e-type=\"widget\" data-widget_type=\"text-editor.default\">\n\t\t\t\t<div class=\"elementor-widget-container\">\n\t\t\t\t\t\t\t\t\t<p>Prof. Dr. Deilton Ribeiro Brasil (Editor). <br \/>E-mail: <a href=\"mailto:deiltonribeiro@uit.br\">deiltonribeiro@uit.br<\/a><\/p>\t\t\t\t\t\t\t\t<\/div>\n\t\t\t\t<\/div>\n\t\t\t\t\t<\/div>\n\t\t<\/div>\n\t\t\t\t\t<\/div>\n\t\t<\/section>\n\t\t\t\t<\/div>\n\t\t","protected":false},"excerpt":{"rendered":"<p>Revista Confrontos APRESENTA\u00c7\u00c3O FORMATO E NORMAS EXPEDIENTE ENDERE\u00c7O DE CONTATO EDI\u00c7\u00c3O ATUAL EDI\u00c7\u00d5ES ANTERIORES ENDERE\u00c7O DE CONTATO Prof. Dr. Deilton Ribeiro Brasil (Editor). E-mail: deiltonribeiro@uit.br<\/p>\n","protected":false},"author":1,"featured_media":0,"parent":0,"menu_order":0,"comment_status":"closed","ping_status":"closed","template":"","meta":{"site-sidebar-layout":"no-sidebar","site-content-layout":"page-builder","ast-site-content-layout":"default","site-content-style":"default","site-sidebar-style":"default","ast-global-header-display":"","ast-banner-title-visibility":"","ast-main-header-display":"","ast-hfb-above-header-display":"","ast-hfb-below-header-display":"","ast-hfb-mobile-header-display":"","site-post-title":"disabled","ast-breadcrumbs-content":"","ast-featured-img":"disabled","footer-sml-layout":"","ast-disable-related-posts":"","theme-transparent-header-meta":"default","adv-header-id-meta":"","stick-header-meta":"","header-above-stick-meta":"","header-main-stick-meta":"","header-below-stick-meta":"","astra-migrate-meta-layouts":"default","ast-page-background-enabled":"default","ast-page-background-meta":{"desktop":{"background-color":"","background-image":"","background-repeat":"repeat","background-position":"center center","background-size":"auto","background-attachment":"scroll","background-type":"","background-media":"","overlay-type":"","overlay-color":"","overlay-opacity":"","overlay-gradient":""},"tablet":{"background-color":"","background-image":"","background-repeat":"repeat","background-position":"center center","background-size":"auto","background-attachment":"scroll","background-type":"","background-media":"","overlay-type":"","overlay-color":"","overlay-opacity":"","overlay-gradient":""},"mobile":{"background-color":"","background-image":"","background-repeat":"repeat","background-position":"center center","background-size":"auto","background-attachment":"scroll","background-type":"","background-media":"","overlay-type":"","overlay-color":"","overlay-opacity":"","overlay-gradient":""}},"ast-content-background-meta":{"desktop":{"background-color":"var(--ast-global-color-5)","background-image":"","background-repeat":"repeat","background-position":"center center","background-size":"auto","background-attachment":"scroll","background-type":"","background-media":"","overlay-type":"","overlay-color":"","overlay-opacity":"","overlay-gradient":""},"tablet":{"background-color":"var(--ast-global-color-5)","background-image":"","background-repeat":"repeat","background-position":"center center","background-size":"auto","background-attachment":"scroll","background-type":"","background-media":"","overlay-type":"","overlay-color":"","overlay-opacity":"","overlay-gradient":""},"mobile":{"background-color":"var(--ast-global-color-5)","background-image":"","background-repeat":"repeat","background-position":"center center","background-size":"auto","background-attachment":"scroll","background-type":"","background-media":"","overlay-type":"","overlay-color":"","overlay-opacity":"","overlay-gradient":""}},"footnotes":""},"class_list":["post-821","page","type-page","status-publish","hentry"],"yoast_head":"<!-- This site is optimized with the Yoast SEO plugin v27.3 - https:\/\/yoast.com\/product\/yoast-seo-wordpress\/ -->\n<title>Endere\u00e7o e Contato - Mestrado e Doutorado em Prote\u00e7\u00e3o dos Direitos Fundamentais<\/title>\n<meta name=\"robots\" content=\"index, follow, max-snippet:-1, max-image-preview:large, max-video-preview:-1\" \/>\n<link rel=\"canonical\" href=\"https:\/\/uit.br\/mestrado\/endereco-e-contato\/\" \/>\n<meta property=\"og:locale\" content=\"pt_BR\" \/>\n<meta property=\"og:type\" content=\"article\" \/>\n<meta property=\"og:title\" content=\"Endere\u00e7o e Contato - Mestrado e Doutorado em Prote\u00e7\u00e3o dos Direitos Fundamentais\" \/>\n<meta property=\"og:description\" content=\"Revista Confrontos APRESENTA\u00c7\u00c3O FORMATO E NORMAS EXPEDIENTE ENDERE\u00c7O DE CONTATO EDI\u00c7\u00c3O ATUAL EDI\u00c7\u00d5ES ANTERIORES ENDERE\u00c7O DE CONTATO Prof. Dr. Deilton Ribeiro Brasil (Editor). E-mail: deiltonribeiro@uit.br\" \/>\n<meta property=\"og:url\" content=\"https:\/\/uit.br\/mestrado\/endereco-e-contato\/\" \/>\n<meta property=\"og:site_name\" content=\"Mestrado e Doutorado em Prote\u00e7\u00e3o dos Direitos Fundamentais\" \/>\n<meta property=\"article:modified_time\" content=\"2020-08-25T11:41:36+00:00\" \/>\n<meta name=\"twitter:card\" content=\"summary_large_image\" \/>\n<script type=\"application\/ld+json\" class=\"yoast-schema-graph\">{\"@context\":\"https:\\\/\\\/schema.org\",\"@graph\":[{\"@type\":\"WebPage\",\"@id\":\"https:\\\/\\\/uit.br\\\/mestrado\\\/endereco-e-contato\\\/\",\"url\":\"https:\\\/\\\/uit.br\\\/mestrado\\\/endereco-e-contato\\\/\",\"name\":\"Endere\u00e7o e Contato - Mestrado e Doutorado em Prote\u00e7\u00e3o dos Direitos Fundamentais\",\"isPartOf\":{\"@id\":\"https:\\\/\\\/uit.br\\\/mestrado\\\/#website\"},\"datePublished\":\"2020-08-24T19:35:45+00:00\",\"dateModified\":\"2020-08-25T11:41:36+00:00\",\"breadcrumb\":{\"@id\":\"https:\\\/\\\/uit.br\\\/mestrado\\\/endereco-e-contato\\\/#breadcrumb\"},\"inLanguage\":\"pt-BR\",\"potentialAction\":[{\"@type\":\"ReadAction\",\"target\":[\"https:\\\/\\\/uit.br\\\/mestrado\\\/endereco-e-contato\\\/\"]}]},{\"@type\":\"BreadcrumbList\",\"@id\":\"https:\\\/\\\/uit.br\\\/mestrado\\\/endereco-e-contato\\\/#breadcrumb\",\"itemListElement\":[{\"@type\":\"ListItem\",\"position\":1,\"name\":\"In\u00edcio\",\"item\":\"https:\\\/\\\/uit.br\\\/mestrado\\\/\"},{\"@type\":\"ListItem\",\"position\":2,\"name\":\"Endere\u00e7o e Contato\"}]},{\"@type\":\"WebSite\",\"@id\":\"https:\\\/\\\/uit.br\\\/mestrado\\\/#website\",\"url\":\"https:\\\/\\\/uit.br\\\/mestrado\\\/\",\"name\":\"Mestrado e Doutorado em Prote\u00e7\u00e3o dos Direitos Fundamentais\",\"description\":\"\",\"publisher\":{\"@id\":\"https:\\\/\\\/uit.br\\\/mestrado\\\/#organization\"},\"potentialAction\":[{\"@type\":\"SearchAction\",\"target\":{\"@type\":\"EntryPoint\",\"urlTemplate\":\"https:\\\/\\\/uit.br\\\/mestrado\\\/?s={search_term_string}\"},\"query-input\":{\"@type\":\"PropertyValueSpecification\",\"valueRequired\":true,\"valueName\":\"search_term_string\"}}],\"inLanguage\":\"pt-BR\"},{\"@type\":\"Organization\",\"@id\":\"https:\\\/\\\/uit.br\\\/mestrado\\\/#organization\",\"name\":\"Mestrado e Doutorado em Prote\u00e7\u00e3o dos Direitos Fundamentais\",\"url\":\"https:\\\/\\\/uit.br\\\/mestrado\\\/\",\"logo\":{\"@type\":\"ImageObject\",\"inLanguage\":\"pt-BR\",\"@id\":\"https:\\\/\\\/uit.br\\\/mestrado\\\/#\\\/schema\\\/logo\\\/image\\\/\",\"url\":\"https:\\\/\\\/uit.br\\\/mestrado\\\/wp-content\\\/uploads\\\/2026\\\/04\\\/logo_.webp\",\"contentUrl\":\"https:\\\/\\\/uit.br\\\/mestrado\\\/wp-content\\\/uploads\\\/2026\\\/04\\\/logo_.webp\",\"width\":201,\"height\":201,\"caption\":\"Mestrado e Doutorado em Prote\u00e7\u00e3o dos Direitos Fundamentais\"},\"image\":{\"@id\":\"https:\\\/\\\/uit.br\\\/mestrado\\\/#\\\/schema\\\/logo\\\/image\\\/\"},\"sameAs\":[\"https:\\\/\\\/www.instagram.com\\\/universidadedeitaunauit\\\/\"]}]}<\/script>\n<!-- \/ Yoast SEO plugin. -->","yoast_head_json":{"title":"Endere\u00e7o e Contato - Mestrado e Doutorado em Prote\u00e7\u00e3o dos Direitos Fundamentais","robots":{"index":"index","follow":"follow","max-snippet":"max-snippet:-1","max-image-preview":"max-image-preview:large","max-video-preview":"max-video-preview:-1"},"canonical":"https:\/\/uit.br\/mestrado\/endereco-e-contato\/","og_locale":"pt_BR","og_type":"article","og_title":"Endere\u00e7o e Contato - Mestrado e Doutorado em Prote\u00e7\u00e3o dos Direitos Fundamentais","og_description":"Revista Confrontos APRESENTA\u00c7\u00c3O FORMATO E NORMAS EXPEDIENTE ENDERE\u00c7O DE CONTATO EDI\u00c7\u00c3O ATUAL EDI\u00c7\u00d5ES ANTERIORES ENDERE\u00c7O DE CONTATO Prof. Dr. Deilton Ribeiro Brasil (Editor). E-mail: deiltonribeiro@uit.br","og_url":"https:\/\/uit.br\/mestrado\/endereco-e-contato\/","og_site_name":"Mestrado e Doutorado em Prote\u00e7\u00e3o dos Direitos Fundamentais","article_modified_time":"2020-08-25T11:41:36+00:00","twitter_card":"summary_large_image","schema":{"@context":"https:\/\/schema.org","@graph":[{"@type":"WebPage","@id":"https:\/\/uit.br\/mestrado\/endereco-e-contato\/","url":"https:\/\/uit.br\/mestrado\/endereco-e-contato\/","name":"Endere\u00e7o e Contato - Mestrado e Doutorado em Prote\u00e7\u00e3o dos Direitos Fundamentais","isPartOf":{"@id":"https:\/\/uit.br\/mestrado\/#website"},"datePublished":"2020-08-24T19:35:45+00:00","dateModified":"2020-08-25T11:41:36+00:00","breadcrumb":{"@id":"https:\/\/uit.br\/mestrado\/endereco-e-contato\/#breadcrumb"},"inLanguage":"pt-BR","potentialAction":[{"@type":"ReadAction","target":["https:\/\/uit.br\/mestrado\/endereco-e-contato\/"]}]},{"@type":"BreadcrumbList","@id":"https:\/\/uit.br\/mestrado\/endereco-e-contato\/#breadcrumb","itemListElement":[{"@type":"ListItem","position":1,"name":"In\u00edcio","item":"https:\/\/uit.br\/mestrado\/"},{"@type":"ListItem","position":2,"name":"Endere\u00e7o e Contato"}]},{"@type":"WebSite","@id":"https:\/\/uit.br\/mestrado\/#website","url":"https:\/\/uit.br\/mestrado\/","name":"Mestrado e Doutorado em Prote\u00e7\u00e3o dos Direitos Fundamentais","description":"","publisher":{"@id":"https:\/\/uit.br\/mestrado\/#organization"},"potentialAction":[{"@type":"SearchAction","target":{"@type":"EntryPoint","urlTemplate":"https:\/\/uit.br\/mestrado\/?s={search_term_string}"},"query-input":{"@type":"PropertyValueSpecification","valueRequired":true,"valueName":"search_term_string"}}],"inLanguage":"pt-BR"},{"@type":"Organization","@id":"https:\/\/uit.br\/mestrado\/#organization","name":"Mestrado e Doutorado em Prote\u00e7\u00e3o dos Direitos Fundamentais","url":"https:\/\/uit.br\/mestrado\/","logo":{"@type":"ImageObject","inLanguage":"pt-BR","@id":"https:\/\/uit.br\/mestrado\/#\/schema\/logo\/image\/","url":"https:\/\/uit.br\/mestrado\/wp-content\/uploads\/2026\/04\/logo_.webp","contentUrl":"https:\/\/uit.br\/mestrado\/wp-content\/uploads\/2026\/04\/logo_.webp","width":201,"height":201,"caption":"Mestrado e Doutorado em Prote\u00e7\u00e3o dos Direitos Fundamentais"},"image":{"@id":"https:\/\/uit.br\/mestrado\/#\/schema\/logo\/image\/"},"sameAs":["https:\/\/www.instagram.com\/universidadedeitaunauit\/"]}]}},"_links":{"self":[{"href":"https:\/\/uit.br\/mestrado\/wp-json\/wp\/v2\/pages\/821","targetHints":{"allow":["GET"]}}],"collection":[{"href":"https:\/\/uit.br\/mestrado\/wp-json\/wp\/v2\/pages"}],"about":[{"href":"https:\/\/uit.br\/mestrado\/wp-json\/wp\/v2\/types\/page"}],"author":[{"embeddable":true,"href":"https:\/\/uit.br\/mestrado\/wp-json\/wp\/v2\/users\/1"}],"replies":[{"embeddable":true,"href":"https:\/\/uit.br\/mestrado\/wp-json\/wp\/v2\/comments?post=821"}],"version-history":[{"count":7,"href":"https:\/\/uit.br\/mestrado\/wp-json\/wp\/v2\/pages\/821\/revisions"}],"predecessor-version":[{"id":866,"href":"https:\/\/uit.br\/mestrado\/wp-json\/wp\/v2\/pages\/821\/revisions\/866"}],"wp:attachment":[{"href":"https:\/\/uit.br\/mestrado\/wp-json\/wp\/v2\/media?parent=821"}],"curies":[{"name":"wp","href":"https:\/\/api.w.org\/{rel}","templated":true}]}}