{"id":813,"date":"2020-08-24T16:29:46","date_gmt":"2020-08-24T19:29:46","guid":{"rendered":"http:\/\/mestrado.uit.br\/?page_id=813"},"modified":"2022-09-28T11:06:48","modified_gmt":"2022-09-28T14:06:48","slug":"expediente","status":"publish","type":"page","link":"https:\/\/uit.br\/mestrado\/expediente\/","title":{"rendered":"Expediente"},"content":{"rendered":"\t\t<div data-elementor-type=\"wp-page\" data-elementor-id=\"813\" class=\"elementor elementor-813\" data-elementor-post-type=\"page\">\n\t\t\t\t\t\t<section class=\"elementor-section elementor-top-section elementor-element elementor-element-5d5f3ff elementor-section-boxed elementor-section-height-default elementor-section-height-default\" data-id=\"5d5f3ff\" data-element_type=\"section\" data-e-type=\"section\" data-settings=\"{&quot;background_background&quot;:&quot;classic&quot;}\">\n\t\t\t\t\t\t<div class=\"elementor-container elementor-column-gap-default\">\n\t\t\t\t\t<div class=\"elementor-column elementor-col-100 elementor-top-column elementor-element elementor-element-c5cdfa5\" data-id=\"c5cdfa5\" data-element_type=\"column\" data-e-type=\"column\">\n\t\t\t<div class=\"elementor-widget-wrap elementor-element-populated\">\n\t\t\t\t\t\t<div class=\"elementor-element elementor-element-64c03df elementor-widget elementor-widget-spacer\" data-id=\"64c03df\" data-element_type=\"widget\" data-e-type=\"widget\" data-widget_type=\"spacer.default\">\n\t\t\t\t<div class=\"elementor-widget-container\">\n\t\t\t\t\t\t\t<div class=\"elementor-spacer\">\n\t\t\t<div class=\"elementor-spacer-inner\"><\/div>\n\t\t<\/div>\n\t\t\t\t\t\t<\/div>\n\t\t\t\t<\/div>\n\t\t\t\t<div class=\"elementor-element elementor-element-c04cb05 elementor-widget elementor-widget-text-editor\" data-id=\"c04cb05\" data-element_type=\"widget\" data-e-type=\"widget\" data-widget_type=\"text-editor.default\">\n\t\t\t\t<div class=\"elementor-widget-container\">\n\t\t\t\t\t\t\t\t\t<p>Revista Confrontos<\/p>\t\t\t\t\t\t\t\t<\/div>\n\t\t\t\t<\/div>\n\t\t\t\t\t<\/div>\n\t\t<\/div>\n\t\t\t\t\t<\/div>\n\t\t<\/section>\n\t\t\t\t<section class=\"elementor-section elementor-top-section elementor-element elementor-element-59314c9 elementor-section-boxed elementor-section-height-default elementor-section-height-default\" data-id=\"59314c9\" data-element_type=\"section\" data-e-type=\"section\" data-settings=\"{&quot;background_background&quot;:&quot;classic&quot;}\">\n\t\t\t\t\t\t<div class=\"elementor-container elementor-column-gap-default\">\n\t\t\t\t\t<div class=\"elementor-column elementor-col-33 elementor-top-column elementor-element elementor-element-c33a93a\" data-id=\"c33a93a\" data-element_type=\"column\" data-e-type=\"column\">\n\t\t\t<div class=\"elementor-widget-wrap elementor-element-populated\">\n\t\t\t\t\t\t<div class=\"elementor-element elementor-element-9553110 elementor-align-center elementor-widget elementor-widget-button\" data-id=\"9553110\" data-element_type=\"widget\" data-e-type=\"widget\" data-widget_type=\"button.default\">\n\t\t\t\t<div class=\"elementor-widget-container\">\n\t\t\t\t\t\t\t\t\t<div class=\"elementor-button-wrapper\">\n\t\t\t\t\t<a class=\"elementor-button elementor-button-link elementor-size-sm\" href=\"https:\/\/uit.br\/mestrado\/revista-confrontos\/\">\n\t\t\t\t\t\t<span class=\"elementor-button-content-wrapper\">\n\t\t\t\t\t\t\t\t\t<span class=\"elementor-button-text\">APRESENTA\u00c7\u00c3O<\/span>\n\t\t\t\t\t<\/span>\n\t\t\t\t\t<\/a>\n\t\t\t\t<\/div>\n\t\t\t\t\t\t\t\t<\/div>\n\t\t\t\t<\/div>\n\t\t\t\t<div class=\"elementor-element elementor-element-262e02a elementor-align-center elementor-widget elementor-widget-button\" data-id=\"262e02a\" data-element_type=\"widget\" data-e-type=\"widget\" data-widget_type=\"button.default\">\n\t\t\t\t<div class=\"elementor-widget-container\">\n\t\t\t\t\t\t\t\t\t<div class=\"elementor-button-wrapper\">\n\t\t\t\t\t<a class=\"elementor-button elementor-button-link elementor-size-sm\" href=\"https:\/\/uit.br\/mestrado\/formato-e-normas\/\">\n\t\t\t\t\t\t<span class=\"elementor-button-content-wrapper\">\n\t\t\t\t\t\t\t\t\t<span class=\"elementor-button-text\">FORMATO E NORMAS<\/span>\n\t\t\t\t\t<\/span>\n\t\t\t\t\t<\/a>\n\t\t\t\t<\/div>\n\t\t\t\t\t\t\t\t<\/div>\n\t\t\t\t<\/div>\n\t\t\t\t<div class=\"elementor-element elementor-element-19f2a17 elementor-align-center elementor-widget elementor-widget-button\" data-id=\"19f2a17\" data-element_type=\"widget\" data-e-type=\"widget\" data-widget_type=\"button.default\">\n\t\t\t\t<div class=\"elementor-widget-container\">\n\t\t\t\t\t\t\t\t\t<div class=\"elementor-button-wrapper\">\n\t\t\t\t\t<a class=\"elementor-button elementor-button-link elementor-size-sm\" href=\"https:\/\/uit.br\/mestrado\/expediente\/\">\n\t\t\t\t\t\t<span class=\"elementor-button-content-wrapper\">\n\t\t\t\t\t\t\t\t\t<span class=\"elementor-button-text\">EXPEDIENTE<\/span>\n\t\t\t\t\t<\/span>\n\t\t\t\t\t<\/a>\n\t\t\t\t<\/div>\n\t\t\t\t\t\t\t\t<\/div>\n\t\t\t\t<\/div>\n\t\t\t\t<div class=\"elementor-element elementor-element-8bcdcaf elementor-align-center elementor-widget elementor-widget-button\" data-id=\"8bcdcaf\" data-element_type=\"widget\" data-e-type=\"widget\" data-widget_type=\"button.default\">\n\t\t\t\t<div class=\"elementor-widget-container\">\n\t\t\t\t\t\t\t\t\t<div class=\"elementor-button-wrapper\">\n\t\t\t\t\t<a class=\"elementor-button elementor-button-link elementor-size-sm\" href=\"https:\/\/uit.br\/mestrado\/endereco-e-contato\/\">\n\t\t\t\t\t\t<span class=\"elementor-button-content-wrapper\">\n\t\t\t\t\t\t\t\t\t<span class=\"elementor-button-text\">ENDERE\u00c7O DE CONTATO<\/span>\n\t\t\t\t\t<\/span>\n\t\t\t\t\t<\/a>\n\t\t\t\t<\/div>\n\t\t\t\t\t\t\t\t<\/div>\n\t\t\t\t<\/div>\n\t\t\t\t<div class=\"elementor-element elementor-element-b109fc9 elementor-align-center elementor-widget elementor-widget-button\" data-id=\"b109fc9\" data-element_type=\"widget\" data-e-type=\"widget\" data-widget_type=\"button.default\">\n\t\t\t\t<div class=\"elementor-widget-container\">\n\t\t\t\t\t\t\t\t\t<div class=\"elementor-button-wrapper\">\n\t\t\t\t\t<a class=\"elementor-button elementor-button-link elementor-size-sm\" href=\"https:\/\/uit.br\/mestrado\/edicao-atual\/\">\n\t\t\t\t\t\t<span class=\"elementor-button-content-wrapper\">\n\t\t\t\t\t\t\t\t\t<span class=\"elementor-button-text\">EDI\u00c7\u00c3O ATUAL<\/span>\n\t\t\t\t\t<\/span>\n\t\t\t\t\t<\/a>\n\t\t\t\t<\/div>\n\t\t\t\t\t\t\t\t<\/div>\n\t\t\t\t<\/div>\n\t\t\t\t<div class=\"elementor-element elementor-element-aae49ab elementor-align-center elementor-widget elementor-widget-button\" data-id=\"aae49ab\" data-element_type=\"widget\" data-e-type=\"widget\" data-widget_type=\"button.default\">\n\t\t\t\t<div class=\"elementor-widget-container\">\n\t\t\t\t\t\t\t\t\t<div class=\"elementor-button-wrapper\">\n\t\t\t\t\t<a class=\"elementor-button elementor-button-link elementor-size-sm\" href=\"https:\/\/uit.br\/mestrado\/edicoes-anteriores\/\">\n\t\t\t\t\t\t<span class=\"elementor-button-content-wrapper\">\n\t\t\t\t\t\t\t\t\t<span class=\"elementor-button-text\">EDI\u00c7\u00d5ES ANTERIORES<\/span>\n\t\t\t\t\t<\/span>\n\t\t\t\t\t<\/a>\n\t\t\t\t<\/div>\n\t\t\t\t\t\t\t\t<\/div>\n\t\t\t\t<\/div>\n\t\t\t\t\t<\/div>\n\t\t<\/div>\n\t\t\t\t<div class=\"elementor-column elementor-col-66 elementor-top-column elementor-element elementor-element-8c677c9\" data-id=\"8c677c9\" data-element_type=\"column\" data-e-type=\"column\" data-settings=\"{&quot;background_background&quot;:&quot;classic&quot;}\">\n\t\t\t<div class=\"elementor-widget-wrap elementor-element-populated\">\n\t\t\t\t\t\t<div class=\"elementor-element elementor-element-b8cb930 elementor-widget elementor-widget-heading\" data-id=\"b8cb930\" data-element_type=\"widget\" data-e-type=\"widget\" data-widget_type=\"heading.default\">\n\t\t\t\t<div class=\"elementor-widget-container\">\n\t\t\t\t\t<h2 class=\"elementor-heading-title elementor-size-default\">EXPEDIENTE<\/h2>\t\t\t\t<\/div>\n\t\t\t\t<\/div>\n\t\t\t\t<div class=\"elementor-element elementor-element-0dd04b2 elementor-widget elementor-widget-text-editor\" data-id=\"0dd04b2\" data-element_type=\"widget\" data-e-type=\"widget\" data-widget_type=\"text-editor.default\">\n\t\t\t\t<div class=\"elementor-widget-container\">\n\t\t\t\t\t\t\t\t\t<p><strong>REVISTA CONFRONTOS &#8211; CONFRONTOS JOURNAL OF LAW<\/strong><br \/>Ita\u00fana &#8211; Minas Gerais \u2013 Brasil<br \/>Publica\u00e7\u00e3o semestral<br \/>Ano I, N\u00famero 1 &#8211; ago. a dez. 2019<\/p><p>Universidade de Ita\u00fana &#8211; PPGD \u2013 Mestrado e Doutorado em Prote\u00e7\u00e3o dos Direitos Fundamentais<br \/>Rodovia MG 431 Km 45, s\/n, MG, 35680-142<\/p><p><strong>Editores<\/strong><\/p><p>Prof. Dr. Deilton Ribeiro Brasil, UIT, Ita\u00fana, Brasil.<br \/>Prof. Dr. M\u00e1rcio Eduardo Senra Nogueira Pedrosa Morais, UIT, Ita\u00fana, Brasil.<\/p><p><strong>Conselho Editorial<\/strong><\/p><p>Prof. Dr. Alejandro Gonz\u00e1lez-Varas Ib\u00e1\u00f1ez,Universidad de Zaragoza, Espanha.<br \/>Prof. Dr. Alex Mung\u00eda Salazar, Benem\u00e9rita Universidad Autonoma de Puebla, M\u00e9xico.<br \/>Prof. Dr. Angelo Viglianisi Ferraro, Universit\u00e0 degli Studi Mediterranea di Reggio Calabria, Italia.<br \/>Prof. Dr. Carlos Alberto Sim\u00f5es de Tomaz, UNIT, Aracaju, Brasil.<br \/>Prof\u00aa Dra. Cleide Calgaro, USC, Caxias do Sul, Brasil<br \/>Prof\u00aa Dra. Cristina Maria Caldeira -Universidade Europeia de Lisboa-UE, Portugal<br \/>Prof. Dr. Dennis Verbicaro \u2013 UFPA, Bel\u00e9m, Brasil.<br \/>Prof\u00aa Dra. Elena Evgenyevna Gulyaeva, Academia Diplom\u00e1tica do Minist\u00e9rio das Rela\u00e7\u00f5es Exteriores, Moscou, R\u00fassia.<br \/>Prof. Dr. Erivaldo Moreira Barbosa, UFCG, Campina Grande, Brasil.<br \/>Prof. Dr. Erivaldo Cavalcanti e Silva Filho, UEA\/UFAM, Manaus, Brasil<br \/>Prof\u00aa Dra. Fl\u00e1via Piva Almeida Leite, UNESP, S\u00e3o Paulo, Brasil.<br \/>Prof. Dr. Gentjan Skara, Bed\u00ebr University College, Tirana, Alb\u00e2nia.<br \/>Prof. Dr. Gon\u00e7alo S. de Melo Bandeira, IPCA, Barcelos, Portugal.<br \/>Prof\u00aa Dra. Giulia Parola, UFF, Rio de Janeiro, Brasil.<br \/>Prof. Dr. Guilherme Calmon Nogueira da Gama, UERJ\/Est\u00e1cio de S\u00e1, Rio de Janeiro, Brasil.<br \/>Prof. Dr. Gustavo Oliveira Vieira, UNILA, Foz do Igua\u00e7u, Brasil.<br \/>Prof. Dr. Heron Jos\u00e9 de Santana Gordilho, UFBA, Bahia, Brasil.<br \/>Prof. Dr. Jahyr-Philippe Bichara, UFRN, Natal, Brasil.<br \/>Prof\u00aa Dra. Jamile Bergamaschine Mata Diz, UIT\/UFMG, Belo Horizonte, Brasil.<br \/>Prof. Dr. Javier Alejandro Crea, Asociaci\u00f3n Iberoamericana de Derecho, Cultura y Ambiente &#8211; AIDCA, Buenos Aires, Argentina.<br \/>Prof. Dr. Jean-Marc Sorel, Universit\u00e9Panth\u00e9on-Sorbonne, Paris, Fran\u00e7a.<br \/>Prof. Dr. Jos\u00e9 Luis Bolzan de Morais, UIT\/ESDHC, Ita\u00fana, Brasil.<br \/>Prof. Dr. Jos\u00e9 Ribas Vieira, UFRJ\/PUC-Rio, Rio de Janeiro, Brasil.<br \/>Prof. Dr. Juarez Freitas, UFRGS\/PUC\/RS, Porto Alegre, Brasil.<br \/>Prof\u00aa Dra Loiane da Ponte Souza Prado Verbicaro \u2013 UFPA, Bel\u00e9m, Brasi<br \/>Prof. Dr. Lucas Carlos Lima, UFMG, Belo Horizonte, Brasil.<br \/>Prof. Dr. Marcelo Labanca Corr\u00eaa de Ara\u00fajo, UNICAP, Recife, Brasil.<br \/>Prof\u00aa Dra. M\u00e1rcia Rodrigues Bertoldi, UFPEL, Pelotas, Brasil.<br \/>Prof\u00aa Dra. Maria Cl\u00e1udia da Silva Antunes de Souza, UNIVALI, Itaja\u00ed, Brasil.<br \/>Prof\u00aa Dra. Mari\u00e2ngela Guerreiro Milhoranza da Rocha, IMED, Porto Alegre-RS, Brasil<br \/>Prof\u00aa Dra. Marta Carolina Gimenez Pereira, UFBA, Salvador, Brasil.<br \/>Prof. Dr. Oleg Gennadyevich Karpovich, Academia Diplom\u00e1tica do Minist\u00e9rio das Rela\u00e7\u00f5es Exteriores, Moscou, R\u00fassia.<br \/>Prof\u00aa Dr\u00aa Paiman Ramzan Ahmad \u2013 University of Raparin, Kurdistan Region, Iraque.<br \/>Prof. Dr. Paulo Velten, UFES, Vit\u00f3ria, Brasil.<br \/>Prof. Dr. Pedro Curvello Saavedra Avzaradel, UFF, Rio de Janeiro, Brasil.<br \/>Prof. Dr. Rafael Castillo Felipe, Universidad de Murcia, Espanha<br \/>Prof. Dr. Rafael Costa Freiria, UNICAMP, Campinas, Brasil.<br \/>Prof\u00aa Dr\u00aa Ranjana Ferrao (V. M. Salgaocar College of Law, Miramar-Panaji-Goa), India<br \/>Prof. Dr. Rubens Be\u00e7ak, USP, S\u00e3o Paulo, Brasil.<br \/>Prof. Dr. Rub\u00e9n Miranda Gon\u00e7alves, USC, Santiago de Compostela, Espanha<br \/>Prof. Dr. Salvador Morales Ferrer, Universitat de Val\u00e8ncia-UV, Espanha.<br \/>Prof. Dr. Salvador Tom\u00e1s Tom\u00e1s, Murcia, Universidad de Murcia, Espanha.<br \/>Prof. Dr. Tagore Trajano de Almeida Silva, UFBA, Salvador, Brasil.<br \/>Prof. Dr. Val\u00e9rio de Oliveira Mazzuoli, UIT\/UFMT, Ita\u00fana, Brasil.<br \/>Prof. Dr. Valmir C\u00e9sar Pozzetti, UEA\/UFAM, Manaus, Brasil.<br \/>Prof\u00aa Dra. Vasilka Sancin, Universidade de Liubliana, Eslov\u00eania.<br \/>Prof. Dr. Valter Moura do Carmo, Universidade Federal Rural do Semi-\u00c1rido &#8211; UFERSA, Brasil.<\/p><p><strong>Quadro de pareceristas<\/strong><\/p><p>Prof. Dr. Andr\u00e9 Cordeiro Leal, FUMEC, Belo Horizonte, Brasil.<br \/>Prof. Dr. Arnaldo de Souza Ribeiro, UIT, Ita\u00fana, Brasil<br \/>Prof\u00aa Dra. Carla Ribeiro Volpini, UIT, Ita\u00fana, Brasil.<br \/>Prof\u00aa Dra. Cintia Garabini Lages, UIT, Ita\u00fana, Brasil.<br \/>Prof\u00aa Dra. Edilene Lobo, UIT, Ita\u00fana, Brasil.<br \/>Prof. Dr. \u00c9lcio Nacur Rezende, ESDHC, Belo Horizonte, Brasil.<br \/>Prof. Dr. Eloy Pereira Lemos J\u00fanior, UIT, Ita\u00fana, Brasil.<br \/>Prof. Dr. Fabr\u00edcio Veiga Costa, UIT, Ita\u00fana, Brasil.<br \/>Prof. Dr. Jos\u00e9 Emilio Medauar Ommati, UIT, Ita\u00fana, Brasil.<br \/>Prof. Dr. Luiz Manoel Gomes J\u00fanior, UIT, Ita\u00fana, Brasil.<br \/>Prof. Dr. Magno Federici Gomes, ESDHC, Belo Horizonte, Brasil.<br \/>Prof. Dr. Marcus Firmino Santiago, IDP, Bras\u00edlia, Brasil.<br \/>Prof\u00aa Dra. Miracy Barbosa de Sousa Gustin, UIT, Ita\u00fana, Brasil.<br \/>Prof. Dr. Milton Vasques Thibau de Almeida, UIT, Ita\u00fana, Brasil.<br \/>Prof. Dr. Paulo Roney \u00c1vila Fagundes, UFSC, Florian\u00f3polis, Brasil.<br \/>Prof\u00aa Dra. Renata Mantovani de Lima, UIT, Ita\u00fana, Brasil.<br \/>Prof. Dr. S\u00e9rgio Henriques Zandona Freitas, FUMEC, Belo Horizonte, Brasil.<br \/>Prof\u00aa Dra. W\u00e2nia Guimar\u00e3es Rab\u00eallo de Almeida, PUC-Minas, Belo Horizonte, Brasil.<\/p><p><strong>Diagrama\u00e7\u00e3o:<\/strong> Lucila Pangracio<br \/><strong>Foto Capa:<\/strong> Vit\u00f3ria de Samotr\u00e1cia (Museu do Louvre, Paris)<br \/><strong>Edi\u00e7\u00e3o:<\/strong> Conhecimento Editora<br \/>31.98309-7688 31.98847-8910 (whatsapp)<br \/>conhecimentojuridica@gmail.com marcos@conhecimentolivraria.com.br<\/p><p><a href=\"http:\/\/www.conhecimentolivraria.com.br\" target=\"_blank\" rel=\"noopener\">www.conhecimentolivraria.com.br<\/a><\/p>\t\t\t\t\t\t\t\t<\/div>\n\t\t\t\t<\/div>\n\t\t\t\t\t<\/div>\n\t\t<\/div>\n\t\t\t\t\t<\/div>\n\t\t<\/section>\n\t\t\t\t<\/div>\n\t\t","protected":false},"excerpt":{"rendered":"<p>Revista Confrontos APRESENTA\u00c7\u00c3O FORMATO E NORMAS EXPEDIENTE ENDERE\u00c7O DE CONTATO EDI\u00c7\u00c3O ATUAL EDI\u00c7\u00d5ES ANTERIORES EXPEDIENTE REVISTA CONFRONTOS &#8211; CONFRONTOS JOURNAL OF LAWIta\u00fana &#8211; Minas Gerais \u2013 BrasilPublica\u00e7\u00e3o semestralAno I, N\u00famero 1 &#8211; ago. a dez. 2019 Universidade de Ita\u00fana &#8211; PPGD \u2013 Mestrado e Doutorado em Prote\u00e7\u00e3o dos Direitos FundamentaisRodovia MG 431 Km 45, s\/n, [&hellip;]<\/p>\n","protected":false},"author":1,"featured_media":0,"parent":0,"menu_order":0,"comment_status":"closed","ping_status":"closed","template":"elementor_header_footer","meta":{"site-sidebar-layout":"no-sidebar","site-content-layout":"page-builder","ast-site-content-layout":"default","site-content-style":"default","site-sidebar-style":"default","ast-global-header-display":"","ast-banner-title-visibility":"","ast-main-header-display":"","ast-hfb-above-header-display":"","ast-hfb-below-header-display":"","ast-hfb-mobile-header-display":"","site-post-title":"disabled","ast-breadcrumbs-content":"","ast-featured-img":"disabled","footer-sml-layout":"","ast-disable-related-posts":"","theme-transparent-header-meta":"default","adv-header-id-meta":"","stick-header-meta":"","header-above-stick-meta":"","header-main-stick-meta":"","header-below-stick-meta":"","astra-migrate-meta-layouts":"default","ast-page-background-enabled":"default","ast-page-background-meta":{"desktop":{"background-color":"","background-image":"","background-repeat":"repeat","background-position":"center center","background-size":"auto","background-attachment":"scroll","background-type":"","background-media":"","overlay-type":"","overlay-color":"","overlay-opacity":"","overlay-gradient":""},"tablet":{"background-color":"","background-image":"","background-repeat":"repeat","background-position":"center center","background-size":"auto","background-attachment":"scroll","background-type":"","background-media":"","overlay-type":"","overlay-color":"","overlay-opacity":"","overlay-gradient":""},"mobile":{"background-color":"","background-image":"","background-repeat":"repeat","background-position":"center center","background-size":"auto","background-attachment":"scroll","background-type":"","background-media":"","overlay-type":"","overlay-color":"","overlay-opacity":"","overlay-gradient":""}},"ast-content-background-meta":{"desktop":{"background-color":"var(--ast-global-color-5)","background-image":"","background-repeat":"repeat","background-position":"center center","background-size":"auto","background-attachment":"scroll","background-type":"","background-media":"","overlay-type":"","overlay-color":"","overlay-opacity":"","overlay-gradient":""},"tablet":{"background-color":"var(--ast-global-color-5)","background-image":"","background-repeat":"repeat","background-position":"center center","background-size":"auto","background-attachment":"scroll","background-type":"","background-media":"","overlay-type":"","overlay-color":"","overlay-opacity":"","overlay-gradient":""},"mobile":{"background-color":"var(--ast-global-color-5)","background-image":"","background-repeat":"repeat","background-position":"center center","background-size":"auto","background-attachment":"scroll","background-type":"","background-media":"","overlay-type":"","overlay-color":"","overlay-opacity":"","overlay-gradient":""}},"footnotes":""},"class_list":["post-813","page","type-page","status-publish","hentry"],"yoast_head":"<!-- This site is optimized with the Yoast SEO plugin v27.3 - https:\/\/yoast.com\/product\/yoast-seo-wordpress\/ -->\n<title>Expediente - Mestrado e Doutorado em Prote\u00e7\u00e3o dos Direitos Fundamentais<\/title>\n<meta name=\"robots\" content=\"index, follow, max-snippet:-1, max-image-preview:large, max-video-preview:-1\" \/>\n<link rel=\"canonical\" href=\"https:\/\/uit.br\/mestrado\/expediente\/\" \/>\n<meta property=\"og:locale\" content=\"pt_BR\" \/>\n<meta property=\"og:type\" content=\"article\" \/>\n<meta property=\"og:title\" content=\"Expediente - Mestrado e Doutorado em Prote\u00e7\u00e3o dos Direitos Fundamentais\" \/>\n<meta property=\"og:description\" content=\"Revista Confrontos APRESENTA\u00c7\u00c3O FORMATO E NORMAS EXPEDIENTE ENDERE\u00c7O DE CONTATO EDI\u00c7\u00c3O ATUAL EDI\u00c7\u00d5ES ANTERIORES EXPEDIENTE REVISTA CONFRONTOS &#8211; CONFRONTOS JOURNAL OF LAWIta\u00fana &#8211; Minas Gerais \u2013 BrasilPublica\u00e7\u00e3o semestralAno I, N\u00famero 1 &#8211; ago. a dez. 2019 Universidade de Ita\u00fana &#8211; PPGD \u2013 Mestrado e Doutorado em Prote\u00e7\u00e3o dos Direitos FundamentaisRodovia MG 431 Km 45, s\/n, [&hellip;]\" \/>\n<meta property=\"og:url\" content=\"https:\/\/uit.br\/mestrado\/expediente\/\" \/>\n<meta property=\"og:site_name\" content=\"Mestrado e Doutorado em Prote\u00e7\u00e3o dos Direitos Fundamentais\" \/>\n<meta property=\"article:modified_time\" content=\"2022-09-28T14:06:48+00:00\" \/>\n<meta name=\"twitter:card\" content=\"summary_large_image\" \/>\n<meta name=\"twitter:label1\" content=\"Est. tempo de leitura\" \/>\n\t<meta name=\"twitter:data1\" content=\"4 minutos\" \/>\n<script type=\"application\/ld+json\" class=\"yoast-schema-graph\">{\"@context\":\"https:\\\/\\\/schema.org\",\"@graph\":[{\"@type\":\"WebPage\",\"@id\":\"https:\\\/\\\/uit.br\\\/mestrado\\\/expediente\\\/\",\"url\":\"https:\\\/\\\/uit.br\\\/mestrado\\\/expediente\\\/\",\"name\":\"Expediente - Mestrado e Doutorado em Prote\u00e7\u00e3o dos Direitos Fundamentais\",\"isPartOf\":{\"@id\":\"https:\\\/\\\/uit.br\\\/mestrado\\\/#website\"},\"datePublished\":\"2020-08-24T19:29:46+00:00\",\"dateModified\":\"2022-09-28T14:06:48+00:00\",\"breadcrumb\":{\"@id\":\"https:\\\/\\\/uit.br\\\/mestrado\\\/expediente\\\/#breadcrumb\"},\"inLanguage\":\"pt-BR\",\"potentialAction\":[{\"@type\":\"ReadAction\",\"target\":[\"https:\\\/\\\/uit.br\\\/mestrado\\\/expediente\\\/\"]}]},{\"@type\":\"BreadcrumbList\",\"@id\":\"https:\\\/\\\/uit.br\\\/mestrado\\\/expediente\\\/#breadcrumb\",\"itemListElement\":[{\"@type\":\"ListItem\",\"position\":1,\"name\":\"In\u00edcio\",\"item\":\"https:\\\/\\\/uit.br\\\/mestrado\\\/\"},{\"@type\":\"ListItem\",\"position\":2,\"name\":\"Expediente\"}]},{\"@type\":\"WebSite\",\"@id\":\"https:\\\/\\\/uit.br\\\/mestrado\\\/#website\",\"url\":\"https:\\\/\\\/uit.br\\\/mestrado\\\/\",\"name\":\"Mestrado e Doutorado em Prote\u00e7\u00e3o dos Direitos Fundamentais\",\"description\":\"\",\"publisher\":{\"@id\":\"https:\\\/\\\/uit.br\\\/mestrado\\\/#organization\"},\"potentialAction\":[{\"@type\":\"SearchAction\",\"target\":{\"@type\":\"EntryPoint\",\"urlTemplate\":\"https:\\\/\\\/uit.br\\\/mestrado\\\/?s={search_term_string}\"},\"query-input\":{\"@type\":\"PropertyValueSpecification\",\"valueRequired\":true,\"valueName\":\"search_term_string\"}}],\"inLanguage\":\"pt-BR\"},{\"@type\":\"Organization\",\"@id\":\"https:\\\/\\\/uit.br\\\/mestrado\\\/#organization\",\"name\":\"Mestrado e Doutorado em Prote\u00e7\u00e3o dos Direitos Fundamentais\",\"url\":\"https:\\\/\\\/uit.br\\\/mestrado\\\/\",\"logo\":{\"@type\":\"ImageObject\",\"inLanguage\":\"pt-BR\",\"@id\":\"https:\\\/\\\/uit.br\\\/mestrado\\\/#\\\/schema\\\/logo\\\/image\\\/\",\"url\":\"https:\\\/\\\/uit.br\\\/mestrado\\\/wp-content\\\/uploads\\\/2026\\\/04\\\/logo_.webp\",\"contentUrl\":\"https:\\\/\\\/uit.br\\\/mestrado\\\/wp-content\\\/uploads\\\/2026\\\/04\\\/logo_.webp\",\"width\":201,\"height\":201,\"caption\":\"Mestrado e Doutorado em Prote\u00e7\u00e3o dos Direitos Fundamentais\"},\"image\":{\"@id\":\"https:\\\/\\\/uit.br\\\/mestrado\\\/#\\\/schema\\\/logo\\\/image\\\/\"},\"sameAs\":[\"https:\\\/\\\/www.instagram.com\\\/universidadedeitaunauit\\\/\"]}]}<\/script>\n<!-- \/ Yoast SEO plugin. -->","yoast_head_json":{"title":"Expediente - Mestrado e Doutorado em Prote\u00e7\u00e3o dos Direitos Fundamentais","robots":{"index":"index","follow":"follow","max-snippet":"max-snippet:-1","max-image-preview":"max-image-preview:large","max-video-preview":"max-video-preview:-1"},"canonical":"https:\/\/uit.br\/mestrado\/expediente\/","og_locale":"pt_BR","og_type":"article","og_title":"Expediente - Mestrado e Doutorado em Prote\u00e7\u00e3o dos Direitos Fundamentais","og_description":"Revista Confrontos APRESENTA\u00c7\u00c3O FORMATO E NORMAS EXPEDIENTE ENDERE\u00c7O DE CONTATO EDI\u00c7\u00c3O ATUAL EDI\u00c7\u00d5ES ANTERIORES EXPEDIENTE REVISTA CONFRONTOS &#8211; CONFRONTOS JOURNAL OF LAWIta\u00fana &#8211; Minas Gerais \u2013 BrasilPublica\u00e7\u00e3o semestralAno I, N\u00famero 1 &#8211; ago. a dez. 2019 Universidade de Ita\u00fana &#8211; PPGD \u2013 Mestrado e Doutorado em Prote\u00e7\u00e3o dos Direitos FundamentaisRodovia MG 431 Km 45, s\/n, [&hellip;]","og_url":"https:\/\/uit.br\/mestrado\/expediente\/","og_site_name":"Mestrado e Doutorado em Prote\u00e7\u00e3o dos Direitos Fundamentais","article_modified_time":"2022-09-28T14:06:48+00:00","twitter_card":"summary_large_image","twitter_misc":{"Est. tempo de leitura":"4 minutos"},"schema":{"@context":"https:\/\/schema.org","@graph":[{"@type":"WebPage","@id":"https:\/\/uit.br\/mestrado\/expediente\/","url":"https:\/\/uit.br\/mestrado\/expediente\/","name":"Expediente - Mestrado e Doutorado em Prote\u00e7\u00e3o dos Direitos Fundamentais","isPartOf":{"@id":"https:\/\/uit.br\/mestrado\/#website"},"datePublished":"2020-08-24T19:29:46+00:00","dateModified":"2022-09-28T14:06:48+00:00","breadcrumb":{"@id":"https:\/\/uit.br\/mestrado\/expediente\/#breadcrumb"},"inLanguage":"pt-BR","potentialAction":[{"@type":"ReadAction","target":["https:\/\/uit.br\/mestrado\/expediente\/"]}]},{"@type":"BreadcrumbList","@id":"https:\/\/uit.br\/mestrado\/expediente\/#breadcrumb","itemListElement":[{"@type":"ListItem","position":1,"name":"In\u00edcio","item":"https:\/\/uit.br\/mestrado\/"},{"@type":"ListItem","position":2,"name":"Expediente"}]},{"@type":"WebSite","@id":"https:\/\/uit.br\/mestrado\/#website","url":"https:\/\/uit.br\/mestrado\/","name":"Mestrado e Doutorado em Prote\u00e7\u00e3o dos Direitos Fundamentais","description":"","publisher":{"@id":"https:\/\/uit.br\/mestrado\/#organization"},"potentialAction":[{"@type":"SearchAction","target":{"@type":"EntryPoint","urlTemplate":"https:\/\/uit.br\/mestrado\/?s={search_term_string}"},"query-input":{"@type":"PropertyValueSpecification","valueRequired":true,"valueName":"search_term_string"}}],"inLanguage":"pt-BR"},{"@type":"Organization","@id":"https:\/\/uit.br\/mestrado\/#organization","name":"Mestrado e Doutorado em Prote\u00e7\u00e3o dos Direitos Fundamentais","url":"https:\/\/uit.br\/mestrado\/","logo":{"@type":"ImageObject","inLanguage":"pt-BR","@id":"https:\/\/uit.br\/mestrado\/#\/schema\/logo\/image\/","url":"https:\/\/uit.br\/mestrado\/wp-content\/uploads\/2026\/04\/logo_.webp","contentUrl":"https:\/\/uit.br\/mestrado\/wp-content\/uploads\/2026\/04\/logo_.webp","width":201,"height":201,"caption":"Mestrado e Doutorado em Prote\u00e7\u00e3o dos Direitos Fundamentais"},"image":{"@id":"https:\/\/uit.br\/mestrado\/#\/schema\/logo\/image\/"},"sameAs":["https:\/\/www.instagram.com\/universidadedeitaunauit\/"]}]}},"_links":{"self":[{"href":"https:\/\/uit.br\/mestrado\/wp-json\/wp\/v2\/pages\/813","targetHints":{"allow":["GET"]}}],"collection":[{"href":"https:\/\/uit.br\/mestrado\/wp-json\/wp\/v2\/pages"}],"about":[{"href":"https:\/\/uit.br\/mestrado\/wp-json\/wp\/v2\/types\/page"}],"author":[{"embeddable":true,"href":"https:\/\/uit.br\/mestrado\/wp-json\/wp\/v2\/users\/1"}],"replies":[{"embeddable":true,"href":"https:\/\/uit.br\/mestrado\/wp-json\/wp\/v2\/comments?post=813"}],"version-history":[{"count":43,"href":"https:\/\/uit.br\/mestrado\/wp-json\/wp\/v2\/pages\/813\/revisions"}],"predecessor-version":[{"id":2127,"href":"https:\/\/uit.br\/mestrado\/wp-json\/wp\/v2\/pages\/813\/revisions\/2127"}],"wp:attachment":[{"href":"https:\/\/uit.br\/mestrado\/wp-json\/wp\/v2\/media?parent=813"}],"curies":[{"name":"wp","href":"https:\/\/api.w.org\/{rel}","templated":true}]}}