{"id":758,"date":"2020-08-19T15:06:02","date_gmt":"2020-08-19T18:06:02","guid":{"rendered":"http:\/\/mestrado.uit.br\/?page_id=758"},"modified":"2021-08-05T15:09:18","modified_gmt":"2021-08-05T18:09:18","slug":"defesas-e-dissertacoes","status":"publish","type":"page","link":"https:\/\/uit.br\/mestrado\/defesas-e-dissertacoes\/","title":{"rendered":"Defesas e Disserta\u00e7\u00f5es"},"content":{"rendered":"\t\t<div data-elementor-type=\"wp-page\" data-elementor-id=\"758\" class=\"elementor elementor-758\" data-elementor-post-type=\"page\">\n\t\t\t\t\t\t<section class=\"elementor-section elementor-top-section elementor-element elementor-element-9d7751b elementor-section-boxed elementor-section-height-default elementor-section-height-default\" data-id=\"9d7751b\" data-element_type=\"section\" data-e-type=\"section\" data-settings=\"{&quot;background_background&quot;:&quot;classic&quot;,&quot;shape_divider_top&quot;:&quot;mountains&quot;,&quot;shape_divider_bottom&quot;:&quot;mountains&quot;}\">\n\t\t\t\t\t<div class=\"elementor-shape elementor-shape-top\" aria-hidden=\"true\" data-negative=\"false\">\n\t\t\t<svg xmlns=\"http:\/\/www.w3.org\/2000\/svg\" viewBox=\"0 0 1000 100\" preserveAspectRatio=\"none\">\n\t<path class=\"elementor-shape-fill\" opacity=\"0.33\" d=\"M473,67.3c-203.9,88.3-263.1-34-320.3,0C66,119.1,0,59.7,0,59.7V0h1000v59.7 c0,0-62.1,26.1-94.9,29.3c-32.8,3.3-62.8-12.3-75.8-22.1C806,49.6,745.3,8.7,694.9,4.7S492.4,59,473,67.3z\"\/>\n\t<path class=\"elementor-shape-fill\" opacity=\"0.66\" d=\"M734,67.3c-45.5,0-77.2-23.2-129.1-39.1c-28.6-8.7-150.3-10.1-254,39.1 s-91.7-34.4-149.2,0C115.7,118.3,0,39.8,0,39.8V0h1000v36.5c0,0-28.2-18.5-92.1-18.5C810.2,18.1,775.7,67.3,734,67.3z\"\/>\n\t<path class=\"elementor-shape-fill\" d=\"M766.1,28.9c-200-57.5-266,65.5-395.1,19.5C242,1.8,242,5.4,184.8,20.6C128,35.8,132.3,44.9,89.9,52.5C28.6,63.7,0,0,0,0 h1000c0,0-9.9,40.9-83.6,48.1S829.6,47,766.1,28.9z\"\/>\n<\/svg>\t\t<\/div>\n\t\t\t\t<div class=\"elementor-shape elementor-shape-bottom\" aria-hidden=\"true\" data-negative=\"false\">\n\t\t\t<svg xmlns=\"http:\/\/www.w3.org\/2000\/svg\" viewBox=\"0 0 1000 100\" preserveAspectRatio=\"none\">\n\t<path class=\"elementor-shape-fill\" opacity=\"0.33\" d=\"M473,67.3c-203.9,88.3-263.1-34-320.3,0C66,119.1,0,59.7,0,59.7V0h1000v59.7 c0,0-62.1,26.1-94.9,29.3c-32.8,3.3-62.8-12.3-75.8-22.1C806,49.6,745.3,8.7,694.9,4.7S492.4,59,473,67.3z\"\/>\n\t<path class=\"elementor-shape-fill\" opacity=\"0.66\" d=\"M734,67.3c-45.5,0-77.2-23.2-129.1-39.1c-28.6-8.7-150.3-10.1-254,39.1 s-91.7-34.4-149.2,0C115.7,118.3,0,39.8,0,39.8V0h1000v36.5c0,0-28.2-18.5-92.1-18.5C810.2,18.1,775.7,67.3,734,67.3z\"\/>\n\t<path class=\"elementor-shape-fill\" d=\"M766.1,28.9c-200-57.5-266,65.5-395.1,19.5C242,1.8,242,5.4,184.8,20.6C128,35.8,132.3,44.9,89.9,52.5C28.6,63.7,0,0,0,0 h1000c0,0-9.9,40.9-83.6,48.1S829.6,47,766.1,28.9z\"\/>\n<\/svg>\t\t<\/div>\n\t\t\t\t\t<div class=\"elementor-container elementor-column-gap-default\">\n\t\t\t\t\t<div class=\"elementor-column elementor-col-66 elementor-top-column elementor-element elementor-element-713869b\" data-id=\"713869b\" data-element_type=\"column\" data-e-type=\"column\">\n\t\t\t<div class=\"elementor-widget-wrap elementor-element-populated\">\n\t\t\t\t\t\t<div class=\"elementor-element elementor-element-72a22b9 elementor-view-default elementor-position-block-start elementor-mobile-position-block-start elementor-widget elementor-widget-icon-box\" data-id=\"72a22b9\" data-element_type=\"widget\" data-e-type=\"widget\" data-widget_type=\"icon-box.default\">\n\t\t\t\t<div class=\"elementor-widget-container\">\n\t\t\t\t\t\t\t<div class=\"elementor-icon-box-wrapper\">\n\n\t\t\t\t\t\t<div class=\"elementor-icon-box-icon\">\n\t\t\t\t<a href=\"https:\/\/externos.uit.edu.br\/intranet\/con_defesas_alunos_site\/con_defesas_alunos_site.php\" class=\"elementor-icon\" tabindex=\"-1\" aria-label=\"DEFESAS E DISSERTA\u00c7\u00d5ES\">\n\t\t\t\t<i aria-hidden=\"true\" class=\"fas fa-file-signature\"><\/i>\t\t\t\t<\/a>\n\t\t\t<\/div>\n\t\t\t\n\t\t\t\t\t\t<div class=\"elementor-icon-box-content\">\n\n\t\t\t\t\t\t\t\t\t<h3 class=\"elementor-icon-box-title\">\n\t\t\t\t\t\t<a href=\"https:\/\/externos.uit.edu.br\/intranet\/con_defesas_alunos_site\/con_defesas_alunos_site.php\" >\n\t\t\t\t\t\t\tDEFESAS E DISSERTA\u00c7\u00d5ES\t\t\t\t\t\t<\/a>\n\t\t\t\t\t<\/h3>\n\t\t\t\t\n\t\t\t\t\n\t\t\t<\/div>\n\t\t\t\n\t\t<\/div>\n\t\t\t\t\t\t<\/div>\n\t\t\t\t<\/div>\n\t\t\t\t\t<\/div>\n\t\t<\/div>\n\t\t\t\t<div class=\"elementor-column elementor-col-33 elementor-top-column elementor-element elementor-element-c39fd38\" data-id=\"c39fd38\" data-element_type=\"column\" data-e-type=\"column\">\n\t\t\t<div class=\"elementor-widget-wrap elementor-element-populated\">\n\t\t\t\t\t\t<div class=\"elementor-element elementor-element-ec57d03 elementor-widget elementor-widget-image\" data-id=\"ec57d03\" data-element_type=\"widget\" data-e-type=\"widget\" data-widget_type=\"image.default\">\n\t\t\t\t<div class=\"elementor-widget-container\">\n\t\t\t\t\t\t\t\t\t\t\t\t\t\t\t<img fetchpriority=\"high\" decoding=\"async\" width=\"365\" height=\"749\" src=\"https:\/\/uit.br\/mestrado\/wp-content\/uploads\/2020\/08\/estatua.png\" class=\"attachment-large size-large wp-image-768\" alt=\"\" srcset=\"https:\/\/uit.br\/mestrado\/wp-content\/uploads\/2020\/08\/estatua.png 365w, https:\/\/uit.br\/mestrado\/wp-content\/uploads\/2020\/08\/estatua-146x300.png 146w\" sizes=\"(max-width: 365px) 100vw, 365px\" \/>\t\t\t\t\t\t\t\t\t\t\t\t\t\t\t<\/div>\n\t\t\t\t<\/div>\n\t\t\t\t\t<\/div>\n\t\t<\/div>\n\t\t\t\t\t<\/div>\n\t\t<\/section>\n\t\t\t\t<\/div>\n\t\t","protected":false},"excerpt":{"rendered":"<p>DEFESAS E DISSERTA\u00c7\u00d5ES<\/p>\n","protected":false},"author":1,"featured_media":0,"parent":0,"menu_order":0,"comment_status":"closed","ping_status":"closed","template":"elementor_header_footer","meta":{"site-sidebar-layout":"no-sidebar","site-content-layout":"page-builder","ast-site-content-layout":"default","site-content-style":"default","site-sidebar-style":"default","ast-global-header-display":"","ast-banner-title-visibility":"","ast-main-header-display":"","ast-hfb-above-header-display":"","ast-hfb-below-header-display":"","ast-hfb-mobile-header-display":"","site-post-title":"disabled","ast-breadcrumbs-content":"","ast-featured-img":"disabled","footer-sml-layout":"","ast-disable-related-posts":"","theme-transparent-header-meta":"default","adv-header-id-meta":"","stick-header-meta":"","header-above-stick-meta":"","header-main-stick-meta":"","header-below-stick-meta":"","astra-migrate-meta-layouts":"default","ast-page-background-enabled":"default","ast-page-background-meta":{"desktop":{"background-color":"","background-image":"","background-repeat":"repeat","background-position":"center center","background-size":"auto","background-attachment":"scroll","background-type":"","background-media":"","overlay-type":"","overlay-color":"","overlay-opacity":"","overlay-gradient":""},"tablet":{"background-color":"","background-image":"","background-repeat":"repeat","background-position":"center center","background-size":"auto","background-attachment":"scroll","background-type":"","background-media":"","overlay-type":"","overlay-color":"","overlay-opacity":"","overlay-gradient":""},"mobile":{"background-color":"","background-image":"","background-repeat":"repeat","background-position":"center center","background-size":"auto","background-attachment":"scroll","background-type":"","background-media":"","overlay-type":"","overlay-color":"","overlay-opacity":"","overlay-gradient":""}},"ast-content-background-meta":{"desktop":{"background-color":"var(--ast-global-color-5)","background-image":"","background-repeat":"repeat","background-position":"center center","background-size":"auto","background-attachment":"scroll","background-type":"","background-media":"","overlay-type":"","overlay-color":"","overlay-opacity":"","overlay-gradient":""},"tablet":{"background-color":"var(--ast-global-color-5)","background-image":"","background-repeat":"repeat","background-position":"center center","background-size":"auto","background-attachment":"scroll","background-type":"","background-media":"","overlay-type":"","overlay-color":"","overlay-opacity":"","overlay-gradient":""},"mobile":{"background-color":"var(--ast-global-color-5)","background-image":"","background-repeat":"repeat","background-position":"center center","background-size":"auto","background-attachment":"scroll","background-type":"","background-media":"","overlay-type":"","overlay-color":"","overlay-opacity":"","overlay-gradient":""}},"footnotes":""},"class_list":["post-758","page","type-page","status-publish","hentry"],"yoast_head":"<!-- This site is optimized with the Yoast SEO plugin v27.3 - https:\/\/yoast.com\/product\/yoast-seo-wordpress\/ -->\n<title>Defesas e Disserta\u00e7\u00f5es - Mestrado e Doutorado em Prote\u00e7\u00e3o dos Direitos Fundamentais<\/title>\n<meta name=\"robots\" content=\"index, follow, max-snippet:-1, max-image-preview:large, max-video-preview:-1\" \/>\n<link rel=\"canonical\" href=\"https:\/\/uit.br\/mestrado\/defesas-e-dissertacoes\/\" \/>\n<meta property=\"og:locale\" content=\"pt_BR\" \/>\n<meta property=\"og:type\" content=\"article\" \/>\n<meta property=\"og:title\" content=\"Defesas e Disserta\u00e7\u00f5es - Mestrado e Doutorado em Prote\u00e7\u00e3o dos Direitos Fundamentais\" \/>\n<meta property=\"og:description\" content=\"DEFESAS E DISSERTA\u00c7\u00d5ES\" \/>\n<meta property=\"og:url\" content=\"https:\/\/uit.br\/mestrado\/defesas-e-dissertacoes\/\" \/>\n<meta property=\"og:site_name\" content=\"Mestrado e Doutorado em Prote\u00e7\u00e3o dos Direitos Fundamentais\" \/>\n<meta property=\"article:modified_time\" content=\"2021-08-05T18:09:18+00:00\" \/>\n<meta property=\"og:image\" content=\"https:\/\/uit.br\/mestrado\/wp-content\/uploads\/2020\/08\/estatua.png\" \/>\n\t<meta property=\"og:image:width\" content=\"365\" \/>\n\t<meta property=\"og:image:height\" content=\"749\" \/>\n\t<meta property=\"og:image:type\" content=\"image\/png\" \/>\n<meta name=\"twitter:card\" content=\"summary_large_image\" \/>\n<script type=\"application\/ld+json\" class=\"yoast-schema-graph\">{\"@context\":\"https:\\\/\\\/schema.org\",\"@graph\":[{\"@type\":\"WebPage\",\"@id\":\"https:\\\/\\\/uit.br\\\/mestrado\\\/defesas-e-dissertacoes\\\/\",\"url\":\"https:\\\/\\\/uit.br\\\/mestrado\\\/defesas-e-dissertacoes\\\/\",\"name\":\"Defesas e Disserta\u00e7\u00f5es - Mestrado e Doutorado em Prote\u00e7\u00e3o dos Direitos Fundamentais\",\"isPartOf\":{\"@id\":\"https:\\\/\\\/uit.br\\\/mestrado\\\/#website\"},\"primaryImageOfPage\":{\"@id\":\"https:\\\/\\\/uit.br\\\/mestrado\\\/defesas-e-dissertacoes\\\/#primaryimage\"},\"image\":{\"@id\":\"https:\\\/\\\/uit.br\\\/mestrado\\\/defesas-e-dissertacoes\\\/#primaryimage\"},\"thumbnailUrl\":\"https:\\\/\\\/uit.br\\\/mestrado\\\/wp-content\\\/uploads\\\/2020\\\/08\\\/estatua.png\",\"datePublished\":\"2020-08-19T18:06:02+00:00\",\"dateModified\":\"2021-08-05T18:09:18+00:00\",\"breadcrumb\":{\"@id\":\"https:\\\/\\\/uit.br\\\/mestrado\\\/defesas-e-dissertacoes\\\/#breadcrumb\"},\"inLanguage\":\"pt-BR\",\"potentialAction\":[{\"@type\":\"ReadAction\",\"target\":[\"https:\\\/\\\/uit.br\\\/mestrado\\\/defesas-e-dissertacoes\\\/\"]}]},{\"@type\":\"ImageObject\",\"inLanguage\":\"pt-BR\",\"@id\":\"https:\\\/\\\/uit.br\\\/mestrado\\\/defesas-e-dissertacoes\\\/#primaryimage\",\"url\":\"https:\\\/\\\/uit.br\\\/mestrado\\\/wp-content\\\/uploads\\\/2020\\\/08\\\/estatua.png\",\"contentUrl\":\"https:\\\/\\\/uit.br\\\/mestrado\\\/wp-content\\\/uploads\\\/2020\\\/08\\\/estatua.png\",\"width\":365,\"height\":749},{\"@type\":\"BreadcrumbList\",\"@id\":\"https:\\\/\\\/uit.br\\\/mestrado\\\/defesas-e-dissertacoes\\\/#breadcrumb\",\"itemListElement\":[{\"@type\":\"ListItem\",\"position\":1,\"name\":\"In\u00edcio\",\"item\":\"https:\\\/\\\/uit.br\\\/mestrado\\\/\"},{\"@type\":\"ListItem\",\"position\":2,\"name\":\"Defesas e Disserta\u00e7\u00f5es\"}]},{\"@type\":\"WebSite\",\"@id\":\"https:\\\/\\\/uit.br\\\/mestrado\\\/#website\",\"url\":\"https:\\\/\\\/uit.br\\\/mestrado\\\/\",\"name\":\"Mestrado e Doutorado em Prote\u00e7\u00e3o dos Direitos Fundamentais\",\"description\":\"\",\"publisher\":{\"@id\":\"https:\\\/\\\/uit.br\\\/mestrado\\\/#organization\"},\"potentialAction\":[{\"@type\":\"SearchAction\",\"target\":{\"@type\":\"EntryPoint\",\"urlTemplate\":\"https:\\\/\\\/uit.br\\\/mestrado\\\/?s={search_term_string}\"},\"query-input\":{\"@type\":\"PropertyValueSpecification\",\"valueRequired\":true,\"valueName\":\"search_term_string\"}}],\"inLanguage\":\"pt-BR\"},{\"@type\":\"Organization\",\"@id\":\"https:\\\/\\\/uit.br\\\/mestrado\\\/#organization\",\"name\":\"Mestrado e Doutorado em Prote\u00e7\u00e3o dos Direitos Fundamentais\",\"url\":\"https:\\\/\\\/uit.br\\\/mestrado\\\/\",\"logo\":{\"@type\":\"ImageObject\",\"inLanguage\":\"pt-BR\",\"@id\":\"https:\\\/\\\/uit.br\\\/mestrado\\\/#\\\/schema\\\/logo\\\/image\\\/\",\"url\":\"https:\\\/\\\/uit.br\\\/mestrado\\\/wp-content\\\/uploads\\\/2026\\\/04\\\/logo_.webp\",\"contentUrl\":\"https:\\\/\\\/uit.br\\\/mestrado\\\/wp-content\\\/uploads\\\/2026\\\/04\\\/logo_.webp\",\"width\":201,\"height\":201,\"caption\":\"Mestrado e Doutorado em Prote\u00e7\u00e3o dos Direitos Fundamentais\"},\"image\":{\"@id\":\"https:\\\/\\\/uit.br\\\/mestrado\\\/#\\\/schema\\\/logo\\\/image\\\/\"},\"sameAs\":[\"https:\\\/\\\/www.instagram.com\\\/universidadedeitaunauit\\\/\"]}]}<\/script>\n<!-- \/ Yoast SEO plugin. -->","yoast_head_json":{"title":"Defesas e Disserta\u00e7\u00f5es - Mestrado e Doutorado em Prote\u00e7\u00e3o dos Direitos Fundamentais","robots":{"index":"index","follow":"follow","max-snippet":"max-snippet:-1","max-image-preview":"max-image-preview:large","max-video-preview":"max-video-preview:-1"},"canonical":"https:\/\/uit.br\/mestrado\/defesas-e-dissertacoes\/","og_locale":"pt_BR","og_type":"article","og_title":"Defesas e Disserta\u00e7\u00f5es - Mestrado e Doutorado em Prote\u00e7\u00e3o dos Direitos Fundamentais","og_description":"DEFESAS E DISSERTA\u00c7\u00d5ES","og_url":"https:\/\/uit.br\/mestrado\/defesas-e-dissertacoes\/","og_site_name":"Mestrado e Doutorado em Prote\u00e7\u00e3o dos Direitos Fundamentais","article_modified_time":"2021-08-05T18:09:18+00:00","og_image":[{"width":365,"height":749,"url":"https:\/\/uit.br\/mestrado\/wp-content\/uploads\/2020\/08\/estatua.png","type":"image\/png"}],"twitter_card":"summary_large_image","schema":{"@context":"https:\/\/schema.org","@graph":[{"@type":"WebPage","@id":"https:\/\/uit.br\/mestrado\/defesas-e-dissertacoes\/","url":"https:\/\/uit.br\/mestrado\/defesas-e-dissertacoes\/","name":"Defesas e Disserta\u00e7\u00f5es - Mestrado e Doutorado em Prote\u00e7\u00e3o dos Direitos Fundamentais","isPartOf":{"@id":"https:\/\/uit.br\/mestrado\/#website"},"primaryImageOfPage":{"@id":"https:\/\/uit.br\/mestrado\/defesas-e-dissertacoes\/#primaryimage"},"image":{"@id":"https:\/\/uit.br\/mestrado\/defesas-e-dissertacoes\/#primaryimage"},"thumbnailUrl":"https:\/\/uit.br\/mestrado\/wp-content\/uploads\/2020\/08\/estatua.png","datePublished":"2020-08-19T18:06:02+00:00","dateModified":"2021-08-05T18:09:18+00:00","breadcrumb":{"@id":"https:\/\/uit.br\/mestrado\/defesas-e-dissertacoes\/#breadcrumb"},"inLanguage":"pt-BR","potentialAction":[{"@type":"ReadAction","target":["https:\/\/uit.br\/mestrado\/defesas-e-dissertacoes\/"]}]},{"@type":"ImageObject","inLanguage":"pt-BR","@id":"https:\/\/uit.br\/mestrado\/defesas-e-dissertacoes\/#primaryimage","url":"https:\/\/uit.br\/mestrado\/wp-content\/uploads\/2020\/08\/estatua.png","contentUrl":"https:\/\/uit.br\/mestrado\/wp-content\/uploads\/2020\/08\/estatua.png","width":365,"height":749},{"@type":"BreadcrumbList","@id":"https:\/\/uit.br\/mestrado\/defesas-e-dissertacoes\/#breadcrumb","itemListElement":[{"@type":"ListItem","position":1,"name":"In\u00edcio","item":"https:\/\/uit.br\/mestrado\/"},{"@type":"ListItem","position":2,"name":"Defesas e Disserta\u00e7\u00f5es"}]},{"@type":"WebSite","@id":"https:\/\/uit.br\/mestrado\/#website","url":"https:\/\/uit.br\/mestrado\/","name":"Mestrado e Doutorado em Prote\u00e7\u00e3o dos Direitos Fundamentais","description":"","publisher":{"@id":"https:\/\/uit.br\/mestrado\/#organization"},"potentialAction":[{"@type":"SearchAction","target":{"@type":"EntryPoint","urlTemplate":"https:\/\/uit.br\/mestrado\/?s={search_term_string}"},"query-input":{"@type":"PropertyValueSpecification","valueRequired":true,"valueName":"search_term_string"}}],"inLanguage":"pt-BR"},{"@type":"Organization","@id":"https:\/\/uit.br\/mestrado\/#organization","name":"Mestrado e Doutorado em Prote\u00e7\u00e3o dos Direitos Fundamentais","url":"https:\/\/uit.br\/mestrado\/","logo":{"@type":"ImageObject","inLanguage":"pt-BR","@id":"https:\/\/uit.br\/mestrado\/#\/schema\/logo\/image\/","url":"https:\/\/uit.br\/mestrado\/wp-content\/uploads\/2026\/04\/logo_.webp","contentUrl":"https:\/\/uit.br\/mestrado\/wp-content\/uploads\/2026\/04\/logo_.webp","width":201,"height":201,"caption":"Mestrado e Doutorado em Prote\u00e7\u00e3o dos Direitos Fundamentais"},"image":{"@id":"https:\/\/uit.br\/mestrado\/#\/schema\/logo\/image\/"},"sameAs":["https:\/\/www.instagram.com\/universidadedeitaunauit\/"]}]}},"_links":{"self":[{"href":"https:\/\/uit.br\/mestrado\/wp-json\/wp\/v2\/pages\/758","targetHints":{"allow":["GET"]}}],"collection":[{"href":"https:\/\/uit.br\/mestrado\/wp-json\/wp\/v2\/pages"}],"about":[{"href":"https:\/\/uit.br\/mestrado\/wp-json\/wp\/v2\/types\/page"}],"author":[{"embeddable":true,"href":"https:\/\/uit.br\/mestrado\/wp-json\/wp\/v2\/users\/1"}],"replies":[{"embeddable":true,"href":"https:\/\/uit.br\/mestrado\/wp-json\/wp\/v2\/comments?post=758"}],"version-history":[{"count":8,"href":"https:\/\/uit.br\/mestrado\/wp-json\/wp\/v2\/pages\/758\/revisions"}],"predecessor-version":[{"id":1655,"href":"https:\/\/uit.br\/mestrado\/wp-json\/wp\/v2\/pages\/758\/revisions\/1655"}],"wp:attachment":[{"href":"https:\/\/uit.br\/mestrado\/wp-json\/wp\/v2\/media?parent=758"}],"curies":[{"name":"wp","href":"https:\/\/api.w.org\/{rel}","templated":true}]}}