{"id":2905,"date":"2025-05-29T15:34:46","date_gmt":"2025-05-29T18:34:46","guid":{"rendered":"https:\/\/mestrado.uit.br\/?page_id=2905"},"modified":"2025-05-30T13:30:40","modified_gmt":"2025-05-30T16:30:40","slug":"autoavaliacao-institucional","status":"publish","type":"page","link":"https:\/\/uit.br\/mestrado\/autoavaliacao-institucional\/","title":{"rendered":"AUTOAVALIA\u00c7\u00c3O INSTITUCIONAL"},"content":{"rendered":"\t\t<div data-elementor-type=\"wp-page\" data-elementor-id=\"2905\" class=\"elementor elementor-2905\" data-elementor-post-type=\"page\">\n\t\t\t\t\t\t<section class=\"elementor-section elementor-top-section elementor-element elementor-element-460eeb0 elementor-section-boxed elementor-section-height-default elementor-section-height-default\" data-id=\"460eeb0\" data-element_type=\"section\" data-e-type=\"section\">\n\t\t\t\t\t\t<div class=\"elementor-container elementor-column-gap-default\">\n\t\t\t\t\t<div class=\"elementor-column elementor-col-100 elementor-top-column elementor-element elementor-element-382dbad\" data-id=\"382dbad\" data-element_type=\"column\" data-e-type=\"column\">\n\t\t\t<div class=\"elementor-widget-wrap elementor-element-populated\">\n\t\t\t\t\t\t\t<\/div>\n\t\t<\/div>\n\t\t\t\t\t<\/div>\n\t\t<\/section>\n\t\t\t\t<section class=\"elementor-section elementor-top-section elementor-element elementor-element-92b840d elementor-section-boxed elementor-section-height-default elementor-section-height-default\" data-id=\"92b840d\" data-element_type=\"section\" data-e-type=\"section\">\n\t\t\t\t\t\t<div class=\"elementor-container elementor-column-gap-default\">\n\t\t\t\t\t<div class=\"elementor-column elementor-col-100 elementor-top-column elementor-element elementor-element-b890e13\" data-id=\"b890e13\" data-element_type=\"column\" data-e-type=\"column\">\n\t\t\t<div class=\"elementor-widget-wrap elementor-element-populated\">\n\t\t\t\t\t\t\t<\/div>\n\t\t<\/div>\n\t\t\t\t\t<\/div>\n\t\t<\/section>\n\t\t\t\t<section class=\"elementor-section elementor-top-section elementor-element elementor-element-2f8cb44 elementor-section-boxed elementor-section-height-default elementor-section-height-default\" data-id=\"2f8cb44\" data-element_type=\"section\" data-e-type=\"section\">\n\t\t\t\t\t\t<div class=\"elementor-container elementor-column-gap-default\">\n\t\t\t\t\t<div class=\"elementor-column elementor-col-100 elementor-top-column elementor-element elementor-element-5fa64b4\" data-id=\"5fa64b4\" data-element_type=\"column\" data-e-type=\"column\">\n\t\t\t<div class=\"elementor-widget-wrap\">\n\t\t\t\t\t\t\t<\/div>\n\t\t<\/div>\n\t\t\t\t\t<\/div>\n\t\t<\/section>\n\t\t\t\t<section class=\"elementor-section elementor-top-section elementor-element elementor-element-736702b elementor-section-boxed elementor-section-height-default elementor-section-height-default\" data-id=\"736702b\" data-element_type=\"section\" data-e-type=\"section\">\n\t\t\t\t\t\t<div class=\"elementor-container elementor-column-gap-default\">\n\t\t\t\t\t<div class=\"elementor-column elementor-col-33 elementor-top-column elementor-element elementor-element-526f6eb\" data-id=\"526f6eb\" data-element_type=\"column\" data-e-type=\"column\">\n\t\t\t<div class=\"elementor-widget-wrap elementor-element-populated\">\n\t\t\t\t\t\t<div class=\"elementor-element elementor-element-a4bd05d elementor-widget elementor-widget-image\" data-id=\"a4bd05d\" data-element_type=\"widget\" data-e-type=\"widget\" data-widget_type=\"image.default\">\n\t\t\t\t<div class=\"elementor-widget-container\">\n\t\t\t\t\t\t\t\t\t\t\t\t\t\t\t<img fetchpriority=\"high\" decoding=\"async\" width=\"432\" height=\"1024\" src=\"https:\/\/uit.br\/mestrado\/wp-content\/uploads\/2025\/05\/Curriculos-432x1024.png\" class=\"attachment-large size-large wp-image-2907\" alt=\"\" srcset=\"https:\/\/uit.br\/mestrado\/wp-content\/uploads\/2025\/05\/Curriculos-432x1024.png 432w, https:\/\/uit.br\/mestrado\/wp-content\/uploads\/2025\/05\/Curriculos-127x300.png 127w, https:\/\/uit.br\/mestrado\/wp-content\/uploads\/2025\/05\/Curriculos-768x1821.png 768w, https:\/\/uit.br\/mestrado\/wp-content\/uploads\/2025\/05\/Curriculos-648x1536.png 648w, https:\/\/uit.br\/mestrado\/wp-content\/uploads\/2025\/05\/Curriculos-864x2048.png 864w, https:\/\/uit.br\/mestrado\/wp-content\/uploads\/2025\/05\/Curriculos-scaled.png 1080w\" sizes=\"(max-width: 432px) 100vw, 432px\" \/>\t\t\t\t\t\t\t\t\t\t\t\t\t\t\t<\/div>\n\t\t\t\t<\/div>\n\t\t\t\t\t<\/div>\n\t\t<\/div>\n\t\t\t\t<div class=\"elementor-column elementor-col-66 elementor-top-column elementor-element elementor-element-05890b5\" data-id=\"05890b5\" data-element_type=\"column\" data-e-type=\"column\">\n\t\t\t<div class=\"elementor-widget-wrap elementor-element-populated\">\n\t\t\t\t\t\t<div class=\"elementor-element elementor-element-dea16cb elementor-widget elementor-widget-text-editor\" data-id=\"dea16cb\" data-element_type=\"widget\" data-e-type=\"widget\" data-widget_type=\"text-editor.default\">\n\t\t\t\t<div class=\"elementor-widget-container\">\n\t\t\t\t\t\t\t\t\t<p style=\"text-align: center; font-size: 26px; font-weight: bold;\"><span style=\"color: #000000;\">AUTOAVALIA\u00c7\u00c3O INSTITUCIONAL<\/span><\/p><p style=\"text-align: left;\"><span style=\"color: #000000; font-size: 20px;\">\u00a0A autoavalia\u00e7\u00e3o institucional do Programa de P\u00f3s-gradua\u00e7\u00e3o Stricto Sensu em Direito da Universidade de Ita\u00fana (Prote\u00e7\u00e3o dos Direitos Fundamentais) est\u00e1 institucionalizada e \u00e9 conduzida por comiss\u00e3o pr\u00f3pria de avalia\u00e7\u00e3o, que tem como documentos norteadores do seu trabalho o Plano de Desenvolvimento Institucional \u2013 PDI, a Pol\u00edtica Institucional de P\u00f3s-gradua\u00e7\u00e3o, a Pol\u00edtica Institucional de Autoavalia\u00e7\u00e3o, as normas regulamentadoras do MEC\/CAPES, os programas dos cursos, a Ficha de Avalia\u00e7\u00e3o (\u00c1rea 26) e os pareceres das comiss\u00f5es de \u00e1rea das quadrienais anteriores.<\/span><\/p><p style=\"text-align: left;\"><span style=\"color: #000000; font-size: 20px;\">A autoavalia\u00e7\u00e3o do PPGD em Direito da Universidade de Ita\u00fana tem o envolvimento efetivo de docentes, discentes, servidores t\u00e9cnico-administrativo, al\u00e9m dos egressos, que s\u00e3o avaliados periodicamente.<\/span><\/p><p style=\"text-align: left;\"><span style=\"color: #000000; font-size: 20px;\">O PPGD entende ser o processo de autoavalia\u00e7\u00e3o institucional uma atividade cont\u00ednua que requer uma acuidade metodol\u00f3gica capaz de dar conta da complexidade dos aspectos envolvidos.<\/span><\/p><p style=\"text-align: left;\"><span style=\"color: #000000; font-size: 20px;\"><strong>A comiss\u00e3o pr\u00f3pria de avalia\u00e7\u00e3o tem como estrat\u00e9gias para a divulga\u00e7\u00e3o de seu trabalho:<\/strong><\/span><\/p><ul style=\"text-align: left;\"><li><span style=\"color: #000000; font-size: 20px;\">realiza\u00e7\u00e3o de reuni\u00f5es ou debates de sensibiliza\u00e7\u00e3o;<\/span><\/li><li><span style=\"color: #000000; font-size: 20px;\">sistematiza\u00e7\u00e3o de demandas\/ideias\/sugest\u00f5es oriundas dessas reuni\u00f5es ou debates;<\/span><\/li><li><span style=\"color: #000000; font-size: 20px;\">discuss\u00e3o e elabora\u00e7\u00e3o dos instrumentos para coleta de dados;<\/span><\/li><li><span style=\"color: #000000; font-size: 20px;\">defini\u00e7\u00e3o da metodologia de an\u00e1lise e interpreta\u00e7\u00e3o dos dados;<\/span><\/li><li><span style=\"color: #000000; font-size: 20px;\">defini\u00e7\u00e3o das condi\u00e7\u00f5es materiais para o desenvolvimento do trabalho;<\/span><\/li><li><span style=\"color: #000000; font-size: 20px;\">elabora\u00e7\u00e3o de relat\u00f3rios;<\/span><\/li><li><span style=\"color: #000000; font-size: 20px;\">divulga\u00e7\u00e3o dos resultados da avalia\u00e7\u00e3o, al\u00e9m de an\u00e1lise de documentos e relat\u00f3rios internos e externos;<\/span><\/li><li><span style=\"color: #000000; font-size: 20px;\">quantifica\u00e7\u00e3o de dados por interm\u00e9dio de indicadores e documentos oficiais, a exemplo dos CV Lattes e dos relat\u00f3rios da CAPES;<\/span><\/li><li><span style=\"color: #000000; font-size: 20px;\">avalia\u00e7\u00e3o cont\u00ednua das condi\u00e7\u00f5es de infraestrutura e de acessibilidade, al\u00e9m de estar atenta \u00e0s reclama\u00e7\u00f5es endere\u00e7adas \u00e0 Ouvidoria.<\/span><\/li><\/ul><p style=\"text-align: left;\"><span style=\"color: #000000; font-size: 20px;\"><strong>No que se refere \u00e0 sua periodicidade, tem-se:<\/strong><\/span><\/p><p style=\"text-align: left;\"><span style=\"color: #000000; font-size: 20px;\"><strong>\u00a0 i)<\/strong> segmentos discente, docente e t\u00e9cnico-administrativo \u2013 semestralmente, sendo os dados catalogados e divulgados anualmente;<\/span><\/p><p style=\"text-align: left;\"><span style=\"color: #000000; font-size: 20px;\"><strong>\u00a0ii)<\/strong> Egressos \u2013 anualmente.<\/span><\/p><p style=\"text-align: left;\"><span style=\"color: #000000; font-size: 20px;\">Os resultados das avalia\u00e7\u00f5es, al\u00e9m de amplamente divulgados interna e externamente para a comunidade acad\u00eamica, s\u00e3o encaminhados para a reitoria da Universidade de Ita\u00fana. Posteriormente, s\u00e3o publicizados com corpo docente do PPDG e da gradua\u00e7\u00e3o em Direito.<\/span><\/p><p style=\"text-align: left;\"><span style=\"color: #000000; font-size: 20px;\"><strong>Esses resultados s\u00e3o divulgados tamb\u00e9m para a comunidade e aos \u00f3rg\u00e3os institucionais interessados:<\/strong><\/span><\/p><ul style=\"text-align: left;\"><li><span style=\"color: #000000; font-size: 20px;\">Conselho Universit\u00e1rio;<\/span><\/li><li><span style=\"color: #000000; font-size: 20px;\">Administra\u00e7\u00e3o Superior;<\/span><\/li><li><span style=\"color: #000000; font-size: 20px;\">Coordena\u00e7\u00e3o de cursos e outros.<\/span><\/li><\/ul><p style=\"text-align: left;\"><span style=\"color: #000000; font-size: 20px;\">As avalia\u00e7\u00f5es individuais dos coordenadores e professores s\u00e3o a eles remetidas de forma reservada.<\/span><\/p><p style=\"text-align: left;\"><span style=\"color: #000000; font-size: 20px;\">Para os alunos s\u00e3o divulgados, no site institucional e atrav\u00e9s de cartazes afixados em locais de f\u00e1cil visualiza\u00e7\u00e3o, os resultados globais das avalia\u00e7\u00f5es realizadas, al\u00e9m das medidas administrativas pass\u00edveis de aplica\u00e7\u00e3o em caso de desempenho insatisfat\u00f3rio de coordenadores, professores e pessoal t\u00e9cnico-administrativo.<\/span><\/p><p style=\"text-align: left;\"><span style=\"color: #000000; font-size: 20px;\">Os pontos fr\u00e1geis s\u00e3o discutidos e levados em considera\u00e7\u00e3o na constru\u00e7\u00e3o\/desenvolvimento do Planejamento Estrat\u00e9gico do PPGD.<\/span><\/p>\t\t\t\t\t\t\t\t<\/div>\n\t\t\t\t<\/div>\n\t\t\t\t\t<\/div>\n\t\t<\/div>\n\t\t\t\t\t<\/div>\n\t\t<\/section>\n\t\t\t\t<section class=\"elementor-section elementor-top-section elementor-element elementor-element-c5d1769 elementor-section-boxed elementor-section-height-default elementor-section-height-default\" data-id=\"c5d1769\" data-element_type=\"section\" data-e-type=\"section\">\n\t\t\t\t\t\t<div class=\"elementor-container elementor-column-gap-default\">\n\t\t\t\t\t<div class=\"elementor-column elementor-col-100 elementor-top-column elementor-element elementor-element-0685886\" data-id=\"0685886\" data-element_type=\"column\" data-e-type=\"column\">\n\t\t\t<div class=\"elementor-widget-wrap\">\n\t\t\t\t\t\t\t<\/div>\n\t\t<\/div>\n\t\t\t\t\t<\/div>\n\t\t<\/section>\n\t\t\t\t<\/div>\n\t\t","protected":false},"excerpt":{"rendered":"<p>AUTOAVALIA\u00c7\u00c3O INSTITUCIONAL \u00a0A autoavalia\u00e7\u00e3o institucional do Programa de P\u00f3s-gradua\u00e7\u00e3o Stricto Sensu em Direito da Universidade de Ita\u00fana (Prote\u00e7\u00e3o dos Direitos Fundamentais) est\u00e1 institucionalizada e \u00e9 conduzida por comiss\u00e3o pr\u00f3pria de avalia\u00e7\u00e3o, que tem como documentos norteadores do seu trabalho o Plano de Desenvolvimento Institucional \u2013 PDI, a Pol\u00edtica Institucional de P\u00f3s-gradua\u00e7\u00e3o, a Pol\u00edtica Institucional de [&hellip;]<\/p>\n","protected":false},"author":2,"featured_media":0,"parent":0,"menu_order":0,"comment_status":"closed","ping_status":"closed","template":"","meta":{"site-sidebar-layout":"no-sidebar","site-content-layout":"page-builder","ast-site-content-layout":"full-width-container","site-content-style":"default","site-sidebar-style":"default","ast-global-header-display":"","ast-banner-title-visibility":"","ast-main-header-display":"","ast-hfb-above-header-display":"","ast-hfb-below-header-display":"","ast-hfb-mobile-header-display":"","site-post-title":"disabled","ast-breadcrumbs-content":"","ast-featured-img":"disabled","footer-sml-layout":"","ast-disable-related-posts":"","theme-transparent-header-meta":"","adv-header-id-meta":"","stick-header-meta":"","header-above-stick-meta":"","header-main-stick-meta":"","header-below-stick-meta":"","astra-migrate-meta-layouts":"set","ast-page-background-enabled":"default","ast-page-background-meta":{"desktop":{"background-color":"","background-image":"","background-repeat":"repeat","background-position":"center center","background-size":"auto","background-attachment":"scroll","background-type":"","background-media":"","overlay-type":"","overlay-color":"","overlay-opacity":"","overlay-gradient":""},"tablet":{"background-color":"","background-image":"","background-repeat":"repeat","background-position":"center center","background-size":"auto","background-attachment":"scroll","background-type":"","background-media":"","overlay-type":"","overlay-color":"","overlay-opacity":"","overlay-gradient":""},"mobile":{"background-color":"","background-image":"","background-repeat":"repeat","background-position":"center center","background-size":"auto","background-attachment":"scroll","background-type":"","background-media":"","overlay-type":"","overlay-color":"","overlay-opacity":"","overlay-gradient":""}},"ast-content-background-meta":{"desktop":{"background-color":"var(--ast-global-color-5)","background-image":"","background-repeat":"repeat","background-position":"center center","background-size":"auto","background-attachment":"scroll","background-type":"","background-media":"","overlay-type":"","overlay-color":"","overlay-opacity":"","overlay-gradient":""},"tablet":{"background-color":"var(--ast-global-color-5)","background-image":"","background-repeat":"repeat","background-position":"center center","background-size":"auto","background-attachment":"scroll","background-type":"","background-media":"","overlay-type":"","overlay-color":"","overlay-opacity":"","overlay-gradient":""},"mobile":{"background-color":"var(--ast-global-color-5)","background-image":"","background-repeat":"repeat","background-position":"center center","background-size":"auto","background-attachment":"scroll","background-type":"","background-media":"","overlay-type":"","overlay-color":"","overlay-opacity":"","overlay-gradient":""}},"footnotes":""},"class_list":["post-2905","page","type-page","status-publish","hentry"],"yoast_head":"<!-- This site is optimized with the Yoast SEO plugin v27.3 - https:\/\/yoast.com\/product\/yoast-seo-wordpress\/ -->\n<title>AUTOAVALIA\u00c7\u00c3O INSTITUCIONAL - Mestrado e Doutorado em Prote\u00e7\u00e3o dos Direitos Fundamentais<\/title>\n<meta name=\"robots\" content=\"index, follow, max-snippet:-1, max-image-preview:large, max-video-preview:-1\" \/>\n<link rel=\"canonical\" href=\"https:\/\/uit.br\/mestrado\/autoavaliacao-institucional\/\" \/>\n<meta property=\"og:locale\" content=\"pt_BR\" \/>\n<meta property=\"og:type\" content=\"article\" \/>\n<meta property=\"og:title\" content=\"AUTOAVALIA\u00c7\u00c3O INSTITUCIONAL - Mestrado e Doutorado em Prote\u00e7\u00e3o dos Direitos Fundamentais\" \/>\n<meta property=\"og:description\" content=\"AUTOAVALIA\u00c7\u00c3O INSTITUCIONAL \u00a0A autoavalia\u00e7\u00e3o institucional do Programa de P\u00f3s-gradua\u00e7\u00e3o Stricto Sensu em Direito da Universidade de Ita\u00fana (Prote\u00e7\u00e3o dos Direitos Fundamentais) est\u00e1 institucionalizada e \u00e9 conduzida por comiss\u00e3o pr\u00f3pria de avalia\u00e7\u00e3o, que tem como documentos norteadores do seu trabalho o Plano de Desenvolvimento Institucional \u2013 PDI, a Pol\u00edtica Institucional de P\u00f3s-gradua\u00e7\u00e3o, a Pol\u00edtica Institucional de [&hellip;]\" \/>\n<meta property=\"og:url\" content=\"https:\/\/uit.br\/mestrado\/autoavaliacao-institucional\/\" \/>\n<meta property=\"og:site_name\" content=\"Mestrado e Doutorado em Prote\u00e7\u00e3o dos Direitos Fundamentais\" \/>\n<meta property=\"article:modified_time\" content=\"2025-05-30T16:30:40+00:00\" \/>\n<meta property=\"og:image\" content=\"https:\/\/uit.br\/mestrado\/wp-content\/uploads\/2025\/05\/Curriculos-scaled.png\" \/>\n\t<meta property=\"og:image:width\" content=\"1080\" \/>\n\t<meta property=\"og:image:height\" content=\"2560\" \/>\n\t<meta property=\"og:image:type\" content=\"image\/png\" \/>\n<meta name=\"twitter:card\" content=\"summary_large_image\" \/>\n<meta name=\"twitter:label1\" content=\"Est. tempo de leitura\" \/>\n\t<meta name=\"twitter:data1\" content=\"2 minutos\" \/>\n<script type=\"application\/ld+json\" class=\"yoast-schema-graph\">{\"@context\":\"https:\\\/\\\/schema.org\",\"@graph\":[{\"@type\":\"WebPage\",\"@id\":\"https:\\\/\\\/uit.br\\\/mestrado\\\/autoavaliacao-institucional\\\/\",\"url\":\"https:\\\/\\\/uit.br\\\/mestrado\\\/autoavaliacao-institucional\\\/\",\"name\":\"AUTOAVALIA\u00c7\u00c3O INSTITUCIONAL - Mestrado e Doutorado em Prote\u00e7\u00e3o dos Direitos Fundamentais\",\"isPartOf\":{\"@id\":\"https:\\\/\\\/uit.br\\\/mestrado\\\/#website\"},\"primaryImageOfPage\":{\"@id\":\"https:\\\/\\\/uit.br\\\/mestrado\\\/autoavaliacao-institucional\\\/#primaryimage\"},\"image\":{\"@id\":\"https:\\\/\\\/uit.br\\\/mestrado\\\/autoavaliacao-institucional\\\/#primaryimage\"},\"thumbnailUrl\":\"https:\\\/\\\/uit.br\\\/mestrado\\\/wp-content\\\/uploads\\\/2025\\\/05\\\/Curriculos-432x1024.png\",\"datePublished\":\"2025-05-29T18:34:46+00:00\",\"dateModified\":\"2025-05-30T16:30:40+00:00\",\"breadcrumb\":{\"@id\":\"https:\\\/\\\/uit.br\\\/mestrado\\\/autoavaliacao-institucional\\\/#breadcrumb\"},\"inLanguage\":\"pt-BR\",\"potentialAction\":[{\"@type\":\"ReadAction\",\"target\":[\"https:\\\/\\\/uit.br\\\/mestrado\\\/autoavaliacao-institucional\\\/\"]}]},{\"@type\":\"ImageObject\",\"inLanguage\":\"pt-BR\",\"@id\":\"https:\\\/\\\/uit.br\\\/mestrado\\\/autoavaliacao-institucional\\\/#primaryimage\",\"url\":\"https:\\\/\\\/uit.br\\\/mestrado\\\/wp-content\\\/uploads\\\/2025\\\/05\\\/Curriculos-scaled.png\",\"contentUrl\":\"https:\\\/\\\/uit.br\\\/mestrado\\\/wp-content\\\/uploads\\\/2025\\\/05\\\/Curriculos-scaled.png\",\"width\":1080,\"height\":2560},{\"@type\":\"BreadcrumbList\",\"@id\":\"https:\\\/\\\/uit.br\\\/mestrado\\\/autoavaliacao-institucional\\\/#breadcrumb\",\"itemListElement\":[{\"@type\":\"ListItem\",\"position\":1,\"name\":\"In\u00edcio\",\"item\":\"https:\\\/\\\/uit.br\\\/mestrado\\\/\"},{\"@type\":\"ListItem\",\"position\":2,\"name\":\"AUTOAVALIA\u00c7\u00c3O INSTITUCIONAL\"}]},{\"@type\":\"WebSite\",\"@id\":\"https:\\\/\\\/uit.br\\\/mestrado\\\/#website\",\"url\":\"https:\\\/\\\/uit.br\\\/mestrado\\\/\",\"name\":\"Mestrado e Doutorado em Prote\u00e7\u00e3o dos Direitos Fundamentais\",\"description\":\"\",\"publisher\":{\"@id\":\"https:\\\/\\\/uit.br\\\/mestrado\\\/#organization\"},\"potentialAction\":[{\"@type\":\"SearchAction\",\"target\":{\"@type\":\"EntryPoint\",\"urlTemplate\":\"https:\\\/\\\/uit.br\\\/mestrado\\\/?s={search_term_string}\"},\"query-input\":{\"@type\":\"PropertyValueSpecification\",\"valueRequired\":true,\"valueName\":\"search_term_string\"}}],\"inLanguage\":\"pt-BR\"},{\"@type\":\"Organization\",\"@id\":\"https:\\\/\\\/uit.br\\\/mestrado\\\/#organization\",\"name\":\"Mestrado e Doutorado em Prote\u00e7\u00e3o dos Direitos Fundamentais\",\"url\":\"https:\\\/\\\/uit.br\\\/mestrado\\\/\",\"logo\":{\"@type\":\"ImageObject\",\"inLanguage\":\"pt-BR\",\"@id\":\"https:\\\/\\\/uit.br\\\/mestrado\\\/#\\\/schema\\\/logo\\\/image\\\/\",\"url\":\"https:\\\/\\\/uit.br\\\/mestrado\\\/wp-content\\\/uploads\\\/2026\\\/04\\\/logo_.webp\",\"contentUrl\":\"https:\\\/\\\/uit.br\\\/mestrado\\\/wp-content\\\/uploads\\\/2026\\\/04\\\/logo_.webp\",\"width\":201,\"height\":201,\"caption\":\"Mestrado e Doutorado em Prote\u00e7\u00e3o dos Direitos Fundamentais\"},\"image\":{\"@id\":\"https:\\\/\\\/uit.br\\\/mestrado\\\/#\\\/schema\\\/logo\\\/image\\\/\"},\"sameAs\":[\"https:\\\/\\\/www.instagram.com\\\/universidadedeitaunauit\\\/\"]}]}<\/script>\n<!-- \/ Yoast SEO plugin. -->","yoast_head_json":{"title":"AUTOAVALIA\u00c7\u00c3O INSTITUCIONAL - Mestrado e Doutorado em Prote\u00e7\u00e3o dos Direitos Fundamentais","robots":{"index":"index","follow":"follow","max-snippet":"max-snippet:-1","max-image-preview":"max-image-preview:large","max-video-preview":"max-video-preview:-1"},"canonical":"https:\/\/uit.br\/mestrado\/autoavaliacao-institucional\/","og_locale":"pt_BR","og_type":"article","og_title":"AUTOAVALIA\u00c7\u00c3O INSTITUCIONAL - Mestrado e Doutorado em Prote\u00e7\u00e3o dos Direitos Fundamentais","og_description":"AUTOAVALIA\u00c7\u00c3O INSTITUCIONAL \u00a0A autoavalia\u00e7\u00e3o institucional do Programa de P\u00f3s-gradua\u00e7\u00e3o Stricto Sensu em Direito da Universidade de Ita\u00fana (Prote\u00e7\u00e3o dos Direitos Fundamentais) est\u00e1 institucionalizada e \u00e9 conduzida por comiss\u00e3o pr\u00f3pria de avalia\u00e7\u00e3o, que tem como documentos norteadores do seu trabalho o Plano de Desenvolvimento Institucional \u2013 PDI, a Pol\u00edtica Institucional de P\u00f3s-gradua\u00e7\u00e3o, a Pol\u00edtica Institucional de [&hellip;]","og_url":"https:\/\/uit.br\/mestrado\/autoavaliacao-institucional\/","og_site_name":"Mestrado e Doutorado em Prote\u00e7\u00e3o dos Direitos Fundamentais","article_modified_time":"2025-05-30T16:30:40+00:00","og_image":[{"width":1080,"height":2560,"url":"https:\/\/uit.br\/mestrado\/wp-content\/uploads\/2025\/05\/Curriculos-scaled.png","type":"image\/png"}],"twitter_card":"summary_large_image","twitter_misc":{"Est. tempo de leitura":"2 minutos"},"schema":{"@context":"https:\/\/schema.org","@graph":[{"@type":"WebPage","@id":"https:\/\/uit.br\/mestrado\/autoavaliacao-institucional\/","url":"https:\/\/uit.br\/mestrado\/autoavaliacao-institucional\/","name":"AUTOAVALIA\u00c7\u00c3O INSTITUCIONAL - Mestrado e Doutorado em Prote\u00e7\u00e3o dos Direitos Fundamentais","isPartOf":{"@id":"https:\/\/uit.br\/mestrado\/#website"},"primaryImageOfPage":{"@id":"https:\/\/uit.br\/mestrado\/autoavaliacao-institucional\/#primaryimage"},"image":{"@id":"https:\/\/uit.br\/mestrado\/autoavaliacao-institucional\/#primaryimage"},"thumbnailUrl":"https:\/\/uit.br\/mestrado\/wp-content\/uploads\/2025\/05\/Curriculos-432x1024.png","datePublished":"2025-05-29T18:34:46+00:00","dateModified":"2025-05-30T16:30:40+00:00","breadcrumb":{"@id":"https:\/\/uit.br\/mestrado\/autoavaliacao-institucional\/#breadcrumb"},"inLanguage":"pt-BR","potentialAction":[{"@type":"ReadAction","target":["https:\/\/uit.br\/mestrado\/autoavaliacao-institucional\/"]}]},{"@type":"ImageObject","inLanguage":"pt-BR","@id":"https:\/\/uit.br\/mestrado\/autoavaliacao-institucional\/#primaryimage","url":"https:\/\/uit.br\/mestrado\/wp-content\/uploads\/2025\/05\/Curriculos-scaled.png","contentUrl":"https:\/\/uit.br\/mestrado\/wp-content\/uploads\/2025\/05\/Curriculos-scaled.png","width":1080,"height":2560},{"@type":"BreadcrumbList","@id":"https:\/\/uit.br\/mestrado\/autoavaliacao-institucional\/#breadcrumb","itemListElement":[{"@type":"ListItem","position":1,"name":"In\u00edcio","item":"https:\/\/uit.br\/mestrado\/"},{"@type":"ListItem","position":2,"name":"AUTOAVALIA\u00c7\u00c3O INSTITUCIONAL"}]},{"@type":"WebSite","@id":"https:\/\/uit.br\/mestrado\/#website","url":"https:\/\/uit.br\/mestrado\/","name":"Mestrado e Doutorado em Prote\u00e7\u00e3o dos Direitos Fundamentais","description":"","publisher":{"@id":"https:\/\/uit.br\/mestrado\/#organization"},"potentialAction":[{"@type":"SearchAction","target":{"@type":"EntryPoint","urlTemplate":"https:\/\/uit.br\/mestrado\/?s={search_term_string}"},"query-input":{"@type":"PropertyValueSpecification","valueRequired":true,"valueName":"search_term_string"}}],"inLanguage":"pt-BR"},{"@type":"Organization","@id":"https:\/\/uit.br\/mestrado\/#organization","name":"Mestrado e Doutorado em Prote\u00e7\u00e3o dos Direitos Fundamentais","url":"https:\/\/uit.br\/mestrado\/","logo":{"@type":"ImageObject","inLanguage":"pt-BR","@id":"https:\/\/uit.br\/mestrado\/#\/schema\/logo\/image\/","url":"https:\/\/uit.br\/mestrado\/wp-content\/uploads\/2026\/04\/logo_.webp","contentUrl":"https:\/\/uit.br\/mestrado\/wp-content\/uploads\/2026\/04\/logo_.webp","width":201,"height":201,"caption":"Mestrado e Doutorado em Prote\u00e7\u00e3o dos Direitos Fundamentais"},"image":{"@id":"https:\/\/uit.br\/mestrado\/#\/schema\/logo\/image\/"},"sameAs":["https:\/\/www.instagram.com\/universidadedeitaunauit\/"]}]}},"_links":{"self":[{"href":"https:\/\/uit.br\/mestrado\/wp-json\/wp\/v2\/pages\/2905","targetHints":{"allow":["GET"]}}],"collection":[{"href":"https:\/\/uit.br\/mestrado\/wp-json\/wp\/v2\/pages"}],"about":[{"href":"https:\/\/uit.br\/mestrado\/wp-json\/wp\/v2\/types\/page"}],"author":[{"embeddable":true,"href":"https:\/\/uit.br\/mestrado\/wp-json\/wp\/v2\/users\/2"}],"replies":[{"embeddable":true,"href":"https:\/\/uit.br\/mestrado\/wp-json\/wp\/v2\/comments?post=2905"}],"version-history":[{"count":16,"href":"https:\/\/uit.br\/mestrado\/wp-json\/wp\/v2\/pages\/2905\/revisions"}],"predecessor-version":[{"id":2957,"href":"https:\/\/uit.br\/mestrado\/wp-json\/wp\/v2\/pages\/2905\/revisions\/2957"}],"wp:attachment":[{"href":"https:\/\/uit.br\/mestrado\/wp-json\/wp\/v2\/media?parent=2905"}],"curies":[{"name":"wp","href":"https:\/\/api.w.org\/{rel}","templated":true}]}}