{"id":1625,"date":"2021-08-05T14:18:12","date_gmt":"2021-08-05T17:18:12","guid":{"rendered":"https:\/\/mestrado.uit.br\/?page_id=1625"},"modified":"2021-08-05T14:40:02","modified_gmt":"2021-08-05T17:40:02","slug":"nossa-estrutura","status":"publish","type":"page","link":"https:\/\/uit.br\/mestrado\/nossa-estrutura\/","title":{"rendered":"Nossa Estrutura"},"content":{"rendered":"\t\t<div data-elementor-type=\"wp-page\" data-elementor-id=\"1625\" class=\"elementor elementor-1625\" data-elementor-post-type=\"page\">\n\t\t\t\t\t\t<section class=\"elementor-section elementor-top-section elementor-element elementor-element-1d06da2 elementor-section-boxed elementor-section-height-default elementor-section-height-default\" data-id=\"1d06da2\" data-element_type=\"section\" data-e-type=\"section\" data-settings=\"{&quot;background_background&quot;:&quot;classic&quot;,&quot;shape_divider_top&quot;:&quot;mountains&quot;,&quot;shape_divider_bottom&quot;:&quot;mountains&quot;}\">\n\t\t\t\t\t<div class=\"elementor-shape elementor-shape-top\" aria-hidden=\"true\" data-negative=\"false\">\n\t\t\t<svg xmlns=\"http:\/\/www.w3.org\/2000\/svg\" viewBox=\"0 0 1000 100\" preserveAspectRatio=\"none\">\n\t<path class=\"elementor-shape-fill\" opacity=\"0.33\" d=\"M473,67.3c-203.9,88.3-263.1-34-320.3,0C66,119.1,0,59.7,0,59.7V0h1000v59.7 c0,0-62.1,26.1-94.9,29.3c-32.8,3.3-62.8-12.3-75.8-22.1C806,49.6,745.3,8.7,694.9,4.7S492.4,59,473,67.3z\"\/>\n\t<path class=\"elementor-shape-fill\" opacity=\"0.66\" d=\"M734,67.3c-45.5,0-77.2-23.2-129.1-39.1c-28.6-8.7-150.3-10.1-254,39.1 s-91.7-34.4-149.2,0C115.7,118.3,0,39.8,0,39.8V0h1000v36.5c0,0-28.2-18.5-92.1-18.5C810.2,18.1,775.7,67.3,734,67.3z\"\/>\n\t<path class=\"elementor-shape-fill\" d=\"M766.1,28.9c-200-57.5-266,65.5-395.1,19.5C242,1.8,242,5.4,184.8,20.6C128,35.8,132.3,44.9,89.9,52.5C28.6,63.7,0,0,0,0 h1000c0,0-9.9,40.9-83.6,48.1S829.6,47,766.1,28.9z\"\/>\n<\/svg>\t\t<\/div>\n\t\t\t\t<div class=\"elementor-shape elementor-shape-bottom\" aria-hidden=\"true\" data-negative=\"false\">\n\t\t\t<svg xmlns=\"http:\/\/www.w3.org\/2000\/svg\" viewBox=\"0 0 1000 100\" preserveAspectRatio=\"none\">\n\t<path class=\"elementor-shape-fill\" opacity=\"0.33\" d=\"M473,67.3c-203.9,88.3-263.1-34-320.3,0C66,119.1,0,59.7,0,59.7V0h1000v59.7 c0,0-62.1,26.1-94.9,29.3c-32.8,3.3-62.8-12.3-75.8-22.1C806,49.6,745.3,8.7,694.9,4.7S492.4,59,473,67.3z\"\/>\n\t<path class=\"elementor-shape-fill\" opacity=\"0.66\" d=\"M734,67.3c-45.5,0-77.2-23.2-129.1-39.1c-28.6-8.7-150.3-10.1-254,39.1 s-91.7-34.4-149.2,0C115.7,118.3,0,39.8,0,39.8V0h1000v36.5c0,0-28.2-18.5-92.1-18.5C810.2,18.1,775.7,67.3,734,67.3z\"\/>\n\t<path class=\"elementor-shape-fill\" d=\"M766.1,28.9c-200-57.5-266,65.5-395.1,19.5C242,1.8,242,5.4,184.8,20.6C128,35.8,132.3,44.9,89.9,52.5C28.6,63.7,0,0,0,0 h1000c0,0-9.9,40.9-83.6,48.1S829.6,47,766.1,28.9z\"\/>\n<\/svg>\t\t<\/div>\n\t\t\t\t\t<div class=\"elementor-container elementor-column-gap-default\">\n\t\t\t\t\t<div class=\"elementor-column elementor-col-100 elementor-top-column elementor-element elementor-element-31f2ff9\" data-id=\"31f2ff9\" data-element_type=\"column\" data-e-type=\"column\">\n\t\t\t<div class=\"elementor-widget-wrap elementor-element-populated\">\n\t\t\t\t\t\t<div class=\"elementor-element elementor-element-7595440 elementor-widget elementor-widget-heading\" data-id=\"7595440\" data-element_type=\"widget\" data-e-type=\"widget\" data-widget_type=\"heading.default\">\n\t\t\t\t<div class=\"elementor-widget-container\">\n\t\t\t\t\t<h2 class=\"elementor-heading-title elementor-size-default\">NOSSA ESTRUTURA<\/h2>\t\t\t\t<\/div>\n\t\t\t\t<\/div>\n\t\t\t\t<section class=\"elementor-section elementor-inner-section elementor-element elementor-element-1e50006 elementor-section-boxed elementor-section-height-default elementor-section-height-default\" data-id=\"1e50006\" data-element_type=\"section\" data-e-type=\"section\">\n\t\t\t\t\t\t<div class=\"elementor-container elementor-column-gap-default\">\n\t\t\t\t\t<div class=\"elementor-column elementor-col-50 elementor-inner-column elementor-element elementor-element-e25686a\" data-id=\"e25686a\" data-element_type=\"column\" data-e-type=\"column\" data-settings=\"{&quot;background_background&quot;:&quot;classic&quot;}\">\n\t\t\t<div class=\"elementor-widget-wrap elementor-element-populated\">\n\t\t\t\t\t\t<div class=\"elementor-element elementor-element-dd425f0 elementor-widget elementor-widget-heading\" data-id=\"dd425f0\" data-element_type=\"widget\" data-e-type=\"widget\" data-widget_type=\"heading.default\">\n\t\t\t\t<div class=\"elementor-widget-container\">\n\t\t\t\t\t<h2 class=\"elementor-heading-title elementor-size-default\">Depend\u00eancias<\/h2>\t\t\t\t<\/div>\n\t\t\t\t<\/div>\n\t\t\t\t\t<\/div>\n\t\t<\/div>\n\t\t\t\t<div class=\"elementor-column elementor-col-50 elementor-inner-column elementor-element elementor-element-11fcdba\" data-id=\"11fcdba\" data-element_type=\"column\" data-e-type=\"column\">\n\t\t\t<div class=\"elementor-widget-wrap\">\n\t\t\t\t\t\t\t<\/div>\n\t\t<\/div>\n\t\t\t\t\t<\/div>\n\t\t<\/section>\n\t\t\t\t<section class=\"elementor-section elementor-inner-section elementor-element elementor-element-f50092c elementor-section-boxed elementor-section-height-default elementor-section-height-default\" data-id=\"f50092c\" data-element_type=\"section\" data-e-type=\"section\">\n\t\t\t\t\t\t<div class=\"elementor-container elementor-column-gap-default\">\n\t\t\t\t\t<div class=\"elementor-column elementor-col-50 elementor-inner-column elementor-element elementor-element-6dbb77c\" data-id=\"6dbb77c\" data-element_type=\"column\" data-e-type=\"column\">\n\t\t\t<div class=\"elementor-widget-wrap\">\n\t\t\t\t\t\t\t<\/div>\n\t\t<\/div>\n\t\t\t\t<div class=\"elementor-column elementor-col-50 elementor-inner-column elementor-element elementor-element-a5ccbdf\" data-id=\"a5ccbdf\" data-element_type=\"column\" data-e-type=\"column\" data-settings=\"{&quot;background_background&quot;:&quot;classic&quot;}\">\n\t\t\t<div class=\"elementor-widget-wrap elementor-element-populated\">\n\t\t\t\t\t\t<div class=\"elementor-element elementor-element-1223a9a elementor-widget elementor-widget-heading\" data-id=\"1223a9a\" data-element_type=\"widget\" data-e-type=\"widget\" data-widget_type=\"heading.default\">\n\t\t\t\t<div class=\"elementor-widget-container\">\n\t\t\t\t\t<h2 class=\"elementor-heading-title elementor-size-default\">Salas de Aula<\/h2>\t\t\t\t<\/div>\n\t\t\t\t<\/div>\n\t\t\t\t\t<\/div>\n\t\t<\/div>\n\t\t\t\t\t<\/div>\n\t\t<\/section>\n\t\t\t\t<section class=\"elementor-section elementor-inner-section elementor-element elementor-element-453c4e0 elementor-section-boxed elementor-section-height-default elementor-section-height-default\" data-id=\"453c4e0\" data-element_type=\"section\" data-e-type=\"section\">\n\t\t\t\t\t\t<div class=\"elementor-container elementor-column-gap-default\">\n\t\t\t\t\t<div class=\"elementor-column elementor-col-50 elementor-inner-column elementor-element elementor-element-59d3d33\" data-id=\"59d3d33\" data-element_type=\"column\" data-e-type=\"column\" data-settings=\"{&quot;background_background&quot;:&quot;classic&quot;}\">\n\t\t\t<div class=\"elementor-widget-wrap elementor-element-populated\">\n\t\t\t\t\t\t<div class=\"elementor-element elementor-element-1872c18 elementor-widget elementor-widget-heading\" data-id=\"1872c18\" data-element_type=\"widget\" data-e-type=\"widget\" data-widget_type=\"heading.default\">\n\t\t\t\t<div class=\"elementor-widget-container\">\n\t\t\t\t\t<h2 class=\"elementor-heading-title elementor-size-default\">Audit\u00f3rio<\/h2>\t\t\t\t<\/div>\n\t\t\t\t<\/div>\n\t\t\t\t\t<\/div>\n\t\t<\/div>\n\t\t\t\t<div class=\"elementor-column elementor-col-50 elementor-inner-column elementor-element elementor-element-5dd0280\" data-id=\"5dd0280\" data-element_type=\"column\" data-e-type=\"column\">\n\t\t\t<div class=\"elementor-widget-wrap\">\n\t\t\t\t\t\t\t<\/div>\n\t\t<\/div>\n\t\t\t\t\t<\/div>\n\t\t<\/section>\n\t\t\t\t<section class=\"elementor-section elementor-inner-section elementor-element elementor-element-8d84898 elementor-section-boxed elementor-section-height-default elementor-section-height-default\" data-id=\"8d84898\" data-element_type=\"section\" data-e-type=\"section\">\n\t\t\t\t\t\t<div class=\"elementor-container elementor-column-gap-default\">\n\t\t\t\t\t<div class=\"elementor-column elementor-col-50 elementor-inner-column elementor-element elementor-element-eb11619\" data-id=\"eb11619\" data-element_type=\"column\" data-e-type=\"column\">\n\t\t\t<div class=\"elementor-widget-wrap\">\n\t\t\t\t\t\t\t<\/div>\n\t\t<\/div>\n\t\t\t\t<div class=\"elementor-column elementor-col-50 elementor-inner-column elementor-element elementor-element-1510c5c\" data-id=\"1510c5c\" data-element_type=\"column\" data-e-type=\"column\" data-settings=\"{&quot;background_background&quot;:&quot;classic&quot;}\">\n\t\t\t<div class=\"elementor-widget-wrap elementor-element-populated\">\n\t\t\t\t\t\t<div class=\"elementor-element elementor-element-d960cee elementor-widget elementor-widget-heading\" data-id=\"d960cee\" data-element_type=\"widget\" data-e-type=\"widget\" data-widget_type=\"heading.default\">\n\t\t\t\t<div class=\"elementor-widget-container\">\n\t\t\t\t\t<h2 class=\"elementor-heading-title elementor-size-default\">Salas de Estudo e Orienta\u00e7\u00e3o<\/h2>\t\t\t\t<\/div>\n\t\t\t\t<\/div>\n\t\t\t\t\t<\/div>\n\t\t<\/div>\n\t\t\t\t\t<\/div>\n\t\t<\/section>\n\t\t\t\t<section class=\"elementor-section elementor-inner-section elementor-element elementor-element-0fa4d7e elementor-section-boxed elementor-section-height-default elementor-section-height-default\" data-id=\"0fa4d7e\" data-element_type=\"section\" data-e-type=\"section\">\n\t\t\t\t\t\t<div class=\"elementor-container elementor-column-gap-default\">\n\t\t\t\t\t<div class=\"elementor-column elementor-col-50 elementor-inner-column elementor-element elementor-element-70522f0\" data-id=\"70522f0\" data-element_type=\"column\" data-e-type=\"column\" data-settings=\"{&quot;background_background&quot;:&quot;classic&quot;}\">\n\t\t\t<div class=\"elementor-widget-wrap elementor-element-populated\">\n\t\t\t\t\t\t<div class=\"elementor-element elementor-element-4b3073f elementor-widget elementor-widget-heading\" data-id=\"4b3073f\" data-element_type=\"widget\" data-e-type=\"widget\" data-widget_type=\"heading.default\">\n\t\t\t\t<div class=\"elementor-widget-container\">\n\t\t\t\t\t<h2 class=\"elementor-heading-title elementor-size-default\">Salas de Reuni\u00f5es<\/h2>\t\t\t\t<\/div>\n\t\t\t\t<\/div>\n\t\t\t\t\t<\/div>\n\t\t<\/div>\n\t\t\t\t<div class=\"elementor-column elementor-col-50 elementor-inner-column elementor-element elementor-element-732eac0\" data-id=\"732eac0\" data-element_type=\"column\" data-e-type=\"column\">\n\t\t\t<div class=\"elementor-widget-wrap\">\n\t\t\t\t\t\t\t<\/div>\n\t\t<\/div>\n\t\t\t\t\t<\/div>\n\t\t<\/section>\n\t\t\t\t<section class=\"elementor-section elementor-inner-section elementor-element elementor-element-33d2b6a elementor-section-boxed elementor-section-height-default elementor-section-height-default\" data-id=\"33d2b6a\" data-element_type=\"section\" data-e-type=\"section\">\n\t\t\t\t\t\t<div class=\"elementor-container elementor-column-gap-default\">\n\t\t\t\t\t<div class=\"elementor-column elementor-col-50 elementor-inner-column elementor-element elementor-element-7d803c5\" data-id=\"7d803c5\" data-element_type=\"column\" data-e-type=\"column\">\n\t\t\t<div class=\"elementor-widget-wrap\">\n\t\t\t\t\t\t\t<\/div>\n\t\t<\/div>\n\t\t\t\t<div class=\"elementor-column elementor-col-50 elementor-inner-column elementor-element elementor-element-d4df093\" data-id=\"d4df093\" data-element_type=\"column\" data-e-type=\"column\" data-settings=\"{&quot;background_background&quot;:&quot;classic&quot;}\">\n\t\t\t<div class=\"elementor-widget-wrap elementor-element-populated\">\n\t\t\t\t\t\t<div class=\"elementor-element elementor-element-f81c389 elementor-widget elementor-widget-heading\" data-id=\"f81c389\" data-element_type=\"widget\" data-e-type=\"widget\" data-widget_type=\"heading.default\">\n\t\t\t\t<div class=\"elementor-widget-container\">\n\t\t\t\t\t<h2 class=\"elementor-heading-title elementor-size-default\">Biblioteca\u200b<\/h2>\t\t\t\t<\/div>\n\t\t\t\t<\/div>\n\t\t\t\t\t<\/div>\n\t\t<\/div>\n\t\t\t\t\t<\/div>\n\t\t<\/section>\n\t\t\t\t\t<\/div>\n\t\t<\/div>\n\t\t\t\t\t<\/div>\n\t\t<\/section>\n\t\t\t\t<\/div>\n\t\t","protected":false},"excerpt":{"rendered":"<p>NOSSA ESTRUTURA Depend\u00eancias Salas de Aula Audit\u00f3rio Salas de Estudo e Orienta\u00e7\u00e3o Salas de Reuni\u00f5es Biblioteca\u200b<\/p>\n","protected":false},"author":1,"featured_media":0,"parent":0,"menu_order":0,"comment_status":"closed","ping_status":"closed","template":"elementor_header_footer","meta":{"site-sidebar-layout":"no-sidebar","site-content-layout":"page-builder","ast-site-content-layout":"default","site-content-style":"default","site-sidebar-style":"default","ast-global-header-display":"","ast-banner-title-visibility":"","ast-main-header-display":"","ast-hfb-above-header-display":"","ast-hfb-below-header-display":"","ast-hfb-mobile-header-display":"","site-post-title":"disabled","ast-breadcrumbs-content":"","ast-featured-img":"disabled","footer-sml-layout":"","ast-disable-related-posts":"","theme-transparent-header-meta":"default","adv-header-id-meta":"","stick-header-meta":"","header-above-stick-meta":"","header-main-stick-meta":"","header-below-stick-meta":"","astra-migrate-meta-layouts":"default","ast-page-background-enabled":"default","ast-page-background-meta":{"desktop":{"background-color":"","background-image":"","background-repeat":"repeat","background-position":"center center","background-size":"auto","background-attachment":"scroll","background-type":"","background-media":"","overlay-type":"","overlay-color":"","overlay-opacity":"","overlay-gradient":""},"tablet":{"background-color":"","background-image":"","background-repeat":"repeat","background-position":"center center","background-size":"auto","background-attachment":"scroll","background-type":"","background-media":"","overlay-type":"","overlay-color":"","overlay-opacity":"","overlay-gradient":""},"mobile":{"background-color":"","background-image":"","background-repeat":"repeat","background-position":"center center","background-size":"auto","background-attachment":"scroll","background-type":"","background-media":"","overlay-type":"","overlay-color":"","overlay-opacity":"","overlay-gradient":""}},"ast-content-background-meta":{"desktop":{"background-color":"var(--ast-global-color-5)","background-image":"","background-repeat":"repeat","background-position":"center center","background-size":"auto","background-attachment":"scroll","background-type":"","background-media":"","overlay-type":"","overlay-color":"","overlay-opacity":"","overlay-gradient":""},"tablet":{"background-color":"var(--ast-global-color-5)","background-image":"","background-repeat":"repeat","background-position":"center center","background-size":"auto","background-attachment":"scroll","background-type":"","background-media":"","overlay-type":"","overlay-color":"","overlay-opacity":"","overlay-gradient":""},"mobile":{"background-color":"var(--ast-global-color-5)","background-image":"","background-repeat":"repeat","background-position":"center center","background-size":"auto","background-attachment":"scroll","background-type":"","background-media":"","overlay-type":"","overlay-color":"","overlay-opacity":"","overlay-gradient":""}},"footnotes":""},"class_list":["post-1625","page","type-page","status-publish","hentry"],"yoast_head":"<!-- This site is optimized with the Yoast SEO plugin v27.3 - https:\/\/yoast.com\/product\/yoast-seo-wordpress\/ -->\n<title>Nossa Estrutura - Mestrado e Doutorado em Prote\u00e7\u00e3o dos Direitos Fundamentais<\/title>\n<meta name=\"robots\" content=\"index, follow, max-snippet:-1, max-image-preview:large, max-video-preview:-1\" \/>\n<link rel=\"canonical\" href=\"https:\/\/uit.br\/mestrado\/nossa-estrutura\/\" \/>\n<meta property=\"og:locale\" content=\"pt_BR\" \/>\n<meta property=\"og:type\" content=\"article\" \/>\n<meta property=\"og:title\" content=\"Nossa Estrutura - Mestrado e Doutorado em Prote\u00e7\u00e3o dos Direitos Fundamentais\" \/>\n<meta property=\"og:description\" content=\"NOSSA ESTRUTURA Depend\u00eancias Salas de Aula Audit\u00f3rio Salas de Estudo e Orienta\u00e7\u00e3o Salas de Reuni\u00f5es Biblioteca\u200b\" \/>\n<meta property=\"og:url\" content=\"https:\/\/uit.br\/mestrado\/nossa-estrutura\/\" \/>\n<meta property=\"og:site_name\" content=\"Mestrado e Doutorado em Prote\u00e7\u00e3o dos Direitos Fundamentais\" \/>\n<meta property=\"article:modified_time\" content=\"2021-08-05T17:40:02+00:00\" \/>\n<meta property=\"og:image\" content=\"https:\/\/uit.br\/mestrado\/wp-content\/uploads\/2020\/08\/1.jpg\" \/>\n<meta name=\"twitter:card\" content=\"summary_large_image\" \/>\n<script type=\"application\/ld+json\" class=\"yoast-schema-graph\">{\"@context\":\"https:\\\/\\\/schema.org\",\"@graph\":[{\"@type\":\"WebPage\",\"@id\":\"https:\\\/\\\/uit.br\\\/mestrado\\\/nossa-estrutura\\\/\",\"url\":\"https:\\\/\\\/uit.br\\\/mestrado\\\/nossa-estrutura\\\/\",\"name\":\"Nossa Estrutura - Mestrado e Doutorado em Prote\u00e7\u00e3o dos Direitos Fundamentais\",\"isPartOf\":{\"@id\":\"https:\\\/\\\/uit.br\\\/mestrado\\\/#website\"},\"primaryImageOfPage\":{\"@id\":\"https:\\\/\\\/uit.br\\\/mestrado\\\/nossa-estrutura\\\/#primaryimage\"},\"image\":{\"@id\":\"https:\\\/\\\/uit.br\\\/mestrado\\\/nossa-estrutura\\\/#primaryimage\"},\"thumbnailUrl\":\"https:\\\/\\\/uit.br\\\/mestrado\\\/wp-content\\\/uploads\\\/2020\\\/08\\\/1.jpg\",\"datePublished\":\"2021-08-05T17:18:12+00:00\",\"dateModified\":\"2021-08-05T17:40:02+00:00\",\"breadcrumb\":{\"@id\":\"https:\\\/\\\/uit.br\\\/mestrado\\\/nossa-estrutura\\\/#breadcrumb\"},\"inLanguage\":\"pt-BR\",\"potentialAction\":[{\"@type\":\"ReadAction\",\"target\":[\"https:\\\/\\\/uit.br\\\/mestrado\\\/nossa-estrutura\\\/\"]}]},{\"@type\":\"ImageObject\",\"inLanguage\":\"pt-BR\",\"@id\":\"https:\\\/\\\/uit.br\\\/mestrado\\\/nossa-estrutura\\\/#primaryimage\",\"url\":\"https:\\\/\\\/uit.br\\\/mestrado\\\/wp-content\\\/uploads\\\/2020\\\/08\\\/1.jpg\",\"contentUrl\":\"https:\\\/\\\/uit.br\\\/mestrado\\\/wp-content\\\/uploads\\\/2020\\\/08\\\/1.jpg\"},{\"@type\":\"BreadcrumbList\",\"@id\":\"https:\\\/\\\/uit.br\\\/mestrado\\\/nossa-estrutura\\\/#breadcrumb\",\"itemListElement\":[{\"@type\":\"ListItem\",\"position\":1,\"name\":\"In\u00edcio\",\"item\":\"https:\\\/\\\/uit.br\\\/mestrado\\\/\"},{\"@type\":\"ListItem\",\"position\":2,\"name\":\"Nossa Estrutura\"}]},{\"@type\":\"WebSite\",\"@id\":\"https:\\\/\\\/uit.br\\\/mestrado\\\/#website\",\"url\":\"https:\\\/\\\/uit.br\\\/mestrado\\\/\",\"name\":\"Mestrado e Doutorado em Prote\u00e7\u00e3o dos Direitos Fundamentais\",\"description\":\"\",\"publisher\":{\"@id\":\"https:\\\/\\\/uit.br\\\/mestrado\\\/#organization\"},\"potentialAction\":[{\"@type\":\"SearchAction\",\"target\":{\"@type\":\"EntryPoint\",\"urlTemplate\":\"https:\\\/\\\/uit.br\\\/mestrado\\\/?s={search_term_string}\"},\"query-input\":{\"@type\":\"PropertyValueSpecification\",\"valueRequired\":true,\"valueName\":\"search_term_string\"}}],\"inLanguage\":\"pt-BR\"},{\"@type\":\"Organization\",\"@id\":\"https:\\\/\\\/uit.br\\\/mestrado\\\/#organization\",\"name\":\"Mestrado e Doutorado em Prote\u00e7\u00e3o dos Direitos Fundamentais\",\"url\":\"https:\\\/\\\/uit.br\\\/mestrado\\\/\",\"logo\":{\"@type\":\"ImageObject\",\"inLanguage\":\"pt-BR\",\"@id\":\"https:\\\/\\\/uit.br\\\/mestrado\\\/#\\\/schema\\\/logo\\\/image\\\/\",\"url\":\"https:\\\/\\\/uit.br\\\/mestrado\\\/wp-content\\\/uploads\\\/2026\\\/04\\\/logo_.webp\",\"contentUrl\":\"https:\\\/\\\/uit.br\\\/mestrado\\\/wp-content\\\/uploads\\\/2026\\\/04\\\/logo_.webp\",\"width\":201,\"height\":201,\"caption\":\"Mestrado e Doutorado em Prote\u00e7\u00e3o dos Direitos Fundamentais\"},\"image\":{\"@id\":\"https:\\\/\\\/uit.br\\\/mestrado\\\/#\\\/schema\\\/logo\\\/image\\\/\"},\"sameAs\":[\"https:\\\/\\\/www.instagram.com\\\/universidadedeitaunauit\\\/\"]}]}<\/script>\n<!-- \/ Yoast SEO plugin. -->","yoast_head_json":{"title":"Nossa Estrutura - Mestrado e Doutorado em Prote\u00e7\u00e3o dos Direitos Fundamentais","robots":{"index":"index","follow":"follow","max-snippet":"max-snippet:-1","max-image-preview":"max-image-preview:large","max-video-preview":"max-video-preview:-1"},"canonical":"https:\/\/uit.br\/mestrado\/nossa-estrutura\/","og_locale":"pt_BR","og_type":"article","og_title":"Nossa Estrutura - Mestrado e Doutorado em Prote\u00e7\u00e3o dos Direitos Fundamentais","og_description":"NOSSA ESTRUTURA Depend\u00eancias Salas de Aula Audit\u00f3rio Salas de Estudo e Orienta\u00e7\u00e3o Salas de Reuni\u00f5es Biblioteca\u200b","og_url":"https:\/\/uit.br\/mestrado\/nossa-estrutura\/","og_site_name":"Mestrado e Doutorado em Prote\u00e7\u00e3o dos Direitos Fundamentais","article_modified_time":"2021-08-05T17:40:02+00:00","og_image":[{"url":"https:\/\/uit.br\/mestrado\/wp-content\/uploads\/2020\/08\/1.jpg","type":"","width":"","height":""}],"twitter_card":"summary_large_image","schema":{"@context":"https:\/\/schema.org","@graph":[{"@type":"WebPage","@id":"https:\/\/uit.br\/mestrado\/nossa-estrutura\/","url":"https:\/\/uit.br\/mestrado\/nossa-estrutura\/","name":"Nossa Estrutura - Mestrado e Doutorado em Prote\u00e7\u00e3o dos Direitos Fundamentais","isPartOf":{"@id":"https:\/\/uit.br\/mestrado\/#website"},"primaryImageOfPage":{"@id":"https:\/\/uit.br\/mestrado\/nossa-estrutura\/#primaryimage"},"image":{"@id":"https:\/\/uit.br\/mestrado\/nossa-estrutura\/#primaryimage"},"thumbnailUrl":"https:\/\/uit.br\/mestrado\/wp-content\/uploads\/2020\/08\/1.jpg","datePublished":"2021-08-05T17:18:12+00:00","dateModified":"2021-08-05T17:40:02+00:00","breadcrumb":{"@id":"https:\/\/uit.br\/mestrado\/nossa-estrutura\/#breadcrumb"},"inLanguage":"pt-BR","potentialAction":[{"@type":"ReadAction","target":["https:\/\/uit.br\/mestrado\/nossa-estrutura\/"]}]},{"@type":"ImageObject","inLanguage":"pt-BR","@id":"https:\/\/uit.br\/mestrado\/nossa-estrutura\/#primaryimage","url":"https:\/\/uit.br\/mestrado\/wp-content\/uploads\/2020\/08\/1.jpg","contentUrl":"https:\/\/uit.br\/mestrado\/wp-content\/uploads\/2020\/08\/1.jpg"},{"@type":"BreadcrumbList","@id":"https:\/\/uit.br\/mestrado\/nossa-estrutura\/#breadcrumb","itemListElement":[{"@type":"ListItem","position":1,"name":"In\u00edcio","item":"https:\/\/uit.br\/mestrado\/"},{"@type":"ListItem","position":2,"name":"Nossa Estrutura"}]},{"@type":"WebSite","@id":"https:\/\/uit.br\/mestrado\/#website","url":"https:\/\/uit.br\/mestrado\/","name":"Mestrado e Doutorado em Prote\u00e7\u00e3o dos Direitos Fundamentais","description":"","publisher":{"@id":"https:\/\/uit.br\/mestrado\/#organization"},"potentialAction":[{"@type":"SearchAction","target":{"@type":"EntryPoint","urlTemplate":"https:\/\/uit.br\/mestrado\/?s={search_term_string}"},"query-input":{"@type":"PropertyValueSpecification","valueRequired":true,"valueName":"search_term_string"}}],"inLanguage":"pt-BR"},{"@type":"Organization","@id":"https:\/\/uit.br\/mestrado\/#organization","name":"Mestrado e Doutorado em Prote\u00e7\u00e3o dos Direitos Fundamentais","url":"https:\/\/uit.br\/mestrado\/","logo":{"@type":"ImageObject","inLanguage":"pt-BR","@id":"https:\/\/uit.br\/mestrado\/#\/schema\/logo\/image\/","url":"https:\/\/uit.br\/mestrado\/wp-content\/uploads\/2026\/04\/logo_.webp","contentUrl":"https:\/\/uit.br\/mestrado\/wp-content\/uploads\/2026\/04\/logo_.webp","width":201,"height":201,"caption":"Mestrado e Doutorado em Prote\u00e7\u00e3o dos Direitos Fundamentais"},"image":{"@id":"https:\/\/uit.br\/mestrado\/#\/schema\/logo\/image\/"},"sameAs":["https:\/\/www.instagram.com\/universidadedeitaunauit\/"]}]}},"_links":{"self":[{"href":"https:\/\/uit.br\/mestrado\/wp-json\/wp\/v2\/pages\/1625","targetHints":{"allow":["GET"]}}],"collection":[{"href":"https:\/\/uit.br\/mestrado\/wp-json\/wp\/v2\/pages"}],"about":[{"href":"https:\/\/uit.br\/mestrado\/wp-json\/wp\/v2\/types\/page"}],"author":[{"embeddable":true,"href":"https:\/\/uit.br\/mestrado\/wp-json\/wp\/v2\/users\/1"}],"replies":[{"embeddable":true,"href":"https:\/\/uit.br\/mestrado\/wp-json\/wp\/v2\/comments?post=1625"}],"version-history":[{"count":16,"href":"https:\/\/uit.br\/mestrado\/wp-json\/wp\/v2\/pages\/1625\/revisions"}],"predecessor-version":[{"id":1643,"href":"https:\/\/uit.br\/mestrado\/wp-json\/wp\/v2\/pages\/1625\/revisions\/1643"}],"wp:attachment":[{"href":"https:\/\/uit.br\/mestrado\/wp-json\/wp\/v2\/media?parent=1625"}],"curies":[{"name":"wp","href":"https:\/\/api.w.org\/{rel}","templated":true}]}}